{"id":38297,"date":"2026-01-28T10:32:42","date_gmt":"2026-01-28T09:32:42","guid":{"rendered":"https:\/\/alternativa3.com\/?post_type=product&#038;p=38297"},"modified":"2026-03-03T10:39:26","modified_gmt":"2026-03-03T09:39:26","slug":"savings-pack-6-bububio-millet-and-quinoa-porridges-6x200g","status":"publish","type":"product","link":"https:\/\/alternativa3.com\/en\/pack-ahorro-6-papillas-de-mijo-y-quinoa-bububio-6x200g\/","title":{"rendered":"BuBuBio Millet &amp; Quinoa Savings Pack 6 - 6x200g"},"content":{"rendered":"<p>This variety combines 2 cereals naturally <strong>gluten-free<\/strong>rich in fibre, vitamins and minerals. Rich in magnesium, iron and vegetable proteins.<\/p>\n<p>Our recipes are formulated so that they are suitable for children from the age of five and upwards. <strong>6 months<\/strong>They are also suitable for use in cases of high sensitivity or controlled food introduction. They do not contain gluten, milk or genetically modified ingredients.<\/p>\n<p>BuBuBio porridges are made with<strong> Whole-bean coffee<\/strong> organic, without refined flours, to preserve as many nutrients as possible. We use whole grain cereals, which means that they retain the fibre, the germ and all the natural nutrients. This helps digestion, aids intestinal transit and offers a more complete and real diet.<\/p>\n<p>Their soft texture and natural taste make them perfect for starting complementary feeding with confidence.<\/p>\n<p>We know you trust your decisions as a parent. And we want to help you make sure that every step in feeding your little one is full of safety, simplicity and good ingredients. Because <strong>less is more<\/strong>And that's exactly what you'll find in our baby food.<\/p>\n<p data-start=\"2895\" data-end=\"2934\">","protected":false},"excerpt":{"rendered":"<p>Organic baby food made from whole grain millet and quinoa. Gluten-free, dairy-free and free of common allergens. Suitable from 6 months.<\/p>\n<h3><strong>Free shipping with the coupon: envio_bubio<\/strong><\/h3>","protected":false},"featured_media":38758,"template":"","meta":{"inline_featured_image":false},"product_brand":[],"product_cat":[674],"product_tag":[846,849,854,848,850,841,842,853,851,847,845,843,852,844],"class_list":{"0":"post-38297","1":"product","2":"type-product","3":"status-publish","4":"has-post-thumbnail","6":"product_cat-alimentacion-infantil","7":"product_tag-a-partir-de-6-meses","8":"product_tag-alimentacion-complementaria","9":"product_tag-baby-led-weaning","10":"product_tag-grano-entero","11":"product_tag-hecho-en-espana","12":"product_tag-papillas-ecologicas","13":"product_tag-papillas-para-bebes","14":"product_tag-papillas-sin-aditivos","15":"product_tag-producto-local","16":"product_tag-sin-alergenos","17":"product_tag-sin-azucares-anadidos","18":"product_tag-sin-gluten","19":"product_tag-sin-harinas-refinadas","20":"product_tag-sin-leche","22":"first","23":"instock","24":"taxable","25":"shipping-taxable","26":"purchasable","27":"product-type-simple"},"acf":[],"yoast_head":"<!-- This site is optimized with the Yoast SEO plugin v27.5 - https:\/\/yoast.com\/product\/yoast-seo-wordpress\/ -->\n<title>Pack ahorro 6 papillas de Mijo y Quinoa BuBuBio \u2013 6x200g - AlterNativa3 %<\/title>\n<meta name=\"description\" content=\"Papilla suave y nutritiva con grano entero de arroz, mijo, quinoa, ma\u00edz y trigo sarraceno. Sin gluten, sin leche y sin az\u00facares a\u00f1adidos. Apta desde 6 meses.\" \/>\n<meta name=\"robots\" content=\"index, follow, max-snippet:-1, max-image-preview:large, max-video-preview:-1\" \/>\n<link rel=\"canonical\" href=\"https:\/\/alternativa3.com\/en\/savings-pack-6-bububio-millet-and-quinoa-porridges-6x200g\/\" \/>\n<meta property=\"og:locale\" content=\"en_GB\" \/>\n<meta property=\"og:type\" content=\"article\" \/>\n<meta property=\"og:title\" content=\"Pack ahorro 6 papillas de Mijo y Quinoa BuBuBio \u2013 6x200g - AlterNativa3 %\" \/>\n<meta property=\"og:description\" content=\"Papilla suave y nutritiva con grano entero de arroz, mijo, quinoa, ma\u00edz y trigo sarraceno. Sin gluten, sin leche y sin az\u00facares a\u00f1adidos. Apta desde 6 meses.\" \/>\n<meta property=\"og:url\" content=\"https:\/\/alternativa3.com\/en\/savings-pack-6-bububio-millet-and-quinoa-porridges-6x200g\/\" \/>\n<meta property=\"og:site_name\" content=\"AlterNativa3\" \/>\n<meta property=\"article:publisher\" content=\"https:\/\/www.facebook.com\/alternativa3Scoop\" \/>\n<meta property=\"article:modified_time\" content=\"2026-03-03T09:39:26+00:00\" \/>\n<meta property=\"og:image\" content=\"https:\/\/alternativa3.com\/wp-content\/uploads\/170007.png\" \/>\n\t<meta property=\"og:image:width\" content=\"500\" \/>\n\t<meta property=\"og:image:height\" content=\"500\" \/>\n\t<meta property=\"og:image:type\" content=\"image\/png\" \/>\n<meta name=\"twitter:card\" content=\"summary_large_image\" \/>\n<meta name=\"twitter:label1\" content=\"Estimated reading time\" \/>\n\t<meta name=\"twitter:data1\" content=\"3 minutes\" \/>\n<script type=\"application\/ld+json\" class=\"yoast-schema-graph\">{\"@context\":\"https:\\\/\\\/schema.org\",\"@graph\":[{\"@type\":\"WebPage\",\"@id\":\"https:\\\/\\\/alternativa3.com\\\/pack-ahorro-6-papillas-de-mijo-y-quinoa-bububio-6x200g\\\/\",\"url\":\"https:\\\/\\\/alternativa3.com\\\/pack-ahorro-6-papillas-de-mijo-y-quinoa-bububio-6x200g\\\/\",\"name\":\"Pack ahorro 6 papillas de Mijo y Quinoa BuBuBio \u2013 6x200g - AlterNativa3 %\",\"isPartOf\":{\"@id\":\"https:\\\/\\\/alternativa3.com\\\/#website\"},\"primaryImageOfPage\":{\"@id\":\"https:\\\/\\\/alternativa3.com\\\/pack-ahorro-6-papillas-de-mijo-y-quinoa-bububio-6x200g\\\/#primaryimage\"},\"image\":{\"@id\":\"https:\\\/\\\/alternativa3.com\\\/pack-ahorro-6-papillas-de-mijo-y-quinoa-bububio-6x200g\\\/#primaryimage\"},\"thumbnailUrl\":\"https:\\\/\\\/alternativa3.com\\\/wp-content\\\/uploads\\\/170007.png\",\"datePublished\":\"2026-01-28T09:32:42+00:00\",\"dateModified\":\"2026-03-03T09:39:26+00:00\",\"description\":\"Papilla suave y nutritiva con grano entero de arroz, mijo, quinoa, ma\u00edz y trigo sarraceno. Sin gluten, sin leche y sin az\u00facares a\u00f1adidos. Apta desde 6 meses.\",\"breadcrumb\":{\"@id\":\"https:\\\/\\\/alternativa3.com\\\/pack-ahorro-6-papillas-de-mijo-y-quinoa-bububio-6x200g\\\/#breadcrumb\"},\"inLanguage\":\"en-GB\",\"potentialAction\":[{\"@type\":\"ReadAction\",\"target\":[\"https:\\\/\\\/alternativa3.com\\\/pack-ahorro-6-papillas-de-mijo-y-quinoa-bububio-6x200g\\\/\"]}]},{\"@type\":\"ImageObject\",\"inLanguage\":\"en-GB\",\"@id\":\"https:\\\/\\\/alternativa3.com\\\/pack-ahorro-6-papillas-de-mijo-y-quinoa-bububio-6x200g\\\/#primaryimage\",\"url\":\"https:\\\/\\\/alternativa3.com\\\/wp-content\\\/uploads\\\/170007.png\",\"contentUrl\":\"https:\\\/\\\/alternativa3.com\\\/wp-content\\\/uploads\\\/170007.png\",\"width\":500,\"height\":500,\"caption\":\"Pack ahorro papilla de mijo y quinoa ecol\u00f3gica sin gluten\"},{\"@type\":\"BreadcrumbList\",\"@id\":\"https:\\\/\\\/alternativa3.com\\\/pack-ahorro-6-papillas-de-mijo-y-quinoa-bububio-6x200g\\\/#breadcrumb\",\"itemListElement\":[{\"@type\":\"ListItem\",\"position\":1,\"name\":\"Portada\",\"item\":\"https:\\\/\\\/alternativa3.com\\\/\"},{\"@type\":\"ListItem\",\"position\":2,\"name\":\"Tienda\",\"item\":\"https:\\\/\\\/alternativa3.com\\\/tienda\\\/\"},{\"@type\":\"ListItem\",\"position\":3,\"name\":\"Pack ahorro 6 papillas de Mijo y Quinoa BuBuBio \u2013 6x200g\"}]},{\"@type\":\"WebSite\",\"@id\":\"https:\\\/\\\/alternativa3.com\\\/#website\",\"url\":\"https:\\\/\\\/alternativa3.com\\\/\",\"name\":\"AlterNativa3\",\"description\":\"Productos ecol\u00f3gicos de comercio justo\",\"publisher\":{\"@id\":\"https:\\\/\\\/alternativa3.com\\\/#organization\"},\"alternateName\":\"A3\",\"potentialAction\":[{\"@type\":\"SearchAction\",\"target\":{\"@type\":\"EntryPoint\",\"urlTemplate\":\"https:\\\/\\\/alternativa3.com\\\/?s={search_term_string}\"},\"query-input\":{\"@type\":\"PropertyValueSpecification\",\"valueRequired\":true,\"valueName\":\"search_term_string\"}}],\"inLanguage\":\"en-GB\"},{\"@type\":\"Organization\",\"@id\":\"https:\\\/\\\/alternativa3.com\\\/#organization\",\"name\":\"ALTERNATIVA3\",\"alternateName\":\"A3\",\"url\":\"https:\\\/\\\/alternativa3.com\\\/\",\"logo\":{\"@type\":\"ImageObject\",\"inLanguage\":\"en-GB\",\"@id\":\"https:\\\/\\\/alternativa3.com\\\/#\\\/schema\\\/logo\\\/image\\\/\",\"url\":\"https:\\\/\\\/alternativa3.com\\\/wp-content\\\/uploads\\\/logo-alternativa3.svg\",\"contentUrl\":\"https:\\\/\\\/alternativa3.com\\\/wp-content\\\/uploads\\\/logo-alternativa3.svg\",\"width\":73,\"height\":50,\"caption\":\"ALTERNATIVA3\"},\"image\":{\"@id\":\"https:\\\/\\\/alternativa3.com\\\/#\\\/schema\\\/logo\\\/image\\\/\"},\"sameAs\":[\"https:\\\/\\\/www.facebook.com\\\/alternativa3Scoop\",\"https:\\\/\\\/www.instagram.com\\\/alternativa3scoop\\\/\",\"https:\\\/\\\/www.youtube.com\\\/@Alternativa3\",\"https:\\\/\\\/es.linkedin.com\\\/company\\\/alternativa3\"]}]}<\/script>\n<!-- \/ Yoast SEO plugin. -->","yoast_head_json":{"title":"BuBuBio Millet &amp; Quinoa Savings Pack 6 - 6x200g - AlterNativa3 %","description":"Soft and nutritious porridge with whole grain rice, millet, quinoa, corn and buckwheat. Gluten-free, dairy-free and with no added sugars. Suitable from 6 months.","robots":{"index":"index","follow":"follow","max-snippet":"max-snippet:-1","max-image-preview":"max-image-preview:large","max-video-preview":"max-video-preview:-1"},"canonical":"https:\/\/alternativa3.com\/en\/savings-pack-6-bububio-millet-and-quinoa-porridges-6x200g\/","og_locale":"en_GB","og_type":"article","og_title":"Pack ahorro 6 papillas de Mijo y Quinoa BuBuBio \u2013 6x200g - AlterNativa3 %","og_description":"Papilla suave y nutritiva con grano entero de arroz, mijo, quinoa, ma\u00edz y trigo sarraceno. Sin gluten, sin leche y sin az\u00facares a\u00f1adidos. Apta desde 6 meses.","og_url":"https:\/\/alternativa3.com\/en\/savings-pack-6-bububio-millet-and-quinoa-porridges-6x200g\/","og_site_name":"AlterNativa3","article_publisher":"https:\/\/www.facebook.com\/alternativa3Scoop","article_modified_time":"2026-03-03T09:39:26+00:00","og_image":[{"width":500,"height":500,"url":"https:\/\/alternativa3.com\/wp-content\/uploads\/170007.png","type":"image\/png"}],"twitter_card":"summary_large_image","twitter_misc":{"Estimated reading time":"3 minutes"},"schema":{"@context":"https:\/\/schema.org","@graph":[{"@type":"WebPage","@id":"https:\/\/alternativa3.com\/pack-ahorro-6-papillas-de-mijo-y-quinoa-bububio-6x200g\/","url":"https:\/\/alternativa3.com\/pack-ahorro-6-papillas-de-mijo-y-quinoa-bububio-6x200g\/","name":"BuBuBio Millet &amp; Quinoa Savings Pack 6 - 6x200g - AlterNativa3 %","isPartOf":{"@id":"https:\/\/alternativa3.com\/#website"},"primaryImageOfPage":{"@id":"https:\/\/alternativa3.com\/pack-ahorro-6-papillas-de-mijo-y-quinoa-bububio-6x200g\/#primaryimage"},"image":{"@id":"https:\/\/alternativa3.com\/pack-ahorro-6-papillas-de-mijo-y-quinoa-bububio-6x200g\/#primaryimage"},"thumbnailUrl":"https:\/\/alternativa3.com\/wp-content\/uploads\/170007.png","datePublished":"2026-01-28T09:32:42+00:00","dateModified":"2026-03-03T09:39:26+00:00","description":"Soft and nutritious porridge with whole grain rice, millet, quinoa, corn and buckwheat. Gluten-free, dairy-free and with no added sugars. Suitable from 6 months.","breadcrumb":{"@id":"https:\/\/alternativa3.com\/pack-ahorro-6-papillas-de-mijo-y-quinoa-bububio-6x200g\/#breadcrumb"},"inLanguage":"en-GB","potentialAction":[{"@type":"ReadAction","target":["https:\/\/alternativa3.com\/pack-ahorro-6-papillas-de-mijo-y-quinoa-bububio-6x200g\/"]}]},{"@type":"ImageObject","inLanguage":"en-GB","@id":"https:\/\/alternativa3.com\/pack-ahorro-6-papillas-de-mijo-y-quinoa-bububio-6x200g\/#primaryimage","url":"https:\/\/alternativa3.com\/wp-content\/uploads\/170007.png","contentUrl":"https:\/\/alternativa3.com\/wp-content\/uploads\/170007.png","width":500,"height":500,"caption":"Pack ahorro papilla de mijo y quinoa ecol\u00f3gica sin gluten"},{"@type":"BreadcrumbList","@id":"https:\/\/alternativa3.com\/pack-ahorro-6-papillas-de-mijo-y-quinoa-bububio-6x200g\/#breadcrumb","itemListElement":[{"@type":"ListItem","position":1,"name":"Portada","item":"https:\/\/alternativa3.com\/"},{"@type":"ListItem","position":2,"name":"Tienda","item":"https:\/\/alternativa3.com\/tienda\/"},{"@type":"ListItem","position":3,"name":"Pack ahorro 6 papillas de Mijo y Quinoa BuBuBio \u2013 6x200g"}]},{"@type":"WebSite","@id":"https:\/\/alternativa3.com\/#website","url":"https:\/\/alternativa3.com\/","name":"AlterNative3","description":"Fair trade organic products","publisher":{"@id":"https:\/\/alternativa3.com\/#organization"},"alternateName":"A3","potentialAction":[{"@type":"SearchAction","target":{"@type":"EntryPoint","urlTemplate":"https:\/\/alternativa3.com\/?s={search_term_string}"},"query-input":{"@type":"PropertyValueSpecification","valueRequired":true,"valueName":"search_term_string"}}],"inLanguage":"en-GB"},{"@type":"Organization","@id":"https:\/\/alternativa3.com\/#organization","name":"ALTERNATIVE3","alternateName":"A3","url":"https:\/\/alternativa3.com\/","logo":{"@type":"ImageObject","inLanguage":"en-GB","@id":"https:\/\/alternativa3.com\/#\/schema\/logo\/image\/","url":"https:\/\/alternativa3.com\/wp-content\/uploads\/logo-alternativa3.svg","contentUrl":"https:\/\/alternativa3.com\/wp-content\/uploads\/logo-alternativa3.svg","width":73,"height":50,"caption":"ALTERNATIVA3"},"image":{"@id":"https:\/\/alternativa3.com\/#\/schema\/logo\/image\/"},"sameAs":["https:\/\/www.facebook.com\/alternativa3Scoop","https:\/\/www.instagram.com\/alternativa3scoop\/","https:\/\/www.youtube.com\/@Alternativa3","https:\/\/es.linkedin.com\/company\/alternativa3"]}]}},"_links":{"self":[{"href":"https:\/\/alternativa3.com\/en\/wp-json\/wp\/v2\/product\/38297","targetHints":{"allow":["GET"]}}],"collection":[{"href":"https:\/\/alternativa3.com\/en\/wp-json\/wp\/v2\/product"}],"about":[{"href":"https:\/\/alternativa3.com\/en\/wp-json\/wp\/v2\/types\/product"}],"wp:featuredmedia":[{"embeddable":true,"href":"https:\/\/alternativa3.com\/en\/wp-json\/wp\/v2\/media\/38758"}],"wp:attachment":[{"href":"https:\/\/alternativa3.com\/en\/wp-json\/wp\/v2\/media?parent=38297"}],"wp:term":[{"taxonomy":"product_brand","embeddable":true,"href":"https:\/\/alternativa3.com\/en\/wp-json\/wp\/v2\/product_brand?post=38297"},{"taxonomy":"product_cat","embeddable":true,"href":"https:\/\/alternativa3.com\/en\/wp-json\/wp\/v2\/product_cat?post=38297"},{"taxonomy":"product_tag","embeddable":true,"href":"https:\/\/alternativa3.com\/en\/wp-json\/wp\/v2\/product_tag?post=38297"}],"curies":[{"name":"wp","href":"https:\/\/api.w.org\/{rel}","templated":true}]}}