{"id":36091,"date":"2025-10-07T05:03:20","date_gmt":"2025-10-07T03:03:20","guid":{"rendered":"https:\/\/alternativa3.com\/?post_type=product&#038;p=36091"},"modified":"2026-05-04T13:43:58","modified_gmt":"2026-05-04T11:43:58","slug":"airscape-fog-coffee-container-500g","status":"publish","type":"product","link":"https:\/\/alternativa3.com\/en\/airscape-fog-coffee-container-500g\/","title":{"rendered":"Airscape Fog coffee container 500g"},"content":{"rendered":"<p>Original and practical stainless steel jars for storing and preserving your coffee (or any other dry product).<\/p>\n<p>It contains a plunger lid that extracts air and humidity. The oxygen is expelled thanks to the pressure we exert on the lid by pressing it downwards.<\/p>\n<p>The Airscape\u00ae system removes and blocks air to protect its quality, freshness and flavour, keeping the organoleptic characteristics of the coffee intact.<\/p>\n<p>The top lid allows you to see how much coffee is left inside.<\/p>\n<p>In assorted colours and 2 different sizes so you can choose the one you like best.<\/p>","protected":false},"excerpt":{"rendered":"<p>Original and practical stainless steel canisters for storing and preserving your coffee (or any dry goods). Includes a lid\u2026<\/p>","protected":false},"featured_media":36125,"template":"","meta":{"inline_featured_image":false},"product_brand":[],"product_cat":[85,319],"product_tag":[],"class_list":{"0":"post-36091","1":"product","2":"type-product","3":"status-publish","4":"has-post-thumbnail","6":"product_cat-complementos-del-cafe","7":"product_cat-airscape","9":"first","10":"instock","11":"taxable","12":"shipping-taxable","13":"purchasable","14":"product-type-simple"},"acf":[],"yoast_head":"<!-- This site is optimized with the Yoast SEO plugin v27.3 - https:\/\/yoast.com\/product\/yoast-seo-wordpress\/ -->\n<title>Airscape Fog recipiente para caf\u00e9 500g - AlterNativa3<\/title>\n<meta name=\"robots\" content=\"index, follow, max-snippet:-1, max-image-preview:large, max-video-preview:-1\" \/>\n<link rel=\"canonical\" href=\"https:\/\/alternativa3.com\/en\/airscape-fog-coffee-container-500g\/\" \/>\n<meta property=\"og:locale\" content=\"en_GB\" \/>\n<meta property=\"og:type\" content=\"article\" \/>\n<meta property=\"og:title\" content=\"Airscape Fog recipiente para caf\u00e9 500g - AlterNativa3\" \/>\n<meta property=\"og:description\" content=\"Originales y pr\u00e1cticos botes de acero inoxidable para almacenar y conservar tu caf\u00e9 (o cualquier producto seco). Contiene una tapa...\" \/>\n<meta property=\"og:url\" content=\"https:\/\/alternativa3.com\/en\/airscape-fog-coffee-container-500g\/\" \/>\n<meta property=\"og:site_name\" content=\"AlterNativa3\" \/>\n<meta property=\"article:publisher\" content=\"https:\/\/www.facebook.com\/alternativa3Scoop\" \/>\n<meta property=\"article:modified_time\" content=\"2026-05-04T11:43:58+00:00\" \/>\n<meta property=\"og:image\" content=\"https:\/\/alternativa3.com\/wp-content\/uploads\/HO6015.jpg\" \/>\n\t<meta property=\"og:image:width\" content=\"1000\" \/>\n\t<meta property=\"og:image:height\" content=\"1000\" \/>\n\t<meta property=\"og:image:type\" content=\"image\/jpeg\" \/>\n<meta name=\"twitter:card\" content=\"summary_large_image\" \/>\n<meta name=\"twitter:label1\" content=\"Estimated reading time\" \/>\n\t<meta name=\"twitter:data1\" content=\"1 minute\" \/>\n<script type=\"application\/ld+json\" class=\"yoast-schema-graph\">{\"@context\":\"https:\\\/\\\/schema.org\",\"@graph\":[{\"@type\":\"WebPage\",\"@id\":\"https:\\\/\\\/alternativa3.com\\\/airscape-fog-recipiente-para-cafe-500g\\\/\",\"url\":\"https:\\\/\\\/alternativa3.com\\\/airscape-fog-recipiente-para-cafe-500g\\\/\",\"name\":\"Airscape Fog recipiente para caf\u00e9 500g - AlterNativa3\",\"isPartOf\":{\"@id\":\"https:\\\/\\\/alternativa3.com\\\/#website\"},\"primaryImageOfPage\":{\"@id\":\"https:\\\/\\\/alternativa3.com\\\/airscape-fog-recipiente-para-cafe-500g\\\/#primaryimage\"},\"image\":{\"@id\":\"https:\\\/\\\/alternativa3.com\\\/airscape-fog-recipiente-para-cafe-500g\\\/#primaryimage\"},\"thumbnailUrl\":\"https:\\\/\\\/alternativa3.com\\\/wp-content\\\/uploads\\\/HO6015.jpg\",\"datePublished\":\"2025-10-07T03:03:20+00:00\",\"dateModified\":\"2026-05-04T11:43:58+00:00\",\"breadcrumb\":{\"@id\":\"https:\\\/\\\/alternativa3.com\\\/airscape-fog-recipiente-para-cafe-500g\\\/#breadcrumb\"},\"inLanguage\":\"en-GB\",\"potentialAction\":[{\"@type\":\"ReadAction\",\"target\":[\"https:\\\/\\\/alternativa3.com\\\/airscape-fog-recipiente-para-cafe-500g\\\/\"]}]},{\"@type\":\"ImageObject\",\"inLanguage\":\"en-GB\",\"@id\":\"https:\\\/\\\/alternativa3.com\\\/airscape-fog-recipiente-para-cafe-500g\\\/#primaryimage\",\"url\":\"https:\\\/\\\/alternativa3.com\\\/wp-content\\\/uploads\\\/HO6015.jpg\",\"contentUrl\":\"https:\\\/\\\/alternativa3.com\\\/wp-content\\\/uploads\\\/HO6015.jpg\",\"width\":1000,\"height\":1000,\"caption\":\"Airscape, recipiente herm\u00e9tico para caf\u00e9\"},{\"@type\":\"BreadcrumbList\",\"@id\":\"https:\\\/\\\/alternativa3.com\\\/airscape-fog-recipiente-para-cafe-500g\\\/#breadcrumb\",\"itemListElement\":[{\"@type\":\"ListItem\",\"position\":1,\"name\":\"Portada\",\"item\":\"https:\\\/\\\/alternativa3.com\\\/\"},{\"@type\":\"ListItem\",\"position\":2,\"name\":\"Tienda\",\"item\":\"https:\\\/\\\/alternativa3.com\\\/tienda\\\/\"},{\"@type\":\"ListItem\",\"position\":3,\"name\":\"Airscape Fog recipiente para caf\u00e9 500g\"}]},{\"@type\":\"WebSite\",\"@id\":\"https:\\\/\\\/alternativa3.com\\\/#website\",\"url\":\"https:\\\/\\\/alternativa3.com\\\/\",\"name\":\"AlterNativa3\",\"description\":\"Productos ecol\u00f3gicos de comercio justo\",\"publisher\":{\"@id\":\"https:\\\/\\\/alternativa3.com\\\/#organization\"},\"alternateName\":\"A3\",\"potentialAction\":[{\"@type\":\"SearchAction\",\"target\":{\"@type\":\"EntryPoint\",\"urlTemplate\":\"https:\\\/\\\/alternativa3.com\\\/?s={search_term_string}\"},\"query-input\":{\"@type\":\"PropertyValueSpecification\",\"valueRequired\":true,\"valueName\":\"search_term_string\"}}],\"inLanguage\":\"en-GB\"},{\"@type\":\"Organization\",\"@id\":\"https:\\\/\\\/alternativa3.com\\\/#organization\",\"name\":\"ALTERNATIVA3\",\"alternateName\":\"A3\",\"url\":\"https:\\\/\\\/alternativa3.com\\\/\",\"logo\":{\"@type\":\"ImageObject\",\"inLanguage\":\"en-GB\",\"@id\":\"https:\\\/\\\/alternativa3.com\\\/#\\\/schema\\\/logo\\\/image\\\/\",\"url\":\"https:\\\/\\\/alternativa3.com\\\/wp-content\\\/uploads\\\/logo-alternativa3.svg\",\"contentUrl\":\"https:\\\/\\\/alternativa3.com\\\/wp-content\\\/uploads\\\/logo-alternativa3.svg\",\"width\":73,\"height\":50,\"caption\":\"ALTERNATIVA3\"},\"image\":{\"@id\":\"https:\\\/\\\/alternativa3.com\\\/#\\\/schema\\\/logo\\\/image\\\/\"},\"sameAs\":[\"https:\\\/\\\/www.facebook.com\\\/alternativa3Scoop\",\"https:\\\/\\\/www.instagram.com\\\/alternativa3scoop\\\/\",\"https:\\\/\\\/www.youtube.com\\\/@Alternativa3\",\"https:\\\/\\\/es.linkedin.com\\\/company\\\/alternativa3\"]}]}<\/script>\n<!-- \/ Yoast SEO plugin. -->","yoast_head_json":{"title":"Airscape Fog coffee container 500g - AlterNativa3","robots":{"index":"index","follow":"follow","max-snippet":"max-snippet:-1","max-image-preview":"max-image-preview:large","max-video-preview":"max-video-preview:-1"},"canonical":"https:\/\/alternativa3.com\/en\/airscape-fog-coffee-container-500g\/","og_locale":"en_GB","og_type":"article","og_title":"Airscape Fog recipiente para caf\u00e9 500g - AlterNativa3","og_description":"Originales y pr\u00e1cticos botes de acero inoxidable para almacenar y conservar tu caf\u00e9 (o cualquier producto seco). Contiene una tapa...","og_url":"https:\/\/alternativa3.com\/en\/airscape-fog-coffee-container-500g\/","og_site_name":"AlterNativa3","article_publisher":"https:\/\/www.facebook.com\/alternativa3Scoop","article_modified_time":"2026-05-04T11:43:58+00:00","og_image":[{"width":1000,"height":1000,"url":"https:\/\/alternativa3.com\/wp-content\/uploads\/HO6015.jpg","type":"image\/jpeg"}],"twitter_card":"summary_large_image","twitter_misc":{"Estimated reading time":"1 minute"},"schema":{"@context":"https:\/\/schema.org","@graph":[{"@type":"WebPage","@id":"https:\/\/alternativa3.com\/airscape-fog-recipiente-para-cafe-500g\/","url":"https:\/\/alternativa3.com\/airscape-fog-recipiente-para-cafe-500g\/","name":"Airscape Fog coffee container 500g - AlterNativa3","isPartOf":{"@id":"https:\/\/alternativa3.com\/#website"},"primaryImageOfPage":{"@id":"https:\/\/alternativa3.com\/airscape-fog-recipiente-para-cafe-500g\/#primaryimage"},"image":{"@id":"https:\/\/alternativa3.com\/airscape-fog-recipiente-para-cafe-500g\/#primaryimage"},"thumbnailUrl":"https:\/\/alternativa3.com\/wp-content\/uploads\/HO6015.jpg","datePublished":"2025-10-07T03:03:20+00:00","dateModified":"2026-05-04T11:43:58+00:00","breadcrumb":{"@id":"https:\/\/alternativa3.com\/airscape-fog-recipiente-para-cafe-500g\/#breadcrumb"},"inLanguage":"en-GB","potentialAction":[{"@type":"ReadAction","target":["https:\/\/alternativa3.com\/airscape-fog-recipiente-para-cafe-500g\/"]}]},{"@type":"ImageObject","inLanguage":"en-GB","@id":"https:\/\/alternativa3.com\/airscape-fog-recipiente-para-cafe-500g\/#primaryimage","url":"https:\/\/alternativa3.com\/wp-content\/uploads\/HO6015.jpg","contentUrl":"https:\/\/alternativa3.com\/wp-content\/uploads\/HO6015.jpg","width":1000,"height":1000,"caption":"Airscape, recipiente herm\u00e9tico para caf\u00e9"},{"@type":"BreadcrumbList","@id":"https:\/\/alternativa3.com\/airscape-fog-recipiente-para-cafe-500g\/#breadcrumb","itemListElement":[{"@type":"ListItem","position":1,"name":"Portada","item":"https:\/\/alternativa3.com\/"},{"@type":"ListItem","position":2,"name":"Tienda","item":"https:\/\/alternativa3.com\/tienda\/"},{"@type":"ListItem","position":3,"name":"Airscape Fog recipiente para caf\u00e9 500g"}]},{"@type":"WebSite","@id":"https:\/\/alternativa3.com\/#website","url":"https:\/\/alternativa3.com\/","name":"AlterNative3","description":"Fair trade organic products","publisher":{"@id":"https:\/\/alternativa3.com\/#organization"},"alternateName":"A3","potentialAction":[{"@type":"SearchAction","target":{"@type":"EntryPoint","urlTemplate":"https:\/\/alternativa3.com\/?s={search_term_string}"},"query-input":{"@type":"PropertyValueSpecification","valueRequired":true,"valueName":"search_term_string"}}],"inLanguage":"en-GB"},{"@type":"Organization","@id":"https:\/\/alternativa3.com\/#organization","name":"ALTERNATIVE3","alternateName":"A3","url":"https:\/\/alternativa3.com\/","logo":{"@type":"ImageObject","inLanguage":"en-GB","@id":"https:\/\/alternativa3.com\/#\/schema\/logo\/image\/","url":"https:\/\/alternativa3.com\/wp-content\/uploads\/logo-alternativa3.svg","contentUrl":"https:\/\/alternativa3.com\/wp-content\/uploads\/logo-alternativa3.svg","width":73,"height":50,"caption":"ALTERNATIVA3"},"image":{"@id":"https:\/\/alternativa3.com\/#\/schema\/logo\/image\/"},"sameAs":["https:\/\/www.facebook.com\/alternativa3Scoop","https:\/\/www.instagram.com\/alternativa3scoop\/","https:\/\/www.youtube.com\/@Alternativa3","https:\/\/es.linkedin.com\/company\/alternativa3"]}]}},"_links":{"self":[{"href":"https:\/\/alternativa3.com\/en\/wp-json\/wp\/v2\/product\/36091","targetHints":{"allow":["GET"]}}],"collection":[{"href":"https:\/\/alternativa3.com\/en\/wp-json\/wp\/v2\/product"}],"about":[{"href":"https:\/\/alternativa3.com\/en\/wp-json\/wp\/v2\/types\/product"}],"wp:featuredmedia":[{"embeddable":true,"href":"https:\/\/alternativa3.com\/en\/wp-json\/wp\/v2\/media\/36125"}],"wp:attachment":[{"href":"https:\/\/alternativa3.com\/en\/wp-json\/wp\/v2\/media?parent=36091"}],"wp:term":[{"taxonomy":"product_brand","embeddable":true,"href":"https:\/\/alternativa3.com\/en\/wp-json\/wp\/v2\/product_brand?post=36091"},{"taxonomy":"product_cat","embeddable":true,"href":"https:\/\/alternativa3.com\/en\/wp-json\/wp\/v2\/product_cat?post=36091"},{"taxonomy":"product_tag","embeddable":true,"href":"https:\/\/alternativa3.com\/en\/wp-json\/wp\/v2\/product_tag?post=36091"}],"curies":[{"name":"wp","href":"https:\/\/api.w.org\/{rel}","templated":true}]}}