{"id":33402,"date":"2025-03-20T12:29:13","date_gmt":"2025-03-20T11:29:13","guid":{"rendered":"https:\/\/alternativa3.com\/?post_type=product&#038;p=33402"},"modified":"2026-05-04T13:43:13","modified_gmt":"2026-05-04T11:43:13","slug":"keto-bean-coffee-tasting-pack-with-mct","status":"publish","type":"product","link":"https:\/\/alternativa3.com\/en\/keto-bean-coffee-tasting-pack-with-mct\/","title":{"rendered":"Tasting pack Keto coffee beans with MCTs"},"content":{"rendered":"<h3 data-start=\"77\" data-end=\"132\"><strong data-start=\"81\" data-end=\"130\">Discover the complete Trasnocho experience<\/strong><\/h3>\n<p data-start=\"134\" data-end=\"436\">If you can't decide on just one variety, the Keto Coffee Beans Tasting Pack with <strong>MCT oil<\/strong> Trasnocho is the ideal option for discovering your perfect coffee. This pack includes the four coffees from the Trasnocho line. <strong data-start=\"325\" data-end=\"338\">Trasnocho<\/strong>all made with 100% Arabica coffee of Peruvian origin, organic MCT and <strong data-start=\"361\" data-end=\"433\">natural spices<\/strong>.<\/p>\n<p data-start=\"438\" data-end=\"754\">Each coffee offers a unique flavour profile and benefits, allowing you to experience how each suits your lifestyle, time of day or energy needs.<strong data-start=\"522\" data-end=\"612\">s<\/strong>. In addition, this tasting pack <strong>Keto coffee beans<\/strong> with MCT comes with a <strong data-start=\"645\" data-end=\"665\">15% <\/strong>discount, so you can try them all without obligation and choose the one that best suits you.<\/p>","protected":false},"excerpt":{"rendered":"<p>Try the four coffees <strong>Keto<\/strong> with <strong>MCT oil <\/strong>with the Trasnocho Tasting Pack. Find your favourite with a 15% discount. Energy, flavour and well-being in every cup.<\/p>","protected":false},"featured_media":35938,"template":"","meta":{"inline_featured_image":false},"product_brand":[],"product_cat":[837,65,74],"product_tag":[],"class_list":{"0":"post-33402","1":"product","2":"type-product","3":"status-publish","4":"has-post-thumbnail","6":"product_cat-cafe-keto-en-grano-con-mct","7":"product_cat-cafe-en-grano","8":"product_cat-cafe-gourmet","10":"first","11":"instock","12":"taxable","13":"shipping-taxable","14":"purchasable","15":"product-type-simple"},"acf":[],"yoast_head":"<!-- This site is optimized with the Yoast SEO plugin v27.3 - https:\/\/yoast.com\/product\/yoast-seo-wordpress\/ -->\n<title>Pack degustaci\u00f3n Caf\u00e9s keto en grano con MCT - AlterNativa3<\/title>\n<meta name=\"description\" content=\"Disfruta de este pack degustaci\u00f3n caf\u00e9s keto en grano con MCT , perfecto para la dieta keto, ayuno intermitente y rendimiento f\u00edsico.\" \/>\n<meta name=\"robots\" content=\"index, follow, max-snippet:-1, max-image-preview:large, max-video-preview:-1\" \/>\n<link rel=\"canonical\" href=\"https:\/\/alternativa3.com\/en\/keto-bean-coffee-tasting-pack-with-mct\/\" \/>\n<meta property=\"og:locale\" content=\"en_GB\" \/>\n<meta property=\"og:type\" content=\"article\" \/>\n<meta property=\"og:title\" content=\"Pack degustaci\u00f3n Caf\u00e9s keto en grano con MCT - AlterNativa3\" \/>\n<meta property=\"og:description\" content=\"Disfruta de este pack degustaci\u00f3n caf\u00e9s keto en grano con MCT , perfecto para la dieta keto, ayuno intermitente y rendimiento f\u00edsico.\" \/>\n<meta property=\"og:url\" content=\"https:\/\/alternativa3.com\/en\/keto-bean-coffee-tasting-pack-with-mct\/\" \/>\n<meta property=\"og:site_name\" content=\"AlterNativa3\" \/>\n<meta property=\"article:publisher\" content=\"https:\/\/www.facebook.com\/alternativa3Scoop\" \/>\n<meta property=\"article:modified_time\" content=\"2026-05-04T11:43:13+00:00\" \/>\n<meta property=\"og:image\" content=\"https:\/\/alternativa3.com\/wp-content\/uploads\/Trasnocho_4_.jpg\" \/>\n\t<meta property=\"og:image:width\" content=\"500\" \/>\n\t<meta property=\"og:image:height\" content=\"500\" \/>\n\t<meta property=\"og:image:type\" content=\"image\/jpeg\" \/>\n<meta name=\"twitter:card\" content=\"summary_large_image\" \/>\n<meta name=\"twitter:label1\" content=\"Estimated reading time\" \/>\n\t<meta name=\"twitter:data1\" content=\"3 minutes\" \/>\n<script type=\"application\/ld+json\" class=\"yoast-schema-graph\">{\"@context\":\"https:\\\/\\\/schema.org\",\"@graph\":[{\"@type\":\"WebPage\",\"@id\":\"https:\\\/\\\/alternativa3.com\\\/pack-degustacion-cafes-keto-en-grano-con-mct\\\/\",\"url\":\"https:\\\/\\\/alternativa3.com\\\/pack-degustacion-cafes-keto-en-grano-con-mct\\\/\",\"name\":\"Pack degustaci\u00f3n Caf\u00e9s keto en grano con MCT - AlterNativa3\",\"isPartOf\":{\"@id\":\"https:\\\/\\\/alternativa3.com\\\/#website\"},\"primaryImageOfPage\":{\"@id\":\"https:\\\/\\\/alternativa3.com\\\/pack-degustacion-cafes-keto-en-grano-con-mct\\\/#primaryimage\"},\"image\":{\"@id\":\"https:\\\/\\\/alternativa3.com\\\/pack-degustacion-cafes-keto-en-grano-con-mct\\\/#primaryimage\"},\"thumbnailUrl\":\"https:\\\/\\\/alternativa3.com\\\/wp-content\\\/uploads\\\/Trasnocho_4_.jpg\",\"datePublished\":\"2025-03-20T11:29:13+00:00\",\"dateModified\":\"2026-05-04T11:43:13+00:00\",\"description\":\"Disfruta de este pack degustaci\u00f3n caf\u00e9s keto en grano con MCT , perfecto para la dieta keto, ayuno intermitente y rendimiento f\u00edsico.\",\"breadcrumb\":{\"@id\":\"https:\\\/\\\/alternativa3.com\\\/pack-degustacion-cafes-keto-en-grano-con-mct\\\/#breadcrumb\"},\"inLanguage\":\"en-GB\",\"potentialAction\":[{\"@type\":\"ReadAction\",\"target\":[\"https:\\\/\\\/alternativa3.com\\\/pack-degustacion-cafes-keto-en-grano-con-mct\\\/\"]}]},{\"@type\":\"ImageObject\",\"inLanguage\":\"en-GB\",\"@id\":\"https:\\\/\\\/alternativa3.com\\\/pack-degustacion-cafes-keto-en-grano-con-mct\\\/#primaryimage\",\"url\":\"https:\\\/\\\/alternativa3.com\\\/wp-content\\\/uploads\\\/Trasnocho_4_.jpg\",\"contentUrl\":\"https:\\\/\\\/alternativa3.com\\\/wp-content\\\/uploads\\\/Trasnocho_4_.jpg\",\"width\":500,\"height\":500,\"caption\":\"Trasnocho: Caf\u00e9s keto en grano ecol\u00f3gicos fairtrade\"},{\"@type\":\"BreadcrumbList\",\"@id\":\"https:\\\/\\\/alternativa3.com\\\/pack-degustacion-cafes-keto-en-grano-con-mct\\\/#breadcrumb\",\"itemListElement\":[{\"@type\":\"ListItem\",\"position\":1,\"name\":\"Portada\",\"item\":\"https:\\\/\\\/alternativa3.com\\\/\"},{\"@type\":\"ListItem\",\"position\":2,\"name\":\"Tienda\",\"item\":\"https:\\\/\\\/alternativa3.com\\\/tienda\\\/\"},{\"@type\":\"ListItem\",\"position\":3,\"name\":\"Pack degustaci\u00f3n Caf\u00e9s keto en grano con MCT\"}]},{\"@type\":\"WebSite\",\"@id\":\"https:\\\/\\\/alternativa3.com\\\/#website\",\"url\":\"https:\\\/\\\/alternativa3.com\\\/\",\"name\":\"AlterNativa3\",\"description\":\"Productos ecol\u00f3gicos de comercio justo\",\"publisher\":{\"@id\":\"https:\\\/\\\/alternativa3.com\\\/#organization\"},\"alternateName\":\"A3\",\"potentialAction\":[{\"@type\":\"SearchAction\",\"target\":{\"@type\":\"EntryPoint\",\"urlTemplate\":\"https:\\\/\\\/alternativa3.com\\\/?s={search_term_string}\"},\"query-input\":{\"@type\":\"PropertyValueSpecification\",\"valueRequired\":true,\"valueName\":\"search_term_string\"}}],\"inLanguage\":\"en-GB\"},{\"@type\":\"Organization\",\"@id\":\"https:\\\/\\\/alternativa3.com\\\/#organization\",\"name\":\"ALTERNATIVA3\",\"alternateName\":\"A3\",\"url\":\"https:\\\/\\\/alternativa3.com\\\/\",\"logo\":{\"@type\":\"ImageObject\",\"inLanguage\":\"en-GB\",\"@id\":\"https:\\\/\\\/alternativa3.com\\\/#\\\/schema\\\/logo\\\/image\\\/\",\"url\":\"https:\\\/\\\/alternativa3.com\\\/wp-content\\\/uploads\\\/logo-alternativa3.svg\",\"contentUrl\":\"https:\\\/\\\/alternativa3.com\\\/wp-content\\\/uploads\\\/logo-alternativa3.svg\",\"width\":73,\"height\":50,\"caption\":\"ALTERNATIVA3\"},\"image\":{\"@id\":\"https:\\\/\\\/alternativa3.com\\\/#\\\/schema\\\/logo\\\/image\\\/\"},\"sameAs\":[\"https:\\\/\\\/www.facebook.com\\\/alternativa3Scoop\",\"https:\\\/\\\/www.instagram.com\\\/alternativa3scoop\\\/\",\"https:\\\/\\\/www.youtube.com\\\/@Alternativa3\",\"https:\\\/\\\/es.linkedin.com\\\/company\\\/alternativa3\"]}]}<\/script>\n<!-- \/ Yoast SEO plugin. -->","yoast_head_json":{"title":"Tasting pack Keto coffee beans with MCT - AlterNativa3","description":"Enjoy this tasting pack of keto coffee beans with MCTs, perfect for keto dieting, intermittent fasting and physical performance.","robots":{"index":"index","follow":"follow","max-snippet":"max-snippet:-1","max-image-preview":"max-image-preview:large","max-video-preview":"max-video-preview:-1"},"canonical":"https:\/\/alternativa3.com\/en\/keto-bean-coffee-tasting-pack-with-mct\/","og_locale":"en_GB","og_type":"article","og_title":"Pack degustaci\u00f3n Caf\u00e9s keto en grano con MCT - AlterNativa3","og_description":"Disfruta de este pack degustaci\u00f3n caf\u00e9s keto en grano con MCT , perfecto para la dieta keto, ayuno intermitente y rendimiento f\u00edsico.","og_url":"https:\/\/alternativa3.com\/en\/keto-bean-coffee-tasting-pack-with-mct\/","og_site_name":"AlterNativa3","article_publisher":"https:\/\/www.facebook.com\/alternativa3Scoop","article_modified_time":"2026-05-04T11:43:13+00:00","og_image":[{"width":500,"height":500,"url":"https:\/\/alternativa3.com\/wp-content\/uploads\/Trasnocho_4_.jpg","type":"image\/jpeg"}],"twitter_card":"summary_large_image","twitter_misc":{"Estimated reading time":"3 minutes"},"schema":{"@context":"https:\/\/schema.org","@graph":[{"@type":"WebPage","@id":"https:\/\/alternativa3.com\/pack-degustacion-cafes-keto-en-grano-con-mct\/","url":"https:\/\/alternativa3.com\/pack-degustacion-cafes-keto-en-grano-con-mct\/","name":"Tasting pack Keto coffee beans with MCT - AlterNativa3","isPartOf":{"@id":"https:\/\/alternativa3.com\/#website"},"primaryImageOfPage":{"@id":"https:\/\/alternativa3.com\/pack-degustacion-cafes-keto-en-grano-con-mct\/#primaryimage"},"image":{"@id":"https:\/\/alternativa3.com\/pack-degustacion-cafes-keto-en-grano-con-mct\/#primaryimage"},"thumbnailUrl":"https:\/\/alternativa3.com\/wp-content\/uploads\/Trasnocho_4_.jpg","datePublished":"2025-03-20T11:29:13+00:00","dateModified":"2026-05-04T11:43:13+00:00","description":"Enjoy this tasting pack of keto coffee beans with MCTs, perfect for keto dieting, intermittent fasting and physical performance.","breadcrumb":{"@id":"https:\/\/alternativa3.com\/pack-degustacion-cafes-keto-en-grano-con-mct\/#breadcrumb"},"inLanguage":"en-GB","potentialAction":[{"@type":"ReadAction","target":["https:\/\/alternativa3.com\/pack-degustacion-cafes-keto-en-grano-con-mct\/"]}]},{"@type":"ImageObject","inLanguage":"en-GB","@id":"https:\/\/alternativa3.com\/pack-degustacion-cafes-keto-en-grano-con-mct\/#primaryimage","url":"https:\/\/alternativa3.com\/wp-content\/uploads\/Trasnocho_4_.jpg","contentUrl":"https:\/\/alternativa3.com\/wp-content\/uploads\/Trasnocho_4_.jpg","width":500,"height":500,"caption":"Trasnocho: Caf\u00e9s keto en grano ecol\u00f3gicos fairtrade"},{"@type":"BreadcrumbList","@id":"https:\/\/alternativa3.com\/pack-degustacion-cafes-keto-en-grano-con-mct\/#breadcrumb","itemListElement":[{"@type":"ListItem","position":1,"name":"Portada","item":"https:\/\/alternativa3.com\/"},{"@type":"ListItem","position":2,"name":"Tienda","item":"https:\/\/alternativa3.com\/tienda\/"},{"@type":"ListItem","position":3,"name":"Pack degustaci\u00f3n Caf\u00e9s keto en grano con MCT"}]},{"@type":"WebSite","@id":"https:\/\/alternativa3.com\/#website","url":"https:\/\/alternativa3.com\/","name":"AlterNative3","description":"Fair trade organic products","publisher":{"@id":"https:\/\/alternativa3.com\/#organization"},"alternateName":"A3","potentialAction":[{"@type":"SearchAction","target":{"@type":"EntryPoint","urlTemplate":"https:\/\/alternativa3.com\/?s={search_term_string}"},"query-input":{"@type":"PropertyValueSpecification","valueRequired":true,"valueName":"search_term_string"}}],"inLanguage":"en-GB"},{"@type":"Organization","@id":"https:\/\/alternativa3.com\/#organization","name":"ALTERNATIVE3","alternateName":"A3","url":"https:\/\/alternativa3.com\/","logo":{"@type":"ImageObject","inLanguage":"en-GB","@id":"https:\/\/alternativa3.com\/#\/schema\/logo\/image\/","url":"https:\/\/alternativa3.com\/wp-content\/uploads\/logo-alternativa3.svg","contentUrl":"https:\/\/alternativa3.com\/wp-content\/uploads\/logo-alternativa3.svg","width":73,"height":50,"caption":"ALTERNATIVA3"},"image":{"@id":"https:\/\/alternativa3.com\/#\/schema\/logo\/image\/"},"sameAs":["https:\/\/www.facebook.com\/alternativa3Scoop","https:\/\/www.instagram.com\/alternativa3scoop\/","https:\/\/www.youtube.com\/@Alternativa3","https:\/\/es.linkedin.com\/company\/alternativa3"]}]}},"_links":{"self":[{"href":"https:\/\/alternativa3.com\/en\/wp-json\/wp\/v2\/product\/33402","targetHints":{"allow":["GET"]}}],"collection":[{"href":"https:\/\/alternativa3.com\/en\/wp-json\/wp\/v2\/product"}],"about":[{"href":"https:\/\/alternativa3.com\/en\/wp-json\/wp\/v2\/types\/product"}],"wp:featuredmedia":[{"embeddable":true,"href":"https:\/\/alternativa3.com\/en\/wp-json\/wp\/v2\/media\/35938"}],"wp:attachment":[{"href":"https:\/\/alternativa3.com\/en\/wp-json\/wp\/v2\/media?parent=33402"}],"wp:term":[{"taxonomy":"product_brand","embeddable":true,"href":"https:\/\/alternativa3.com\/en\/wp-json\/wp\/v2\/product_brand?post=33402"},{"taxonomy":"product_cat","embeddable":true,"href":"https:\/\/alternativa3.com\/en\/wp-json\/wp\/v2\/product_cat?post=33402"},{"taxonomy":"product_tag","embeddable":true,"href":"https:\/\/alternativa3.com\/en\/wp-json\/wp\/v2\/product_tag?post=33402"}],"curies":[{"name":"wp","href":"https:\/\/api.w.org\/{rel}","templated":true}]}}