{"id":21653,"date":"2022-06-19T05:06:07","date_gmt":"2022-06-19T04:06:07","guid":{"rendered":"https:\/\/beta.alternativa3.com\/sin%20categor\u00eda\/airscape-envase-de-metal-sin-aire-negro-1kg\/"},"modified":"2026-05-04T13:43:33","modified_gmt":"2026-05-04T11:43:33","slug":"airscape-black-coffee-container-1kg","status":"publish","type":"product","link":"https:\/\/alternativa3.com\/en\/airscape-black-coffee-container-1kg\/","title":{"rendered":"Airscape black coffee container 1kg"},"content":{"rendered":"<p>Original and practical stainless steel jars for storing and preserving your coffee (or any other dry product).<\/p>\n<p>It contains a plunger lid that extracts air and humidity. The oxygen is expelled thanks to the pressure we exert on the lid by pressing it downwards.<\/p>\n<p>The Airscape\u00ae system removes and blocks air to protect its quality, freshness and flavour, keeping the organoleptic characteristics of the coffee intact.<\/p>\n<p>The top lid allows you to see how much coffee is left inside.<\/p>\n<p>In 5 colours and 2 different sizes so you can choose the one you like best.<\/p>","protected":false},"excerpt":{"rendered":"<p>Container to preserve your coffee with maximum quality, freshness and flavour.<\/p>","protected":false},"featured_media":21240,"template":"","meta":{"inline_featured_image":false},"product_brand":[],"product_cat":[85,51,319],"product_tag":[],"class_list":{"0":"post-21653","1":"product","2":"type-product","3":"status-publish","4":"has-post-thumbnail","6":"product_cat-complementos-del-cafe","7":"product_cat-zero-waste","8":"product_cat-airscape","10":"first","11":"instock","12":"taxable","13":"shipping-taxable","14":"purchasable","15":"product-type-simple"},"acf":[],"yoast_head":"<!-- This site is optimized with the Yoast SEO plugin v27.3 - https:\/\/yoast.com\/product\/yoast-seo-wordpress\/ -->\n<title>Airscape negro recipiente para caf\u00e9 1kg - AlterNativa3<\/title>\n<meta name=\"description\" content=\"El sistema Airscape\u00ae elimina y bloquea el aire para proteger su calidad, frescura y sabor, manteniendo intactas las caracter\u00edsticas organol\u00e9pticas del caf\u00e9.\" \/>\n<meta name=\"robots\" content=\"index, follow, max-snippet:-1, max-image-preview:large, max-video-preview:-1\" \/>\n<link rel=\"canonical\" href=\"https:\/\/alternativa3.com\/en\/airscape-black-coffee-container-1kg\/\" \/>\n<meta property=\"og:locale\" content=\"en_GB\" \/>\n<meta property=\"og:type\" content=\"article\" \/>\n<meta property=\"og:title\" content=\"Airscape negro recipiente para caf\u00e9 1kg - AlterNativa3\" \/>\n<meta property=\"og:description\" content=\"El sistema Airscape\u00ae elimina y bloquea el aire para proteger su calidad, frescura y sabor, manteniendo intactas las caracter\u00edsticas organol\u00e9pticas del caf\u00e9.\" \/>\n<meta property=\"og:url\" content=\"https:\/\/alternativa3.com\/en\/airscape-black-coffee-container-1kg\/\" \/>\n<meta property=\"og:site_name\" content=\"AlterNativa3\" \/>\n<meta property=\"article:publisher\" content=\"https:\/\/www.facebook.com\/alternativa3Scoop\" \/>\n<meta property=\"article:modified_time\" content=\"2026-05-04T11:43:33+00:00\" \/>\n<meta property=\"og:image\" content=\"https:\/\/alternativa3.com\/wp-content\/uploads\/AIRSCAPE_AA_1708-scaled.png\" \/>\n\t<meta property=\"og:image:width\" content=\"2560\" \/>\n\t<meta property=\"og:image:height\" content=\"2560\" \/>\n\t<meta property=\"og:image:type\" content=\"image\/png\" \/>\n<meta name=\"twitter:card\" content=\"summary_large_image\" \/>\n<meta name=\"twitter:label1\" content=\"Estimated reading time\" \/>\n\t<meta name=\"twitter:data1\" content=\"1 minute\" \/>\n<script type=\"application\/ld+json\" class=\"yoast-schema-graph\">{\"@context\":\"https:\\\/\\\/schema.org\",\"@graph\":[{\"@type\":\"WebPage\",\"@id\":\"https:\\\/\\\/alternativa3.com\\\/airscape-negro-recipiente-para-cafe-1kg\\\/\",\"url\":\"https:\\\/\\\/alternativa3.com\\\/airscape-negro-recipiente-para-cafe-1kg\\\/\",\"name\":\"Airscape negro recipiente para caf\u00e9 1kg - AlterNativa3\",\"isPartOf\":{\"@id\":\"https:\\\/\\\/alternativa3.com\\\/#website\"},\"primaryImageOfPage\":{\"@id\":\"https:\\\/\\\/alternativa3.com\\\/airscape-negro-recipiente-para-cafe-1kg\\\/#primaryimage\"},\"image\":{\"@id\":\"https:\\\/\\\/alternativa3.com\\\/airscape-negro-recipiente-para-cafe-1kg\\\/#primaryimage\"},\"thumbnailUrl\":\"https:\\\/\\\/alternativa3.com\\\/wp-content\\\/uploads\\\/AIRSCAPE_AA_1708-scaled.png\",\"datePublished\":\"2022-06-19T04:06:07+00:00\",\"dateModified\":\"2026-05-04T11:43:33+00:00\",\"description\":\"El sistema Airscape\u00ae elimina y bloquea el aire para proteger su calidad, frescura y sabor, manteniendo intactas las caracter\u00edsticas organol\u00e9pticas del caf\u00e9.\",\"breadcrumb\":{\"@id\":\"https:\\\/\\\/alternativa3.com\\\/airscape-negro-recipiente-para-cafe-1kg\\\/#breadcrumb\"},\"inLanguage\":\"en-GB\",\"potentialAction\":[{\"@type\":\"ReadAction\",\"target\":[\"https:\\\/\\\/alternativa3.com\\\/airscape-negro-recipiente-para-cafe-1kg\\\/\"]}]},{\"@type\":\"ImageObject\",\"inLanguage\":\"en-GB\",\"@id\":\"https:\\\/\\\/alternativa3.com\\\/airscape-negro-recipiente-para-cafe-1kg\\\/#primaryimage\",\"url\":\"https:\\\/\\\/alternativa3.com\\\/wp-content\\\/uploads\\\/AIRSCAPE_AA_1708-scaled.png\",\"contentUrl\":\"https:\\\/\\\/alternativa3.com\\\/wp-content\\\/uploads\\\/AIRSCAPE_AA_1708-scaled.png\",\"width\":2560,\"height\":2560},{\"@type\":\"BreadcrumbList\",\"@id\":\"https:\\\/\\\/alternativa3.com\\\/airscape-negro-recipiente-para-cafe-1kg\\\/#breadcrumb\",\"itemListElement\":[{\"@type\":\"ListItem\",\"position\":1,\"name\":\"Portada\",\"item\":\"https:\\\/\\\/alternativa3.com\\\/\"},{\"@type\":\"ListItem\",\"position\":2,\"name\":\"Tienda\",\"item\":\"https:\\\/\\\/alternativa3.com\\\/tienda\\\/\"},{\"@type\":\"ListItem\",\"position\":3,\"name\":\"Airscape negro recipiente para caf\u00e9 1kg\"}]},{\"@type\":\"WebSite\",\"@id\":\"https:\\\/\\\/alternativa3.com\\\/#website\",\"url\":\"https:\\\/\\\/alternativa3.com\\\/\",\"name\":\"AlterNativa3\",\"description\":\"Productos ecol\u00f3gicos de comercio justo\",\"publisher\":{\"@id\":\"https:\\\/\\\/alternativa3.com\\\/#organization\"},\"alternateName\":\"A3\",\"potentialAction\":[{\"@type\":\"SearchAction\",\"target\":{\"@type\":\"EntryPoint\",\"urlTemplate\":\"https:\\\/\\\/alternativa3.com\\\/?s={search_term_string}\"},\"query-input\":{\"@type\":\"PropertyValueSpecification\",\"valueRequired\":true,\"valueName\":\"search_term_string\"}}],\"inLanguage\":\"en-GB\"},{\"@type\":\"Organization\",\"@id\":\"https:\\\/\\\/alternativa3.com\\\/#organization\",\"name\":\"ALTERNATIVA3\",\"alternateName\":\"A3\",\"url\":\"https:\\\/\\\/alternativa3.com\\\/\",\"logo\":{\"@type\":\"ImageObject\",\"inLanguage\":\"en-GB\",\"@id\":\"https:\\\/\\\/alternativa3.com\\\/#\\\/schema\\\/logo\\\/image\\\/\",\"url\":\"https:\\\/\\\/alternativa3.com\\\/wp-content\\\/uploads\\\/logo-alternativa3.svg\",\"contentUrl\":\"https:\\\/\\\/alternativa3.com\\\/wp-content\\\/uploads\\\/logo-alternativa3.svg\",\"width\":73,\"height\":50,\"caption\":\"ALTERNATIVA3\"},\"image\":{\"@id\":\"https:\\\/\\\/alternativa3.com\\\/#\\\/schema\\\/logo\\\/image\\\/\"},\"sameAs\":[\"https:\\\/\\\/www.facebook.com\\\/alternativa3Scoop\",\"https:\\\/\\\/www.instagram.com\\\/alternativa3scoop\\\/\",\"https:\\\/\\\/www.youtube.com\\\/@Alternativa3\",\"https:\\\/\\\/es.linkedin.com\\\/company\\\/alternativa3\"]}]}<\/script>\n<!-- \/ Yoast SEO plugin. -->","yoast_head_json":{"title":"Airscape black coffee container 1kg - AlterNativa3","description":"The Airscape\u00ae system removes and blocks air to protect its quality, freshness and flavour, keeping the organoleptic characteristics of the coffee intact.","robots":{"index":"index","follow":"follow","max-snippet":"max-snippet:-1","max-image-preview":"max-image-preview:large","max-video-preview":"max-video-preview:-1"},"canonical":"https:\/\/alternativa3.com\/en\/airscape-black-coffee-container-1kg\/","og_locale":"en_GB","og_type":"article","og_title":"Airscape negro recipiente para caf\u00e9 1kg - AlterNativa3","og_description":"El sistema Airscape\u00ae elimina y bloquea el aire para proteger su calidad, frescura y sabor, manteniendo intactas las caracter\u00edsticas organol\u00e9pticas del caf\u00e9.","og_url":"https:\/\/alternativa3.com\/en\/airscape-black-coffee-container-1kg\/","og_site_name":"AlterNativa3","article_publisher":"https:\/\/www.facebook.com\/alternativa3Scoop","article_modified_time":"2026-05-04T11:43:33+00:00","og_image":[{"width":2560,"height":2560,"url":"https:\/\/alternativa3.com\/wp-content\/uploads\/AIRSCAPE_AA_1708-scaled.png","type":"image\/png"}],"twitter_card":"summary_large_image","twitter_misc":{"Estimated reading time":"1 minute"},"schema":{"@context":"https:\/\/schema.org","@graph":[{"@type":"WebPage","@id":"https:\/\/alternativa3.com\/airscape-negro-recipiente-para-cafe-1kg\/","url":"https:\/\/alternativa3.com\/airscape-negro-recipiente-para-cafe-1kg\/","name":"Airscape black coffee container 1kg - AlterNativa3","isPartOf":{"@id":"https:\/\/alternativa3.com\/#website"},"primaryImageOfPage":{"@id":"https:\/\/alternativa3.com\/airscape-negro-recipiente-para-cafe-1kg\/#primaryimage"},"image":{"@id":"https:\/\/alternativa3.com\/airscape-negro-recipiente-para-cafe-1kg\/#primaryimage"},"thumbnailUrl":"https:\/\/alternativa3.com\/wp-content\/uploads\/AIRSCAPE_AA_1708-scaled.png","datePublished":"2022-06-19T04:06:07+00:00","dateModified":"2026-05-04T11:43:33+00:00","description":"The Airscape\u00ae system removes and blocks air to protect its quality, freshness and flavour, keeping the organoleptic characteristics of the coffee intact.","breadcrumb":{"@id":"https:\/\/alternativa3.com\/airscape-negro-recipiente-para-cafe-1kg\/#breadcrumb"},"inLanguage":"en-GB","potentialAction":[{"@type":"ReadAction","target":["https:\/\/alternativa3.com\/airscape-negro-recipiente-para-cafe-1kg\/"]}]},{"@type":"ImageObject","inLanguage":"en-GB","@id":"https:\/\/alternativa3.com\/airscape-negro-recipiente-para-cafe-1kg\/#primaryimage","url":"https:\/\/alternativa3.com\/wp-content\/uploads\/AIRSCAPE_AA_1708-scaled.png","contentUrl":"https:\/\/alternativa3.com\/wp-content\/uploads\/AIRSCAPE_AA_1708-scaled.png","width":2560,"height":2560},{"@type":"BreadcrumbList","@id":"https:\/\/alternativa3.com\/airscape-negro-recipiente-para-cafe-1kg\/#breadcrumb","itemListElement":[{"@type":"ListItem","position":1,"name":"Portada","item":"https:\/\/alternativa3.com\/"},{"@type":"ListItem","position":2,"name":"Tienda","item":"https:\/\/alternativa3.com\/tienda\/"},{"@type":"ListItem","position":3,"name":"Airscape negro recipiente para caf\u00e9 1kg"}]},{"@type":"WebSite","@id":"https:\/\/alternativa3.com\/#website","url":"https:\/\/alternativa3.com\/","name":"AlterNative3","description":"Fair trade organic products","publisher":{"@id":"https:\/\/alternativa3.com\/#organization"},"alternateName":"A3","potentialAction":[{"@type":"SearchAction","target":{"@type":"EntryPoint","urlTemplate":"https:\/\/alternativa3.com\/?s={search_term_string}"},"query-input":{"@type":"PropertyValueSpecification","valueRequired":true,"valueName":"search_term_string"}}],"inLanguage":"en-GB"},{"@type":"Organization","@id":"https:\/\/alternativa3.com\/#organization","name":"ALTERNATIVE3","alternateName":"A3","url":"https:\/\/alternativa3.com\/","logo":{"@type":"ImageObject","inLanguage":"en-GB","@id":"https:\/\/alternativa3.com\/#\/schema\/logo\/image\/","url":"https:\/\/alternativa3.com\/wp-content\/uploads\/logo-alternativa3.svg","contentUrl":"https:\/\/alternativa3.com\/wp-content\/uploads\/logo-alternativa3.svg","width":73,"height":50,"caption":"ALTERNATIVA3"},"image":{"@id":"https:\/\/alternativa3.com\/#\/schema\/logo\/image\/"},"sameAs":["https:\/\/www.facebook.com\/alternativa3Scoop","https:\/\/www.instagram.com\/alternativa3scoop\/","https:\/\/www.youtube.com\/@Alternativa3","https:\/\/es.linkedin.com\/company\/alternativa3"]}]}},"_links":{"self":[{"href":"https:\/\/alternativa3.com\/en\/wp-json\/wp\/v2\/product\/21653","targetHints":{"allow":["GET"]}}],"collection":[{"href":"https:\/\/alternativa3.com\/en\/wp-json\/wp\/v2\/product"}],"about":[{"href":"https:\/\/alternativa3.com\/en\/wp-json\/wp\/v2\/types\/product"}],"wp:featuredmedia":[{"embeddable":true,"href":"https:\/\/alternativa3.com\/en\/wp-json\/wp\/v2\/media\/21240"}],"wp:attachment":[{"href":"https:\/\/alternativa3.com\/en\/wp-json\/wp\/v2\/media?parent=21653"}],"wp:term":[{"taxonomy":"product_brand","embeddable":true,"href":"https:\/\/alternativa3.com\/en\/wp-json\/wp\/v2\/product_brand?post=21653"},{"taxonomy":"product_cat","embeddable":true,"href":"https:\/\/alternativa3.com\/en\/wp-json\/wp\/v2\/product_cat?post=21653"},{"taxonomy":"product_tag","embeddable":true,"href":"https:\/\/alternativa3.com\/en\/wp-json\/wp\/v2\/product_tag?post=21653"}],"curies":[{"name":"wp","href":"https:\/\/api.w.org\/{rel}","templated":true}]}}