{"id":19002,"date":"2021-06-11T13:21:38","date_gmt":"2021-06-11T12:21:38","guid":{"rendered":"https:\/\/beta.alternativa3.com\/producto\/cacao-puro-premium-bio-ft\/"},"modified":"2026-05-05T14:43:48","modified_gmt":"2026-05-05T12:43:48","slug":"pure-premium-organic-cocoa-ft","status":"publish","type":"product","link":"https:\/\/alternativa3.com\/en\/cacao-puro-premium-bio-ft\/","title":{"rendered":"Fairtrade Premium Pure Organic Cocoa"},"content":{"rendered":"","protected":false},"excerpt":{"rendered":"<p>Cocoa with all the nutrients and flavour. 100% cocoa with no added sugars.<\/p>","protected":false},"featured_media":30330,"template":"","meta":{"inline_featured_image":false},"product_brand":[],"product_cat":[37,553],"product_tag":[],"class_list":{"0":"post-19002","1":"product","2":"type-product","3":"status-publish","4":"has-post-thumbnail","6":"product_cat-cacao","7":"product_cat-dietetica","9":"first","10":"instock","11":"taxable","12":"shipping-taxable","13":"purchasable","14":"product-type-variable","15":"has-default-attributes","16":"rtwpvg-product"},"acf":[],"yoast_head":"<!-- This site is optimized with the Yoast SEO plugin v27.5 - https:\/\/yoast.com\/product\/yoast-seo-wordpress\/ -->\n<title>Cacao puro Premium BIO-FT en polvo sin az\u00facares a\u00f1adidos<\/title>\n<meta name=\"description\" content=\"Disfruta del aut\u00e9ntico cacao puro BIO-FT sin az\u00facar a\u00f1adido. Ideal para recetas, bebidas y postres. \u00a1Haz tu compra ahora!\" \/>\n<meta name=\"robots\" content=\"index, follow, max-snippet:-1, max-image-preview:large, max-video-preview:-1\" \/>\n<link rel=\"canonical\" href=\"https:\/\/alternativa3.com\/en\/pure-premium-organic-cocoa-ft\/\" \/>\n<meta property=\"og:locale\" content=\"en_GB\" \/>\n<meta property=\"og:type\" content=\"article\" \/>\n<meta property=\"og:title\" content=\"Cacao puro Premium BIO-FT en polvo sin az\u00facares a\u00f1adidos\" \/>\n<meta property=\"og:description\" content=\"Disfruta del aut\u00e9ntico cacao puro BIO-FT sin az\u00facar a\u00f1adido. Ideal para recetas, bebidas y postres. \u00a1Haz tu compra ahora!\" \/>\n<meta property=\"og:url\" content=\"https:\/\/alternativa3.com\/en\/pure-premium-organic-cocoa-ft\/\" \/>\n<meta property=\"og:site_name\" content=\"AlterNativa3\" \/>\n<meta property=\"article:publisher\" content=\"https:\/\/www.facebook.com\/alternativa3Scoop\" \/>\n<meta property=\"article:modified_time\" content=\"2026-05-05T12:43:48+00:00\" \/>\n<meta property=\"og:image\" content=\"https:\/\/alternativa3.com\/wp-content\/uploads\/047702-3.jpg\" \/>\n\t<meta property=\"og:image:width\" content=\"1000\" \/>\n\t<meta property=\"og:image:height\" content=\"1000\" \/>\n\t<meta property=\"og:image:type\" content=\"image\/jpeg\" \/>\n<meta name=\"twitter:card\" content=\"summary_large_image\" \/>\n<meta name=\"twitter:label1\" content=\"Estimated reading time\" \/>\n\t<meta name=\"twitter:data1\" content=\"3 minutes\" \/>\n<script type=\"application\/ld+json\" class=\"yoast-schema-graph\">{\"@context\":\"https:\\\/\\\/schema.org\",\"@graph\":[{\"@type\":\"WebPage\",\"@id\":\"https:\\\/\\\/alternativa3.com\\\/cacao-puro-premium-bio-ft\\\/\",\"url\":\"https:\\\/\\\/alternativa3.com\\\/cacao-puro-premium-bio-ft\\\/\",\"name\":\"Cacao puro Premium BIO-FT en polvo sin az\u00facares a\u00f1adidos\",\"isPartOf\":{\"@id\":\"https:\\\/\\\/alternativa3.com\\\/#website\"},\"primaryImageOfPage\":{\"@id\":\"https:\\\/\\\/alternativa3.com\\\/cacao-puro-premium-bio-ft\\\/#primaryimage\"},\"image\":{\"@id\":\"https:\\\/\\\/alternativa3.com\\\/cacao-puro-premium-bio-ft\\\/#primaryimage\"},\"thumbnailUrl\":\"https:\\\/\\\/alternativa3.com\\\/wp-content\\\/uploads\\\/047702-3.jpg\",\"datePublished\":\"2021-06-11T12:21:38+00:00\",\"dateModified\":\"2026-05-05T12:43:48+00:00\",\"description\":\"Disfruta del aut\u00e9ntico cacao puro BIO-FT sin az\u00facar a\u00f1adido. Ideal para recetas, bebidas y postres. \u00a1Haz tu compra ahora!\",\"breadcrumb\":{\"@id\":\"https:\\\/\\\/alternativa3.com\\\/cacao-puro-premium-bio-ft\\\/#breadcrumb\"},\"inLanguage\":\"en-GB\",\"potentialAction\":[{\"@type\":\"ReadAction\",\"target\":[\"https:\\\/\\\/alternativa3.com\\\/cacao-puro-premium-bio-ft\\\/\"]}]},{\"@type\":\"ImageObject\",\"inLanguage\":\"en-GB\",\"@id\":\"https:\\\/\\\/alternativa3.com\\\/cacao-puro-premium-bio-ft\\\/#primaryimage\",\"url\":\"https:\\\/\\\/alternativa3.com\\\/wp-content\\\/uploads\\\/047702-3.jpg\",\"contentUrl\":\"https:\\\/\\\/alternativa3.com\\\/wp-content\\\/uploads\\\/047702-3.jpg\",\"width\":1000,\"height\":1000},{\"@type\":\"BreadcrumbList\",\"@id\":\"https:\\\/\\\/alternativa3.com\\\/cacao-puro-premium-bio-ft\\\/#breadcrumb\",\"itemListElement\":[{\"@type\":\"ListItem\",\"position\":1,\"name\":\"Portada\",\"item\":\"https:\\\/\\\/alternativa3.com\\\/\"},{\"@type\":\"ListItem\",\"position\":2,\"name\":\"Tienda\",\"item\":\"https:\\\/\\\/alternativa3.com\\\/tienda\\\/\"},{\"@type\":\"ListItem\",\"position\":3,\"name\":\"Cacao Puro Premium Bio Fairtrade\"}]},{\"@type\":\"WebSite\",\"@id\":\"https:\\\/\\\/alternativa3.com\\\/#website\",\"url\":\"https:\\\/\\\/alternativa3.com\\\/\",\"name\":\"AlterNativa3\",\"description\":\"Productos ecol\u00f3gicos de comercio justo\",\"publisher\":{\"@id\":\"https:\\\/\\\/alternativa3.com\\\/#organization\"},\"alternateName\":\"A3\",\"potentialAction\":[{\"@type\":\"SearchAction\",\"target\":{\"@type\":\"EntryPoint\",\"urlTemplate\":\"https:\\\/\\\/alternativa3.com\\\/?s={search_term_string}\"},\"query-input\":{\"@type\":\"PropertyValueSpecification\",\"valueRequired\":true,\"valueName\":\"search_term_string\"}}],\"inLanguage\":\"en-GB\"},{\"@type\":\"Organization\",\"@id\":\"https:\\\/\\\/alternativa3.com\\\/#organization\",\"name\":\"ALTERNATIVA3\",\"alternateName\":\"A3\",\"url\":\"https:\\\/\\\/alternativa3.com\\\/\",\"logo\":{\"@type\":\"ImageObject\",\"inLanguage\":\"en-GB\",\"@id\":\"https:\\\/\\\/alternativa3.com\\\/#\\\/schema\\\/logo\\\/image\\\/\",\"url\":\"https:\\\/\\\/alternativa3.com\\\/wp-content\\\/uploads\\\/logo-alternativa3.svg\",\"contentUrl\":\"https:\\\/\\\/alternativa3.com\\\/wp-content\\\/uploads\\\/logo-alternativa3.svg\",\"width\":73,\"height\":50,\"caption\":\"ALTERNATIVA3\"},\"image\":{\"@id\":\"https:\\\/\\\/alternativa3.com\\\/#\\\/schema\\\/logo\\\/image\\\/\"},\"sameAs\":[\"https:\\\/\\\/www.facebook.com\\\/alternativa3Scoop\",\"https:\\\/\\\/www.instagram.com\\\/alternativa3scoop\\\/\",\"https:\\\/\\\/www.youtube.com\\\/@Alternativa3\",\"https:\\\/\\\/es.linkedin.com\\\/company\\\/alternativa3\"]}]}<\/script>\n<!-- \/ Yoast SEO plugin. -->","yoast_head_json":{"title":"Premium BIO-FT pure cocoa powder without added sugars","description":"Enjoy authentic, pure BIO-FT cocoa with no added sugar. Ideal for recipes, drinks and desserts - buy now!","robots":{"index":"index","follow":"follow","max-snippet":"max-snippet:-1","max-image-preview":"max-image-preview:large","max-video-preview":"max-video-preview:-1"},"canonical":"https:\/\/alternativa3.com\/en\/pure-premium-organic-cocoa-ft\/","og_locale":"en_GB","og_type":"article","og_title":"Cacao puro Premium BIO-FT en polvo sin az\u00facares a\u00f1adidos","og_description":"Disfruta del aut\u00e9ntico cacao puro BIO-FT sin az\u00facar a\u00f1adido. Ideal para recetas, bebidas y postres. \u00a1Haz tu compra ahora!","og_url":"https:\/\/alternativa3.com\/en\/pure-premium-organic-cocoa-ft\/","og_site_name":"AlterNativa3","article_publisher":"https:\/\/www.facebook.com\/alternativa3Scoop","article_modified_time":"2026-05-05T12:43:48+00:00","og_image":[{"width":1000,"height":1000,"url":"https:\/\/alternativa3.com\/wp-content\/uploads\/047702-3.jpg","type":"image\/jpeg"}],"twitter_card":"summary_large_image","twitter_misc":{"Estimated reading time":"3 minutes"},"schema":{"@context":"https:\/\/schema.org","@graph":[{"@type":"WebPage","@id":"https:\/\/alternativa3.com\/cacao-puro-premium-bio-ft\/","url":"https:\/\/alternativa3.com\/cacao-puro-premium-bio-ft\/","name":"Premium BIO-FT pure cocoa powder without added sugars","isPartOf":{"@id":"https:\/\/alternativa3.com\/#website"},"primaryImageOfPage":{"@id":"https:\/\/alternativa3.com\/cacao-puro-premium-bio-ft\/#primaryimage"},"image":{"@id":"https:\/\/alternativa3.com\/cacao-puro-premium-bio-ft\/#primaryimage"},"thumbnailUrl":"https:\/\/alternativa3.com\/wp-content\/uploads\/047702-3.jpg","datePublished":"2021-06-11T12:21:38+00:00","dateModified":"2026-05-05T12:43:48+00:00","description":"Enjoy authentic, pure BIO-FT cocoa with no added sugar. Ideal for recipes, drinks and desserts - buy now!","breadcrumb":{"@id":"https:\/\/alternativa3.com\/cacao-puro-premium-bio-ft\/#breadcrumb"},"inLanguage":"en-GB","potentialAction":[{"@type":"ReadAction","target":["https:\/\/alternativa3.com\/cacao-puro-premium-bio-ft\/"]}]},{"@type":"ImageObject","inLanguage":"en-GB","@id":"https:\/\/alternativa3.com\/cacao-puro-premium-bio-ft\/#primaryimage","url":"https:\/\/alternativa3.com\/wp-content\/uploads\/047702-3.jpg","contentUrl":"https:\/\/alternativa3.com\/wp-content\/uploads\/047702-3.jpg","width":1000,"height":1000},{"@type":"BreadcrumbList","@id":"https:\/\/alternativa3.com\/cacao-puro-premium-bio-ft\/#breadcrumb","itemListElement":[{"@type":"ListItem","position":1,"name":"Portada","item":"https:\/\/alternativa3.com\/"},{"@type":"ListItem","position":2,"name":"Tienda","item":"https:\/\/alternativa3.com\/tienda\/"},{"@type":"ListItem","position":3,"name":"Cacao Puro Premium Bio Fairtrade"}]},{"@type":"WebSite","@id":"https:\/\/alternativa3.com\/#website","url":"https:\/\/alternativa3.com\/","name":"AlterNative3","description":"Fair trade organic products","publisher":{"@id":"https:\/\/alternativa3.com\/#organization"},"alternateName":"A3","potentialAction":[{"@type":"SearchAction","target":{"@type":"EntryPoint","urlTemplate":"https:\/\/alternativa3.com\/?s={search_term_string}"},"query-input":{"@type":"PropertyValueSpecification","valueRequired":true,"valueName":"search_term_string"}}],"inLanguage":"en-GB"},{"@type":"Organization","@id":"https:\/\/alternativa3.com\/#organization","name":"ALTERNATIVE3","alternateName":"A3","url":"https:\/\/alternativa3.com\/","logo":{"@type":"ImageObject","inLanguage":"en-GB","@id":"https:\/\/alternativa3.com\/#\/schema\/logo\/image\/","url":"https:\/\/alternativa3.com\/wp-content\/uploads\/logo-alternativa3.svg","contentUrl":"https:\/\/alternativa3.com\/wp-content\/uploads\/logo-alternativa3.svg","width":73,"height":50,"caption":"ALTERNATIVA3"},"image":{"@id":"https:\/\/alternativa3.com\/#\/schema\/logo\/image\/"},"sameAs":["https:\/\/www.facebook.com\/alternativa3Scoop","https:\/\/www.instagram.com\/alternativa3scoop\/","https:\/\/www.youtube.com\/@Alternativa3","https:\/\/es.linkedin.com\/company\/alternativa3"]}]}},"_links":{"self":[{"href":"https:\/\/alternativa3.com\/en\/wp-json\/wp\/v2\/product\/19002","targetHints":{"allow":["GET"]}}],"collection":[{"href":"https:\/\/alternativa3.com\/en\/wp-json\/wp\/v2\/product"}],"about":[{"href":"https:\/\/alternativa3.com\/en\/wp-json\/wp\/v2\/types\/product"}],"wp:featuredmedia":[{"embeddable":true,"href":"https:\/\/alternativa3.com\/en\/wp-json\/wp\/v2\/media\/30330"}],"wp:attachment":[{"href":"https:\/\/alternativa3.com\/en\/wp-json\/wp\/v2\/media?parent=19002"}],"wp:term":[{"taxonomy":"product_brand","embeddable":true,"href":"https:\/\/alternativa3.com\/en\/wp-json\/wp\/v2\/product_brand?post=19002"},{"taxonomy":"product_cat","embeddable":true,"href":"https:\/\/alternativa3.com\/en\/wp-json\/wp\/v2\/product_cat?post=19002"},{"taxonomy":"product_tag","embeddable":true,"href":"https:\/\/alternativa3.com\/en\/wp-json\/wp\/v2\/product_tag?post=19002"}],"curies":[{"name":"wp","href":"https:\/\/api.w.org\/{rel}","templated":true}]}}