{"id":18987,"date":"2022-04-06T05:07:20","date_gmt":"2022-04-06T04:07:20","guid":{"rendered":"https:\/\/beta.alternativa3.com\/producto\/azucar-de-cana-panela-bio-ecuador\/"},"modified":"2026-05-10T17:42:49","modified_gmt":"2026-05-10T15:42:49","slug":"organic-panela-cane-sugar-5kg-ecuador","status":"publish","type":"product","link":"https:\/\/alternativa3.com\/en\/azucar-de-cana-panela-bio-5kg-ecuador\/","title":{"rendered":"Cane sugar Panela Bio Ecuador"},"content":{"rendered":"<p>Panela is the juice extracted from sugar cane, crystallised only by evaporation. This sugar does not undergo any refining process, nor any other type of chemical procedure. Direct from the producer to your table.<br \/>\n- With a slight honey flavour<br \/>\n- Ideal for sportsmen and women, children and adolescents<br \/>\n- Low glycaemic index, helps to keep blood sugar levels from skyrocketing<\/p>","protected":false},"excerpt":{"rendered":"<p>The characteristics of Ecuador's climate and soil give this sugar its characteristic mild flavour with a slight hint of honey.<\/p>","protected":false},"featured_media":750,"template":"","meta":{"inline_featured_image":false},"product_brand":[],"product_cat":[81,50],"product_tag":[],"class_list":{"0":"post-18987","1":"product","2":"type-product","3":"status-publish","4":"has-post-thumbnail","6":"product_cat-azucar","7":"product_cat-azucares","9":"first","10":"instock","11":"taxable","12":"shipping-taxable","13":"purchasable","14":"product-type-variable","15":"has-default-attributes","16":"rtwpvg-product"},"acf":[],"yoast_head":"<!-- This site is optimized with the Yoast SEO plugin v27.5 - https:\/\/yoast.com\/product\/yoast-seo-wordpress\/ -->\n<title>Az\u00facar de ca\u00f1a Panela Bio Ecuador - AlterNativa3<\/title>\n<meta name=\"description\" content=\"Az\u00facar panela: se obtiene del jugo de ca\u00f1a de az\u00facar, cristalizado por evaporaci\u00f3n natural, sin refinado ni procesos qu\u00edmicos. Del productor a tu mesa.\" \/>\n<meta name=\"robots\" content=\"index, follow, max-snippet:-1, max-image-preview:large, max-video-preview:-1\" \/>\n<link rel=\"canonical\" href=\"https:\/\/alternativa3.com\/en\/organic-panela-cane-sugar-5kg-ecuador\/\" \/>\n<meta property=\"og:locale\" content=\"en_GB\" \/>\n<meta property=\"og:type\" content=\"article\" \/>\n<meta property=\"og:title\" content=\"Az\u00facar de ca\u00f1a Panela Bio Ecuador - AlterNativa3\" \/>\n<meta property=\"og:description\" content=\"Az\u00facar panela: se obtiene del jugo de ca\u00f1a de az\u00facar, cristalizado por evaporaci\u00f3n natural, sin refinado ni procesos qu\u00edmicos. Del productor a tu mesa.\" \/>\n<meta property=\"og:url\" content=\"https:\/\/alternativa3.com\/en\/organic-panela-cane-sugar-5kg-ecuador\/\" \/>\n<meta property=\"og:site_name\" content=\"AlterNativa3\" \/>\n<meta property=\"article:publisher\" content=\"https:\/\/www.facebook.com\/alternativa3Scoop\" \/>\n<meta property=\"article:modified_time\" content=\"2026-05-10T15:42:49+00:00\" \/>\n<meta property=\"og:image\" content=\"https:\/\/alternativa3.com\/wp-content\/uploads\/023302.jpg\" \/>\n\t<meta property=\"og:image:width\" content=\"1401\" \/>\n\t<meta property=\"og:image:height\" content=\"1401\" \/>\n\t<meta property=\"og:image:type\" content=\"image\/jpeg\" \/>\n<meta name=\"twitter:card\" content=\"summary_large_image\" \/>\n<meta name=\"twitter:label1\" content=\"Estimated reading time\" \/>\n\t<meta name=\"twitter:data1\" content=\"1 minute\" \/>\n<script type=\"application\/ld+json\" class=\"yoast-schema-graph\">{\"@context\":\"https:\\\/\\\/schema.org\",\"@graph\":[{\"@type\":\"WebPage\",\"@id\":\"https:\\\/\\\/alternativa3.com\\\/azucar-de-cana-panela-bio-5kg-ecuador\\\/\",\"url\":\"https:\\\/\\\/alternativa3.com\\\/azucar-de-cana-panela-bio-5kg-ecuador\\\/\",\"name\":\"Az\u00facar de ca\u00f1a Panela Bio Ecuador - AlterNativa3\",\"isPartOf\":{\"@id\":\"https:\\\/\\\/alternativa3.com\\\/#website\"},\"primaryImageOfPage\":{\"@id\":\"https:\\\/\\\/alternativa3.com\\\/azucar-de-cana-panela-bio-5kg-ecuador\\\/#primaryimage\"},\"image\":{\"@id\":\"https:\\\/\\\/alternativa3.com\\\/azucar-de-cana-panela-bio-5kg-ecuador\\\/#primaryimage\"},\"thumbnailUrl\":\"https:\\\/\\\/alternativa3.com\\\/wp-content\\\/uploads\\\/023302.jpg\",\"datePublished\":\"2022-04-06T04:07:20+00:00\",\"dateModified\":\"2026-05-10T15:42:49+00:00\",\"description\":\"Az\u00facar panela: se obtiene del jugo de ca\u00f1a de az\u00facar, cristalizado por evaporaci\u00f3n natural, sin refinado ni procesos qu\u00edmicos. Del productor a tu mesa.\",\"breadcrumb\":{\"@id\":\"https:\\\/\\\/alternativa3.com\\\/azucar-de-cana-panela-bio-5kg-ecuador\\\/#breadcrumb\"},\"inLanguage\":\"en-GB\",\"potentialAction\":[{\"@type\":\"ReadAction\",\"target\":[\"https:\\\/\\\/alternativa3.com\\\/azucar-de-cana-panela-bio-5kg-ecuador\\\/\"]}]},{\"@type\":\"ImageObject\",\"inLanguage\":\"en-GB\",\"@id\":\"https:\\\/\\\/alternativa3.com\\\/azucar-de-cana-panela-bio-5kg-ecuador\\\/#primaryimage\",\"url\":\"https:\\\/\\\/alternativa3.com\\\/wp-content\\\/uploads\\\/023302.jpg\",\"contentUrl\":\"https:\\\/\\\/alternativa3.com\\\/wp-content\\\/uploads\\\/023302.jpg\",\"width\":1401,\"height\":1401},{\"@type\":\"BreadcrumbList\",\"@id\":\"https:\\\/\\\/alternativa3.com\\\/azucar-de-cana-panela-bio-5kg-ecuador\\\/#breadcrumb\",\"itemListElement\":[{\"@type\":\"ListItem\",\"position\":1,\"name\":\"Portada\",\"item\":\"https:\\\/\\\/alternativa3.com\\\/\"},{\"@type\":\"ListItem\",\"position\":2,\"name\":\"Tienda\",\"item\":\"https:\\\/\\\/alternativa3.com\\\/tienda\\\/\"},{\"@type\":\"ListItem\",\"position\":3,\"name\":\"Az\u00facar de ca\u00f1a Panela Bio Ecuador\"}]},{\"@type\":\"WebSite\",\"@id\":\"https:\\\/\\\/alternativa3.com\\\/#website\",\"url\":\"https:\\\/\\\/alternativa3.com\\\/\",\"name\":\"AlterNativa3\",\"description\":\"Productos ecol\u00f3gicos de comercio justo\",\"publisher\":{\"@id\":\"https:\\\/\\\/alternativa3.com\\\/#organization\"},\"alternateName\":\"A3\",\"potentialAction\":[{\"@type\":\"SearchAction\",\"target\":{\"@type\":\"EntryPoint\",\"urlTemplate\":\"https:\\\/\\\/alternativa3.com\\\/?s={search_term_string}\"},\"query-input\":{\"@type\":\"PropertyValueSpecification\",\"valueRequired\":true,\"valueName\":\"search_term_string\"}}],\"inLanguage\":\"en-GB\"},{\"@type\":\"Organization\",\"@id\":\"https:\\\/\\\/alternativa3.com\\\/#organization\",\"name\":\"ALTERNATIVA3\",\"alternateName\":\"A3\",\"url\":\"https:\\\/\\\/alternativa3.com\\\/\",\"logo\":{\"@type\":\"ImageObject\",\"inLanguage\":\"en-GB\",\"@id\":\"https:\\\/\\\/alternativa3.com\\\/#\\\/schema\\\/logo\\\/image\\\/\",\"url\":\"https:\\\/\\\/alternativa3.com\\\/wp-content\\\/uploads\\\/logo-alternativa3.svg\",\"contentUrl\":\"https:\\\/\\\/alternativa3.com\\\/wp-content\\\/uploads\\\/logo-alternativa3.svg\",\"width\":73,\"height\":50,\"caption\":\"ALTERNATIVA3\"},\"image\":{\"@id\":\"https:\\\/\\\/alternativa3.com\\\/#\\\/schema\\\/logo\\\/image\\\/\"},\"sameAs\":[\"https:\\\/\\\/www.facebook.com\\\/alternativa3Scoop\",\"https:\\\/\\\/www.instagram.com\\\/alternativa3scoop\\\/\",\"https:\\\/\\\/www.youtube.com\\\/@Alternativa3\",\"https:\\\/\\\/es.linkedin.com\\\/company\\\/alternativa3\"]}]}<\/script>\n<!-- \/ Yoast SEO plugin. -->","yoast_head_json":{"title":"Cane sugar Panela Bio Ecuador - AlterNativa3","description":"Panela sugar: obtained from sugar cane juice, crystallised by natural evaporation, without refining or chemical processes. From the producer to your table.","robots":{"index":"index","follow":"follow","max-snippet":"max-snippet:-1","max-image-preview":"max-image-preview:large","max-video-preview":"max-video-preview:-1"},"canonical":"https:\/\/alternativa3.com\/en\/organic-panela-cane-sugar-5kg-ecuador\/","og_locale":"en_GB","og_type":"article","og_title":"Az\u00facar de ca\u00f1a Panela Bio Ecuador - AlterNativa3","og_description":"Az\u00facar panela: se obtiene del jugo de ca\u00f1a de az\u00facar, cristalizado por evaporaci\u00f3n natural, sin refinado ni procesos qu\u00edmicos. Del productor a tu mesa.","og_url":"https:\/\/alternativa3.com\/en\/organic-panela-cane-sugar-5kg-ecuador\/","og_site_name":"AlterNativa3","article_publisher":"https:\/\/www.facebook.com\/alternativa3Scoop","article_modified_time":"2026-05-10T15:42:49+00:00","og_image":[{"width":1401,"height":1401,"url":"https:\/\/alternativa3.com\/wp-content\/uploads\/023302.jpg","type":"image\/jpeg"}],"twitter_card":"summary_large_image","twitter_misc":{"Estimated reading time":"1 minute"},"schema":{"@context":"https:\/\/schema.org","@graph":[{"@type":"WebPage","@id":"https:\/\/alternativa3.com\/azucar-de-cana-panela-bio-5kg-ecuador\/","url":"https:\/\/alternativa3.com\/azucar-de-cana-panela-bio-5kg-ecuador\/","name":"Cane sugar Panela Bio Ecuador - AlterNativa3","isPartOf":{"@id":"https:\/\/alternativa3.com\/#website"},"primaryImageOfPage":{"@id":"https:\/\/alternativa3.com\/azucar-de-cana-panela-bio-5kg-ecuador\/#primaryimage"},"image":{"@id":"https:\/\/alternativa3.com\/azucar-de-cana-panela-bio-5kg-ecuador\/#primaryimage"},"thumbnailUrl":"https:\/\/alternativa3.com\/wp-content\/uploads\/023302.jpg","datePublished":"2022-04-06T04:07:20+00:00","dateModified":"2026-05-10T15:42:49+00:00","description":"Panela sugar: obtained from sugar cane juice, crystallised by natural evaporation, without refining or chemical processes. From the producer to your table.","breadcrumb":{"@id":"https:\/\/alternativa3.com\/azucar-de-cana-panela-bio-5kg-ecuador\/#breadcrumb"},"inLanguage":"en-GB","potentialAction":[{"@type":"ReadAction","target":["https:\/\/alternativa3.com\/azucar-de-cana-panela-bio-5kg-ecuador\/"]}]},{"@type":"ImageObject","inLanguage":"en-GB","@id":"https:\/\/alternativa3.com\/azucar-de-cana-panela-bio-5kg-ecuador\/#primaryimage","url":"https:\/\/alternativa3.com\/wp-content\/uploads\/023302.jpg","contentUrl":"https:\/\/alternativa3.com\/wp-content\/uploads\/023302.jpg","width":1401,"height":1401},{"@type":"BreadcrumbList","@id":"https:\/\/alternativa3.com\/azucar-de-cana-panela-bio-5kg-ecuador\/#breadcrumb","itemListElement":[{"@type":"ListItem","position":1,"name":"Portada","item":"https:\/\/alternativa3.com\/"},{"@type":"ListItem","position":2,"name":"Tienda","item":"https:\/\/alternativa3.com\/tienda\/"},{"@type":"ListItem","position":3,"name":"Az\u00facar de ca\u00f1a Panela Bio Ecuador"}]},{"@type":"WebSite","@id":"https:\/\/alternativa3.com\/#website","url":"https:\/\/alternativa3.com\/","name":"AlterNative3","description":"Fair trade organic products","publisher":{"@id":"https:\/\/alternativa3.com\/#organization"},"alternateName":"A3","potentialAction":[{"@type":"SearchAction","target":{"@type":"EntryPoint","urlTemplate":"https:\/\/alternativa3.com\/?s={search_term_string}"},"query-input":{"@type":"PropertyValueSpecification","valueRequired":true,"valueName":"search_term_string"}}],"inLanguage":"en-GB"},{"@type":"Organization","@id":"https:\/\/alternativa3.com\/#organization","name":"ALTERNATIVE3","alternateName":"A3","url":"https:\/\/alternativa3.com\/","logo":{"@type":"ImageObject","inLanguage":"en-GB","@id":"https:\/\/alternativa3.com\/#\/schema\/logo\/image\/","url":"https:\/\/alternativa3.com\/wp-content\/uploads\/logo-alternativa3.svg","contentUrl":"https:\/\/alternativa3.com\/wp-content\/uploads\/logo-alternativa3.svg","width":73,"height":50,"caption":"ALTERNATIVA3"},"image":{"@id":"https:\/\/alternativa3.com\/#\/schema\/logo\/image\/"},"sameAs":["https:\/\/www.facebook.com\/alternativa3Scoop","https:\/\/www.instagram.com\/alternativa3scoop\/","https:\/\/www.youtube.com\/@Alternativa3","https:\/\/es.linkedin.com\/company\/alternativa3"]}]}},"_links":{"self":[{"href":"https:\/\/alternativa3.com\/en\/wp-json\/wp\/v2\/product\/18987","targetHints":{"allow":["GET"]}}],"collection":[{"href":"https:\/\/alternativa3.com\/en\/wp-json\/wp\/v2\/product"}],"about":[{"href":"https:\/\/alternativa3.com\/en\/wp-json\/wp\/v2\/types\/product"}],"wp:featuredmedia":[{"embeddable":true,"href":"https:\/\/alternativa3.com\/en\/wp-json\/wp\/v2\/media\/750"}],"wp:attachment":[{"href":"https:\/\/alternativa3.com\/en\/wp-json\/wp\/v2\/media?parent=18987"}],"wp:term":[{"taxonomy":"product_brand","embeddable":true,"href":"https:\/\/alternativa3.com\/en\/wp-json\/wp\/v2\/product_brand?post=18987"},{"taxonomy":"product_cat","embeddable":true,"href":"https:\/\/alternativa3.com\/en\/wp-json\/wp\/v2\/product_cat?post=18987"},{"taxonomy":"product_tag","embeddable":true,"href":"https:\/\/alternativa3.com\/en\/wp-json\/wp\/v2\/product_tag?post=18987"}],"curies":[{"name":"wp","href":"https:\/\/api.w.org\/{rel}","templated":true}]}}