{"id":18977,"date":"2022-04-06T05:07:12","date_gmt":"2022-04-06T04:07:12","guid":{"rendered":"https:\/\/beta.alternativa3.com\/producto\/cafe-descafeinado-liofilizado-bio-ft\/"},"modified":"2026-05-06T09:42:36","modified_gmt":"2026-05-06T07:42:36","slug":"organic-freeze-dried-decaffeinated-coffee-ft-25-pcs-2g","status":"publish","type":"product","link":"https:\/\/alternativa3.com\/en\/cafe-descafeinado-liofilizado-bio-ft-25uds-2g\/","title":{"rendered":"Freeze-dried decaffeinated coffee in sachets BIO-FT"},"content":{"rendered":"","protected":false},"excerpt":{"rendered":"<p>Discover our freeze-dried decaffeinated coffee in sachets. A premium coffee experience, without the caffeine. Enjoy a smooth, aromatic and perfectly balanced taste in a matter of seconds. Ideal for those who want to savour an excellent coffee at any time of the day without the effects of caffeine.<\/p>","protected":false},"featured_media":19578,"template":"","meta":{"inline_featured_image":false},"product_brand":[],"product_cat":[75],"product_tag":[],"class_list":{"0":"post-18977","1":"product","2":"type-product","3":"status-publish","4":"has-post-thumbnail","6":"product_cat-cafe-soluble-liofilizado","8":"first","9":"instock","10":"taxable","11":"shipping-taxable","12":"purchasable","13":"product-type-variable","14":"rtwpvg-product"},"acf":[],"yoast_head":"<!-- This site is optimized with the Yoast SEO plugin v27.5 - https:\/\/yoast.com\/product\/yoast-seo-wordpress\/ -->\n<title>Caf\u00e9 descafeinado liofilizado en sobres. R\u00e1pido y delicioso<\/title>\n<meta name=\"description\" content=\"Descubre nuestro caf\u00e9 descafeinado liofilizado en sobres 100% ecol\u00f3gico. Pr\u00e1ctico, saludable y con un sabor suave y natural. \u00a1Tu caf\u00e9 de comercio justo en segundos!\" \/>\n<meta name=\"robots\" content=\"index, follow, max-snippet:-1, max-image-preview:large, max-video-preview:-1\" \/>\n<link rel=\"canonical\" href=\"https:\/\/alternativa3.com\/en\/organic-freeze-dried-decaffeinated-coffee-ft-25-pcs-2g\/\" \/>\n<meta property=\"og:locale\" content=\"en_GB\" \/>\n<meta property=\"og:type\" content=\"article\" \/>\n<meta property=\"og:title\" content=\"Caf\u00e9 descafeinado liofilizado en sobres. R\u00e1pido y delicioso\" \/>\n<meta property=\"og:description\" content=\"Descubre nuestro caf\u00e9 descafeinado liofilizado en sobres 100% ecol\u00f3gico. Pr\u00e1ctico, saludable y con un sabor suave y natural. \u00a1Tu caf\u00e9 de comercio justo en segundos!\" \/>\n<meta property=\"og:url\" content=\"https:\/\/alternativa3.com\/en\/organic-freeze-dried-decaffeinated-coffee-ft-25-pcs-2g\/\" \/>\n<meta property=\"og:site_name\" content=\"AlterNativa3\" \/>\n<meta property=\"article:publisher\" content=\"https:\/\/www.facebook.com\/alternativa3Scoop\" \/>\n<meta property=\"article:modified_time\" content=\"2026-05-06T07:42:36+00:00\" \/>\n<meta property=\"og:image\" content=\"https:\/\/alternativa3.com\/wp-content\/uploads\/008006_cafe_descafeinado_liofilizado_sobres_bio_fairtrade_2.jpg\" \/>\n\t<meta property=\"og:image:width\" content=\"1400\" \/>\n\t<meta property=\"og:image:height\" content=\"1400\" \/>\n\t<meta property=\"og:image:type\" content=\"image\/jpeg\" \/>\n<meta name=\"twitter:card\" content=\"summary_large_image\" \/>\n<meta name=\"twitter:label1\" content=\"Estimated reading time\" \/>\n\t<meta name=\"twitter:data1\" content=\"3 minutes\" \/>\n<script type=\"application\/ld+json\" class=\"yoast-schema-graph\">{\"@context\":\"https:\\\/\\\/schema.org\",\"@graph\":[{\"@type\":\"WebPage\",\"@id\":\"https:\\\/\\\/alternativa3.com\\\/cafe-descafeinado-liofilizado-bio-ft-25uds-2g\\\/\",\"url\":\"https:\\\/\\\/alternativa3.com\\\/cafe-descafeinado-liofilizado-bio-ft-25uds-2g\\\/\",\"name\":\"Caf\u00e9 descafeinado liofilizado en sobres. R\u00e1pido y delicioso\",\"isPartOf\":{\"@id\":\"https:\\\/\\\/alternativa3.com\\\/#website\"},\"primaryImageOfPage\":{\"@id\":\"https:\\\/\\\/alternativa3.com\\\/cafe-descafeinado-liofilizado-bio-ft-25uds-2g\\\/#primaryimage\"},\"image\":{\"@id\":\"https:\\\/\\\/alternativa3.com\\\/cafe-descafeinado-liofilizado-bio-ft-25uds-2g\\\/#primaryimage\"},\"thumbnailUrl\":\"https:\\\/\\\/alternativa3.com\\\/wp-content\\\/uploads\\\/008006_cafe_descafeinado_liofilizado_sobres_bio_fairtrade_2.jpg\",\"datePublished\":\"2022-04-06T04:07:12+00:00\",\"dateModified\":\"2026-05-06T07:42:36+00:00\",\"description\":\"Descubre nuestro caf\u00e9 descafeinado liofilizado en sobres 100% ecol\u00f3gico. Pr\u00e1ctico, saludable y con un sabor suave y natural. \u00a1Tu caf\u00e9 de comercio justo en segundos!\",\"breadcrumb\":{\"@id\":\"https:\\\/\\\/alternativa3.com\\\/cafe-descafeinado-liofilizado-bio-ft-25uds-2g\\\/#breadcrumb\"},\"inLanguage\":\"en-GB\",\"potentialAction\":[{\"@type\":\"ReadAction\",\"target\":[\"https:\\\/\\\/alternativa3.com\\\/cafe-descafeinado-liofilizado-bio-ft-25uds-2g\\\/\"]}]},{\"@type\":\"ImageObject\",\"inLanguage\":\"en-GB\",\"@id\":\"https:\\\/\\\/alternativa3.com\\\/cafe-descafeinado-liofilizado-bio-ft-25uds-2g\\\/#primaryimage\",\"url\":\"https:\\\/\\\/alternativa3.com\\\/wp-content\\\/uploads\\\/008006_cafe_descafeinado_liofilizado_sobres_bio_fairtrade_2.jpg\",\"contentUrl\":\"https:\\\/\\\/alternativa3.com\\\/wp-content\\\/uploads\\\/008006_cafe_descafeinado_liofilizado_sobres_bio_fairtrade_2.jpg\",\"width\":1400,\"height\":1400,\"caption\":\"caf\u00e9 descafeinado liofilizado en sobres bio\"},{\"@type\":\"BreadcrumbList\",\"@id\":\"https:\\\/\\\/alternativa3.com\\\/cafe-descafeinado-liofilizado-bio-ft-25uds-2g\\\/#breadcrumb\",\"itemListElement\":[{\"@type\":\"ListItem\",\"position\":1,\"name\":\"Portada\",\"item\":\"https:\\\/\\\/alternativa3.com\\\/\"},{\"@type\":\"ListItem\",\"position\":2,\"name\":\"Tienda\",\"item\":\"https:\\\/\\\/alternativa3.com\\\/tienda\\\/\"},{\"@type\":\"ListItem\",\"position\":3,\"name\":\"Caf\u00e9 descafeinado liofilizado en sobres BIO-FT\"}]},{\"@type\":\"WebSite\",\"@id\":\"https:\\\/\\\/alternativa3.com\\\/#website\",\"url\":\"https:\\\/\\\/alternativa3.com\\\/\",\"name\":\"AlterNativa3\",\"description\":\"Productos ecol\u00f3gicos de comercio justo\",\"publisher\":{\"@id\":\"https:\\\/\\\/alternativa3.com\\\/#organization\"},\"alternateName\":\"A3\",\"potentialAction\":[{\"@type\":\"SearchAction\",\"target\":{\"@type\":\"EntryPoint\",\"urlTemplate\":\"https:\\\/\\\/alternativa3.com\\\/?s={search_term_string}\"},\"query-input\":{\"@type\":\"PropertyValueSpecification\",\"valueRequired\":true,\"valueName\":\"search_term_string\"}}],\"inLanguage\":\"en-GB\"},{\"@type\":\"Organization\",\"@id\":\"https:\\\/\\\/alternativa3.com\\\/#organization\",\"name\":\"ALTERNATIVA3\",\"alternateName\":\"A3\",\"url\":\"https:\\\/\\\/alternativa3.com\\\/\",\"logo\":{\"@type\":\"ImageObject\",\"inLanguage\":\"en-GB\",\"@id\":\"https:\\\/\\\/alternativa3.com\\\/#\\\/schema\\\/logo\\\/image\\\/\",\"url\":\"https:\\\/\\\/alternativa3.com\\\/wp-content\\\/uploads\\\/logo-alternativa3.svg\",\"contentUrl\":\"https:\\\/\\\/alternativa3.com\\\/wp-content\\\/uploads\\\/logo-alternativa3.svg\",\"width\":73,\"height\":50,\"caption\":\"ALTERNATIVA3\"},\"image\":{\"@id\":\"https:\\\/\\\/alternativa3.com\\\/#\\\/schema\\\/logo\\\/image\\\/\"},\"sameAs\":[\"https:\\\/\\\/www.facebook.com\\\/alternativa3Scoop\",\"https:\\\/\\\/www.instagram.com\\\/alternativa3scoop\\\/\",\"https:\\\/\\\/www.youtube.com\\\/@Alternativa3\",\"https:\\\/\\\/es.linkedin.com\\\/company\\\/alternativa3\"]}]}<\/script>\n<!-- \/ Yoast SEO plugin. -->","yoast_head_json":{"title":"Freeze-dried decaffeinated coffee in sachets. Quick and delicious","description":"Discover our freeze-dried decaffeinated coffee in sachets 100% organic. Practical, healthy and with a mild and natural taste, your fair trade coffee in seconds!","robots":{"index":"index","follow":"follow","max-snippet":"max-snippet:-1","max-image-preview":"max-image-preview:large","max-video-preview":"max-video-preview:-1"},"canonical":"https:\/\/alternativa3.com\/en\/organic-freeze-dried-decaffeinated-coffee-ft-25-pcs-2g\/","og_locale":"en_GB","og_type":"article","og_title":"Caf\u00e9 descafeinado liofilizado en sobres. R\u00e1pido y delicioso","og_description":"Descubre nuestro caf\u00e9 descafeinado liofilizado en sobres 100% ecol\u00f3gico. Pr\u00e1ctico, saludable y con un sabor suave y natural. \u00a1Tu caf\u00e9 de comercio justo en segundos!","og_url":"https:\/\/alternativa3.com\/en\/organic-freeze-dried-decaffeinated-coffee-ft-25-pcs-2g\/","og_site_name":"AlterNativa3","article_publisher":"https:\/\/www.facebook.com\/alternativa3Scoop","article_modified_time":"2026-05-06T07:42:36+00:00","og_image":[{"width":1400,"height":1400,"url":"https:\/\/alternativa3.com\/wp-content\/uploads\/008006_cafe_descafeinado_liofilizado_sobres_bio_fairtrade_2.jpg","type":"image\/jpeg"}],"twitter_card":"summary_large_image","twitter_misc":{"Estimated reading time":"3 minutes"},"schema":{"@context":"https:\/\/schema.org","@graph":[{"@type":"WebPage","@id":"https:\/\/alternativa3.com\/cafe-descafeinado-liofilizado-bio-ft-25uds-2g\/","url":"https:\/\/alternativa3.com\/cafe-descafeinado-liofilizado-bio-ft-25uds-2g\/","name":"Freeze-dried decaffeinated coffee in sachets. Quick and delicious","isPartOf":{"@id":"https:\/\/alternativa3.com\/#website"},"primaryImageOfPage":{"@id":"https:\/\/alternativa3.com\/cafe-descafeinado-liofilizado-bio-ft-25uds-2g\/#primaryimage"},"image":{"@id":"https:\/\/alternativa3.com\/cafe-descafeinado-liofilizado-bio-ft-25uds-2g\/#primaryimage"},"thumbnailUrl":"https:\/\/alternativa3.com\/wp-content\/uploads\/008006_cafe_descafeinado_liofilizado_sobres_bio_fairtrade_2.jpg","datePublished":"2022-04-06T04:07:12+00:00","dateModified":"2026-05-06T07:42:36+00:00","description":"Discover our freeze-dried decaffeinated coffee in sachets 100% organic. Practical, healthy and with a mild and natural taste, your fair trade coffee in seconds!","breadcrumb":{"@id":"https:\/\/alternativa3.com\/cafe-descafeinado-liofilizado-bio-ft-25uds-2g\/#breadcrumb"},"inLanguage":"en-GB","potentialAction":[{"@type":"ReadAction","target":["https:\/\/alternativa3.com\/cafe-descafeinado-liofilizado-bio-ft-25uds-2g\/"]}]},{"@type":"ImageObject","inLanguage":"en-GB","@id":"https:\/\/alternativa3.com\/cafe-descafeinado-liofilizado-bio-ft-25uds-2g\/#primaryimage","url":"https:\/\/alternativa3.com\/wp-content\/uploads\/008006_cafe_descafeinado_liofilizado_sobres_bio_fairtrade_2.jpg","contentUrl":"https:\/\/alternativa3.com\/wp-content\/uploads\/008006_cafe_descafeinado_liofilizado_sobres_bio_fairtrade_2.jpg","width":1400,"height":1400,"caption":"caf\u00e9 descafeinado liofilizado en sobres bio"},{"@type":"BreadcrumbList","@id":"https:\/\/alternativa3.com\/cafe-descafeinado-liofilizado-bio-ft-25uds-2g\/#breadcrumb","itemListElement":[{"@type":"ListItem","position":1,"name":"Portada","item":"https:\/\/alternativa3.com\/"},{"@type":"ListItem","position":2,"name":"Tienda","item":"https:\/\/alternativa3.com\/tienda\/"},{"@type":"ListItem","position":3,"name":"Caf\u00e9 descafeinado liofilizado en sobres BIO-FT"}]},{"@type":"WebSite","@id":"https:\/\/alternativa3.com\/#website","url":"https:\/\/alternativa3.com\/","name":"AlterNative3","description":"Fair trade organic products","publisher":{"@id":"https:\/\/alternativa3.com\/#organization"},"alternateName":"A3","potentialAction":[{"@type":"SearchAction","target":{"@type":"EntryPoint","urlTemplate":"https:\/\/alternativa3.com\/?s={search_term_string}"},"query-input":{"@type":"PropertyValueSpecification","valueRequired":true,"valueName":"search_term_string"}}],"inLanguage":"en-GB"},{"@type":"Organization","@id":"https:\/\/alternativa3.com\/#organization","name":"ALTERNATIVE3","alternateName":"A3","url":"https:\/\/alternativa3.com\/","logo":{"@type":"ImageObject","inLanguage":"en-GB","@id":"https:\/\/alternativa3.com\/#\/schema\/logo\/image\/","url":"https:\/\/alternativa3.com\/wp-content\/uploads\/logo-alternativa3.svg","contentUrl":"https:\/\/alternativa3.com\/wp-content\/uploads\/logo-alternativa3.svg","width":73,"height":50,"caption":"ALTERNATIVA3"},"image":{"@id":"https:\/\/alternativa3.com\/#\/schema\/logo\/image\/"},"sameAs":["https:\/\/www.facebook.com\/alternativa3Scoop","https:\/\/www.instagram.com\/alternativa3scoop\/","https:\/\/www.youtube.com\/@Alternativa3","https:\/\/es.linkedin.com\/company\/alternativa3"]}]}},"_links":{"self":[{"href":"https:\/\/alternativa3.com\/en\/wp-json\/wp\/v2\/product\/18977","targetHints":{"allow":["GET"]}}],"collection":[{"href":"https:\/\/alternativa3.com\/en\/wp-json\/wp\/v2\/product"}],"about":[{"href":"https:\/\/alternativa3.com\/en\/wp-json\/wp\/v2\/types\/product"}],"wp:featuredmedia":[{"embeddable":true,"href":"https:\/\/alternativa3.com\/en\/wp-json\/wp\/v2\/media\/19578"}],"wp:attachment":[{"href":"https:\/\/alternativa3.com\/en\/wp-json\/wp\/v2\/media?parent=18977"}],"wp:term":[{"taxonomy":"product_brand","embeddable":true,"href":"https:\/\/alternativa3.com\/en\/wp-json\/wp\/v2\/product_brand?post=18977"},{"taxonomy":"product_cat","embeddable":true,"href":"https:\/\/alternativa3.com\/en\/wp-json\/wp\/v2\/product_cat?post=18977"},{"taxonomy":"product_tag","embeddable":true,"href":"https:\/\/alternativa3.com\/en\/wp-json\/wp\/v2\/product_tag?post=18977"}],"curies":[{"name":"wp","href":"https:\/\/api.w.org\/{rel}","templated":true}]}}