{"id":18974,"date":"2022-04-06T05:07:09","date_gmt":"2022-04-06T04:07:09","guid":{"rendered":"https:\/\/beta.alternativa3.com\/producto\/cafe-essenziale-grano-bio-ft\/"},"modified":"2026-05-07T09:42:30","modified_gmt":"2026-05-07T07:42:30","slug":"cafe-essenziale-organic-coffee-beans-ft-4kg__trashed","status":"publish","type":"product","link":"https:\/\/alternativa3.com\/en\/cafe-essenziale-grano-bio-ft-4kg__trashed\/","title":{"rendered":"Essenziale Bio Fairtrade Arabica and Robusta Coffee Beans"},"content":{"rendered":"","protected":false},"excerpt":{"rendered":"<p>Enjoy Caf\u00e9 Essenziale Organic Fairtrade coffee beans, an exceptional blend of beans that stands out for its potency and richness thanks to its natural roast. This organic arabica and robusta bean coffee is perfect for those who are looking for a full-bodied drink with a lot of character.<\/p>","protected":false},"featured_media":31132,"template":"","meta":{"inline_featured_image":false},"product_brand":[],"product_cat":[36,65],"product_tag":[],"class_list":{"0":"post-18974","1":"product","2":"type-product","3":"status-publish","4":"has-post-thumbnail","6":"product_cat-cafe","7":"product_cat-cafe-en-grano","9":"first","10":"instock","11":"taxable","12":"shipping-taxable","13":"purchasable","14":"product-type-variable","15":"rtwpvg-product"},"acf":[],"yoast_head":"<!-- This site is optimized with the Yoast SEO plugin v27.5 - https:\/\/yoast.com\/product\/yoast-seo-wordpress\/ -->\n<title>Blend Caf\u00e9 en grano ar\u00e1bica y robusta Essenziale Bio FT - AlterNativa3<\/title>\n<meta name=\"description\" content=\"Descubre nuestro Caf\u00e9 en grano ar\u00e1bica y robusta Essenziale Bio Fairtrade. Un blend de sabor intenso con prop\u00f3sito.\" \/>\n<meta name=\"robots\" content=\"index, follow, max-snippet:-1, max-image-preview:large, max-video-preview:-1\" \/>\n<link rel=\"canonical\" href=\"https:\/\/alternativa3.com\/en\/cafe-essenziale-organic-coffee-beans-ft-4kg__trashed\/\" \/>\n<meta property=\"og:locale\" content=\"en_GB\" \/>\n<meta property=\"og:type\" content=\"article\" \/>\n<meta property=\"og:title\" content=\"Blend Caf\u00e9 en grano ar\u00e1bica y robusta Essenziale Bio FT - AlterNativa3\" \/>\n<meta property=\"og:description\" content=\"Descubre nuestro Caf\u00e9 en grano ar\u00e1bica y robusta Essenziale Bio Fairtrade. Un blend de sabor intenso con prop\u00f3sito.\" \/>\n<meta property=\"og:url\" content=\"https:\/\/alternativa3.com\/en\/cafe-essenziale-organic-coffee-beans-ft-4kg__trashed\/\" \/>\n<meta property=\"og:site_name\" content=\"AlterNativa3\" \/>\n<meta property=\"article:publisher\" content=\"https:\/\/www.facebook.com\/alternativa3Scoop\" \/>\n<meta property=\"article:modified_time\" content=\"2026-05-07T07:42:30+00:00\" \/>\n<meta property=\"og:image\" content=\"https:\/\/alternativa3.com\/wp-content\/uploads\/001031_Essenziale.jpg\" \/>\n\t<meta property=\"og:image:width\" content=\"2362\" \/>\n\t<meta property=\"og:image:height\" content=\"2362\" \/>\n\t<meta property=\"og:image:type\" content=\"image\/jpeg\" \/>\n<meta name=\"twitter:card\" content=\"summary_large_image\" \/>\n<meta name=\"twitter:label1\" content=\"Estimated reading time\" \/>\n\t<meta name=\"twitter:data1\" content=\"3 minutes\" \/>\n<script type=\"application\/ld+json\" class=\"yoast-schema-graph\">{\"@context\":\"https:\\\/\\\/schema.org\",\"@graph\":[{\"@type\":\"WebPage\",\"@id\":\"https:\\\/\\\/alternativa3.com\\\/cafe-essenziale-grano-bio-ft-4kg__trashed\\\/\",\"url\":\"https:\\\/\\\/alternativa3.com\\\/cafe-essenziale-grano-bio-ft-4kg__trashed\\\/\",\"name\":\"Blend Caf\u00e9 en grano ar\u00e1bica y robusta Essenziale Bio FT - AlterNativa3\",\"isPartOf\":{\"@id\":\"https:\\\/\\\/alternativa3.com\\\/#website\"},\"primaryImageOfPage\":{\"@id\":\"https:\\\/\\\/alternativa3.com\\\/cafe-essenziale-grano-bio-ft-4kg__trashed\\\/#primaryimage\"},\"image\":{\"@id\":\"https:\\\/\\\/alternativa3.com\\\/cafe-essenziale-grano-bio-ft-4kg__trashed\\\/#primaryimage\"},\"thumbnailUrl\":\"https:\\\/\\\/alternativa3.com\\\/wp-content\\\/uploads\\\/001031_Essenziale.jpg\",\"datePublished\":\"2022-04-06T04:07:09+00:00\",\"dateModified\":\"2026-05-07T07:42:30+00:00\",\"description\":\"Descubre nuestro Caf\u00e9 en grano ar\u00e1bica y robusta Essenziale Bio Fairtrade. Un blend de sabor intenso con prop\u00f3sito.\",\"breadcrumb\":{\"@id\":\"https:\\\/\\\/alternativa3.com\\\/cafe-essenziale-grano-bio-ft-4kg__trashed\\\/#breadcrumb\"},\"inLanguage\":\"en-GB\",\"potentialAction\":[{\"@type\":\"ReadAction\",\"target\":[\"https:\\\/\\\/alternativa3.com\\\/cafe-essenziale-grano-bio-ft-4kg__trashed\\\/\"]}]},{\"@type\":\"ImageObject\",\"inLanguage\":\"en-GB\",\"@id\":\"https:\\\/\\\/alternativa3.com\\\/cafe-essenziale-grano-bio-ft-4kg__trashed\\\/#primaryimage\",\"url\":\"https:\\\/\\\/alternativa3.com\\\/wp-content\\\/uploads\\\/001031_Essenziale.jpg\",\"contentUrl\":\"https:\\\/\\\/alternativa3.com\\\/wp-content\\\/uploads\\\/001031_Essenziale.jpg\",\"width\":2362,\"height\":2362},{\"@type\":\"BreadcrumbList\",\"@id\":\"https:\\\/\\\/alternativa3.com\\\/cafe-essenziale-grano-bio-ft-4kg__trashed\\\/#breadcrumb\",\"itemListElement\":[{\"@type\":\"ListItem\",\"position\":1,\"name\":\"Portada\",\"item\":\"https:\\\/\\\/alternativa3.com\\\/\"},{\"@type\":\"ListItem\",\"position\":2,\"name\":\"Tienda\",\"item\":\"https:\\\/\\\/alternativa3.com\\\/tienda\\\/\"},{\"@type\":\"ListItem\",\"position\":3,\"name\":\"Caf\u00e9 en grano ar\u00e1bica y robusta Essenziale Bio Fairtrade\"}]},{\"@type\":\"WebSite\",\"@id\":\"https:\\\/\\\/alternativa3.com\\\/#website\",\"url\":\"https:\\\/\\\/alternativa3.com\\\/\",\"name\":\"AlterNativa3\",\"description\":\"Productos ecol\u00f3gicos de comercio justo\",\"publisher\":{\"@id\":\"https:\\\/\\\/alternativa3.com\\\/#organization\"},\"alternateName\":\"A3\",\"potentialAction\":[{\"@type\":\"SearchAction\",\"target\":{\"@type\":\"EntryPoint\",\"urlTemplate\":\"https:\\\/\\\/alternativa3.com\\\/?s={search_term_string}\"},\"query-input\":{\"@type\":\"PropertyValueSpecification\",\"valueRequired\":true,\"valueName\":\"search_term_string\"}}],\"inLanguage\":\"en-GB\"},{\"@type\":\"Organization\",\"@id\":\"https:\\\/\\\/alternativa3.com\\\/#organization\",\"name\":\"ALTERNATIVA3\",\"alternateName\":\"A3\",\"url\":\"https:\\\/\\\/alternativa3.com\\\/\",\"logo\":{\"@type\":\"ImageObject\",\"inLanguage\":\"en-GB\",\"@id\":\"https:\\\/\\\/alternativa3.com\\\/#\\\/schema\\\/logo\\\/image\\\/\",\"url\":\"https:\\\/\\\/alternativa3.com\\\/wp-content\\\/uploads\\\/logo-alternativa3.svg\",\"contentUrl\":\"https:\\\/\\\/alternativa3.com\\\/wp-content\\\/uploads\\\/logo-alternativa3.svg\",\"width\":73,\"height\":50,\"caption\":\"ALTERNATIVA3\"},\"image\":{\"@id\":\"https:\\\/\\\/alternativa3.com\\\/#\\\/schema\\\/logo\\\/image\\\/\"},\"sameAs\":[\"https:\\\/\\\/www.facebook.com\\\/alternativa3Scoop\",\"https:\\\/\\\/www.instagram.com\\\/alternativa3scoop\\\/\",\"https:\\\/\\\/www.youtube.com\\\/@Alternativa3\",\"https:\\\/\\\/es.linkedin.com\\\/company\\\/alternativa3\"]}]}<\/script>\n<!-- \/ Yoast SEO plugin. -->","yoast_head_json":{"title":"Blend Coffee beans arabica and robusta Essenziale Bio FT - AlterNativa3","description":"Discover our Essenziale Bio Fairtrade Arabica and Robusta coffee beans. A blend of intense flavour with purpose.","robots":{"index":"index","follow":"follow","max-snippet":"max-snippet:-1","max-image-preview":"max-image-preview:large","max-video-preview":"max-video-preview:-1"},"canonical":"https:\/\/alternativa3.com\/en\/cafe-essenziale-organic-coffee-beans-ft-4kg__trashed\/","og_locale":"en_GB","og_type":"article","og_title":"Blend Caf\u00e9 en grano ar\u00e1bica y robusta Essenziale Bio FT - AlterNativa3","og_description":"Descubre nuestro Caf\u00e9 en grano ar\u00e1bica y robusta Essenziale Bio Fairtrade. Un blend de sabor intenso con prop\u00f3sito.","og_url":"https:\/\/alternativa3.com\/en\/cafe-essenziale-organic-coffee-beans-ft-4kg__trashed\/","og_site_name":"AlterNativa3","article_publisher":"https:\/\/www.facebook.com\/alternativa3Scoop","article_modified_time":"2026-05-07T07:42:30+00:00","og_image":[{"width":2362,"height":2362,"url":"https:\/\/alternativa3.com\/wp-content\/uploads\/001031_Essenziale.jpg","type":"image\/jpeg"}],"twitter_card":"summary_large_image","twitter_misc":{"Estimated reading time":"3 minutes"},"schema":{"@context":"https:\/\/schema.org","@graph":[{"@type":"WebPage","@id":"https:\/\/alternativa3.com\/cafe-essenziale-grano-bio-ft-4kg__trashed\/","url":"https:\/\/alternativa3.com\/cafe-essenziale-grano-bio-ft-4kg__trashed\/","name":"Blend Coffee beans arabica and robusta Essenziale Bio FT - AlterNativa3","isPartOf":{"@id":"https:\/\/alternativa3.com\/#website"},"primaryImageOfPage":{"@id":"https:\/\/alternativa3.com\/cafe-essenziale-grano-bio-ft-4kg__trashed\/#primaryimage"},"image":{"@id":"https:\/\/alternativa3.com\/cafe-essenziale-grano-bio-ft-4kg__trashed\/#primaryimage"},"thumbnailUrl":"https:\/\/alternativa3.com\/wp-content\/uploads\/001031_Essenziale.jpg","datePublished":"2022-04-06T04:07:09+00:00","dateModified":"2026-05-07T07:42:30+00:00","description":"Discover our Essenziale Bio Fairtrade Arabica and Robusta coffee beans. A blend of intense flavour with purpose.","breadcrumb":{"@id":"https:\/\/alternativa3.com\/cafe-essenziale-grano-bio-ft-4kg__trashed\/#breadcrumb"},"inLanguage":"en-GB","potentialAction":[{"@type":"ReadAction","target":["https:\/\/alternativa3.com\/cafe-essenziale-grano-bio-ft-4kg__trashed\/"]}]},{"@type":"ImageObject","inLanguage":"en-GB","@id":"https:\/\/alternativa3.com\/cafe-essenziale-grano-bio-ft-4kg__trashed\/#primaryimage","url":"https:\/\/alternativa3.com\/wp-content\/uploads\/001031_Essenziale.jpg","contentUrl":"https:\/\/alternativa3.com\/wp-content\/uploads\/001031_Essenziale.jpg","width":2362,"height":2362},{"@type":"BreadcrumbList","@id":"https:\/\/alternativa3.com\/cafe-essenziale-grano-bio-ft-4kg__trashed\/#breadcrumb","itemListElement":[{"@type":"ListItem","position":1,"name":"Portada","item":"https:\/\/alternativa3.com\/"},{"@type":"ListItem","position":2,"name":"Tienda","item":"https:\/\/alternativa3.com\/tienda\/"},{"@type":"ListItem","position":3,"name":"Caf\u00e9 en grano ar\u00e1bica y robusta Essenziale Bio Fairtrade"}]},{"@type":"WebSite","@id":"https:\/\/alternativa3.com\/#website","url":"https:\/\/alternativa3.com\/","name":"AlterNative3","description":"Fair trade organic products","publisher":{"@id":"https:\/\/alternativa3.com\/#organization"},"alternateName":"A3","potentialAction":[{"@type":"SearchAction","target":{"@type":"EntryPoint","urlTemplate":"https:\/\/alternativa3.com\/?s={search_term_string}"},"query-input":{"@type":"PropertyValueSpecification","valueRequired":true,"valueName":"search_term_string"}}],"inLanguage":"en-GB"},{"@type":"Organization","@id":"https:\/\/alternativa3.com\/#organization","name":"ALTERNATIVE3","alternateName":"A3","url":"https:\/\/alternativa3.com\/","logo":{"@type":"ImageObject","inLanguage":"en-GB","@id":"https:\/\/alternativa3.com\/#\/schema\/logo\/image\/","url":"https:\/\/alternativa3.com\/wp-content\/uploads\/logo-alternativa3.svg","contentUrl":"https:\/\/alternativa3.com\/wp-content\/uploads\/logo-alternativa3.svg","width":73,"height":50,"caption":"ALTERNATIVA3"},"image":{"@id":"https:\/\/alternativa3.com\/#\/schema\/logo\/image\/"},"sameAs":["https:\/\/www.facebook.com\/alternativa3Scoop","https:\/\/www.instagram.com\/alternativa3scoop\/","https:\/\/www.youtube.com\/@Alternativa3","https:\/\/es.linkedin.com\/company\/alternativa3"]}]}},"_links":{"self":[{"href":"https:\/\/alternativa3.com\/en\/wp-json\/wp\/v2\/product\/18974","targetHints":{"allow":["GET"]}}],"collection":[{"href":"https:\/\/alternativa3.com\/en\/wp-json\/wp\/v2\/product"}],"about":[{"href":"https:\/\/alternativa3.com\/en\/wp-json\/wp\/v2\/types\/product"}],"wp:featuredmedia":[{"embeddable":true,"href":"https:\/\/alternativa3.com\/en\/wp-json\/wp\/v2\/media\/31132"}],"wp:attachment":[{"href":"https:\/\/alternativa3.com\/en\/wp-json\/wp\/v2\/media?parent=18974"}],"wp:term":[{"taxonomy":"product_brand","embeddable":true,"href":"https:\/\/alternativa3.com\/en\/wp-json\/wp\/v2\/product_brand?post=18974"},{"taxonomy":"product_cat","embeddable":true,"href":"https:\/\/alternativa3.com\/en\/wp-json\/wp\/v2\/product_cat?post=18974"},{"taxonomy":"product_tag","embeddable":true,"href":"https:\/\/alternativa3.com\/en\/wp-json\/wp\/v2\/product_tag?post=18974"}],"curies":[{"name":"wp","href":"https:\/\/api.w.org\/{rel}","templated":true}]}}