{"id":18945,"date":"2021-06-11T15:08:27","date_gmt":"2021-06-11T14:08:27","guid":{"rendered":"https:\/\/beta.alternativa3.com\/producto\/azucar-de-cana-con-canela-bio-ft-frasco-75g\/"},"modified":"2026-05-07T17:41:40","modified_gmt":"2026-05-07T15:41:40","slug":"organic-cinnamon-sugar-ft-jar-60g","status":"publish","type":"product","link":"https:\/\/alternativa3.com\/en\/azucar-con-canela-bio-ft-frasco-60g\/","title":{"rendered":"Organic Fairtrade Cane Sugar with Cinnamon 75g bottle"},"content":{"rendered":"<p>Organic and fair trade cinnamon-flavoured sugar, ideal for adding a naturally distinctive touch easily and immediately to yoghurts, coffees, teas, desserts .... and your recipes.<\/p>\n<p>Sugar from the Manduvir\u00e1 Cooperative which was founded in 1975, and is located in the town of Arroyos y Esteros in southwestern Paraguay.<\/p>\n<p>The aim of the cooperative is to help its members bring their cane sugar and other products to market and to provide services such as credit and savings banks, support programmes, technical support and training for agriculture.<\/p>","protected":false},"excerpt":{"rendered":"<p>Organic and fair trade cinnamon-flavoured sugar.<\/p>","protected":false},"featured_media":18540,"template":"","meta":{"inline_featured_image":false},"product_brand":[],"product_cat":[79],"product_tag":[],"class_list":{"0":"post-18945","1":"product","2":"type-product","3":"status-publish","4":"has-post-thumbnail","6":"product_cat-azucar-gourmet","8":"first","9":"instock","10":"taxable","11":"shipping-taxable","12":"purchasable","13":"product-type-simple"},"acf":[],"yoast_head":"<!-- This site is optimized with the Yoast SEO plugin v27.5 - https:\/\/yoast.com\/product\/yoast-seo-wordpress\/ -->\n<title>Az\u00facar de ca\u00f1a con Canela Bio Fairtrade Frasco 75g - AlterNativa3<\/title>\n<meta name=\"robots\" content=\"index, follow, max-snippet:-1, max-image-preview:large, max-video-preview:-1\" \/>\n<link rel=\"canonical\" href=\"https:\/\/alternativa3.com\/en\/product\/organic-cinnamon-sugar-ft-jar-60g\/\" \/>\n<meta property=\"og:locale\" content=\"en_GB\" \/>\n<meta property=\"og:type\" content=\"article\" \/>\n<meta property=\"og:title\" content=\"Az\u00facar de ca\u00f1a con Canela Bio Fairtrade Frasco 75g - AlterNativa3\" \/>\n<meta property=\"og:description\" content=\"Az\u00facar Ecol\u00f3gico y de comercio justo arom\u00e1tizado a la canela.\" \/>\n<meta property=\"og:url\" content=\"https:\/\/alternativa3.com\/en\/product\/organic-cinnamon-sugar-ft-jar-60g\/\" \/>\n<meta property=\"og:site_name\" content=\"AlterNativa3\" \/>\n<meta property=\"article:publisher\" content=\"https:\/\/www.facebook.com\/alternativa3Scoop\" \/>\n<meta property=\"article:modified_time\" content=\"2026-05-07T15:41:40+00:00\" \/>\n<meta property=\"og:image\" content=\"https:\/\/alternativa3.com\/wp-content\/uploads\/020214.jpg\" \/>\n\t<meta property=\"og:image:width\" content=\"1000\" \/>\n\t<meta property=\"og:image:height\" content=\"1000\" \/>\n\t<meta property=\"og:image:type\" content=\"image\/jpeg\" \/>\n<meta name=\"twitter:card\" content=\"summary_large_image\" \/>\n<meta name=\"twitter:label1\" content=\"Estimated reading time\" \/>\n\t<meta name=\"twitter:data1\" content=\"1 minute\" \/>\n<script type=\"application\/ld+json\" class=\"yoast-schema-graph\">{\"@context\":\"https:\\\/\\\/schema.org\",\"@graph\":[{\"@type\":\"WebPage\",\"@id\":\"https:\\\/\\\/alternativa3.com\\\/producto\\\/azucar-con-canela-bio-ft-frasco-60g\\\/\",\"url\":\"https:\\\/\\\/alternativa3.com\\\/producto\\\/azucar-con-canela-bio-ft-frasco-60g\\\/\",\"name\":\"Az\u00facar de ca\u00f1a con Canela Bio Fairtrade Frasco 75g - AlterNativa3\",\"isPartOf\":{\"@id\":\"https:\\\/\\\/alternativa3.com\\\/#website\"},\"primaryImageOfPage\":{\"@id\":\"https:\\\/\\\/alternativa3.com\\\/producto\\\/azucar-con-canela-bio-ft-frasco-60g\\\/#primaryimage\"},\"image\":{\"@id\":\"https:\\\/\\\/alternativa3.com\\\/producto\\\/azucar-con-canela-bio-ft-frasco-60g\\\/#primaryimage\"},\"thumbnailUrl\":\"https:\\\/\\\/alternativa3.com\\\/wp-content\\\/uploads\\\/020214.jpg\",\"datePublished\":\"2021-06-11T14:08:27+00:00\",\"dateModified\":\"2026-05-07T15:41:40+00:00\",\"breadcrumb\":{\"@id\":\"https:\\\/\\\/alternativa3.com\\\/producto\\\/azucar-con-canela-bio-ft-frasco-60g\\\/#breadcrumb\"},\"inLanguage\":\"en-GB\",\"potentialAction\":[{\"@type\":\"ReadAction\",\"target\":[\"https:\\\/\\\/alternativa3.com\\\/producto\\\/azucar-con-canela-bio-ft-frasco-60g\\\/\"]}]},{\"@type\":\"ImageObject\",\"inLanguage\":\"en-GB\",\"@id\":\"https:\\\/\\\/alternativa3.com\\\/producto\\\/azucar-con-canela-bio-ft-frasco-60g\\\/#primaryimage\",\"url\":\"https:\\\/\\\/alternativa3.com\\\/wp-content\\\/uploads\\\/020214.jpg\",\"contentUrl\":\"https:\\\/\\\/alternativa3.com\\\/wp-content\\\/uploads\\\/020214.jpg\",\"width\":1000,\"height\":1000},{\"@type\":\"BreadcrumbList\",\"@id\":\"https:\\\/\\\/alternativa3.com\\\/producto\\\/azucar-con-canela-bio-ft-frasco-60g\\\/#breadcrumb\",\"itemListElement\":[{\"@type\":\"ListItem\",\"position\":1,\"name\":\"Portada\",\"item\":\"https:\\\/\\\/alternativa3.com\\\/\"},{\"@type\":\"ListItem\",\"position\":2,\"name\":\"Tienda\",\"item\":\"https:\\\/\\\/alternativa3.com\\\/tienda\\\/\"},{\"@type\":\"ListItem\",\"position\":3,\"name\":\"Az\u00facar de ca\u00f1a con Canela Bio Fairtrade Frasco 75g\"}]},{\"@type\":\"WebSite\",\"@id\":\"https:\\\/\\\/alternativa3.com\\\/#website\",\"url\":\"https:\\\/\\\/alternativa3.com\\\/\",\"name\":\"AlterNativa3\",\"description\":\"Productos ecol\u00f3gicos de comercio justo\",\"publisher\":{\"@id\":\"https:\\\/\\\/alternativa3.com\\\/#organization\"},\"alternateName\":\"A3\",\"potentialAction\":[{\"@type\":\"SearchAction\",\"target\":{\"@type\":\"EntryPoint\",\"urlTemplate\":\"https:\\\/\\\/alternativa3.com\\\/?s={search_term_string}\"},\"query-input\":{\"@type\":\"PropertyValueSpecification\",\"valueRequired\":true,\"valueName\":\"search_term_string\"}}],\"inLanguage\":\"en-GB\"},{\"@type\":\"Organization\",\"@id\":\"https:\\\/\\\/alternativa3.com\\\/#organization\",\"name\":\"ALTERNATIVA3\",\"alternateName\":\"A3\",\"url\":\"https:\\\/\\\/alternativa3.com\\\/\",\"logo\":{\"@type\":\"ImageObject\",\"inLanguage\":\"en-GB\",\"@id\":\"https:\\\/\\\/alternativa3.com\\\/#\\\/schema\\\/logo\\\/image\\\/\",\"url\":\"https:\\\/\\\/alternativa3.com\\\/wp-content\\\/uploads\\\/logo-alternativa3.svg\",\"contentUrl\":\"https:\\\/\\\/alternativa3.com\\\/wp-content\\\/uploads\\\/logo-alternativa3.svg\",\"width\":73,\"height\":50,\"caption\":\"ALTERNATIVA3\"},\"image\":{\"@id\":\"https:\\\/\\\/alternativa3.com\\\/#\\\/schema\\\/logo\\\/image\\\/\"},\"sameAs\":[\"https:\\\/\\\/www.facebook.com\\\/alternativa3Scoop\",\"https:\\\/\\\/www.instagram.com\\\/alternativa3scoop\\\/\",\"https:\\\/\\\/www.youtube.com\\\/@Alternativa3\",\"https:\\\/\\\/es.linkedin.com\\\/company\\\/alternativa3\"]}]}<\/script>\n<!-- \/ Yoast SEO plugin. -->","yoast_head_json":{"title":"Organic Fairtrade Cane Sugar with Cinnamon 75g bottle - AlterNativa3","robots":{"index":"index","follow":"follow","max-snippet":"max-snippet:-1","max-image-preview":"max-image-preview:large","max-video-preview":"max-video-preview:-1"},"canonical":"https:\/\/alternativa3.com\/en\/product\/organic-cinnamon-sugar-ft-jar-60g\/","og_locale":"en_GB","og_type":"article","og_title":"Az\u00facar de ca\u00f1a con Canela Bio Fairtrade Frasco 75g - AlterNativa3","og_description":"Az\u00facar Ecol\u00f3gico y de comercio justo arom\u00e1tizado a la canela.","og_url":"https:\/\/alternativa3.com\/en\/product\/organic-cinnamon-sugar-ft-jar-60g\/","og_site_name":"AlterNativa3","article_publisher":"https:\/\/www.facebook.com\/alternativa3Scoop","article_modified_time":"2026-05-07T15:41:40+00:00","og_image":[{"width":1000,"height":1000,"url":"https:\/\/alternativa3.com\/wp-content\/uploads\/020214.jpg","type":"image\/jpeg"}],"twitter_card":"summary_large_image","twitter_misc":{"Estimated reading time":"1 minute"},"schema":{"@context":"https:\/\/schema.org","@graph":[{"@type":"WebPage","@id":"https:\/\/alternativa3.com\/producto\/azucar-con-canela-bio-ft-frasco-60g\/","url":"https:\/\/alternativa3.com\/producto\/azucar-con-canela-bio-ft-frasco-60g\/","name":"Organic Fairtrade Cane Sugar with Cinnamon 75g bottle - AlterNativa3","isPartOf":{"@id":"https:\/\/alternativa3.com\/#website"},"primaryImageOfPage":{"@id":"https:\/\/alternativa3.com\/producto\/azucar-con-canela-bio-ft-frasco-60g\/#primaryimage"},"image":{"@id":"https:\/\/alternativa3.com\/producto\/azucar-con-canela-bio-ft-frasco-60g\/#primaryimage"},"thumbnailUrl":"https:\/\/alternativa3.com\/wp-content\/uploads\/020214.jpg","datePublished":"2021-06-11T14:08:27+00:00","dateModified":"2026-05-07T15:41:40+00:00","breadcrumb":{"@id":"https:\/\/alternativa3.com\/producto\/azucar-con-canela-bio-ft-frasco-60g\/#breadcrumb"},"inLanguage":"en-GB","potentialAction":[{"@type":"ReadAction","target":["https:\/\/alternativa3.com\/producto\/azucar-con-canela-bio-ft-frasco-60g\/"]}]},{"@type":"ImageObject","inLanguage":"en-GB","@id":"https:\/\/alternativa3.com\/producto\/azucar-con-canela-bio-ft-frasco-60g\/#primaryimage","url":"https:\/\/alternativa3.com\/wp-content\/uploads\/020214.jpg","contentUrl":"https:\/\/alternativa3.com\/wp-content\/uploads\/020214.jpg","width":1000,"height":1000},{"@type":"BreadcrumbList","@id":"https:\/\/alternativa3.com\/producto\/azucar-con-canela-bio-ft-frasco-60g\/#breadcrumb","itemListElement":[{"@type":"ListItem","position":1,"name":"Portada","item":"https:\/\/alternativa3.com\/"},{"@type":"ListItem","position":2,"name":"Tienda","item":"https:\/\/alternativa3.com\/tienda\/"},{"@type":"ListItem","position":3,"name":"Az\u00facar de ca\u00f1a con Canela Bio Fairtrade Frasco 75g"}]},{"@type":"WebSite","@id":"https:\/\/alternativa3.com\/#website","url":"https:\/\/alternativa3.com\/","name":"AlterNative3","description":"Fair trade organic products","publisher":{"@id":"https:\/\/alternativa3.com\/#organization"},"alternateName":"A3","potentialAction":[{"@type":"SearchAction","target":{"@type":"EntryPoint","urlTemplate":"https:\/\/alternativa3.com\/?s={search_term_string}"},"query-input":{"@type":"PropertyValueSpecification","valueRequired":true,"valueName":"search_term_string"}}],"inLanguage":"en-GB"},{"@type":"Organization","@id":"https:\/\/alternativa3.com\/#organization","name":"ALTERNATIVE3","alternateName":"A3","url":"https:\/\/alternativa3.com\/","logo":{"@type":"ImageObject","inLanguage":"en-GB","@id":"https:\/\/alternativa3.com\/#\/schema\/logo\/image\/","url":"https:\/\/alternativa3.com\/wp-content\/uploads\/logo-alternativa3.svg","contentUrl":"https:\/\/alternativa3.com\/wp-content\/uploads\/logo-alternativa3.svg","width":73,"height":50,"caption":"ALTERNATIVA3"},"image":{"@id":"https:\/\/alternativa3.com\/#\/schema\/logo\/image\/"},"sameAs":["https:\/\/www.facebook.com\/alternativa3Scoop","https:\/\/www.instagram.com\/alternativa3scoop\/","https:\/\/www.youtube.com\/@Alternativa3","https:\/\/es.linkedin.com\/company\/alternativa3"]}]}},"_links":{"self":[{"href":"https:\/\/alternativa3.com\/en\/wp-json\/wp\/v2\/product\/18945","targetHints":{"allow":["GET"]}}],"collection":[{"href":"https:\/\/alternativa3.com\/en\/wp-json\/wp\/v2\/product"}],"about":[{"href":"https:\/\/alternativa3.com\/en\/wp-json\/wp\/v2\/types\/product"}],"wp:featuredmedia":[{"embeddable":true,"href":"https:\/\/alternativa3.com\/en\/wp-json\/wp\/v2\/media\/18540"}],"wp:attachment":[{"href":"https:\/\/alternativa3.com\/en\/wp-json\/wp\/v2\/media?parent=18945"}],"wp:term":[{"taxonomy":"product_brand","embeddable":true,"href":"https:\/\/alternativa3.com\/en\/wp-json\/wp\/v2\/product_brand?post=18945"},{"taxonomy":"product_cat","embeddable":true,"href":"https:\/\/alternativa3.com\/en\/wp-json\/wp\/v2\/product_cat?post=18945"},{"taxonomy":"product_tag","embeddable":true,"href":"https:\/\/alternativa3.com\/en\/wp-json\/wp\/v2\/product_tag?post=18945"}],"curies":[{"name":"wp","href":"https:\/\/api.w.org\/{rel}","templated":true}]}}