{"id":18932,"date":"2021-06-11T13:19:01","date_gmt":"2021-06-11T12:19:01","guid":{"rendered":"https:\/\/beta.alternativa3.com\/producto\/cafe-con-maca-te-quiero-molido-bio-125g\/"},"modified":"2026-05-05T19:41:29","modified_gmt":"2026-05-05T17:41:29","slug":"organic-coffee-with-maca-i-love-you-ground-coffee-125g","status":"publish","type":"product","link":"https:\/\/alternativa3.com\/en\/cafe-con-maca-te-quiero-molido-bio-125g\/","title":{"rendered":"I love you! organic ground coffee with cocoa and maca. 125g"},"content":{"rendered":"","protected":false},"excerpt":{"rendered":"<p>Enjoy the unique taste of this coffee with cocoa and maca, made with organic ingredients and a careful natural roasting process that gives you a delicious and energetic experience, while respecting the environment.<\/p>","protected":false},"featured_media":17176,"template":"","meta":{"inline_featured_image":false},"product_brand":[],"product_cat":[74,66],"product_tag":[],"class_list":{"0":"post-18932","1":"product","2":"type-product","3":"status-publish","4":"has-post-thumbnail","6":"product_cat-cafe-gourmet","7":"product_cat-cafe-molido","9":"first","10":"instock","11":"taxable","12":"shipping-taxable","13":"purchasable","14":"product-type-simple"},"acf":[],"yoast_head":"<!-- This site is optimized with the Yoast SEO plugin v27.5 - https:\/\/yoast.com\/product\/yoast-seo-wordpress\/ -->\n<title>Caf\u00e9 con cacao y maca \u00a1Te quiero! molido BIO \u2013 Comercio Justo<\/title>\n<meta name=\"description\" content=\"Disfruta del mejor caf\u00e9 con cacao y maca, ecol\u00f3gico y de tueste natural. Energ\u00edzate y contribuye a un mundo m\u00e1s sostenible. \u00a1C\u00f3mpralo aqu\u00ed!\" \/>\n<meta name=\"robots\" content=\"index, follow, max-snippet:-1, max-image-preview:large, max-video-preview:-1\" \/>\n<link rel=\"canonical\" href=\"https:\/\/alternativa3.com\/en\/organic-coffee-with-maca-i-love-you-ground-coffee-125g\/\" \/>\n<meta property=\"og:locale\" content=\"en_GB\" \/>\n<meta property=\"og:type\" content=\"article\" \/>\n<meta property=\"og:title\" content=\"Caf\u00e9 con cacao y maca \u00a1Te quiero! molido BIO \u2013 Comercio Justo\" \/>\n<meta property=\"og:description\" content=\"Disfruta del mejor caf\u00e9 con cacao y maca, ecol\u00f3gico y de tueste natural. Energ\u00edzate y contribuye a un mundo m\u00e1s sostenible. \u00a1C\u00f3mpralo aqu\u00ed!\" \/>\n<meta property=\"og:url\" content=\"https:\/\/alternativa3.com\/en\/organic-coffee-with-maca-i-love-you-ground-coffee-125g\/\" \/>\n<meta property=\"og:site_name\" content=\"AlterNativa3\" \/>\n<meta property=\"article:publisher\" content=\"https:\/\/www.facebook.com\/alternativa3Scoop\" \/>\n<meta property=\"article:modified_time\" content=\"2026-05-05T17:41:29+00:00\" \/>\n<meta property=\"og:image\" content=\"https:\/\/alternativa3.com\/wp-content\/uploads\/006011-1.jpg\" \/>\n\t<meta property=\"og:image:width\" content=\"1401\" \/>\n\t<meta property=\"og:image:height\" content=\"1401\" \/>\n\t<meta property=\"og:image:type\" content=\"image\/jpeg\" \/>\n<meta name=\"twitter:card\" content=\"summary_large_image\" \/>\n<meta name=\"twitter:label1\" content=\"Estimated reading time\" \/>\n\t<meta name=\"twitter:data1\" content=\"3 minutes\" \/>\n<script type=\"application\/ld+json\" class=\"yoast-schema-graph\">{\"@context\":\"https:\\\/\\\/schema.org\",\"@graph\":[{\"@type\":\"WebPage\",\"@id\":\"https:\\\/\\\/alternativa3.com\\\/cafe-con-maca-te-quiero-molido-bio-125g\\\/\",\"url\":\"https:\\\/\\\/alternativa3.com\\\/cafe-con-maca-te-quiero-molido-bio-125g\\\/\",\"name\":\"Caf\u00e9 con cacao y maca \u00a1Te quiero! molido BIO \u2013 Comercio Justo\",\"isPartOf\":{\"@id\":\"https:\\\/\\\/alternativa3.com\\\/#website\"},\"primaryImageOfPage\":{\"@id\":\"https:\\\/\\\/alternativa3.com\\\/cafe-con-maca-te-quiero-molido-bio-125g\\\/#primaryimage\"},\"image\":{\"@id\":\"https:\\\/\\\/alternativa3.com\\\/cafe-con-maca-te-quiero-molido-bio-125g\\\/#primaryimage\"},\"thumbnailUrl\":\"https:\\\/\\\/alternativa3.com\\\/wp-content\\\/uploads\\\/006011-1.jpg\",\"datePublished\":\"2021-06-11T12:19:01+00:00\",\"dateModified\":\"2026-05-05T17:41:29+00:00\",\"description\":\"Disfruta del mejor caf\u00e9 con cacao y maca, ecol\u00f3gico y de tueste natural. Energ\u00edzate y contribuye a un mundo m\u00e1s sostenible. \u00a1C\u00f3mpralo aqu\u00ed!\",\"breadcrumb\":{\"@id\":\"https:\\\/\\\/alternativa3.com\\\/cafe-con-maca-te-quiero-molido-bio-125g\\\/#breadcrumb\"},\"inLanguage\":\"en-GB\",\"potentialAction\":[{\"@type\":\"ReadAction\",\"target\":[\"https:\\\/\\\/alternativa3.com\\\/cafe-con-maca-te-quiero-molido-bio-125g\\\/\"]}]},{\"@type\":\"ImageObject\",\"inLanguage\":\"en-GB\",\"@id\":\"https:\\\/\\\/alternativa3.com\\\/cafe-con-maca-te-quiero-molido-bio-125g\\\/#primaryimage\",\"url\":\"https:\\\/\\\/alternativa3.com\\\/wp-content\\\/uploads\\\/006011-1.jpg\",\"contentUrl\":\"https:\\\/\\\/alternativa3.com\\\/wp-content\\\/uploads\\\/006011-1.jpg\",\"width\":1401,\"height\":1401},{\"@type\":\"BreadcrumbList\",\"@id\":\"https:\\\/\\\/alternativa3.com\\\/cafe-con-maca-te-quiero-molido-bio-125g\\\/#breadcrumb\",\"itemListElement\":[{\"@type\":\"ListItem\",\"position\":1,\"name\":\"Portada\",\"item\":\"https:\\\/\\\/alternativa3.com\\\/\"},{\"@type\":\"ListItem\",\"position\":2,\"name\":\"Tienda\",\"item\":\"https:\\\/\\\/alternativa3.com\\\/tienda\\\/\"},{\"@type\":\"ListItem\",\"position\":3,\"name\":\"Caf\u00e9 con cacao y maca \u00a1Te quiero! molido BIO. 125g\"}]},{\"@type\":\"WebSite\",\"@id\":\"https:\\\/\\\/alternativa3.com\\\/#website\",\"url\":\"https:\\\/\\\/alternativa3.com\\\/\",\"name\":\"AlterNativa3\",\"description\":\"Productos ecol\u00f3gicos de comercio justo\",\"publisher\":{\"@id\":\"https:\\\/\\\/alternativa3.com\\\/#organization\"},\"alternateName\":\"A3\",\"potentialAction\":[{\"@type\":\"SearchAction\",\"target\":{\"@type\":\"EntryPoint\",\"urlTemplate\":\"https:\\\/\\\/alternativa3.com\\\/?s={search_term_string}\"},\"query-input\":{\"@type\":\"PropertyValueSpecification\",\"valueRequired\":true,\"valueName\":\"search_term_string\"}}],\"inLanguage\":\"en-GB\"},{\"@type\":\"Organization\",\"@id\":\"https:\\\/\\\/alternativa3.com\\\/#organization\",\"name\":\"ALTERNATIVA3\",\"alternateName\":\"A3\",\"url\":\"https:\\\/\\\/alternativa3.com\\\/\",\"logo\":{\"@type\":\"ImageObject\",\"inLanguage\":\"en-GB\",\"@id\":\"https:\\\/\\\/alternativa3.com\\\/#\\\/schema\\\/logo\\\/image\\\/\",\"url\":\"https:\\\/\\\/alternativa3.com\\\/wp-content\\\/uploads\\\/logo-alternativa3.svg\",\"contentUrl\":\"https:\\\/\\\/alternativa3.com\\\/wp-content\\\/uploads\\\/logo-alternativa3.svg\",\"width\":73,\"height\":50,\"caption\":\"ALTERNATIVA3\"},\"image\":{\"@id\":\"https:\\\/\\\/alternativa3.com\\\/#\\\/schema\\\/logo\\\/image\\\/\"},\"sameAs\":[\"https:\\\/\\\/www.facebook.com\\\/alternativa3Scoop\",\"https:\\\/\\\/www.instagram.com\\\/alternativa3scoop\\\/\",\"https:\\\/\\\/www.youtube.com\\\/@Alternativa3\",\"https:\\\/\\\/es.linkedin.com\\\/company\\\/alternativa3\"]}]}<\/script>\n<!-- \/ Yoast SEO plugin. -->","yoast_head_json":{"title":"I love you! organic ground coffee with cacao and maca - Fairtrade","description":"Enjoy the best coffee with cocoa and maca, organic and naturally roasted. Energise yourself and contribute to a more sustainable world - buy it here!","robots":{"index":"index","follow":"follow","max-snippet":"max-snippet:-1","max-image-preview":"max-image-preview:large","max-video-preview":"max-video-preview:-1"},"canonical":"https:\/\/alternativa3.com\/en\/organic-coffee-with-maca-i-love-you-ground-coffee-125g\/","og_locale":"en_GB","og_type":"article","og_title":"Caf\u00e9 con cacao y maca \u00a1Te quiero! molido BIO \u2013 Comercio Justo","og_description":"Disfruta del mejor caf\u00e9 con cacao y maca, ecol\u00f3gico y de tueste natural. Energ\u00edzate y contribuye a un mundo m\u00e1s sostenible. \u00a1C\u00f3mpralo aqu\u00ed!","og_url":"https:\/\/alternativa3.com\/en\/organic-coffee-with-maca-i-love-you-ground-coffee-125g\/","og_site_name":"AlterNativa3","article_publisher":"https:\/\/www.facebook.com\/alternativa3Scoop","article_modified_time":"2026-05-05T17:41:29+00:00","og_image":[{"width":1401,"height":1401,"url":"https:\/\/alternativa3.com\/wp-content\/uploads\/006011-1.jpg","type":"image\/jpeg"}],"twitter_card":"summary_large_image","twitter_misc":{"Estimated reading time":"3 minutes"},"schema":{"@context":"https:\/\/schema.org","@graph":[{"@type":"WebPage","@id":"https:\/\/alternativa3.com\/cafe-con-maca-te-quiero-molido-bio-125g\/","url":"https:\/\/alternativa3.com\/cafe-con-maca-te-quiero-molido-bio-125g\/","name":"I love you! organic ground coffee with cacao and maca - Fairtrade","isPartOf":{"@id":"https:\/\/alternativa3.com\/#website"},"primaryImageOfPage":{"@id":"https:\/\/alternativa3.com\/cafe-con-maca-te-quiero-molido-bio-125g\/#primaryimage"},"image":{"@id":"https:\/\/alternativa3.com\/cafe-con-maca-te-quiero-molido-bio-125g\/#primaryimage"},"thumbnailUrl":"https:\/\/alternativa3.com\/wp-content\/uploads\/006011-1.jpg","datePublished":"2021-06-11T12:19:01+00:00","dateModified":"2026-05-05T17:41:29+00:00","description":"Enjoy the best coffee with cocoa and maca, organic and naturally roasted. Energise yourself and contribute to a more sustainable world - buy it here!","breadcrumb":{"@id":"https:\/\/alternativa3.com\/cafe-con-maca-te-quiero-molido-bio-125g\/#breadcrumb"},"inLanguage":"en-GB","potentialAction":[{"@type":"ReadAction","target":["https:\/\/alternativa3.com\/cafe-con-maca-te-quiero-molido-bio-125g\/"]}]},{"@type":"ImageObject","inLanguage":"en-GB","@id":"https:\/\/alternativa3.com\/cafe-con-maca-te-quiero-molido-bio-125g\/#primaryimage","url":"https:\/\/alternativa3.com\/wp-content\/uploads\/006011-1.jpg","contentUrl":"https:\/\/alternativa3.com\/wp-content\/uploads\/006011-1.jpg","width":1401,"height":1401},{"@type":"BreadcrumbList","@id":"https:\/\/alternativa3.com\/cafe-con-maca-te-quiero-molido-bio-125g\/#breadcrumb","itemListElement":[{"@type":"ListItem","position":1,"name":"Portada","item":"https:\/\/alternativa3.com\/"},{"@type":"ListItem","position":2,"name":"Tienda","item":"https:\/\/alternativa3.com\/tienda\/"},{"@type":"ListItem","position":3,"name":"Caf\u00e9 con cacao y maca \u00a1Te quiero! molido BIO. 125g"}]},{"@type":"WebSite","@id":"https:\/\/alternativa3.com\/#website","url":"https:\/\/alternativa3.com\/","name":"AlterNative3","description":"Fair trade organic products","publisher":{"@id":"https:\/\/alternativa3.com\/#organization"},"alternateName":"A3","potentialAction":[{"@type":"SearchAction","target":{"@type":"EntryPoint","urlTemplate":"https:\/\/alternativa3.com\/?s={search_term_string}"},"query-input":{"@type":"PropertyValueSpecification","valueRequired":true,"valueName":"search_term_string"}}],"inLanguage":"en-GB"},{"@type":"Organization","@id":"https:\/\/alternativa3.com\/#organization","name":"ALTERNATIVE3","alternateName":"A3","url":"https:\/\/alternativa3.com\/","logo":{"@type":"ImageObject","inLanguage":"en-GB","@id":"https:\/\/alternativa3.com\/#\/schema\/logo\/image\/","url":"https:\/\/alternativa3.com\/wp-content\/uploads\/logo-alternativa3.svg","contentUrl":"https:\/\/alternativa3.com\/wp-content\/uploads\/logo-alternativa3.svg","width":73,"height":50,"caption":"ALTERNATIVA3"},"image":{"@id":"https:\/\/alternativa3.com\/#\/schema\/logo\/image\/"},"sameAs":["https:\/\/www.facebook.com\/alternativa3Scoop","https:\/\/www.instagram.com\/alternativa3scoop\/","https:\/\/www.youtube.com\/@Alternativa3","https:\/\/es.linkedin.com\/company\/alternativa3"]}]}},"_links":{"self":[{"href":"https:\/\/alternativa3.com\/en\/wp-json\/wp\/v2\/product\/18932","targetHints":{"allow":["GET"]}}],"collection":[{"href":"https:\/\/alternativa3.com\/en\/wp-json\/wp\/v2\/product"}],"about":[{"href":"https:\/\/alternativa3.com\/en\/wp-json\/wp\/v2\/types\/product"}],"wp:featuredmedia":[{"embeddable":true,"href":"https:\/\/alternativa3.com\/en\/wp-json\/wp\/v2\/media\/17176"}],"wp:attachment":[{"href":"https:\/\/alternativa3.com\/en\/wp-json\/wp\/v2\/media?parent=18932"}],"wp:term":[{"taxonomy":"product_brand","embeddable":true,"href":"https:\/\/alternativa3.com\/en\/wp-json\/wp\/v2\/product_brand?post=18932"},{"taxonomy":"product_cat","embeddable":true,"href":"https:\/\/alternativa3.com\/en\/wp-json\/wp\/v2\/product_cat?post=18932"},{"taxonomy":"product_tag","embeddable":true,"href":"https:\/\/alternativa3.com\/en\/wp-json\/wp\/v2\/product_tag?post=18932"}],"curies":[{"name":"wp","href":"https:\/\/api.w.org\/{rel}","templated":true}]}}