{"id":18928,"date":"2021-06-11T13:19:00","date_gmt":"2021-06-11T12:19:00","guid":{"rendered":"https:\/\/beta.alternativa3.com\/producto\/pack-capsulas-de-cafe-variadas-bio-ft-120-capsula\/"},"modified":"2026-05-05T19:41:27","modified_gmt":"2026-05-05T17:41:27","slug":"pack-of-assorted-coffee-capsules-bio-ft-120-capsules-5gr","status":"publish","type":"product","link":"https:\/\/alternativa3.com\/en\/pack-capsulas-de-cafe-variadas-bio-ft-120-capsulas-5gr\/","title":{"rendered":"Pack Bio Fairtrade Assorted Coffee Capsules 120 capsules"},"content":{"rendered":"","protected":false},"excerpt":{"rendered":"<p>Organic, Fairtrade, Fairtrade, compostable coffee capsules, compatible with Nespresso\u00ae* machines.<\/p>","protected":false},"featured_media":21818,"template":"","meta":{"inline_featured_image":false},"product_brand":[],"product_cat":[36,71],"product_tag":[],"class_list":{"0":"post-18928","1":"product","2":"type-product","3":"status-publish","4":"has-post-thumbnail","6":"product_cat-cafe","7":"product_cat-capsulas-de-cafe","9":"first","10":"onbackorder","11":"taxable","12":"shipping-taxable","13":"purchasable","14":"product-type-simple"},"acf":[],"yoast_head":"<!-- This site is optimized with the Yoast SEO plugin v27.5 - https:\/\/yoast.com\/product\/yoast-seo-wordpress\/ -->\n<title>Pack de C\u00e1psulas de Caf\u00e9 Variadas 120 C\u00e1psulas Compostables y BIO<\/title>\n<meta name=\"description\" content=\"Experimenta el sabor aut\u00e9ntico con nuestro Pack de C\u00e1psulas de Caf\u00e9 BIO-FT. Tueste natural y variedad en cada c\u00e1psula. \u00a1Pide el tuyo ahora!\" \/>\n<meta name=\"robots\" content=\"index, follow, max-snippet:-1, max-image-preview:large, max-video-preview:-1\" \/>\n<link rel=\"canonical\" href=\"https:\/\/alternativa3.com\/en\/pack-of-assorted-coffee-capsules-bio-ft-120-capsules-5gr\/\" \/>\n<meta property=\"og:locale\" content=\"en_GB\" \/>\n<meta property=\"og:type\" content=\"article\" \/>\n<meta property=\"og:title\" content=\"Pack de C\u00e1psulas de Caf\u00e9 Variadas 120 C\u00e1psulas Compostables y BIO\" \/>\n<meta property=\"og:description\" content=\"Experimenta el sabor aut\u00e9ntico con nuestro Pack de C\u00e1psulas de Caf\u00e9 BIO-FT. Tueste natural y variedad en cada c\u00e1psula. \u00a1Pide el tuyo ahora!\" \/>\n<meta property=\"og:url\" content=\"https:\/\/alternativa3.com\/en\/pack-of-assorted-coffee-capsules-bio-ft-120-capsules-5gr\/\" \/>\n<meta property=\"og:site_name\" content=\"AlterNativa3\" \/>\n<meta property=\"article:publisher\" content=\"https:\/\/www.facebook.com\/alternativa3Scoop\" \/>\n<meta property=\"article:modified_time\" content=\"2026-05-05T17:41:27+00:00\" \/>\n<meta property=\"og:image\" content=\"https:\/\/alternativa3.com\/wp-content\/uploads\/005080-2.jpg\" \/>\n\t<meta property=\"og:image:width\" content=\"1000\" \/>\n\t<meta property=\"og:image:height\" content=\"1000\" \/>\n\t<meta property=\"og:image:type\" content=\"image\/jpeg\" \/>\n<meta name=\"twitter:card\" content=\"summary_large_image\" \/>\n<meta name=\"twitter:label1\" content=\"Estimated reading time\" \/>\n\t<meta name=\"twitter:data1\" content=\"3 minutes\" \/>\n<script type=\"application\/ld+json\" class=\"yoast-schema-graph\">{\"@context\":\"https:\\\/\\\/schema.org\",\"@graph\":[{\"@type\":\"WebPage\",\"@id\":\"https:\\\/\\\/alternativa3.com\\\/pack-capsulas-de-cafe-variadas-bio-ft-120-capsulas-5gr\\\/\",\"url\":\"https:\\\/\\\/alternativa3.com\\\/pack-capsulas-de-cafe-variadas-bio-ft-120-capsulas-5gr\\\/\",\"name\":\"Pack de C\u00e1psulas de Caf\u00e9 Variadas 120 C\u00e1psulas Compostables y BIO\",\"isPartOf\":{\"@id\":\"https:\\\/\\\/alternativa3.com\\\/#website\"},\"primaryImageOfPage\":{\"@id\":\"https:\\\/\\\/alternativa3.com\\\/pack-capsulas-de-cafe-variadas-bio-ft-120-capsulas-5gr\\\/#primaryimage\"},\"image\":{\"@id\":\"https:\\\/\\\/alternativa3.com\\\/pack-capsulas-de-cafe-variadas-bio-ft-120-capsulas-5gr\\\/#primaryimage\"},\"thumbnailUrl\":\"https:\\\/\\\/alternativa3.com\\\/wp-content\\\/uploads\\\/005080-2.jpg\",\"datePublished\":\"2021-06-11T12:19:00+00:00\",\"dateModified\":\"2026-05-05T17:41:27+00:00\",\"description\":\"Experimenta el sabor aut\u00e9ntico con nuestro Pack de C\u00e1psulas de Caf\u00e9 BIO-FT. Tueste natural y variedad en cada c\u00e1psula. \u00a1Pide el tuyo ahora!\",\"breadcrumb\":{\"@id\":\"https:\\\/\\\/alternativa3.com\\\/pack-capsulas-de-cafe-variadas-bio-ft-120-capsulas-5gr\\\/#breadcrumb\"},\"inLanguage\":\"en-GB\",\"potentialAction\":[{\"@type\":\"ReadAction\",\"target\":[\"https:\\\/\\\/alternativa3.com\\\/pack-capsulas-de-cafe-variadas-bio-ft-120-capsulas-5gr\\\/\"]}]},{\"@type\":\"ImageObject\",\"inLanguage\":\"en-GB\",\"@id\":\"https:\\\/\\\/alternativa3.com\\\/pack-capsulas-de-cafe-variadas-bio-ft-120-capsulas-5gr\\\/#primaryimage\",\"url\":\"https:\\\/\\\/alternativa3.com\\\/wp-content\\\/uploads\\\/005080-2.jpg\",\"contentUrl\":\"https:\\\/\\\/alternativa3.com\\\/wp-content\\\/uploads\\\/005080-2.jpg\",\"width\":1000,\"height\":1000},{\"@type\":\"BreadcrumbList\",\"@id\":\"https:\\\/\\\/alternativa3.com\\\/pack-capsulas-de-cafe-variadas-bio-ft-120-capsulas-5gr\\\/#breadcrumb\",\"itemListElement\":[{\"@type\":\"ListItem\",\"position\":1,\"name\":\"Portada\",\"item\":\"https:\\\/\\\/alternativa3.com\\\/\"},{\"@type\":\"ListItem\",\"position\":2,\"name\":\"Tienda\",\"item\":\"https:\\\/\\\/alternativa3.com\\\/tienda\\\/\"},{\"@type\":\"ListItem\",\"position\":3,\"name\":\"Pack C\u00e1psulas de caf\u00e9 variadas Bio Fairtrade 120 capsulas\"}]},{\"@type\":\"WebSite\",\"@id\":\"https:\\\/\\\/alternativa3.com\\\/#website\",\"url\":\"https:\\\/\\\/alternativa3.com\\\/\",\"name\":\"AlterNativa3\",\"description\":\"Productos ecol\u00f3gicos de comercio justo\",\"publisher\":{\"@id\":\"https:\\\/\\\/alternativa3.com\\\/#organization\"},\"alternateName\":\"A3\",\"potentialAction\":[{\"@type\":\"SearchAction\",\"target\":{\"@type\":\"EntryPoint\",\"urlTemplate\":\"https:\\\/\\\/alternativa3.com\\\/?s={search_term_string}\"},\"query-input\":{\"@type\":\"PropertyValueSpecification\",\"valueRequired\":true,\"valueName\":\"search_term_string\"}}],\"inLanguage\":\"en-GB\"},{\"@type\":\"Organization\",\"@id\":\"https:\\\/\\\/alternativa3.com\\\/#organization\",\"name\":\"ALTERNATIVA3\",\"alternateName\":\"A3\",\"url\":\"https:\\\/\\\/alternativa3.com\\\/\",\"logo\":{\"@type\":\"ImageObject\",\"inLanguage\":\"en-GB\",\"@id\":\"https:\\\/\\\/alternativa3.com\\\/#\\\/schema\\\/logo\\\/image\\\/\",\"url\":\"https:\\\/\\\/alternativa3.com\\\/wp-content\\\/uploads\\\/logo-alternativa3.svg\",\"contentUrl\":\"https:\\\/\\\/alternativa3.com\\\/wp-content\\\/uploads\\\/logo-alternativa3.svg\",\"width\":73,\"height\":50,\"caption\":\"ALTERNATIVA3\"},\"image\":{\"@id\":\"https:\\\/\\\/alternativa3.com\\\/#\\\/schema\\\/logo\\\/image\\\/\"},\"sameAs\":[\"https:\\\/\\\/www.facebook.com\\\/alternativa3Scoop\",\"https:\\\/\\\/www.instagram.com\\\/alternativa3scoop\\\/\",\"https:\\\/\\\/www.youtube.com\\\/@Alternativa3\",\"https:\\\/\\\/es.linkedin.com\\\/company\\\/alternativa3\"]}]}<\/script>\n<!-- \/ Yoast SEO plugin. -->","yoast_head_json":{"title":"Pack of Assorted Coffee Capsules 120 Compostable and ORGANIC Capsules","description":"Experience the authentic taste with our BIO-FT Coffee Capsule Pack. Natural roast and variety in every capsule - order yours now!","robots":{"index":"index","follow":"follow","max-snippet":"max-snippet:-1","max-image-preview":"max-image-preview:large","max-video-preview":"max-video-preview:-1"},"canonical":"https:\/\/alternativa3.com\/en\/pack-of-assorted-coffee-capsules-bio-ft-120-capsules-5gr\/","og_locale":"en_GB","og_type":"article","og_title":"Pack de C\u00e1psulas de Caf\u00e9 Variadas 120 C\u00e1psulas Compostables y BIO","og_description":"Experimenta el sabor aut\u00e9ntico con nuestro Pack de C\u00e1psulas de Caf\u00e9 BIO-FT. Tueste natural y variedad en cada c\u00e1psula. \u00a1Pide el tuyo ahora!","og_url":"https:\/\/alternativa3.com\/en\/pack-of-assorted-coffee-capsules-bio-ft-120-capsules-5gr\/","og_site_name":"AlterNativa3","article_publisher":"https:\/\/www.facebook.com\/alternativa3Scoop","article_modified_time":"2026-05-05T17:41:27+00:00","og_image":[{"width":1000,"height":1000,"url":"https:\/\/alternativa3.com\/wp-content\/uploads\/005080-2.jpg","type":"image\/jpeg"}],"twitter_card":"summary_large_image","twitter_misc":{"Estimated reading time":"3 minutes"},"schema":{"@context":"https:\/\/schema.org","@graph":[{"@type":"WebPage","@id":"https:\/\/alternativa3.com\/pack-capsulas-de-cafe-variadas-bio-ft-120-capsulas-5gr\/","url":"https:\/\/alternativa3.com\/pack-capsulas-de-cafe-variadas-bio-ft-120-capsulas-5gr\/","name":"Pack of Assorted Coffee Capsules 120 Compostable and ORGANIC Capsules","isPartOf":{"@id":"https:\/\/alternativa3.com\/#website"},"primaryImageOfPage":{"@id":"https:\/\/alternativa3.com\/pack-capsulas-de-cafe-variadas-bio-ft-120-capsulas-5gr\/#primaryimage"},"image":{"@id":"https:\/\/alternativa3.com\/pack-capsulas-de-cafe-variadas-bio-ft-120-capsulas-5gr\/#primaryimage"},"thumbnailUrl":"https:\/\/alternativa3.com\/wp-content\/uploads\/005080-2.jpg","datePublished":"2021-06-11T12:19:00+00:00","dateModified":"2026-05-05T17:41:27+00:00","description":"Experience the authentic taste with our BIO-FT Coffee Capsule Pack. Natural roast and variety in every capsule - order yours now!","breadcrumb":{"@id":"https:\/\/alternativa3.com\/pack-capsulas-de-cafe-variadas-bio-ft-120-capsulas-5gr\/#breadcrumb"},"inLanguage":"en-GB","potentialAction":[{"@type":"ReadAction","target":["https:\/\/alternativa3.com\/pack-capsulas-de-cafe-variadas-bio-ft-120-capsulas-5gr\/"]}]},{"@type":"ImageObject","inLanguage":"en-GB","@id":"https:\/\/alternativa3.com\/pack-capsulas-de-cafe-variadas-bio-ft-120-capsulas-5gr\/#primaryimage","url":"https:\/\/alternativa3.com\/wp-content\/uploads\/005080-2.jpg","contentUrl":"https:\/\/alternativa3.com\/wp-content\/uploads\/005080-2.jpg","width":1000,"height":1000},{"@type":"BreadcrumbList","@id":"https:\/\/alternativa3.com\/pack-capsulas-de-cafe-variadas-bio-ft-120-capsulas-5gr\/#breadcrumb","itemListElement":[{"@type":"ListItem","position":1,"name":"Portada","item":"https:\/\/alternativa3.com\/"},{"@type":"ListItem","position":2,"name":"Tienda","item":"https:\/\/alternativa3.com\/tienda\/"},{"@type":"ListItem","position":3,"name":"Pack C\u00e1psulas de caf\u00e9 variadas Bio Fairtrade 120 capsulas"}]},{"@type":"WebSite","@id":"https:\/\/alternativa3.com\/#website","url":"https:\/\/alternativa3.com\/","name":"AlterNative3","description":"Fair trade organic products","publisher":{"@id":"https:\/\/alternativa3.com\/#organization"},"alternateName":"A3","potentialAction":[{"@type":"SearchAction","target":{"@type":"EntryPoint","urlTemplate":"https:\/\/alternativa3.com\/?s={search_term_string}"},"query-input":{"@type":"PropertyValueSpecification","valueRequired":true,"valueName":"search_term_string"}}],"inLanguage":"en-GB"},{"@type":"Organization","@id":"https:\/\/alternativa3.com\/#organization","name":"ALTERNATIVE3","alternateName":"A3","url":"https:\/\/alternativa3.com\/","logo":{"@type":"ImageObject","inLanguage":"en-GB","@id":"https:\/\/alternativa3.com\/#\/schema\/logo\/image\/","url":"https:\/\/alternativa3.com\/wp-content\/uploads\/logo-alternativa3.svg","contentUrl":"https:\/\/alternativa3.com\/wp-content\/uploads\/logo-alternativa3.svg","width":73,"height":50,"caption":"ALTERNATIVA3"},"image":{"@id":"https:\/\/alternativa3.com\/#\/schema\/logo\/image\/"},"sameAs":["https:\/\/www.facebook.com\/alternativa3Scoop","https:\/\/www.instagram.com\/alternativa3scoop\/","https:\/\/www.youtube.com\/@Alternativa3","https:\/\/es.linkedin.com\/company\/alternativa3"]}]}},"_links":{"self":[{"href":"https:\/\/alternativa3.com\/en\/wp-json\/wp\/v2\/product\/18928","targetHints":{"allow":["GET"]}}],"collection":[{"href":"https:\/\/alternativa3.com\/en\/wp-json\/wp\/v2\/product"}],"about":[{"href":"https:\/\/alternativa3.com\/en\/wp-json\/wp\/v2\/types\/product"}],"wp:featuredmedia":[{"embeddable":true,"href":"https:\/\/alternativa3.com\/en\/wp-json\/wp\/v2\/media\/21818"}],"wp:attachment":[{"href":"https:\/\/alternativa3.com\/en\/wp-json\/wp\/v2\/media?parent=18928"}],"wp:term":[{"taxonomy":"product_brand","embeddable":true,"href":"https:\/\/alternativa3.com\/en\/wp-json\/wp\/v2\/product_brand?post=18928"},{"taxonomy":"product_cat","embeddable":true,"href":"https:\/\/alternativa3.com\/en\/wp-json\/wp\/v2\/product_cat?post=18928"},{"taxonomy":"product_tag","embeddable":true,"href":"https:\/\/alternativa3.com\/en\/wp-json\/wp\/v2\/product_tag?post=18928"}],"curies":[{"name":"wp","href":"https:\/\/api.w.org\/{rel}","templated":true}]}}