{"id":35703,"date":"2025-09-24T16:41:20","date_gmt":"2025-09-24T14:41:20","guid":{"rendered":"https:\/\/alternativa3.com\/?post_type=product&#038;p=35703"},"modified":"2026-05-04T13:43:07","modified_gmt":"2026-05-04T11:43:07","slug":"farinetes-ecologiques-5-cereals-bububi-200g","status":"publish","type":"product","link":"https:\/\/alternativa3.com\/ca\/farinetes-ecologiques-5-cereals-bububi-200g\/","title":{"rendered":"Farineta ecol\u00f2gica 5 cereals BuBuBio \u2013 200g"},"content":{"rendered":"<p>Aquesta varietat combina 5 cereals naturalment <strong>sense gluten<\/strong>, rics en fibra, vitamines i minerals. Aporta varietat de nutrients, afavorint una microbiota intestinal diversa.<\/p>\n<p>Les nostres receptes estan formulades perqu\u00e8 siguin aptes des dels <strong>6 mesos<\/strong>, fins i tot en casos d&#039;alta sensibilitat o d&#039;introducci\u00f3 controlada d&#039;aliments. No contenen gluten, llet, ni ingredients modificats gen\u00e8ticament.<\/p>\n<p>Les farinetes BuBuBio estan elaborades amb<strong> gra sencer<\/strong> ecol\u00f2gic, sense farines refinades, per conservar al m\u00e0xim els nutrients. Fem servir cereals integrals de gra sencer, cosa que significa que conserven la fibra, el germen i tots els nutrients naturals. Aix\u00f2 afavoreix la digesti\u00f3, ajuda al tr\u00e0nsit intestinal i ofereix una alimentaci\u00f3 m\u00e9s completa i real.<\/p>\n<p>La textura suau i el sabor natural les fa perfectes per comen\u00e7ar l&#039;alimentaci\u00f3 complement\u00e0ria amb confian\u00e7a.<\/p>\n<p>Sabem que confies en les teves decisions com a mare o pare. I volem ajudar-te a que cada pas en l&#039;alimentaci\u00f3 del teu nen estigui ple de seguretat, simplicitat i bons ingredients. Perqu\u00e8 <strong>menys \u00e9s m\u00e9s<\/strong>, i aix\u00f2 \u00e9s exactament el que trobar\u00e0s a les nostres farinetes.<\/p>\n<p data-start=\"2895\" data-end=\"2934\">","protected":false},"excerpt":{"rendered":"<p>Farineta infantil ecol\u00f2gica elaborada a partir de gra sencer de 5 cereals: arr\u00f2s, blat de moro, mill, quinoa i blat sarra\u00ed. Sense gluten, sense llet ni al\u00b7l\u00e8rgens comuns. Apta des dels 6 mesos.<\/p>","protected":false},"featured_media":35704,"template":"","meta":{"inline_featured_image":false},"product_brand":[],"product_cat":[674],"product_tag":[846,849,854,848,850,841,842,853,851,847,845,843,852,844],"class_list":{"0":"post-35703","1":"product","2":"type-product","3":"status-publish","4":"has-post-thumbnail","6":"product_cat-alimentacion-infantil","7":"product_tag-a-partir-de-6-meses","8":"product_tag-alimentacion-complementaria","9":"product_tag-baby-led-weaning","10":"product_tag-grano-entero","11":"product_tag-hecho-en-espana","12":"product_tag-papillas-ecologicas","13":"product_tag-papillas-para-bebes","14":"product_tag-papillas-sin-aditivos","15":"product_tag-producto-local","16":"product_tag-sin-alergenos","17":"product_tag-sin-azucares-anadidos","18":"product_tag-sin-gluten","19":"product_tag-sin-harinas-refinadas","20":"product_tag-sin-leche","22":"first","23":"instock","24":"taxable","25":"shipping-taxable","26":"purchasable","27":"product-type-simple"},"acf":[],"yoast_head":"<!-- This site is optimized with the Yoast SEO plugin v27.3 - https:\/\/yoast.com\/product\/yoast-seo-wordpress\/ -->\n<title>Papilla ecol\u00f3gica 5 cereales BuBuBio \u2013 200g - AlterNativa3<\/title>\n<meta name=\"description\" content=\"Papilla suave y nutritiva con grano entero de arroz, mijo, quinoa, ma\u00edz y trigo sarraceno. Sin gluten, sin leche y sin az\u00facares a\u00f1adidos. Apta desde 6 meses.\" \/>\n<meta name=\"robots\" content=\"index, follow, max-snippet:-1, max-image-preview:large, max-video-preview:-1\" \/>\n<link rel=\"canonical\" href=\"https:\/\/alternativa3.com\/ca\/farinetes-ecologiques-5-cereals-bububi-200g\/\" \/>\n<meta property=\"og:locale\" content=\"ca_ES\" \/>\n<meta property=\"og:type\" content=\"article\" \/>\n<meta property=\"og:title\" content=\"Papilla ecol\u00f3gica 5 cereales BuBuBio \u2013 200g - AlterNativa3\" \/>\n<meta property=\"og:description\" content=\"Papilla suave y nutritiva con grano entero de arroz, mijo, quinoa, ma\u00edz y trigo sarraceno. Sin gluten, sin leche y sin az\u00facares a\u00f1adidos. Apta desde 6 meses.\" \/>\n<meta property=\"og:url\" content=\"https:\/\/alternativa3.com\/ca\/farinetes-ecologiques-5-cereals-bububi-200g\/\" \/>\n<meta property=\"og:site_name\" content=\"AlterNativa3\" \/>\n<meta property=\"article:publisher\" content=\"https:\/\/www.facebook.com\/alternativa3Scoop\" \/>\n<meta property=\"article:modified_time\" content=\"2026-05-04T11:43:07+00:00\" \/>\n<meta property=\"og:image\" content=\"https:\/\/alternativa3.com\/wp-content\/uploads\/170001.png\" \/>\n\t<meta property=\"og:image:width\" content=\"500\" \/>\n\t<meta property=\"og:image:height\" content=\"500\" \/>\n\t<meta property=\"og:image:type\" content=\"image\/png\" \/>\n<meta name=\"twitter:card\" content=\"summary_large_image\" \/>\n<meta name=\"twitter:label1\" content=\"Temps estimat de lectura\" \/>\n\t<meta name=\"twitter:data1\" content=\"3 minuts\" \/>\n<script type=\"application\/ld+json\" class=\"yoast-schema-graph\">{\"@context\":\"https:\\\/\\\/schema.org\",\"@graph\":[{\"@type\":\"WebPage\",\"@id\":\"https:\\\/\\\/alternativa3.com\\\/papilla-ecologica-5-cereales-bububio-200g\\\/\",\"url\":\"https:\\\/\\\/alternativa3.com\\\/papilla-ecologica-5-cereales-bububio-200g\\\/\",\"name\":\"Papilla ecol\u00f3gica 5 cereales BuBuBio \u2013 200g - AlterNativa3\",\"isPartOf\":{\"@id\":\"https:\\\/\\\/alternativa3.com\\\/#website\"},\"primaryImageOfPage\":{\"@id\":\"https:\\\/\\\/alternativa3.com\\\/papilla-ecologica-5-cereales-bububio-200g\\\/#primaryimage\"},\"image\":{\"@id\":\"https:\\\/\\\/alternativa3.com\\\/papilla-ecologica-5-cereales-bububio-200g\\\/#primaryimage\"},\"thumbnailUrl\":\"https:\\\/\\\/alternativa3.com\\\/wp-content\\\/uploads\\\/170001.png\",\"datePublished\":\"2025-09-24T14:41:20+00:00\",\"dateModified\":\"2026-05-04T11:43:07+00:00\",\"description\":\"Papilla suave y nutritiva con grano entero de arroz, mijo, quinoa, ma\u00edz y trigo sarraceno. Sin gluten, sin leche y sin az\u00facares a\u00f1adidos. Apta desde 6 meses.\",\"breadcrumb\":{\"@id\":\"https:\\\/\\\/alternativa3.com\\\/papilla-ecologica-5-cereales-bububio-200g\\\/#breadcrumb\"},\"inLanguage\":\"ca\",\"potentialAction\":[{\"@type\":\"ReadAction\",\"target\":[\"https:\\\/\\\/alternativa3.com\\\/papilla-ecologica-5-cereales-bububio-200g\\\/\"]}]},{\"@type\":\"ImageObject\",\"inLanguage\":\"ca\",\"@id\":\"https:\\\/\\\/alternativa3.com\\\/papilla-ecologica-5-cereales-bububio-200g\\\/#primaryimage\",\"url\":\"https:\\\/\\\/alternativa3.com\\\/wp-content\\\/uploads\\\/170001.png\",\"contentUrl\":\"https:\\\/\\\/alternativa3.com\\\/wp-content\\\/uploads\\\/170001.png\",\"width\":500,\"height\":500,\"caption\":\"Pack ahorro Papilla 5 cereales ecol\u00f3gica\"},{\"@type\":\"BreadcrumbList\",\"@id\":\"https:\\\/\\\/alternativa3.com\\\/papilla-ecologica-5-cereales-bububio-200g\\\/#breadcrumb\",\"itemListElement\":[{\"@type\":\"ListItem\",\"position\":1,\"name\":\"Portada\",\"item\":\"https:\\\/\\\/alternativa3.com\\\/\"},{\"@type\":\"ListItem\",\"position\":2,\"name\":\"Tienda\",\"item\":\"https:\\\/\\\/alternativa3.com\\\/tienda\\\/\"},{\"@type\":\"ListItem\",\"position\":3,\"name\":\"Papilla ecol\u00f3gica 5 cereales BuBuBio \u2013 200g\"}]},{\"@type\":\"WebSite\",\"@id\":\"https:\\\/\\\/alternativa3.com\\\/#website\",\"url\":\"https:\\\/\\\/alternativa3.com\\\/\",\"name\":\"AlterNativa3\",\"description\":\"Productos ecol\u00f3gicos de comercio justo\",\"publisher\":{\"@id\":\"https:\\\/\\\/alternativa3.com\\\/#organization\"},\"alternateName\":\"A3\",\"potentialAction\":[{\"@type\":\"SearchAction\",\"target\":{\"@type\":\"EntryPoint\",\"urlTemplate\":\"https:\\\/\\\/alternativa3.com\\\/?s={search_term_string}\"},\"query-input\":{\"@type\":\"PropertyValueSpecification\",\"valueRequired\":true,\"valueName\":\"search_term_string\"}}],\"inLanguage\":\"ca\"},{\"@type\":\"Organization\",\"@id\":\"https:\\\/\\\/alternativa3.com\\\/#organization\",\"name\":\"ALTERNATIVA3\",\"alternateName\":\"A3\",\"url\":\"https:\\\/\\\/alternativa3.com\\\/\",\"logo\":{\"@type\":\"ImageObject\",\"inLanguage\":\"ca\",\"@id\":\"https:\\\/\\\/alternativa3.com\\\/#\\\/schema\\\/logo\\\/image\\\/\",\"url\":\"https:\\\/\\\/alternativa3.com\\\/wp-content\\\/uploads\\\/logo-alternativa3.svg\",\"contentUrl\":\"https:\\\/\\\/alternativa3.com\\\/wp-content\\\/uploads\\\/logo-alternativa3.svg\",\"width\":73,\"height\":50,\"caption\":\"ALTERNATIVA3\"},\"image\":{\"@id\":\"https:\\\/\\\/alternativa3.com\\\/#\\\/schema\\\/logo\\\/image\\\/\"},\"sameAs\":[\"https:\\\/\\\/www.facebook.com\\\/alternativa3Scoop\",\"https:\\\/\\\/www.instagram.com\\\/alternativa3scoop\\\/\",\"https:\\\/\\\/www.youtube.com\\\/@Alternativa3\",\"https:\\\/\\\/es.linkedin.com\\\/company\\\/alternativa3\"]}]}<\/script>\n<!-- \/ Yoast SEO plugin. -->","yoast_head_json":{"title":"Farineta ecol\u00f2gica 5 cereals BuBuBio \u2013 200g - AlterNativa3","description":"Farineta suau i nutritiva amb gra sencer d&#039;arr\u00f2s, mill, quinoa, blat de moro i blat sarra\u00ed. Sense gluten, sense llet i sense sucres afegits. Apta des de 6 mesos.","robots":{"index":"index","follow":"follow","max-snippet":"max-snippet:-1","max-image-preview":"max-image-preview:large","max-video-preview":"max-video-preview:-1"},"canonical":"https:\/\/alternativa3.com\/ca\/farinetes-ecologiques-5-cereals-bububi-200g\/","og_locale":"ca_ES","og_type":"article","og_title":"Papilla ecol\u00f3gica 5 cereales BuBuBio \u2013 200g - AlterNativa3","og_description":"Papilla suave y nutritiva con grano entero de arroz, mijo, quinoa, ma\u00edz y trigo sarraceno. Sin gluten, sin leche y sin az\u00facares a\u00f1adidos. Apta desde 6 meses.","og_url":"https:\/\/alternativa3.com\/ca\/farinetes-ecologiques-5-cereals-bububi-200g\/","og_site_name":"AlterNativa3","article_publisher":"https:\/\/www.facebook.com\/alternativa3Scoop","article_modified_time":"2026-05-04T11:43:07+00:00","og_image":[{"width":500,"height":500,"url":"https:\/\/alternativa3.com\/wp-content\/uploads\/170001.png","type":"image\/png"}],"twitter_card":"summary_large_image","twitter_misc":{"Temps estimat de lectura":"3 minuts"},"schema":{"@context":"https:\/\/schema.org","@graph":[{"@type":"WebPage","@id":"https:\/\/alternativa3.com\/papilla-ecologica-5-cereales-bububio-200g\/","url":"https:\/\/alternativa3.com\/papilla-ecologica-5-cereales-bububio-200g\/","name":"Farineta ecol\u00f2gica 5 cereals BuBuBio \u2013 200g - AlterNativa3","isPartOf":{"@id":"https:\/\/alternativa3.com\/#website"},"primaryImageOfPage":{"@id":"https:\/\/alternativa3.com\/papilla-ecologica-5-cereales-bububio-200g\/#primaryimage"},"image":{"@id":"https:\/\/alternativa3.com\/papilla-ecologica-5-cereales-bububio-200g\/#primaryimage"},"thumbnailUrl":"https:\/\/alternativa3.com\/wp-content\/uploads\/170001.png","datePublished":"2025-09-24T14:41:20+00:00","dateModified":"2026-05-04T11:43:07+00:00","description":"Farineta suau i nutritiva amb gra sencer d&#039;arr\u00f2s, mill, quinoa, blat de moro i blat sarra\u00ed. Sense gluten, sense llet i sense sucres afegits. Apta des de 6 mesos.","breadcrumb":{"@id":"https:\/\/alternativa3.com\/papilla-ecologica-5-cereales-bububio-200g\/#breadcrumb"},"inLanguage":"ca","potentialAction":[{"@type":"ReadAction","target":["https:\/\/alternativa3.com\/papilla-ecologica-5-cereales-bububio-200g\/"]}]},{"@type":"ImageObject","inLanguage":"ca","@id":"https:\/\/alternativa3.com\/papilla-ecologica-5-cereales-bububio-200g\/#primaryimage","url":"https:\/\/alternativa3.com\/wp-content\/uploads\/170001.png","contentUrl":"https:\/\/alternativa3.com\/wp-content\/uploads\/170001.png","width":500,"height":500,"caption":"Pack ahorro Papilla 5 cereales ecol\u00f3gica"},{"@type":"BreadcrumbList","@id":"https:\/\/alternativa3.com\/papilla-ecologica-5-cereales-bububio-200g\/#breadcrumb","itemListElement":[{"@type":"ListItem","position":1,"name":"Portada","item":"https:\/\/alternativa3.com\/"},{"@type":"ListItem","position":2,"name":"Tienda","item":"https:\/\/alternativa3.com\/tienda\/"},{"@type":"ListItem","position":3,"name":"Papilla ecol\u00f3gica 5 cereales BuBuBio \u2013 200g"}]},{"@type":"WebSite","@id":"https:\/\/alternativa3.com\/#website","url":"https:\/\/alternativa3.com\/","name":"AlterNativa3","description":"Productes ecol\u00f2gics de comer\u00e7 just","publisher":{"@id":"https:\/\/alternativa3.com\/#organization"},"alternateName":"A3","potentialAction":[{"@type":"SearchAction","target":{"@type":"EntryPoint","urlTemplate":"https:\/\/alternativa3.com\/?s={search_term_string}"},"query-input":{"@type":"PropertyValueSpecification","valueRequired":true,"valueName":"search_term_string"}}],"inLanguage":"ca"},{"@type":"Organization","@id":"https:\/\/alternativa3.com\/#organization","name":"ALTERNATIVA3","alternateName":"A3","url":"https:\/\/alternativa3.com\/","logo":{"@type":"ImageObject","inLanguage":"ca","@id":"https:\/\/alternativa3.com\/#\/schema\/logo\/image\/","url":"https:\/\/alternativa3.com\/wp-content\/uploads\/logo-alternativa3.svg","contentUrl":"https:\/\/alternativa3.com\/wp-content\/uploads\/logo-alternativa3.svg","width":73,"height":50,"caption":"ALTERNATIVA3"},"image":{"@id":"https:\/\/alternativa3.com\/#\/schema\/logo\/image\/"},"sameAs":["https:\/\/www.facebook.com\/alternativa3Scoop","https:\/\/www.instagram.com\/alternativa3scoop\/","https:\/\/www.youtube.com\/@Alternativa3","https:\/\/es.linkedin.com\/company\/alternativa3"]}]}},"_links":{"self":[{"href":"https:\/\/alternativa3.com\/ca\/wp-json\/wp\/v2\/product\/35703","targetHints":{"allow":["GET"]}}],"collection":[{"href":"https:\/\/alternativa3.com\/ca\/wp-json\/wp\/v2\/product"}],"about":[{"href":"https:\/\/alternativa3.com\/ca\/wp-json\/wp\/v2\/types\/product"}],"wp:featuredmedia":[{"embeddable":true,"href":"https:\/\/alternativa3.com\/ca\/wp-json\/wp\/v2\/media\/35704"}],"wp:attachment":[{"href":"https:\/\/alternativa3.com\/ca\/wp-json\/wp\/v2\/media?parent=35703"}],"wp:term":[{"taxonomy":"product_brand","embeddable":true,"href":"https:\/\/alternativa3.com\/ca\/wp-json\/wp\/v2\/product_brand?post=35703"},{"taxonomy":"product_cat","embeddable":true,"href":"https:\/\/alternativa3.com\/ca\/wp-json\/wp\/v2\/product_cat?post=35703"},{"taxonomy":"product_tag","embeddable":true,"href":"https:\/\/alternativa3.com\/ca\/wp-json\/wp\/v2\/product_tag?post=35703"}],"curies":[{"name":"wp","href":"https:\/\/api.w.org\/{rel}","templated":true}]}}