{"id":33283,"date":"2025-03-18T09:39:33","date_gmt":"2025-03-18T08:39:33","guid":{"rendered":"https:\/\/alternativa3.com\/?post_type=product&#038;p=33283"},"modified":"2026-05-04T13:43:07","modified_gmt":"2026-05-04T11:43:07","slug":"cafe-keto-en-gra-amb-mct-de-coco-energia-i-textura-cremosa","status":"publish","type":"product","link":"https:\/\/alternativa3.com\/ca\/cafe-keto-en-gra-amb-mct-de-coco-energia-i-textura-cremosa\/","title":{"rendered":"Caf\u00e8 keto en gra amb MCT, energia i textura cremosa."},"content":{"rendered":"<p data-start=\"4602\" data-end=\"5017\">El Caf\u00e8 <strong>Keto en gra<\/strong> amb MCT de coco Trasnocho de Alternativa3 \u00e9s una opci\u00f3 irresistible per als que busquen un caf\u00e8 funcional amb una textura naturalment cremosa i una energia estable i perllongada. <strong>100% Ar\u00e0bica<\/strong> d&#039;origen Per\u00fa, MCT ecol\u00f2gic i coco ecol\u00f2gic, aquest caf\u00e8 proporciona una font d&#039;energia neta i sostinguda, ideal per a dietes keto, dejuni intermitent i rendiment f\u00edsic i mental.<\/p>\n<p data-start=\"5019\" data-end=\"5411\">El MCT s&#039;extreu del coco i s&#039;ha convertit en un pilar fonamental de la <strong>nutrici\u00f3 funcional<\/strong> a causa de la seva capacitat per optimitzar el metabolisme dels greixos i proporcionar energia r\u00e0pida sense alterar els nivells de sucre a la sang. La seva absorci\u00f3 directa converteix aquest caf\u00e8 en una opci\u00f3 perfecta per als que busquen m\u00e9s rendiment i sacietat sense sensaci\u00f3 de pesadesa.<\/p>\n<p data-start=\"5413\" data-end=\"5732\">El MCT ecol\u00f2gic aporta una textura naturalment cremosa i un toc de dol\u00e7or subtil, sense necessitat de sucres ni edulcorants. A m\u00e9s, les propietats<strong> antioxidants<\/strong> i el seu perfil nutricional ajuden a millorar la salut cardiovascular i la digesti\u00f3, fent aquest caf\u00e8 una alternativa deliciosa i funcional.<\/p>\n<p>El Caf\u00e8 Keto en gra amb MCT de coco Trasnocho de Alternativa3 \u00e9s molt \u00fatil <strong>per a esportistes<\/strong> ja que permet estalviar el glucogen emmagatzemat a nivell muscular i mant\u00e9 el cos en estat cet\u00f2nic, permetent que aquest cremi greixos en lloc de carbohidrats i \u00fatil per als que vulguin fer una dieta per aquestes propietats saciants i el seu increment d&#039;energia f\u00edsica i mental. Es presenta en gra sencer, assegurant la m\u00e0xima frescor i conservaci\u00f3 de les propietats. \u00c9s BIO, sense gluten, sense al\u00b7l\u00e8rgens i apte per a vegans, un caf\u00e8 dissenyat per gaudir sense compromisos.<\/p>","protected":false},"excerpt":{"rendered":"<p>Caf\u00e8 ecol\u00f2gic amb MCT de coco, energia keto i textura cremosa. Caf\u00e8 en gra 200g.<\/p>","protected":false},"featured_media":35849,"template":"","meta":{"inline_featured_image":false},"product_brand":[],"product_cat":[837,65,74],"product_tag":[],"class_list":{"0":"post-33283","1":"product","2":"type-product","3":"status-publish","4":"has-post-thumbnail","6":"product_cat-cafe-keto-en-grano-con-mct","7":"product_cat-cafe-en-grano","8":"product_cat-cafe-gourmet","10":"first","11":"instock","12":"taxable","13":"shipping-taxable","14":"purchasable","15":"product-type-simple"},"acf":[],"yoast_head":"<!-- This site is optimized with the Yoast SEO plugin v27.3 - https:\/\/yoast.com\/product\/yoast-seo-wordpress\/ -->\n<title>Caf\u00e9 keto en grano con MCT, energ\u00eda y textura cremosa. - AlterNativa3<\/title>\n<meta name=\"description\" content=\"Disfruta de un caf\u00e9 cremoso y lleno de energ\u00eda con el caf\u00e9 keto en grano con MCT , perfecto para la dieta keto, ayuno intermitente y rendimiento f\u00edsico.\" \/>\n<meta name=\"robots\" content=\"index, follow, max-snippet:-1, max-image-preview:large, max-video-preview:-1\" \/>\n<link rel=\"canonical\" href=\"https:\/\/alternativa3.com\/ca\/cafe-keto-en-gra-amb-mct-de-coco-energia-i-textura-cremosa\/\" \/>\n<meta property=\"og:locale\" content=\"ca_ES\" \/>\n<meta property=\"og:type\" content=\"article\" \/>\n<meta property=\"og:title\" content=\"Caf\u00e9 keto en grano con MCT, energ\u00eda y textura cremosa. - AlterNativa3\" \/>\n<meta property=\"og:description\" content=\"Disfruta de un caf\u00e9 cremoso y lleno de energ\u00eda con el caf\u00e9 keto en grano con MCT , perfecto para la dieta keto, ayuno intermitente y rendimiento f\u00edsico.\" \/>\n<meta property=\"og:url\" content=\"https:\/\/alternativa3.com\/ca\/cafe-keto-en-gra-amb-mct-de-coco-energia-i-textura-cremosa\/\" \/>\n<meta property=\"og:site_name\" content=\"AlterNativa3\" \/>\n<meta property=\"article:publisher\" content=\"https:\/\/www.facebook.com\/alternativa3Scoop\" \/>\n<meta property=\"article:modified_time\" content=\"2026-05-04T11:43:07+00:00\" \/>\n<meta property=\"og:image\" content=\"https:\/\/alternativa3.com\/wp-content\/uploads\/Trasnocho_keto_1.jpg\" \/>\n\t<meta property=\"og:image:width\" content=\"500\" \/>\n\t<meta property=\"og:image:height\" content=\"500\" \/>\n\t<meta property=\"og:image:type\" content=\"image\/jpeg\" \/>\n<meta name=\"twitter:card\" content=\"summary_large_image\" \/>\n<meta name=\"twitter:label1\" content=\"Temps estimat de lectura\" \/>\n\t<meta name=\"twitter:data1\" content=\"3 minuts\" \/>\n<script type=\"application\/ld+json\" class=\"yoast-schema-graph\">{\"@context\":\"https:\\\/\\\/schema.org\",\"@graph\":[{\"@type\":\"WebPage\",\"@id\":\"https:\\\/\\\/alternativa3.com\\\/cafe-keto-en-grano-con-mct-de-coco-energia-y-textura-cremosa\\\/\",\"url\":\"https:\\\/\\\/alternativa3.com\\\/cafe-keto-en-grano-con-mct-de-coco-energia-y-textura-cremosa\\\/\",\"name\":\"Caf\u00e9 keto en grano con MCT, energ\u00eda y textura cremosa. - AlterNativa3\",\"isPartOf\":{\"@id\":\"https:\\\/\\\/alternativa3.com\\\/#website\"},\"primaryImageOfPage\":{\"@id\":\"https:\\\/\\\/alternativa3.com\\\/cafe-keto-en-grano-con-mct-de-coco-energia-y-textura-cremosa\\\/#primaryimage\"},\"image\":{\"@id\":\"https:\\\/\\\/alternativa3.com\\\/cafe-keto-en-grano-con-mct-de-coco-energia-y-textura-cremosa\\\/#primaryimage\"},\"thumbnailUrl\":\"https:\\\/\\\/alternativa3.com\\\/wp-content\\\/uploads\\\/Trasnocho_keto_1.jpg\",\"datePublished\":\"2025-03-18T08:39:33+00:00\",\"dateModified\":\"2026-05-04T11:43:07+00:00\",\"description\":\"Disfruta de un caf\u00e9 cremoso y lleno de energ\u00eda con el caf\u00e9 keto en grano con MCT , perfecto para la dieta keto, ayuno intermitente y rendimiento f\u00edsico.\",\"breadcrumb\":{\"@id\":\"https:\\\/\\\/alternativa3.com\\\/cafe-keto-en-grano-con-mct-de-coco-energia-y-textura-cremosa\\\/#breadcrumb\"},\"inLanguage\":\"ca\",\"potentialAction\":[{\"@type\":\"ReadAction\",\"target\":[\"https:\\\/\\\/alternativa3.com\\\/cafe-keto-en-grano-con-mct-de-coco-energia-y-textura-cremosa\\\/\"]}]},{\"@type\":\"ImageObject\",\"inLanguage\":\"ca\",\"@id\":\"https:\\\/\\\/alternativa3.com\\\/cafe-keto-en-grano-con-mct-de-coco-energia-y-textura-cremosa\\\/#primaryimage\",\"url\":\"https:\\\/\\\/alternativa3.com\\\/wp-content\\\/uploads\\\/Trasnocho_keto_1.jpg\",\"contentUrl\":\"https:\\\/\\\/alternativa3.com\\\/wp-content\\\/uploads\\\/Trasnocho_keto_1.jpg\",\"width\":500,\"height\":500,\"caption\":\"Cafe keto con MCT ecol\u00f3gico Fairtrade\"},{\"@type\":\"BreadcrumbList\",\"@id\":\"https:\\\/\\\/alternativa3.com\\\/cafe-keto-en-grano-con-mct-de-coco-energia-y-textura-cremosa\\\/#breadcrumb\",\"itemListElement\":[{\"@type\":\"ListItem\",\"position\":1,\"name\":\"Portada\",\"item\":\"https:\\\/\\\/alternativa3.com\\\/\"},{\"@type\":\"ListItem\",\"position\":2,\"name\":\"Tienda\",\"item\":\"https:\\\/\\\/alternativa3.com\\\/tienda\\\/\"},{\"@type\":\"ListItem\",\"position\":3,\"name\":\"Caf\u00e9 keto en grano con MCT, energ\u00eda y textura cremosa.\"}]},{\"@type\":\"WebSite\",\"@id\":\"https:\\\/\\\/alternativa3.com\\\/#website\",\"url\":\"https:\\\/\\\/alternativa3.com\\\/\",\"name\":\"AlterNativa3\",\"description\":\"Productos ecol\u00f3gicos de comercio justo\",\"publisher\":{\"@id\":\"https:\\\/\\\/alternativa3.com\\\/#organization\"},\"alternateName\":\"A3\",\"potentialAction\":[{\"@type\":\"SearchAction\",\"target\":{\"@type\":\"EntryPoint\",\"urlTemplate\":\"https:\\\/\\\/alternativa3.com\\\/?s={search_term_string}\"},\"query-input\":{\"@type\":\"PropertyValueSpecification\",\"valueRequired\":true,\"valueName\":\"search_term_string\"}}],\"inLanguage\":\"ca\"},{\"@type\":\"Organization\",\"@id\":\"https:\\\/\\\/alternativa3.com\\\/#organization\",\"name\":\"ALTERNATIVA3\",\"alternateName\":\"A3\",\"url\":\"https:\\\/\\\/alternativa3.com\\\/\",\"logo\":{\"@type\":\"ImageObject\",\"inLanguage\":\"ca\",\"@id\":\"https:\\\/\\\/alternativa3.com\\\/#\\\/schema\\\/logo\\\/image\\\/\",\"url\":\"https:\\\/\\\/alternativa3.com\\\/wp-content\\\/uploads\\\/logo-alternativa3.svg\",\"contentUrl\":\"https:\\\/\\\/alternativa3.com\\\/wp-content\\\/uploads\\\/logo-alternativa3.svg\",\"width\":73,\"height\":50,\"caption\":\"ALTERNATIVA3\"},\"image\":{\"@id\":\"https:\\\/\\\/alternativa3.com\\\/#\\\/schema\\\/logo\\\/image\\\/\"},\"sameAs\":[\"https:\\\/\\\/www.facebook.com\\\/alternativa3Scoop\",\"https:\\\/\\\/www.instagram.com\\\/alternativa3scoop\\\/\",\"https:\\\/\\\/www.youtube.com\\\/@Alternativa3\",\"https:\\\/\\\/es.linkedin.com\\\/company\\\/alternativa3\"]}]}<\/script>\n<!-- \/ Yoast SEO plugin. -->","yoast_head_json":{"title":"Caf\u00e8 keto en gra amb MCT, energia i textura cremosa. - AlterNativa3","description":"Gaudeix d\u00b4un caf\u00e8 crem\u00f3s i ple d\u00b4energia amb el caf\u00e8 keto en gra amb MCT, perfecte per a la dieta keto, dejuni intermitent i rendiment f\u00edsic.","robots":{"index":"index","follow":"follow","max-snippet":"max-snippet:-1","max-image-preview":"max-image-preview:large","max-video-preview":"max-video-preview:-1"},"canonical":"https:\/\/alternativa3.com\/ca\/cafe-keto-en-gra-amb-mct-de-coco-energia-i-textura-cremosa\/","og_locale":"ca_ES","og_type":"article","og_title":"Caf\u00e9 keto en grano con MCT, energ\u00eda y textura cremosa. - AlterNativa3","og_description":"Disfruta de un caf\u00e9 cremoso y lleno de energ\u00eda con el caf\u00e9 keto en grano con MCT , perfecto para la dieta keto, ayuno intermitente y rendimiento f\u00edsico.","og_url":"https:\/\/alternativa3.com\/ca\/cafe-keto-en-gra-amb-mct-de-coco-energia-i-textura-cremosa\/","og_site_name":"AlterNativa3","article_publisher":"https:\/\/www.facebook.com\/alternativa3Scoop","article_modified_time":"2026-05-04T11:43:07+00:00","og_image":[{"width":500,"height":500,"url":"https:\/\/alternativa3.com\/wp-content\/uploads\/Trasnocho_keto_1.jpg","type":"image\/jpeg"}],"twitter_card":"summary_large_image","twitter_misc":{"Temps estimat de lectura":"3 minuts"},"schema":{"@context":"https:\/\/schema.org","@graph":[{"@type":"WebPage","@id":"https:\/\/alternativa3.com\/cafe-keto-en-grano-con-mct-de-coco-energia-y-textura-cremosa\/","url":"https:\/\/alternativa3.com\/cafe-keto-en-grano-con-mct-de-coco-energia-y-textura-cremosa\/","name":"Caf\u00e8 keto en gra amb MCT, energia i textura cremosa. - AlterNativa3","isPartOf":{"@id":"https:\/\/alternativa3.com\/#website"},"primaryImageOfPage":{"@id":"https:\/\/alternativa3.com\/cafe-keto-en-grano-con-mct-de-coco-energia-y-textura-cremosa\/#primaryimage"},"image":{"@id":"https:\/\/alternativa3.com\/cafe-keto-en-grano-con-mct-de-coco-energia-y-textura-cremosa\/#primaryimage"},"thumbnailUrl":"https:\/\/alternativa3.com\/wp-content\/uploads\/Trasnocho_keto_1.jpg","datePublished":"2025-03-18T08:39:33+00:00","dateModified":"2026-05-04T11:43:07+00:00","description":"Gaudeix d\u00b4un caf\u00e8 crem\u00f3s i ple d\u00b4energia amb el caf\u00e8 keto en gra amb MCT, perfecte per a la dieta keto, dejuni intermitent i rendiment f\u00edsic.","breadcrumb":{"@id":"https:\/\/alternativa3.com\/cafe-keto-en-grano-con-mct-de-coco-energia-y-textura-cremosa\/#breadcrumb"},"inLanguage":"ca","potentialAction":[{"@type":"ReadAction","target":["https:\/\/alternativa3.com\/cafe-keto-en-grano-con-mct-de-coco-energia-y-textura-cremosa\/"]}]},{"@type":"ImageObject","inLanguage":"ca","@id":"https:\/\/alternativa3.com\/cafe-keto-en-grano-con-mct-de-coco-energia-y-textura-cremosa\/#primaryimage","url":"https:\/\/alternativa3.com\/wp-content\/uploads\/Trasnocho_keto_1.jpg","contentUrl":"https:\/\/alternativa3.com\/wp-content\/uploads\/Trasnocho_keto_1.jpg","width":500,"height":500,"caption":"Cafe keto con MCT ecol\u00f3gico Fairtrade"},{"@type":"BreadcrumbList","@id":"https:\/\/alternativa3.com\/cafe-keto-en-grano-con-mct-de-coco-energia-y-textura-cremosa\/#breadcrumb","itemListElement":[{"@type":"ListItem","position":1,"name":"Portada","item":"https:\/\/alternativa3.com\/"},{"@type":"ListItem","position":2,"name":"Tienda","item":"https:\/\/alternativa3.com\/tienda\/"},{"@type":"ListItem","position":3,"name":"Caf\u00e9 keto en grano con MCT, energ\u00eda y textura cremosa."}]},{"@type":"WebSite","@id":"https:\/\/alternativa3.com\/#website","url":"https:\/\/alternativa3.com\/","name":"AlterNativa3","description":"Productes ecol\u00f2gics de comer\u00e7 just","publisher":{"@id":"https:\/\/alternativa3.com\/#organization"},"alternateName":"A3","potentialAction":[{"@type":"SearchAction","target":{"@type":"EntryPoint","urlTemplate":"https:\/\/alternativa3.com\/?s={search_term_string}"},"query-input":{"@type":"PropertyValueSpecification","valueRequired":true,"valueName":"search_term_string"}}],"inLanguage":"ca"},{"@type":"Organization","@id":"https:\/\/alternativa3.com\/#organization","name":"ALTERNATIVA3","alternateName":"A3","url":"https:\/\/alternativa3.com\/","logo":{"@type":"ImageObject","inLanguage":"ca","@id":"https:\/\/alternativa3.com\/#\/schema\/logo\/image\/","url":"https:\/\/alternativa3.com\/wp-content\/uploads\/logo-alternativa3.svg","contentUrl":"https:\/\/alternativa3.com\/wp-content\/uploads\/logo-alternativa3.svg","width":73,"height":50,"caption":"ALTERNATIVA3"},"image":{"@id":"https:\/\/alternativa3.com\/#\/schema\/logo\/image\/"},"sameAs":["https:\/\/www.facebook.com\/alternativa3Scoop","https:\/\/www.instagram.com\/alternativa3scoop\/","https:\/\/www.youtube.com\/@Alternativa3","https:\/\/es.linkedin.com\/company\/alternativa3"]}]}},"_links":{"self":[{"href":"https:\/\/alternativa3.com\/ca\/wp-json\/wp\/v2\/product\/33283","targetHints":{"allow":["GET"]}}],"collection":[{"href":"https:\/\/alternativa3.com\/ca\/wp-json\/wp\/v2\/product"}],"about":[{"href":"https:\/\/alternativa3.com\/ca\/wp-json\/wp\/v2\/types\/product"}],"wp:featuredmedia":[{"embeddable":true,"href":"https:\/\/alternativa3.com\/ca\/wp-json\/wp\/v2\/media\/35849"}],"wp:attachment":[{"href":"https:\/\/alternativa3.com\/ca\/wp-json\/wp\/v2\/media?parent=33283"}],"wp:term":[{"taxonomy":"product_brand","embeddable":true,"href":"https:\/\/alternativa3.com\/ca\/wp-json\/wp\/v2\/product_brand?post=33283"},{"taxonomy":"product_cat","embeddable":true,"href":"https:\/\/alternativa3.com\/ca\/wp-json\/wp\/v2\/product_cat?post=33283"},{"taxonomy":"product_tag","embeddable":true,"href":"https:\/\/alternativa3.com\/ca\/wp-json\/wp\/v2\/product_tag?post=33283"}],"curies":[{"name":"wp","href":"https:\/\/api.w.org\/{rel}","templated":true}]}}