{"id":23231,"date":"2022-09-10T05:03:53","date_gmt":"2022-09-10T04:03:53","guid":{"rendered":"https:\/\/alternativa3.com\/sin%20categor\u00eda\/bolsa-algodon-kalamkari-nativa-40x40cm-india\/"},"modified":"2026-05-07T17:41:21","modified_gmt":"2026-05-07T15:41:21","slug":"bossa-coto-kalamkari-nativa-40x40cm-india","status":"publish","type":"product","link":"https:\/\/alternativa3.com\/ca\/bolsa-algodon-kalamkari-nativa-40x40cm-india\/","title":{"rendered":"Bossa Cot\u00f3 Kalamkari Nativa 40x40cm \u00cdndia"},"content":{"rendered":"<p>Bosses de cot\u00f3 100%<\/p>\n<p>-Fetes a \u00cdndia per la cooperativa de comer\u00e7 just Fair Gift. Fair Gift: \u00e9s una cooperativa de comer\u00e7 just de Chennai, capital de l&#039;estat de Tamil Nadu, que des del 2013, es dediquen a la producci\u00f3 d&#039;artesanies i t\u00e8xtils<\/p>\n<p>-Amb la compra d&#039;aquesta bossa contribueixes a fer que les dones que la fan tinguin unes millors condicions de vida gr\u00e0cies al fruit de la feina.<\/p>\n<p>-Kalamkari: est\u00e0 feta amb la t\u00e8cnica Kalamkari, una t\u00e8cnica ancestral d&#039;estampaci\u00f3. Nom\u00e9s sutilitzen 100% tints naturals. La paraula Kalamkari procedeix de la paraula turca Kalam que significa \u201cc\u00e0lam\u201d, l&#039;utensili usat per realitzar aquests estampats.<br \/>\nEls colors s&#039;obtenen bullint diferents plantes, les arrels, les tiges i\/o les flors, depenent del color que es vol extreure. Hi ha una sola excepci\u00f3 que no procedeix de les plantes: el negre, que s&#039;extreu del ferro.<br \/>\nLes teles es pinten a m\u00e0 amb l?ajuda d?una ploma (kama) o per xilografia. Els contorns i els motius es dibuixen amb una punta de bamb\u00fa mullada en una barreja de jagr\u00e9 fermentat i d&#039;aigua; aplicant despr\u00e9s les tintures vegetals una a una.<br \/>\nDespr\u00e9s de cada color, el kalamkari es renta aix\u00ed que cada teixit pot patir fins a 20 rentats. El proc\u00e9s complet triga uns 40 dies.<\/p>\n<p>-Pr\u00e0ctiques: es pleguen dins de la bossa m\u00e9s petita per portar-la c\u00f2modament amb tu sempre.<\/p>\n<p>-Reutilitzables i ecofriendly.<\/p>","protected":false},"excerpt":{"rendered":"<p>Bosses de cot\u00f3 fetes a \u00cdndia amb el m\u00e8tode tradicional Kalamkari, per l&#039;organitzaci\u00f3 de comer\u00e7 just Fair Gift.<\/p>","protected":false},"featured_media":23388,"template":"","meta":{"inline_featured_image":false},"product_brand":[],"product_cat":[82],"product_tag":[],"class_list":{"0":"post-23231","1":"product","2":"type-product","3":"status-publish","4":"has-post-thumbnail","6":"product_cat-bolsas","8":"first","9":"instock","10":"taxable","11":"shipping-taxable","12":"purchasable","13":"product-type-simple"},"acf":[],"yoast_head":"<!-- This site is optimized with the Yoast SEO plugin v27.5 - https:\/\/yoast.com\/product\/yoast-seo-wordpress\/ -->\n<title>Bolsa Algod\u00f3n Kalamkari Nativa 40x40cm India - AlterNativa3<\/title>\n<meta name=\"robots\" content=\"index, follow, max-snippet:-1, max-image-preview:large, max-video-preview:-1\" \/>\n<link rel=\"canonical\" href=\"https:\/\/alternativa3.com\/ca\/bossa-coto-kalamkari-nativa-40x40cm-india\/\" \/>\n<meta property=\"og:locale\" content=\"ca_ES\" \/>\n<meta property=\"og:type\" content=\"article\" \/>\n<meta property=\"og:title\" content=\"Bolsa Algod\u00f3n Kalamkari Nativa 40x40cm India - AlterNativa3\" \/>\n<meta property=\"og:description\" content=\"Bolsas de algod\u00f3n hechas en India con el m\u00e9todo tradicional Kalamkari, por la organizaci\u00f3n de comercio justo Fair Gift.\" \/>\n<meta property=\"og:url\" content=\"https:\/\/alternativa3.com\/ca\/bossa-coto-kalamkari-nativa-40x40cm-india\/\" \/>\n<meta property=\"og:site_name\" content=\"AlterNativa3\" \/>\n<meta property=\"article:publisher\" content=\"https:\/\/www.facebook.com\/alternativa3Scoop\" \/>\n<meta property=\"article:modified_time\" content=\"2026-05-07T15:41:21+00:00\" \/>\n<meta property=\"og:image\" content=\"https:\/\/alternativa3.com\/wp-content\/uploads\/384150_2.jpg\" \/>\n\t<meta property=\"og:image:width\" content=\"1000\" \/>\n\t<meta property=\"og:image:height\" content=\"1000\" \/>\n\t<meta property=\"og:image:type\" content=\"image\/jpeg\" \/>\n<meta name=\"twitter:card\" content=\"summary_large_image\" \/>\n<meta name=\"twitter:label1\" content=\"Temps estimat de lectura\" \/>\n\t<meta name=\"twitter:data1\" content=\"2 minuts\" \/>\n<script type=\"application\/ld+json\" class=\"yoast-schema-graph\">{\"@context\":\"https:\\\/\\\/schema.org\",\"@graph\":[{\"@type\":\"WebPage\",\"@id\":\"https:\\\/\\\/alternativa3.com\\\/bolsa-algodon-kalamkari-nativa-40x40cm-india\\\/\",\"url\":\"https:\\\/\\\/alternativa3.com\\\/bolsa-algodon-kalamkari-nativa-40x40cm-india\\\/\",\"name\":\"Bolsa Algod\u00f3n Kalamkari Nativa 40x40cm India - AlterNativa3\",\"isPartOf\":{\"@id\":\"https:\\\/\\\/alternativa3.com\\\/#website\"},\"primaryImageOfPage\":{\"@id\":\"https:\\\/\\\/alternativa3.com\\\/bolsa-algodon-kalamkari-nativa-40x40cm-india\\\/#primaryimage\"},\"image\":{\"@id\":\"https:\\\/\\\/alternativa3.com\\\/bolsa-algodon-kalamkari-nativa-40x40cm-india\\\/#primaryimage\"},\"thumbnailUrl\":\"https:\\\/\\\/alternativa3.com\\\/wp-content\\\/uploads\\\/384150_2.jpg\",\"datePublished\":\"2022-09-10T04:03:53+00:00\",\"dateModified\":\"2026-05-07T15:41:21+00:00\",\"breadcrumb\":{\"@id\":\"https:\\\/\\\/alternativa3.com\\\/bolsa-algodon-kalamkari-nativa-40x40cm-india\\\/#breadcrumb\"},\"inLanguage\":\"ca\",\"potentialAction\":[{\"@type\":\"ReadAction\",\"target\":[\"https:\\\/\\\/alternativa3.com\\\/bolsa-algodon-kalamkari-nativa-40x40cm-india\\\/\"]}]},{\"@type\":\"ImageObject\",\"inLanguage\":\"ca\",\"@id\":\"https:\\\/\\\/alternativa3.com\\\/bolsa-algodon-kalamkari-nativa-40x40cm-india\\\/#primaryimage\",\"url\":\"https:\\\/\\\/alternativa3.com\\\/wp-content\\\/uploads\\\/384150_2.jpg\",\"contentUrl\":\"https:\\\/\\\/alternativa3.com\\\/wp-content\\\/uploads\\\/384150_2.jpg\",\"width\":1000,\"height\":1000},{\"@type\":\"BreadcrumbList\",\"@id\":\"https:\\\/\\\/alternativa3.com\\\/bolsa-algodon-kalamkari-nativa-40x40cm-india\\\/#breadcrumb\",\"itemListElement\":[{\"@type\":\"ListItem\",\"position\":1,\"name\":\"Portada\",\"item\":\"https:\\\/\\\/alternativa3.com\\\/\"},{\"@type\":\"ListItem\",\"position\":2,\"name\":\"Tienda\",\"item\":\"https:\\\/\\\/alternativa3.com\\\/tienda\\\/\"},{\"@type\":\"ListItem\",\"position\":3,\"name\":\"Bolsa Algod\u00f3n Kalamkari Nativa 40x40cm India\"}]},{\"@type\":\"WebSite\",\"@id\":\"https:\\\/\\\/alternativa3.com\\\/#website\",\"url\":\"https:\\\/\\\/alternativa3.com\\\/\",\"name\":\"AlterNativa3\",\"description\":\"Productos ecol\u00f3gicos de comercio justo\",\"publisher\":{\"@id\":\"https:\\\/\\\/alternativa3.com\\\/#organization\"},\"alternateName\":\"A3\",\"potentialAction\":[{\"@type\":\"SearchAction\",\"target\":{\"@type\":\"EntryPoint\",\"urlTemplate\":\"https:\\\/\\\/alternativa3.com\\\/?s={search_term_string}\"},\"query-input\":{\"@type\":\"PropertyValueSpecification\",\"valueRequired\":true,\"valueName\":\"search_term_string\"}}],\"inLanguage\":\"ca\"},{\"@type\":\"Organization\",\"@id\":\"https:\\\/\\\/alternativa3.com\\\/#organization\",\"name\":\"ALTERNATIVA3\",\"alternateName\":\"A3\",\"url\":\"https:\\\/\\\/alternativa3.com\\\/\",\"logo\":{\"@type\":\"ImageObject\",\"inLanguage\":\"ca\",\"@id\":\"https:\\\/\\\/alternativa3.com\\\/#\\\/schema\\\/logo\\\/image\\\/\",\"url\":\"https:\\\/\\\/alternativa3.com\\\/wp-content\\\/uploads\\\/logo-alternativa3.svg\",\"contentUrl\":\"https:\\\/\\\/alternativa3.com\\\/wp-content\\\/uploads\\\/logo-alternativa3.svg\",\"width\":73,\"height\":50,\"caption\":\"ALTERNATIVA3\"},\"image\":{\"@id\":\"https:\\\/\\\/alternativa3.com\\\/#\\\/schema\\\/logo\\\/image\\\/\"},\"sameAs\":[\"https:\\\/\\\/www.facebook.com\\\/alternativa3Scoop\",\"https:\\\/\\\/www.instagram.com\\\/alternativa3scoop\\\/\",\"https:\\\/\\\/www.youtube.com\\\/@Alternativa3\",\"https:\\\/\\\/es.linkedin.com\\\/company\\\/alternativa3\"]}]}<\/script>\n<!-- \/ Yoast SEO plugin. -->","yoast_head_json":{"title":"Bossa Cot\u00f3 Kalamkari Nativa 40x40cm \u00cdndia - AlterNativa3","robots":{"index":"index","follow":"follow","max-snippet":"max-snippet:-1","max-image-preview":"max-image-preview:large","max-video-preview":"max-video-preview:-1"},"canonical":"https:\/\/alternativa3.com\/ca\/bossa-coto-kalamkari-nativa-40x40cm-india\/","og_locale":"ca_ES","og_type":"article","og_title":"Bolsa Algod\u00f3n Kalamkari Nativa 40x40cm India - AlterNativa3","og_description":"Bolsas de algod\u00f3n hechas en India con el m\u00e9todo tradicional Kalamkari, por la organizaci\u00f3n de comercio justo Fair Gift.","og_url":"https:\/\/alternativa3.com\/ca\/bossa-coto-kalamkari-nativa-40x40cm-india\/","og_site_name":"AlterNativa3","article_publisher":"https:\/\/www.facebook.com\/alternativa3Scoop","article_modified_time":"2026-05-07T15:41:21+00:00","og_image":[{"width":1000,"height":1000,"url":"https:\/\/alternativa3.com\/wp-content\/uploads\/384150_2.jpg","type":"image\/jpeg"}],"twitter_card":"summary_large_image","twitter_misc":{"Temps estimat de lectura":"2 minuts"},"schema":{"@context":"https:\/\/schema.org","@graph":[{"@type":"WebPage","@id":"https:\/\/alternativa3.com\/bolsa-algodon-kalamkari-nativa-40x40cm-india\/","url":"https:\/\/alternativa3.com\/bolsa-algodon-kalamkari-nativa-40x40cm-india\/","name":"Bossa Cot\u00f3 Kalamkari Nativa 40x40cm \u00cdndia - AlterNativa3","isPartOf":{"@id":"https:\/\/alternativa3.com\/#website"},"primaryImageOfPage":{"@id":"https:\/\/alternativa3.com\/bolsa-algodon-kalamkari-nativa-40x40cm-india\/#primaryimage"},"image":{"@id":"https:\/\/alternativa3.com\/bolsa-algodon-kalamkari-nativa-40x40cm-india\/#primaryimage"},"thumbnailUrl":"https:\/\/alternativa3.com\/wp-content\/uploads\/384150_2.jpg","datePublished":"2022-09-10T04:03:53+00:00","dateModified":"2026-05-07T15:41:21+00:00","breadcrumb":{"@id":"https:\/\/alternativa3.com\/bolsa-algodon-kalamkari-nativa-40x40cm-india\/#breadcrumb"},"inLanguage":"ca","potentialAction":[{"@type":"ReadAction","target":["https:\/\/alternativa3.com\/bolsa-algodon-kalamkari-nativa-40x40cm-india\/"]}]},{"@type":"ImageObject","inLanguage":"ca","@id":"https:\/\/alternativa3.com\/bolsa-algodon-kalamkari-nativa-40x40cm-india\/#primaryimage","url":"https:\/\/alternativa3.com\/wp-content\/uploads\/384150_2.jpg","contentUrl":"https:\/\/alternativa3.com\/wp-content\/uploads\/384150_2.jpg","width":1000,"height":1000},{"@type":"BreadcrumbList","@id":"https:\/\/alternativa3.com\/bolsa-algodon-kalamkari-nativa-40x40cm-india\/#breadcrumb","itemListElement":[{"@type":"ListItem","position":1,"name":"Portada","item":"https:\/\/alternativa3.com\/"},{"@type":"ListItem","position":2,"name":"Tienda","item":"https:\/\/alternativa3.com\/tienda\/"},{"@type":"ListItem","position":3,"name":"Bolsa Algod\u00f3n Kalamkari Nativa 40x40cm India"}]},{"@type":"WebSite","@id":"https:\/\/alternativa3.com\/#website","url":"https:\/\/alternativa3.com\/","name":"AlterNativa3","description":"Productes ecol\u00f2gics de comer\u00e7 just","publisher":{"@id":"https:\/\/alternativa3.com\/#organization"},"alternateName":"A3","potentialAction":[{"@type":"SearchAction","target":{"@type":"EntryPoint","urlTemplate":"https:\/\/alternativa3.com\/?s={search_term_string}"},"query-input":{"@type":"PropertyValueSpecification","valueRequired":true,"valueName":"search_term_string"}}],"inLanguage":"ca"},{"@type":"Organization","@id":"https:\/\/alternativa3.com\/#organization","name":"ALTERNATIVA3","alternateName":"A3","url":"https:\/\/alternativa3.com\/","logo":{"@type":"ImageObject","inLanguage":"ca","@id":"https:\/\/alternativa3.com\/#\/schema\/logo\/image\/","url":"https:\/\/alternativa3.com\/wp-content\/uploads\/logo-alternativa3.svg","contentUrl":"https:\/\/alternativa3.com\/wp-content\/uploads\/logo-alternativa3.svg","width":73,"height":50,"caption":"ALTERNATIVA3"},"image":{"@id":"https:\/\/alternativa3.com\/#\/schema\/logo\/image\/"},"sameAs":["https:\/\/www.facebook.com\/alternativa3Scoop","https:\/\/www.instagram.com\/alternativa3scoop\/","https:\/\/www.youtube.com\/@Alternativa3","https:\/\/es.linkedin.com\/company\/alternativa3"]}]}},"_links":{"self":[{"href":"https:\/\/alternativa3.com\/ca\/wp-json\/wp\/v2\/product\/23231","targetHints":{"allow":["GET"]}}],"collection":[{"href":"https:\/\/alternativa3.com\/ca\/wp-json\/wp\/v2\/product"}],"about":[{"href":"https:\/\/alternativa3.com\/ca\/wp-json\/wp\/v2\/types\/product"}],"wp:featuredmedia":[{"embeddable":true,"href":"https:\/\/alternativa3.com\/ca\/wp-json\/wp\/v2\/media\/23388"}],"wp:attachment":[{"href":"https:\/\/alternativa3.com\/ca\/wp-json\/wp\/v2\/media?parent=23231"}],"wp:term":[{"taxonomy":"product_brand","embeddable":true,"href":"https:\/\/alternativa3.com\/ca\/wp-json\/wp\/v2\/product_brand?post=23231"},{"taxonomy":"product_cat","embeddable":true,"href":"https:\/\/alternativa3.com\/ca\/wp-json\/wp\/v2\/product_cat?post=23231"},{"taxonomy":"product_tag","embeddable":true,"href":"https:\/\/alternativa3.com\/ca\/wp-json\/wp\/v2\/product_tag?post=23231"}],"curies":[{"name":"wp","href":"https:\/\/api.w.org\/{rel}","templated":true}]}}