{"id":19222,"date":"2021-06-11T13:18:36","date_gmt":"2021-06-11T12:18:36","guid":{"rendered":"https:\/\/beta.alternativa3.com\/?post_type=product&#038;p=19222"},"modified":"2026-05-04T13:45:24","modified_gmt":"2026-05-04T11:45:24","slug":"capsules-de-cafe-descafeinat-bio-fairtrade-10unitats-5g","status":"publish","type":"product","link":"https:\/\/alternativa3.com\/ca\/capsules-de-cafe-descafeinat-bio-fairtrade-10unitats-5g\/","title":{"rendered":"C\u00e0psules TUV de caf\u00e8 Descafe\u00efnat Bio Fairtrade 10 unitats 5g"},"content":{"rendered":"","protected":false},"excerpt":{"rendered":"<p>C\u00e0psules compostables de caf\u00e8 Descafe\u00efnat, ecol\u00f2gic de comer\u00e7 just, Fairtrade, 100% Arabica, compatibles amb m\u00e0quines Nespresso\u00ae*.<\/p>","protected":false},"featured_media":629,"template":"","meta":{"inline_featured_image":false},"product_brand":[],"product_cat":[36,71],"product_tag":[],"class_list":{"0":"post-19222","1":"product","2":"type-product","3":"status-publish","4":"has-post-thumbnail","6":"product_cat-cafe","7":"product_cat-capsulas-de-cafe","9":"first","10":"instock","11":"taxable","12":"shipping-taxable","13":"purchasable","14":"product-type-variable","15":"rtwpvg-product"},"acf":[],"yoast_head":"<!-- This site is optimized with the Yoast SEO plugin v27.3 - https:\/\/yoast.com\/product\/yoast-seo-wordpress\/ -->\n<title>C\u00e1psulas de caf\u00e9 Descafeinado BIO-FT .100 % Ar\u00e1bica, compostables<\/title>\n<meta name=\"description\" content=\"C\u00e1psulas de caf\u00e9 Descafeinado con un sabor aut\u00e9ntico y delicado. 100 % Ar\u00e1bica, ecol\u00f3gicas y compostables. Haz tu pedido, disfruta y apoya el comercio justo.\" \/>\n<meta name=\"robots\" content=\"index, follow, max-snippet:-1, max-image-preview:large, max-video-preview:-1\" \/>\n<link rel=\"canonical\" href=\"https:\/\/alternativa3.com\/ca\/capsules-de-cafe-descafeinat-bio-fairtrade-10unitats-5g\/\" \/>\n<meta property=\"og:locale\" content=\"ca_ES\" \/>\n<meta property=\"og:type\" content=\"article\" \/>\n<meta property=\"og:title\" content=\"C\u00e1psulas de caf\u00e9 Descafeinado BIO-FT .100 % Ar\u00e1bica, compostables\" \/>\n<meta property=\"og:description\" content=\"C\u00e1psulas de caf\u00e9 Descafeinado con un sabor aut\u00e9ntico y delicado. 100 % Ar\u00e1bica, ecol\u00f3gicas y compostables. Haz tu pedido, disfruta y apoya el comercio justo.\" \/>\n<meta property=\"og:url\" content=\"https:\/\/alternativa3.com\/ca\/capsules-de-cafe-descafeinat-bio-fairtrade-10unitats-5g\/\" \/>\n<meta property=\"og:site_name\" content=\"AlterNativa3\" \/>\n<meta property=\"article:publisher\" content=\"https:\/\/www.facebook.com\/alternativa3Scoop\" \/>\n<meta property=\"article:modified_time\" content=\"2026-05-04T11:45:24+00:00\" \/>\n<meta property=\"og:image\" content=\"https:\/\/alternativa3.com\/wp-content\/uploads\/005013.jpg\" \/>\n\t<meta property=\"og:image:width\" content=\"1400\" \/>\n\t<meta property=\"og:image:height\" content=\"1400\" \/>\n\t<meta property=\"og:image:type\" content=\"image\/jpeg\" \/>\n<meta name=\"twitter:card\" content=\"summary_large_image\" \/>\n<meta name=\"twitter:label1\" content=\"Temps estimat de lectura\" \/>\n\t<meta name=\"twitter:data1\" content=\"3 minuts\" \/>\n<script type=\"application\/ld+json\" class=\"yoast-schema-graph\">{\"@context\":\"https:\\\/\\\/schema.org\",\"@graph\":[{\"@type\":\"WebPage\",\"@id\":\"https:\\\/\\\/alternativa3.com\\\/capsulas-de-cafe-descafeinado-bio-fairtrade-10unidades-5g\\\/\",\"url\":\"https:\\\/\\\/alternativa3.com\\\/capsulas-de-cafe-descafeinado-bio-fairtrade-10unidades-5g\\\/\",\"name\":\"C\u00e1psulas de caf\u00e9 Descafeinado BIO-FT .100 % Ar\u00e1bica, compostables\",\"isPartOf\":{\"@id\":\"https:\\\/\\\/alternativa3.com\\\/#website\"},\"primaryImageOfPage\":{\"@id\":\"https:\\\/\\\/alternativa3.com\\\/capsulas-de-cafe-descafeinado-bio-fairtrade-10unidades-5g\\\/#primaryimage\"},\"image\":{\"@id\":\"https:\\\/\\\/alternativa3.com\\\/capsulas-de-cafe-descafeinado-bio-fairtrade-10unidades-5g\\\/#primaryimage\"},\"thumbnailUrl\":\"https:\\\/\\\/alternativa3.com\\\/wp-content\\\/uploads\\\/005013.jpg\",\"datePublished\":\"2021-06-11T12:18:36+00:00\",\"dateModified\":\"2026-05-04T11:45:24+00:00\",\"description\":\"C\u00e1psulas de caf\u00e9 Descafeinado con un sabor aut\u00e9ntico y delicado. 100 % Ar\u00e1bica, ecol\u00f3gicas y compostables. Haz tu pedido, disfruta y apoya el comercio justo.\",\"breadcrumb\":{\"@id\":\"https:\\\/\\\/alternativa3.com\\\/capsulas-de-cafe-descafeinado-bio-fairtrade-10unidades-5g\\\/#breadcrumb\"},\"inLanguage\":\"ca\",\"potentialAction\":[{\"@type\":\"ReadAction\",\"target\":[\"https:\\\/\\\/alternativa3.com\\\/capsulas-de-cafe-descafeinado-bio-fairtrade-10unidades-5g\\\/\"]}]},{\"@type\":\"ImageObject\",\"inLanguage\":\"ca\",\"@id\":\"https:\\\/\\\/alternativa3.com\\\/capsulas-de-cafe-descafeinado-bio-fairtrade-10unidades-5g\\\/#primaryimage\",\"url\":\"https:\\\/\\\/alternativa3.com\\\/wp-content\\\/uploads\\\/005013.jpg\",\"contentUrl\":\"https:\\\/\\\/alternativa3.com\\\/wp-content\\\/uploads\\\/005013.jpg\",\"width\":1400,\"height\":1400},{\"@type\":\"BreadcrumbList\",\"@id\":\"https:\\\/\\\/alternativa3.com\\\/capsulas-de-cafe-descafeinado-bio-fairtrade-10unidades-5g\\\/#breadcrumb\",\"itemListElement\":[{\"@type\":\"ListItem\",\"position\":1,\"name\":\"Portada\",\"item\":\"https:\\\/\\\/alternativa3.com\\\/\"},{\"@type\":\"ListItem\",\"position\":2,\"name\":\"Tienda\",\"item\":\"https:\\\/\\\/alternativa3.com\\\/tienda\\\/\"},{\"@type\":\"ListItem\",\"position\":3,\"name\":\"C\u00e1psulas TUV de caf\u00e9 Descafeinado Bio Fairtrade 10 unidades 5g\"}]},{\"@type\":\"WebSite\",\"@id\":\"https:\\\/\\\/alternativa3.com\\\/#website\",\"url\":\"https:\\\/\\\/alternativa3.com\\\/\",\"name\":\"AlterNativa3\",\"description\":\"Productos ecol\u00f3gicos de comercio justo\",\"publisher\":{\"@id\":\"https:\\\/\\\/alternativa3.com\\\/#organization\"},\"alternateName\":\"A3\",\"potentialAction\":[{\"@type\":\"SearchAction\",\"target\":{\"@type\":\"EntryPoint\",\"urlTemplate\":\"https:\\\/\\\/alternativa3.com\\\/?s={search_term_string}\"},\"query-input\":{\"@type\":\"PropertyValueSpecification\",\"valueRequired\":true,\"valueName\":\"search_term_string\"}}],\"inLanguage\":\"ca\"},{\"@type\":\"Organization\",\"@id\":\"https:\\\/\\\/alternativa3.com\\\/#organization\",\"name\":\"ALTERNATIVA3\",\"alternateName\":\"A3\",\"url\":\"https:\\\/\\\/alternativa3.com\\\/\",\"logo\":{\"@type\":\"ImageObject\",\"inLanguage\":\"ca\",\"@id\":\"https:\\\/\\\/alternativa3.com\\\/#\\\/schema\\\/logo\\\/image\\\/\",\"url\":\"https:\\\/\\\/alternativa3.com\\\/wp-content\\\/uploads\\\/logo-alternativa3.svg\",\"contentUrl\":\"https:\\\/\\\/alternativa3.com\\\/wp-content\\\/uploads\\\/logo-alternativa3.svg\",\"width\":73,\"height\":50,\"caption\":\"ALTERNATIVA3\"},\"image\":{\"@id\":\"https:\\\/\\\/alternativa3.com\\\/#\\\/schema\\\/logo\\\/image\\\/\"},\"sameAs\":[\"https:\\\/\\\/www.facebook.com\\\/alternativa3Scoop\",\"https:\\\/\\\/www.instagram.com\\\/alternativa3scoop\\\/\",\"https:\\\/\\\/www.youtube.com\\\/@Alternativa3\",\"https:\\\/\\\/es.linkedin.com\\\/company\\\/alternativa3\"]}]}<\/script>\n<!-- \/ Yoast SEO plugin. -->","yoast_head_json":{"title":"C\u00e0psules de caf\u00e8 Descafe\u00efnat BIO-FT .100 % Ar\u00e0biga, compostables","description":"C\u00e0psules de caf\u00e8 Descafe\u00efnat amb un sabor aut\u00e8ntic i delicat. 100 % Ar\u00e0bica, ecol\u00f2giques i compostables.","robots":{"index":"index","follow":"follow","max-snippet":"max-snippet:-1","max-image-preview":"max-image-preview:large","max-video-preview":"max-video-preview:-1"},"canonical":"https:\/\/alternativa3.com\/ca\/capsules-de-cafe-descafeinat-bio-fairtrade-10unitats-5g\/","og_locale":"ca_ES","og_type":"article","og_title":"C\u00e1psulas de caf\u00e9 Descafeinado BIO-FT .100 % Ar\u00e1bica, compostables","og_description":"C\u00e1psulas de caf\u00e9 Descafeinado con un sabor aut\u00e9ntico y delicado. 100 % Ar\u00e1bica, ecol\u00f3gicas y compostables. Haz tu pedido, disfruta y apoya el comercio justo.","og_url":"https:\/\/alternativa3.com\/ca\/capsules-de-cafe-descafeinat-bio-fairtrade-10unitats-5g\/","og_site_name":"AlterNativa3","article_publisher":"https:\/\/www.facebook.com\/alternativa3Scoop","article_modified_time":"2026-05-04T11:45:24+00:00","og_image":[{"width":1400,"height":1400,"url":"https:\/\/alternativa3.com\/wp-content\/uploads\/005013.jpg","type":"image\/jpeg"}],"twitter_card":"summary_large_image","twitter_misc":{"Temps estimat de lectura":"3 minuts"},"schema":{"@context":"https:\/\/schema.org","@graph":[{"@type":"WebPage","@id":"https:\/\/alternativa3.com\/capsulas-de-cafe-descafeinado-bio-fairtrade-10unidades-5g\/","url":"https:\/\/alternativa3.com\/capsulas-de-cafe-descafeinado-bio-fairtrade-10unidades-5g\/","name":"C\u00e0psules de caf\u00e8 Descafe\u00efnat BIO-FT .100 % Ar\u00e0biga, compostables","isPartOf":{"@id":"https:\/\/alternativa3.com\/#website"},"primaryImageOfPage":{"@id":"https:\/\/alternativa3.com\/capsulas-de-cafe-descafeinado-bio-fairtrade-10unidades-5g\/#primaryimage"},"image":{"@id":"https:\/\/alternativa3.com\/capsulas-de-cafe-descafeinado-bio-fairtrade-10unidades-5g\/#primaryimage"},"thumbnailUrl":"https:\/\/alternativa3.com\/wp-content\/uploads\/005013.jpg","datePublished":"2021-06-11T12:18:36+00:00","dateModified":"2026-05-04T11:45:24+00:00","description":"C\u00e0psules de caf\u00e8 Descafe\u00efnat amb un sabor aut\u00e8ntic i delicat. 100 % Ar\u00e0bica, ecol\u00f2giques i compostables.","breadcrumb":{"@id":"https:\/\/alternativa3.com\/capsulas-de-cafe-descafeinado-bio-fairtrade-10unidades-5g\/#breadcrumb"},"inLanguage":"ca","potentialAction":[{"@type":"ReadAction","target":["https:\/\/alternativa3.com\/capsulas-de-cafe-descafeinado-bio-fairtrade-10unidades-5g\/"]}]},{"@type":"ImageObject","inLanguage":"ca","@id":"https:\/\/alternativa3.com\/capsulas-de-cafe-descafeinado-bio-fairtrade-10unidades-5g\/#primaryimage","url":"https:\/\/alternativa3.com\/wp-content\/uploads\/005013.jpg","contentUrl":"https:\/\/alternativa3.com\/wp-content\/uploads\/005013.jpg","width":1400,"height":1400},{"@type":"BreadcrumbList","@id":"https:\/\/alternativa3.com\/capsulas-de-cafe-descafeinado-bio-fairtrade-10unidades-5g\/#breadcrumb","itemListElement":[{"@type":"ListItem","position":1,"name":"Portada","item":"https:\/\/alternativa3.com\/"},{"@type":"ListItem","position":2,"name":"Tienda","item":"https:\/\/alternativa3.com\/tienda\/"},{"@type":"ListItem","position":3,"name":"C\u00e1psulas TUV de caf\u00e9 Descafeinado Bio Fairtrade 10 unidades 5g"}]},{"@type":"WebSite","@id":"https:\/\/alternativa3.com\/#website","url":"https:\/\/alternativa3.com\/","name":"AlterNativa3","description":"Productes ecol\u00f2gics de comer\u00e7 just","publisher":{"@id":"https:\/\/alternativa3.com\/#organization"},"alternateName":"A3","potentialAction":[{"@type":"SearchAction","target":{"@type":"EntryPoint","urlTemplate":"https:\/\/alternativa3.com\/?s={search_term_string}"},"query-input":{"@type":"PropertyValueSpecification","valueRequired":true,"valueName":"search_term_string"}}],"inLanguage":"ca"},{"@type":"Organization","@id":"https:\/\/alternativa3.com\/#organization","name":"ALTERNATIVA3","alternateName":"A3","url":"https:\/\/alternativa3.com\/","logo":{"@type":"ImageObject","inLanguage":"ca","@id":"https:\/\/alternativa3.com\/#\/schema\/logo\/image\/","url":"https:\/\/alternativa3.com\/wp-content\/uploads\/logo-alternativa3.svg","contentUrl":"https:\/\/alternativa3.com\/wp-content\/uploads\/logo-alternativa3.svg","width":73,"height":50,"caption":"ALTERNATIVA3"},"image":{"@id":"https:\/\/alternativa3.com\/#\/schema\/logo\/image\/"},"sameAs":["https:\/\/www.facebook.com\/alternativa3Scoop","https:\/\/www.instagram.com\/alternativa3scoop\/","https:\/\/www.youtube.com\/@Alternativa3","https:\/\/es.linkedin.com\/company\/alternativa3"]}]}},"_links":{"self":[{"href":"https:\/\/alternativa3.com\/ca\/wp-json\/wp\/v2\/product\/19222","targetHints":{"allow":["GET"]}}],"collection":[{"href":"https:\/\/alternativa3.com\/ca\/wp-json\/wp\/v2\/product"}],"about":[{"href":"https:\/\/alternativa3.com\/ca\/wp-json\/wp\/v2\/types\/product"}],"wp:featuredmedia":[{"embeddable":true,"href":"https:\/\/alternativa3.com\/ca\/wp-json\/wp\/v2\/media\/629"}],"wp:attachment":[{"href":"https:\/\/alternativa3.com\/ca\/wp-json\/wp\/v2\/media?parent=19222"}],"wp:term":[{"taxonomy":"product_brand","embeddable":true,"href":"https:\/\/alternativa3.com\/ca\/wp-json\/wp\/v2\/product_brand?post=19222"},{"taxonomy":"product_cat","embeddable":true,"href":"https:\/\/alternativa3.com\/ca\/wp-json\/wp\/v2\/product_cat?post=19222"},{"taxonomy":"product_tag","embeddable":true,"href":"https:\/\/alternativa3.com\/ca\/wp-json\/wp\/v2\/product_tag?post=19222"}],"curies":[{"name":"wp","href":"https:\/\/api.w.org\/{rel}","templated":true}]}}