{"id":19082,"date":"2021-06-11T15:08:42","date_gmt":"2021-06-11T14:08:42","guid":{"rendered":"https:\/\/beta.alternativa3.com\/producto\/bolsa-malla-algodon-25x30cm-india\/"},"modified":"2026-05-07T09:41:16","modified_gmt":"2026-05-07T07:41:16","slug":"bossa-malla-coto-25x30cm-india","status":"publish","type":"product","link":"https:\/\/alternativa3.com\/ca\/bolsa-malla-algodon-25x30cm-india\/","title":{"rendered":"Bossa malla Cot\u00f3 25x30cm \u00cdndia"},"content":{"rendered":"<p>Bosses de malla de cot\u00f3 fetes a \u00cdndia.<\/p>\n<p>-Fetes a \u00cdndia per la cooperativa de comer\u00e7 just Fair Gift.<\/p>\n<p>-Fair Gift: \u00e9s una cooperativa de comer\u00e7 just de Chennai, capital de l&#039;estat de Tamil Nadu, que des del 2013, es dediquen a la producci\u00f3 d&#039;artesanies i t\u00e8xtils.<\/p>\n<p>-Amb la compra d&#039;aquesta bossa contribueixes a fer que les dones que la fan tinguin unes millors condicions de vida gr\u00e0cies al fruit de la feina.<\/p>\n<p>-100% cot\u00f3.<\/p>\n<p>-Pr\u00e0ctiques: porta-les c\u00f2modament amb tu a qualsevol lloc.<\/p>\n<p>-Reutilitzables i ecofriendly.<\/p>","protected":false},"excerpt":{"rendered":"<p>Bosses de malla de cot\u00f3 fetes a \u00cdndia per l&#039;organitzaci\u00f3 de comer\u00e7 just Fair Gift.<\/p>","protected":false},"featured_media":18600,"template":"","meta":{"inline_featured_image":false},"product_brand":[],"product_cat":[82],"product_tag":[],"class_list":{"0":"post-19082","1":"product","2":"type-product","3":"status-publish","4":"has-post-thumbnail","6":"product_cat-bolsas","8":"first","9":"instock","10":"taxable","11":"shipping-taxable","12":"purchasable","13":"product-type-simple"},"acf":[],"yoast_head":"<!-- This site is optimized with the Yoast SEO plugin v27.5 - https:\/\/yoast.com\/product\/yoast-seo-wordpress\/ -->\n<title>Bolsa malla Algod\u00f3n 25x30cm India - AlterNativa3<\/title>\n<meta name=\"robots\" content=\"index, follow, max-snippet:-1, max-image-preview:large, max-video-preview:-1\" \/>\n<link rel=\"canonical\" href=\"https:\/\/alternativa3.com\/ca\/bossa-malla-coto-25x30cm-india\/\" \/>\n<meta property=\"og:locale\" content=\"ca_ES\" \/>\n<meta property=\"og:type\" content=\"article\" \/>\n<meta property=\"og:title\" content=\"Bolsa malla Algod\u00f3n 25x30cm India - AlterNativa3\" \/>\n<meta property=\"og:description\" content=\"Bolsas de malla de algod\u00f3n hechas en India por la organizaci\u00f3n de comercio justo Fair Gift.\" \/>\n<meta property=\"og:url\" content=\"https:\/\/alternativa3.com\/ca\/bossa-malla-coto-25x30cm-india\/\" \/>\n<meta property=\"og:site_name\" content=\"AlterNativa3\" \/>\n<meta property=\"article:publisher\" content=\"https:\/\/www.facebook.com\/alternativa3Scoop\" \/>\n<meta property=\"article:modified_time\" content=\"2026-05-07T07:41:16+00:00\" \/>\n<meta property=\"og:image\" content=\"https:\/\/alternativa3.com\/wp-content\/uploads\/384121-1.jpg\" \/>\n\t<meta property=\"og:image:width\" content=\"1000\" \/>\n\t<meta property=\"og:image:height\" content=\"1000\" \/>\n\t<meta property=\"og:image:type\" content=\"image\/jpeg\" \/>\n<meta name=\"twitter:card\" content=\"summary_large_image\" \/>\n<meta name=\"twitter:label1\" content=\"Temps estimat de lectura\" \/>\n\t<meta name=\"twitter:data1\" content=\"1 minut\" \/>\n<script type=\"application\/ld+json\" class=\"yoast-schema-graph\">{\"@context\":\"https:\\\/\\\/schema.org\",\"@graph\":[{\"@type\":\"WebPage\",\"@id\":\"https:\\\/\\\/alternativa3.com\\\/bolsa-malla-algodon-25x30cm-india\\\/\",\"url\":\"https:\\\/\\\/alternativa3.com\\\/bolsa-malla-algodon-25x30cm-india\\\/\",\"name\":\"Bolsa malla Algod\u00f3n 25x30cm India - AlterNativa3\",\"isPartOf\":{\"@id\":\"https:\\\/\\\/alternativa3.com\\\/#website\"},\"primaryImageOfPage\":{\"@id\":\"https:\\\/\\\/alternativa3.com\\\/bolsa-malla-algodon-25x30cm-india\\\/#primaryimage\"},\"image\":{\"@id\":\"https:\\\/\\\/alternativa3.com\\\/bolsa-malla-algodon-25x30cm-india\\\/#primaryimage\"},\"thumbnailUrl\":\"https:\\\/\\\/alternativa3.com\\\/wp-content\\\/uploads\\\/384121-1.jpg\",\"datePublished\":\"2021-06-11T14:08:42+00:00\",\"dateModified\":\"2026-05-07T07:41:16+00:00\",\"breadcrumb\":{\"@id\":\"https:\\\/\\\/alternativa3.com\\\/bolsa-malla-algodon-25x30cm-india\\\/#breadcrumb\"},\"inLanguage\":\"ca\",\"potentialAction\":[{\"@type\":\"ReadAction\",\"target\":[\"https:\\\/\\\/alternativa3.com\\\/bolsa-malla-algodon-25x30cm-india\\\/\"]}]},{\"@type\":\"ImageObject\",\"inLanguage\":\"ca\",\"@id\":\"https:\\\/\\\/alternativa3.com\\\/bolsa-malla-algodon-25x30cm-india\\\/#primaryimage\",\"url\":\"https:\\\/\\\/alternativa3.com\\\/wp-content\\\/uploads\\\/384121-1.jpg\",\"contentUrl\":\"https:\\\/\\\/alternativa3.com\\\/wp-content\\\/uploads\\\/384121-1.jpg\",\"width\":1000,\"height\":1000},{\"@type\":\"BreadcrumbList\",\"@id\":\"https:\\\/\\\/alternativa3.com\\\/bolsa-malla-algodon-25x30cm-india\\\/#breadcrumb\",\"itemListElement\":[{\"@type\":\"ListItem\",\"position\":1,\"name\":\"Portada\",\"item\":\"https:\\\/\\\/alternativa3.com\\\/\"},{\"@type\":\"ListItem\",\"position\":2,\"name\":\"Tienda\",\"item\":\"https:\\\/\\\/alternativa3.com\\\/tienda\\\/\"},{\"@type\":\"ListItem\",\"position\":3,\"name\":\"Bolsa malla Algod\u00f3n 25x30cm India\"}]},{\"@type\":\"WebSite\",\"@id\":\"https:\\\/\\\/alternativa3.com\\\/#website\",\"url\":\"https:\\\/\\\/alternativa3.com\\\/\",\"name\":\"AlterNativa3\",\"description\":\"Productos ecol\u00f3gicos de comercio justo\",\"publisher\":{\"@id\":\"https:\\\/\\\/alternativa3.com\\\/#organization\"},\"alternateName\":\"A3\",\"potentialAction\":[{\"@type\":\"SearchAction\",\"target\":{\"@type\":\"EntryPoint\",\"urlTemplate\":\"https:\\\/\\\/alternativa3.com\\\/?s={search_term_string}\"},\"query-input\":{\"@type\":\"PropertyValueSpecification\",\"valueRequired\":true,\"valueName\":\"search_term_string\"}}],\"inLanguage\":\"ca\"},{\"@type\":\"Organization\",\"@id\":\"https:\\\/\\\/alternativa3.com\\\/#organization\",\"name\":\"ALTERNATIVA3\",\"alternateName\":\"A3\",\"url\":\"https:\\\/\\\/alternativa3.com\\\/\",\"logo\":{\"@type\":\"ImageObject\",\"inLanguage\":\"ca\",\"@id\":\"https:\\\/\\\/alternativa3.com\\\/#\\\/schema\\\/logo\\\/image\\\/\",\"url\":\"https:\\\/\\\/alternativa3.com\\\/wp-content\\\/uploads\\\/logo-alternativa3.svg\",\"contentUrl\":\"https:\\\/\\\/alternativa3.com\\\/wp-content\\\/uploads\\\/logo-alternativa3.svg\",\"width\":73,\"height\":50,\"caption\":\"ALTERNATIVA3\"},\"image\":{\"@id\":\"https:\\\/\\\/alternativa3.com\\\/#\\\/schema\\\/logo\\\/image\\\/\"},\"sameAs\":[\"https:\\\/\\\/www.facebook.com\\\/alternativa3Scoop\",\"https:\\\/\\\/www.instagram.com\\\/alternativa3scoop\\\/\",\"https:\\\/\\\/www.youtube.com\\\/@Alternativa3\",\"https:\\\/\\\/es.linkedin.com\\\/company\\\/alternativa3\"]}]}<\/script>\n<!-- \/ Yoast SEO plugin. -->","yoast_head_json":{"title":"Bossa malla Cot\u00f3 25x30cm \u00cdndia - AlterNativa3","robots":{"index":"index","follow":"follow","max-snippet":"max-snippet:-1","max-image-preview":"max-image-preview:large","max-video-preview":"max-video-preview:-1"},"canonical":"https:\/\/alternativa3.com\/ca\/bossa-malla-coto-25x30cm-india\/","og_locale":"ca_ES","og_type":"article","og_title":"Bolsa malla Algod\u00f3n 25x30cm India - AlterNativa3","og_description":"Bolsas de malla de algod\u00f3n hechas en India por la organizaci\u00f3n de comercio justo Fair Gift.","og_url":"https:\/\/alternativa3.com\/ca\/bossa-malla-coto-25x30cm-india\/","og_site_name":"AlterNativa3","article_publisher":"https:\/\/www.facebook.com\/alternativa3Scoop","article_modified_time":"2026-05-07T07:41:16+00:00","og_image":[{"width":1000,"height":1000,"url":"https:\/\/alternativa3.com\/wp-content\/uploads\/384121-1.jpg","type":"image\/jpeg"}],"twitter_card":"summary_large_image","twitter_misc":{"Temps estimat de lectura":"1 minut"},"schema":{"@context":"https:\/\/schema.org","@graph":[{"@type":"WebPage","@id":"https:\/\/alternativa3.com\/bolsa-malla-algodon-25x30cm-india\/","url":"https:\/\/alternativa3.com\/bolsa-malla-algodon-25x30cm-india\/","name":"Bossa malla Cot\u00f3 25x30cm \u00cdndia - AlterNativa3","isPartOf":{"@id":"https:\/\/alternativa3.com\/#website"},"primaryImageOfPage":{"@id":"https:\/\/alternativa3.com\/bolsa-malla-algodon-25x30cm-india\/#primaryimage"},"image":{"@id":"https:\/\/alternativa3.com\/bolsa-malla-algodon-25x30cm-india\/#primaryimage"},"thumbnailUrl":"https:\/\/alternativa3.com\/wp-content\/uploads\/384121-1.jpg","datePublished":"2021-06-11T14:08:42+00:00","dateModified":"2026-05-07T07:41:16+00:00","breadcrumb":{"@id":"https:\/\/alternativa3.com\/bolsa-malla-algodon-25x30cm-india\/#breadcrumb"},"inLanguage":"ca","potentialAction":[{"@type":"ReadAction","target":["https:\/\/alternativa3.com\/bolsa-malla-algodon-25x30cm-india\/"]}]},{"@type":"ImageObject","inLanguage":"ca","@id":"https:\/\/alternativa3.com\/bolsa-malla-algodon-25x30cm-india\/#primaryimage","url":"https:\/\/alternativa3.com\/wp-content\/uploads\/384121-1.jpg","contentUrl":"https:\/\/alternativa3.com\/wp-content\/uploads\/384121-1.jpg","width":1000,"height":1000},{"@type":"BreadcrumbList","@id":"https:\/\/alternativa3.com\/bolsa-malla-algodon-25x30cm-india\/#breadcrumb","itemListElement":[{"@type":"ListItem","position":1,"name":"Portada","item":"https:\/\/alternativa3.com\/"},{"@type":"ListItem","position":2,"name":"Tienda","item":"https:\/\/alternativa3.com\/tienda\/"},{"@type":"ListItem","position":3,"name":"Bolsa malla Algod\u00f3n 25x30cm India"}]},{"@type":"WebSite","@id":"https:\/\/alternativa3.com\/#website","url":"https:\/\/alternativa3.com\/","name":"AlterNativa3","description":"Productes ecol\u00f2gics de comer\u00e7 just","publisher":{"@id":"https:\/\/alternativa3.com\/#organization"},"alternateName":"A3","potentialAction":[{"@type":"SearchAction","target":{"@type":"EntryPoint","urlTemplate":"https:\/\/alternativa3.com\/?s={search_term_string}"},"query-input":{"@type":"PropertyValueSpecification","valueRequired":true,"valueName":"search_term_string"}}],"inLanguage":"ca"},{"@type":"Organization","@id":"https:\/\/alternativa3.com\/#organization","name":"ALTERNATIVA3","alternateName":"A3","url":"https:\/\/alternativa3.com\/","logo":{"@type":"ImageObject","inLanguage":"ca","@id":"https:\/\/alternativa3.com\/#\/schema\/logo\/image\/","url":"https:\/\/alternativa3.com\/wp-content\/uploads\/logo-alternativa3.svg","contentUrl":"https:\/\/alternativa3.com\/wp-content\/uploads\/logo-alternativa3.svg","width":73,"height":50,"caption":"ALTERNATIVA3"},"image":{"@id":"https:\/\/alternativa3.com\/#\/schema\/logo\/image\/"},"sameAs":["https:\/\/www.facebook.com\/alternativa3Scoop","https:\/\/www.instagram.com\/alternativa3scoop\/","https:\/\/www.youtube.com\/@Alternativa3","https:\/\/es.linkedin.com\/company\/alternativa3"]}]}},"_links":{"self":[{"href":"https:\/\/alternativa3.com\/ca\/wp-json\/wp\/v2\/product\/19082","targetHints":{"allow":["GET"]}}],"collection":[{"href":"https:\/\/alternativa3.com\/ca\/wp-json\/wp\/v2\/product"}],"about":[{"href":"https:\/\/alternativa3.com\/ca\/wp-json\/wp\/v2\/types\/product"}],"wp:featuredmedia":[{"embeddable":true,"href":"https:\/\/alternativa3.com\/ca\/wp-json\/wp\/v2\/media\/18600"}],"wp:attachment":[{"href":"https:\/\/alternativa3.com\/ca\/wp-json\/wp\/v2\/media?parent=19082"}],"wp:term":[{"taxonomy":"product_brand","embeddable":true,"href":"https:\/\/alternativa3.com\/ca\/wp-json\/wp\/v2\/product_brand?post=19082"},{"taxonomy":"product_cat","embeddable":true,"href":"https:\/\/alternativa3.com\/ca\/wp-json\/wp\/v2\/product_cat?post=19082"},{"taxonomy":"product_tag","embeddable":true,"href":"https:\/\/alternativa3.com\/ca\/wp-json\/wp\/v2\/product_tag?post=19082"}],"curies":[{"name":"wp","href":"https:\/\/api.w.org\/{rel}","templated":true}]}}