{"id":18987,"date":"2022-04-06T05:07:20","date_gmt":"2022-04-06T04:07:20","guid":{"rendered":"https:\/\/beta.alternativa3.com\/producto\/azucar-de-cana-panela-bio-ecuador\/"},"modified":"2026-05-06T11:43:12","modified_gmt":"2026-05-06T09:43:12","slug":"sucre-de-cana-panella-bio-5kg-equador","status":"publish","type":"product","link":"https:\/\/alternativa3.com\/ca\/azucar-de-cana-panela-bio-5kg-ecuador\/","title":{"rendered":"Sucre de canya Panela Bio Equador"},"content":{"rendered":"<p>La Panela \u00e9s el suc que s'extreu de la canya de sucre cristal\u00b7litzat nom\u00e9s per evaporaci\u00f3. Aquest sucre no pateix cap proc\u00e9s de refinament, ni cap altre tipus de procediment qu\u00edmi. Directe de la cooperativa productora a la teva taula.<br \/>\n\u2022 Amb un lleuger sabor a mel<br \/>\n\u2022 Ideal per a esportistes, nens\/es i adolescents<br \/>\n\u2022 \u00cdndex gluc\u00e8mic baix, ajuda que els nivells de sucre a la sang no es disparin<\/p>","protected":false},"excerpt":{"rendered":"<p>Les caracter\u00edstiques del clima i del s\u00f2l de l&#039;Equador confereixen a aquest sucre el seu sabor suau caracter\u00edstic amb un lleuger record a mel<\/p>","protected":false},"featured_media":750,"template":"","meta":{"inline_featured_image":false},"product_brand":[],"product_cat":[50,81],"product_tag":[],"class_list":{"0":"post-18987","1":"product","2":"type-product","3":"status-publish","4":"has-post-thumbnail","6":"product_cat-azucares","7":"product_cat-azucar","9":"first","10":"instock","11":"taxable","12":"shipping-taxable","13":"purchasable","14":"product-type-variable","15":"has-default-attributes","16":"rtwpvg-product"},"acf":[],"yoast_head":"<!-- This site is optimized with the Yoast SEO plugin v27.5 - https:\/\/yoast.com\/product\/yoast-seo-wordpress\/ -->\n<title>Az\u00facar de ca\u00f1a Panela Bio Ecuador - AlterNativa3<\/title>\n<meta name=\"description\" content=\"Az\u00facar panela: se obtiene del jugo de ca\u00f1a de az\u00facar, cristalizado por evaporaci\u00f3n natural, sin refinado ni procesos qu\u00edmicos. Del productor a tu mesa.\" \/>\n<meta name=\"robots\" content=\"index, follow, max-snippet:-1, max-image-preview:large, max-video-preview:-1\" \/>\n<link rel=\"canonical\" href=\"https:\/\/alternativa3.com\/ca\/sucre-de-cana-panella-bio-5kg-equador\/\" \/>\n<meta property=\"og:locale\" content=\"ca_ES\" \/>\n<meta property=\"og:type\" content=\"article\" \/>\n<meta property=\"og:title\" content=\"Az\u00facar de ca\u00f1a Panela Bio Ecuador - AlterNativa3\" \/>\n<meta property=\"og:description\" content=\"Az\u00facar panela: se obtiene del jugo de ca\u00f1a de az\u00facar, cristalizado por evaporaci\u00f3n natural, sin refinado ni procesos qu\u00edmicos. Del productor a tu mesa.\" \/>\n<meta property=\"og:url\" content=\"https:\/\/alternativa3.com\/ca\/sucre-de-cana-panella-bio-5kg-equador\/\" \/>\n<meta property=\"og:site_name\" content=\"AlterNativa3\" \/>\n<meta property=\"article:publisher\" content=\"https:\/\/www.facebook.com\/alternativa3Scoop\" \/>\n<meta property=\"article:modified_time\" content=\"2026-05-06T09:43:12+00:00\" \/>\n<meta property=\"og:image\" content=\"https:\/\/alternativa3.com\/wp-content\/uploads\/023302.jpg\" \/>\n\t<meta property=\"og:image:width\" content=\"1401\" \/>\n\t<meta property=\"og:image:height\" content=\"1401\" \/>\n\t<meta property=\"og:image:type\" content=\"image\/jpeg\" \/>\n<meta name=\"twitter:card\" content=\"summary_large_image\" \/>\n<meta name=\"twitter:label1\" content=\"Temps estimat de lectura\" \/>\n\t<meta name=\"twitter:data1\" content=\"1 minut\" \/>\n<script type=\"application\/ld+json\" class=\"yoast-schema-graph\">{\"@context\":\"https:\\\/\\\/schema.org\",\"@graph\":[{\"@type\":\"WebPage\",\"@id\":\"https:\\\/\\\/alternativa3.com\\\/azucar-de-cana-panela-bio-5kg-ecuador\\\/\",\"url\":\"https:\\\/\\\/alternativa3.com\\\/azucar-de-cana-panela-bio-5kg-ecuador\\\/\",\"name\":\"Az\u00facar de ca\u00f1a Panela Bio Ecuador - AlterNativa3\",\"isPartOf\":{\"@id\":\"https:\\\/\\\/alternativa3.com\\\/#website\"},\"primaryImageOfPage\":{\"@id\":\"https:\\\/\\\/alternativa3.com\\\/azucar-de-cana-panela-bio-5kg-ecuador\\\/#primaryimage\"},\"image\":{\"@id\":\"https:\\\/\\\/alternativa3.com\\\/azucar-de-cana-panela-bio-5kg-ecuador\\\/#primaryimage\"},\"thumbnailUrl\":\"https:\\\/\\\/alternativa3.com\\\/wp-content\\\/uploads\\\/023302.jpg\",\"datePublished\":\"2022-04-06T04:07:20+00:00\",\"dateModified\":\"2026-05-06T09:43:12+00:00\",\"description\":\"Az\u00facar panela: se obtiene del jugo de ca\u00f1a de az\u00facar, cristalizado por evaporaci\u00f3n natural, sin refinado ni procesos qu\u00edmicos. Del productor a tu mesa.\",\"breadcrumb\":{\"@id\":\"https:\\\/\\\/alternativa3.com\\\/azucar-de-cana-panela-bio-5kg-ecuador\\\/#breadcrumb\"},\"inLanguage\":\"ca\",\"potentialAction\":[{\"@type\":\"ReadAction\",\"target\":[\"https:\\\/\\\/alternativa3.com\\\/azucar-de-cana-panela-bio-5kg-ecuador\\\/\"]}]},{\"@type\":\"ImageObject\",\"inLanguage\":\"ca\",\"@id\":\"https:\\\/\\\/alternativa3.com\\\/azucar-de-cana-panela-bio-5kg-ecuador\\\/#primaryimage\",\"url\":\"https:\\\/\\\/alternativa3.com\\\/wp-content\\\/uploads\\\/023302.jpg\",\"contentUrl\":\"https:\\\/\\\/alternativa3.com\\\/wp-content\\\/uploads\\\/023302.jpg\",\"width\":1401,\"height\":1401},{\"@type\":\"BreadcrumbList\",\"@id\":\"https:\\\/\\\/alternativa3.com\\\/azucar-de-cana-panela-bio-5kg-ecuador\\\/#breadcrumb\",\"itemListElement\":[{\"@type\":\"ListItem\",\"position\":1,\"name\":\"Portada\",\"item\":\"https:\\\/\\\/alternativa3.com\\\/\"},{\"@type\":\"ListItem\",\"position\":2,\"name\":\"Tienda\",\"item\":\"https:\\\/\\\/alternativa3.com\\\/tienda\\\/\"},{\"@type\":\"ListItem\",\"position\":3,\"name\":\"Az\u00facar de ca\u00f1a Panela Bio Ecuador\"}]},{\"@type\":\"WebSite\",\"@id\":\"https:\\\/\\\/alternativa3.com\\\/#website\",\"url\":\"https:\\\/\\\/alternativa3.com\\\/\",\"name\":\"AlterNativa3\",\"description\":\"Productos ecol\u00f3gicos de comercio justo\",\"publisher\":{\"@id\":\"https:\\\/\\\/alternativa3.com\\\/#organization\"},\"alternateName\":\"A3\",\"potentialAction\":[{\"@type\":\"SearchAction\",\"target\":{\"@type\":\"EntryPoint\",\"urlTemplate\":\"https:\\\/\\\/alternativa3.com\\\/?s={search_term_string}\"},\"query-input\":{\"@type\":\"PropertyValueSpecification\",\"valueRequired\":true,\"valueName\":\"search_term_string\"}}],\"inLanguage\":\"ca\"},{\"@type\":\"Organization\",\"@id\":\"https:\\\/\\\/alternativa3.com\\\/#organization\",\"name\":\"ALTERNATIVA3\",\"alternateName\":\"A3\",\"url\":\"https:\\\/\\\/alternativa3.com\\\/\",\"logo\":{\"@type\":\"ImageObject\",\"inLanguage\":\"ca\",\"@id\":\"https:\\\/\\\/alternativa3.com\\\/#\\\/schema\\\/logo\\\/image\\\/\",\"url\":\"https:\\\/\\\/alternativa3.com\\\/wp-content\\\/uploads\\\/logo-alternativa3.svg\",\"contentUrl\":\"https:\\\/\\\/alternativa3.com\\\/wp-content\\\/uploads\\\/logo-alternativa3.svg\",\"width\":73,\"height\":50,\"caption\":\"ALTERNATIVA3\"},\"image\":{\"@id\":\"https:\\\/\\\/alternativa3.com\\\/#\\\/schema\\\/logo\\\/image\\\/\"},\"sameAs\":[\"https:\\\/\\\/www.facebook.com\\\/alternativa3Scoop\",\"https:\\\/\\\/www.instagram.com\\\/alternativa3scoop\\\/\",\"https:\\\/\\\/www.youtube.com\\\/@Alternativa3\",\"https:\\\/\\\/es.linkedin.com\\\/company\\\/alternativa3\"]}]}<\/script>\n<!-- \/ Yoast SEO plugin. -->","yoast_head_json":{"title":"Sucre de canya Panella Bio Equador - AlterNativa3","description":"Sucre panella: s&#039;obt\u00e9 del suc de canya de sucre, cristal\u00b7litzat per evaporaci\u00f3 natural, sense refinat ni processos qu\u00edmics. Del productor a la teva taula.","robots":{"index":"index","follow":"follow","max-snippet":"max-snippet:-1","max-image-preview":"max-image-preview:large","max-video-preview":"max-video-preview:-1"},"canonical":"https:\/\/alternativa3.com\/ca\/sucre-de-cana-panella-bio-5kg-equador\/","og_locale":"ca_ES","og_type":"article","og_title":"Az\u00facar de ca\u00f1a Panela Bio Ecuador - AlterNativa3","og_description":"Az\u00facar panela: se obtiene del jugo de ca\u00f1a de az\u00facar, cristalizado por evaporaci\u00f3n natural, sin refinado ni procesos qu\u00edmicos. Del productor a tu mesa.","og_url":"https:\/\/alternativa3.com\/ca\/sucre-de-cana-panella-bio-5kg-equador\/","og_site_name":"AlterNativa3","article_publisher":"https:\/\/www.facebook.com\/alternativa3Scoop","article_modified_time":"2026-05-06T09:43:12+00:00","og_image":[{"width":1401,"height":1401,"url":"https:\/\/alternativa3.com\/wp-content\/uploads\/023302.jpg","type":"image\/jpeg"}],"twitter_card":"summary_large_image","twitter_misc":{"Temps estimat de lectura":"1 minut"},"schema":{"@context":"https:\/\/schema.org","@graph":[{"@type":"WebPage","@id":"https:\/\/alternativa3.com\/azucar-de-cana-panela-bio-5kg-ecuador\/","url":"https:\/\/alternativa3.com\/azucar-de-cana-panela-bio-5kg-ecuador\/","name":"Sucre de canya Panella Bio Equador - AlterNativa3","isPartOf":{"@id":"https:\/\/alternativa3.com\/#website"},"primaryImageOfPage":{"@id":"https:\/\/alternativa3.com\/azucar-de-cana-panela-bio-5kg-ecuador\/#primaryimage"},"image":{"@id":"https:\/\/alternativa3.com\/azucar-de-cana-panela-bio-5kg-ecuador\/#primaryimage"},"thumbnailUrl":"https:\/\/alternativa3.com\/wp-content\/uploads\/023302.jpg","datePublished":"2022-04-06T04:07:20+00:00","dateModified":"2026-05-06T09:43:12+00:00","description":"Sucre panella: s&#039;obt\u00e9 del suc de canya de sucre, cristal\u00b7litzat per evaporaci\u00f3 natural, sense refinat ni processos qu\u00edmics. Del productor a la teva taula.","breadcrumb":{"@id":"https:\/\/alternativa3.com\/azucar-de-cana-panela-bio-5kg-ecuador\/#breadcrumb"},"inLanguage":"ca","potentialAction":[{"@type":"ReadAction","target":["https:\/\/alternativa3.com\/azucar-de-cana-panela-bio-5kg-ecuador\/"]}]},{"@type":"ImageObject","inLanguage":"ca","@id":"https:\/\/alternativa3.com\/azucar-de-cana-panela-bio-5kg-ecuador\/#primaryimage","url":"https:\/\/alternativa3.com\/wp-content\/uploads\/023302.jpg","contentUrl":"https:\/\/alternativa3.com\/wp-content\/uploads\/023302.jpg","width":1401,"height":1401},{"@type":"BreadcrumbList","@id":"https:\/\/alternativa3.com\/azucar-de-cana-panela-bio-5kg-ecuador\/#breadcrumb","itemListElement":[{"@type":"ListItem","position":1,"name":"Portada","item":"https:\/\/alternativa3.com\/"},{"@type":"ListItem","position":2,"name":"Tienda","item":"https:\/\/alternativa3.com\/tienda\/"},{"@type":"ListItem","position":3,"name":"Az\u00facar de ca\u00f1a Panela Bio Ecuador"}]},{"@type":"WebSite","@id":"https:\/\/alternativa3.com\/#website","url":"https:\/\/alternativa3.com\/","name":"AlterNativa3","description":"Productes ecol\u00f2gics de comer\u00e7 just","publisher":{"@id":"https:\/\/alternativa3.com\/#organization"},"alternateName":"A3","potentialAction":[{"@type":"SearchAction","target":{"@type":"EntryPoint","urlTemplate":"https:\/\/alternativa3.com\/?s={search_term_string}"},"query-input":{"@type":"PropertyValueSpecification","valueRequired":true,"valueName":"search_term_string"}}],"inLanguage":"ca"},{"@type":"Organization","@id":"https:\/\/alternativa3.com\/#organization","name":"ALTERNATIVA3","alternateName":"A3","url":"https:\/\/alternativa3.com\/","logo":{"@type":"ImageObject","inLanguage":"ca","@id":"https:\/\/alternativa3.com\/#\/schema\/logo\/image\/","url":"https:\/\/alternativa3.com\/wp-content\/uploads\/logo-alternativa3.svg","contentUrl":"https:\/\/alternativa3.com\/wp-content\/uploads\/logo-alternativa3.svg","width":73,"height":50,"caption":"ALTERNATIVA3"},"image":{"@id":"https:\/\/alternativa3.com\/#\/schema\/logo\/image\/"},"sameAs":["https:\/\/www.facebook.com\/alternativa3Scoop","https:\/\/www.instagram.com\/alternativa3scoop\/","https:\/\/www.youtube.com\/@Alternativa3","https:\/\/es.linkedin.com\/company\/alternativa3"]}]}},"_links":{"self":[{"href":"https:\/\/alternativa3.com\/ca\/wp-json\/wp\/v2\/product\/18987","targetHints":{"allow":["GET"]}}],"collection":[{"href":"https:\/\/alternativa3.com\/ca\/wp-json\/wp\/v2\/product"}],"about":[{"href":"https:\/\/alternativa3.com\/ca\/wp-json\/wp\/v2\/types\/product"}],"wp:featuredmedia":[{"embeddable":true,"href":"https:\/\/alternativa3.com\/ca\/wp-json\/wp\/v2\/media\/750"}],"wp:attachment":[{"href":"https:\/\/alternativa3.com\/ca\/wp-json\/wp\/v2\/media?parent=18987"}],"wp:term":[{"taxonomy":"product_brand","embeddable":true,"href":"https:\/\/alternativa3.com\/ca\/wp-json\/wp\/v2\/product_brand?post=18987"},{"taxonomy":"product_cat","embeddable":true,"href":"https:\/\/alternativa3.com\/ca\/wp-json\/wp\/v2\/product_cat?post=18987"},{"taxonomy":"product_tag","embeddable":true,"href":"https:\/\/alternativa3.com\/ca\/wp-json\/wp\/v2\/product_tag?post=18987"}],"curies":[{"name":"wp","href":"https:\/\/api.w.org\/{rel}","templated":true}]}}