{"id":18986,"date":"2022-04-06T05:07:19","date_gmt":"2022-04-06T04:07:19","guid":{"rendered":"https:\/\/beta.alternativa3.com\/producto\/azucarillos-de-cana-panela-ecuador-bio\/"},"modified":"2026-05-04T13:44:50","modified_gmt":"2026-05-04T11:44:50","slug":"sucres-de-cana-panella-equador-bio-1-200gr","status":"publish","type":"product","link":"https:\/\/alternativa3.com\/ca\/sucres-de-cana-panella-equador-bio-1-200gr\/","title":{"rendered":"Sucrets de canya Panela Equador Bio"},"content":{"rendered":"<p>La Panela \u00e9s el suc que s'extreu de la canya de sucre cristal\u00b7litzat nom\u00e9s per evaporaci\u00f3. Aquest sucre no pateix cap proc\u00e9s de refinament, ni cap altre tipus de procediment qu\u00edmic. Directe del productor a la teva taula.<br \/>\n\u2022 Amb un lleuger sabor a mel<br \/>\n\u2022 Ideal per a esportistes, nens\/es i adolescents<br \/>\n\u2022 \u00cdndex gluc\u00e8mic baix, ajuda que els nivells de sucre a la sang no es disparin<\/p>","protected":false},"excerpt":{"rendered":"<p>Sucrets de canya natural ecol\u00f2gica i de Comer\u00e7 Just.<\/p>","protected":false},"featured_media":21603,"template":"","meta":{"inline_featured_image":false},"product_brand":[],"product_cat":[78],"product_tag":[],"class_list":{"0":"post-18986","1":"product","2":"type-product","3":"status-publish","4":"has-post-thumbnail","6":"product_cat-azucarillos","8":"first","9":"instock","10":"taxable","11":"shipping-taxable","12":"purchasable","13":"product-type-variable","14":"rtwpvg-product"},"acf":[],"yoast_head":"<!-- This site is optimized with the Yoast SEO plugin v27.3 - https:\/\/yoast.com\/product\/yoast-seo-wordpress\/ -->\n<title>Azucarillos de ca\u00f1a panela Ecuador Bio - AlterNativa3<\/title>\n<meta name=\"description\" content=\"Azucarillos de ca\u00f1a natural de panela ecol\u00f3gica y de Comercio Justo. Origen del az\u00facar de Ecuador, sin refinar y sin qu\u00edmicos.\" \/>\n<meta name=\"robots\" content=\"index, follow, max-snippet:-1, max-image-preview:large, max-video-preview:-1\" \/>\n<link rel=\"canonical\" href=\"https:\/\/alternativa3.com\/ca\/sucres-de-cana-panella-equador-bio-1-200gr\/\" \/>\n<meta property=\"og:locale\" content=\"ca_ES\" \/>\n<meta property=\"og:type\" content=\"article\" \/>\n<meta property=\"og:title\" content=\"Azucarillos de ca\u00f1a panela Ecuador Bio - AlterNativa3\" \/>\n<meta property=\"og:description\" content=\"Azucarillos de ca\u00f1a natural de panela ecol\u00f3gica y de Comercio Justo. Origen del az\u00facar de Ecuador, sin refinar y sin qu\u00edmicos.\" \/>\n<meta property=\"og:url\" content=\"https:\/\/alternativa3.com\/ca\/sucres-de-cana-panella-equador-bio-1-200gr\/\" \/>\n<meta property=\"og:site_name\" content=\"AlterNativa3\" \/>\n<meta property=\"article:publisher\" content=\"https:\/\/www.facebook.com\/alternativa3Scoop\" \/>\n<meta property=\"article:modified_time\" content=\"2026-05-04T11:44:50+00:00\" \/>\n<meta property=\"og:image\" content=\"https:\/\/alternativa3.com\/wp-content\/uploads\/0023301_2-scaled.jpg\" \/>\n\t<meta property=\"og:image:width\" content=\"2560\" \/>\n\t<meta property=\"og:image:height\" content=\"2560\" \/>\n\t<meta property=\"og:image:type\" content=\"image\/jpeg\" \/>\n<meta name=\"twitter:card\" content=\"summary_large_image\" \/>\n<meta name=\"twitter:label1\" content=\"Temps estimat de lectura\" \/>\n\t<meta name=\"twitter:data1\" content=\"1 minut\" \/>\n<script type=\"application\/ld+json\" class=\"yoast-schema-graph\">{\"@context\":\"https:\\\/\\\/schema.org\",\"@graph\":[{\"@type\":\"WebPage\",\"@id\":\"https:\\\/\\\/alternativa3.com\\\/azucarillos-de-cana-panela-ecuador-bio-1-200gr\\\/\",\"url\":\"https:\\\/\\\/alternativa3.com\\\/azucarillos-de-cana-panela-ecuador-bio-1-200gr\\\/\",\"name\":\"Azucarillos de ca\u00f1a panela Ecuador Bio - AlterNativa3\",\"isPartOf\":{\"@id\":\"https:\\\/\\\/alternativa3.com\\\/#website\"},\"primaryImageOfPage\":{\"@id\":\"https:\\\/\\\/alternativa3.com\\\/azucarillos-de-cana-panela-ecuador-bio-1-200gr\\\/#primaryimage\"},\"image\":{\"@id\":\"https:\\\/\\\/alternativa3.com\\\/azucarillos-de-cana-panela-ecuador-bio-1-200gr\\\/#primaryimage\"},\"thumbnailUrl\":\"https:\\\/\\\/alternativa3.com\\\/wp-content\\\/uploads\\\/0023301_2-scaled.jpg\",\"datePublished\":\"2022-04-06T04:07:19+00:00\",\"dateModified\":\"2026-05-04T11:44:50+00:00\",\"description\":\"Azucarillos de ca\u00f1a natural de panela ecol\u00f3gica y de Comercio Justo. Origen del az\u00facar de Ecuador, sin refinar y sin qu\u00edmicos.\",\"breadcrumb\":{\"@id\":\"https:\\\/\\\/alternativa3.com\\\/azucarillos-de-cana-panela-ecuador-bio-1-200gr\\\/#breadcrumb\"},\"inLanguage\":\"ca\",\"potentialAction\":[{\"@type\":\"ReadAction\",\"target\":[\"https:\\\/\\\/alternativa3.com\\\/azucarillos-de-cana-panela-ecuador-bio-1-200gr\\\/\"]}]},{\"@type\":\"ImageObject\",\"inLanguage\":\"ca\",\"@id\":\"https:\\\/\\\/alternativa3.com\\\/azucarillos-de-cana-panela-ecuador-bio-1-200gr\\\/#primaryimage\",\"url\":\"https:\\\/\\\/alternativa3.com\\\/wp-content\\\/uploads\\\/0023301_2-scaled.jpg\",\"contentUrl\":\"https:\\\/\\\/alternativa3.com\\\/wp-content\\\/uploads\\\/0023301_2-scaled.jpg\",\"width\":2560,\"height\":2560},{\"@type\":\"BreadcrumbList\",\"@id\":\"https:\\\/\\\/alternativa3.com\\\/azucarillos-de-cana-panela-ecuador-bio-1-200gr\\\/#breadcrumb\",\"itemListElement\":[{\"@type\":\"ListItem\",\"position\":1,\"name\":\"Portada\",\"item\":\"https:\\\/\\\/alternativa3.com\\\/\"},{\"@type\":\"ListItem\",\"position\":2,\"name\":\"Tienda\",\"item\":\"https:\\\/\\\/alternativa3.com\\\/tienda\\\/\"},{\"@type\":\"ListItem\",\"position\":3,\"name\":\"Azucarillos de ca\u00f1a panela Ecuador Bio\"}]},{\"@type\":\"WebSite\",\"@id\":\"https:\\\/\\\/alternativa3.com\\\/#website\",\"url\":\"https:\\\/\\\/alternativa3.com\\\/\",\"name\":\"AlterNativa3\",\"description\":\"Productos ecol\u00f3gicos de comercio justo\",\"publisher\":{\"@id\":\"https:\\\/\\\/alternativa3.com\\\/#organization\"},\"alternateName\":\"A3\",\"potentialAction\":[{\"@type\":\"SearchAction\",\"target\":{\"@type\":\"EntryPoint\",\"urlTemplate\":\"https:\\\/\\\/alternativa3.com\\\/?s={search_term_string}\"},\"query-input\":{\"@type\":\"PropertyValueSpecification\",\"valueRequired\":true,\"valueName\":\"search_term_string\"}}],\"inLanguage\":\"ca\"},{\"@type\":\"Organization\",\"@id\":\"https:\\\/\\\/alternativa3.com\\\/#organization\",\"name\":\"ALTERNATIVA3\",\"alternateName\":\"A3\",\"url\":\"https:\\\/\\\/alternativa3.com\\\/\",\"logo\":{\"@type\":\"ImageObject\",\"inLanguage\":\"ca\",\"@id\":\"https:\\\/\\\/alternativa3.com\\\/#\\\/schema\\\/logo\\\/image\\\/\",\"url\":\"https:\\\/\\\/alternativa3.com\\\/wp-content\\\/uploads\\\/logo-alternativa3.svg\",\"contentUrl\":\"https:\\\/\\\/alternativa3.com\\\/wp-content\\\/uploads\\\/logo-alternativa3.svg\",\"width\":73,\"height\":50,\"caption\":\"ALTERNATIVA3\"},\"image\":{\"@id\":\"https:\\\/\\\/alternativa3.com\\\/#\\\/schema\\\/logo\\\/image\\\/\"},\"sameAs\":[\"https:\\\/\\\/www.facebook.com\\\/alternativa3Scoop\",\"https:\\\/\\\/www.instagram.com\\\/alternativa3scoop\\\/\",\"https:\\\/\\\/www.youtube.com\\\/@Alternativa3\",\"https:\\\/\\\/es.linkedin.com\\\/company\\\/alternativa3\"]}]}<\/script>\n<!-- \/ Yoast SEO plugin. -->","yoast_head_json":{"title":"Sucres de canya panella Equador Bio - AlterNativa3","description":"Sucres de canya natural de panella ecol\u00f2gica i de Comer\u00e7 Just. Origen del sucre de l&#039;Equador, sense refinar i sense qu\u00edmics.","robots":{"index":"index","follow":"follow","max-snippet":"max-snippet:-1","max-image-preview":"max-image-preview:large","max-video-preview":"max-video-preview:-1"},"canonical":"https:\/\/alternativa3.com\/ca\/sucres-de-cana-panella-equador-bio-1-200gr\/","og_locale":"ca_ES","og_type":"article","og_title":"Azucarillos de ca\u00f1a panela Ecuador Bio - AlterNativa3","og_description":"Azucarillos de ca\u00f1a natural de panela ecol\u00f3gica y de Comercio Justo. Origen del az\u00facar de Ecuador, sin refinar y sin qu\u00edmicos.","og_url":"https:\/\/alternativa3.com\/ca\/sucres-de-cana-panella-equador-bio-1-200gr\/","og_site_name":"AlterNativa3","article_publisher":"https:\/\/www.facebook.com\/alternativa3Scoop","article_modified_time":"2026-05-04T11:44:50+00:00","og_image":[{"width":2560,"height":2560,"url":"https:\/\/alternativa3.com\/wp-content\/uploads\/0023301_2-scaled.jpg","type":"image\/jpeg"}],"twitter_card":"summary_large_image","twitter_misc":{"Temps estimat de lectura":"1 minut"},"schema":{"@context":"https:\/\/schema.org","@graph":[{"@type":"WebPage","@id":"https:\/\/alternativa3.com\/azucarillos-de-cana-panela-ecuador-bio-1-200gr\/","url":"https:\/\/alternativa3.com\/azucarillos-de-cana-panela-ecuador-bio-1-200gr\/","name":"Sucres de canya panella Equador Bio - AlterNativa3","isPartOf":{"@id":"https:\/\/alternativa3.com\/#website"},"primaryImageOfPage":{"@id":"https:\/\/alternativa3.com\/azucarillos-de-cana-panela-ecuador-bio-1-200gr\/#primaryimage"},"image":{"@id":"https:\/\/alternativa3.com\/azucarillos-de-cana-panela-ecuador-bio-1-200gr\/#primaryimage"},"thumbnailUrl":"https:\/\/alternativa3.com\/wp-content\/uploads\/0023301_2-scaled.jpg","datePublished":"2022-04-06T04:07:19+00:00","dateModified":"2026-05-04T11:44:50+00:00","description":"Sucres de canya natural de panella ecol\u00f2gica i de Comer\u00e7 Just. Origen del sucre de l&#039;Equador, sense refinar i sense qu\u00edmics.","breadcrumb":{"@id":"https:\/\/alternativa3.com\/azucarillos-de-cana-panela-ecuador-bio-1-200gr\/#breadcrumb"},"inLanguage":"ca","potentialAction":[{"@type":"ReadAction","target":["https:\/\/alternativa3.com\/azucarillos-de-cana-panela-ecuador-bio-1-200gr\/"]}]},{"@type":"ImageObject","inLanguage":"ca","@id":"https:\/\/alternativa3.com\/azucarillos-de-cana-panela-ecuador-bio-1-200gr\/#primaryimage","url":"https:\/\/alternativa3.com\/wp-content\/uploads\/0023301_2-scaled.jpg","contentUrl":"https:\/\/alternativa3.com\/wp-content\/uploads\/0023301_2-scaled.jpg","width":2560,"height":2560},{"@type":"BreadcrumbList","@id":"https:\/\/alternativa3.com\/azucarillos-de-cana-panela-ecuador-bio-1-200gr\/#breadcrumb","itemListElement":[{"@type":"ListItem","position":1,"name":"Portada","item":"https:\/\/alternativa3.com\/"},{"@type":"ListItem","position":2,"name":"Tienda","item":"https:\/\/alternativa3.com\/tienda\/"},{"@type":"ListItem","position":3,"name":"Azucarillos de ca\u00f1a panela Ecuador Bio"}]},{"@type":"WebSite","@id":"https:\/\/alternativa3.com\/#website","url":"https:\/\/alternativa3.com\/","name":"AlterNativa3","description":"Productes ecol\u00f2gics de comer\u00e7 just","publisher":{"@id":"https:\/\/alternativa3.com\/#organization"},"alternateName":"A3","potentialAction":[{"@type":"SearchAction","target":{"@type":"EntryPoint","urlTemplate":"https:\/\/alternativa3.com\/?s={search_term_string}"},"query-input":{"@type":"PropertyValueSpecification","valueRequired":true,"valueName":"search_term_string"}}],"inLanguage":"ca"},{"@type":"Organization","@id":"https:\/\/alternativa3.com\/#organization","name":"ALTERNATIVA3","alternateName":"A3","url":"https:\/\/alternativa3.com\/","logo":{"@type":"ImageObject","inLanguage":"ca","@id":"https:\/\/alternativa3.com\/#\/schema\/logo\/image\/","url":"https:\/\/alternativa3.com\/wp-content\/uploads\/logo-alternativa3.svg","contentUrl":"https:\/\/alternativa3.com\/wp-content\/uploads\/logo-alternativa3.svg","width":73,"height":50,"caption":"ALTERNATIVA3"},"image":{"@id":"https:\/\/alternativa3.com\/#\/schema\/logo\/image\/"},"sameAs":["https:\/\/www.facebook.com\/alternativa3Scoop","https:\/\/www.instagram.com\/alternativa3scoop\/","https:\/\/www.youtube.com\/@Alternativa3","https:\/\/es.linkedin.com\/company\/alternativa3"]}]}},"_links":{"self":[{"href":"https:\/\/alternativa3.com\/ca\/wp-json\/wp\/v2\/product\/18986","targetHints":{"allow":["GET"]}}],"collection":[{"href":"https:\/\/alternativa3.com\/ca\/wp-json\/wp\/v2\/product"}],"about":[{"href":"https:\/\/alternativa3.com\/ca\/wp-json\/wp\/v2\/types\/product"}],"wp:featuredmedia":[{"embeddable":true,"href":"https:\/\/alternativa3.com\/ca\/wp-json\/wp\/v2\/media\/21603"}],"wp:attachment":[{"href":"https:\/\/alternativa3.com\/ca\/wp-json\/wp\/v2\/media?parent=18986"}],"wp:term":[{"taxonomy":"product_brand","embeddable":true,"href":"https:\/\/alternativa3.com\/ca\/wp-json\/wp\/v2\/product_brand?post=18986"},{"taxonomy":"product_cat","embeddable":true,"href":"https:\/\/alternativa3.com\/ca\/wp-json\/wp\/v2\/product_cat?post=18986"},{"taxonomy":"product_tag","embeddable":true,"href":"https:\/\/alternativa3.com\/ca\/wp-json\/wp\/v2\/product_tag?post=18986"}],"curies":[{"name":"wp","href":"https:\/\/api.w.org\/{rel}","templated":true}]}}