{"id":18985,"date":"2021-06-11T15:08:23","date_gmt":"2021-06-11T14:08:23","guid":{"rendered":"https:\/\/beta.alternativa3.com\/producto\/azucar-de-cana-glas-bio-ft\/"},"modified":"2026-05-06T09:42:46","modified_gmt":"2026-05-06T07:42:46","slug":"sucre-de-cana-glas-bio-ft-flasco-60g","status":"publish","type":"product","link":"https:\/\/alternativa3.com\/ca\/azucar-de-cana-glas-bio-ft-frasco-60g\/","title":{"rendered":"Sucre de canya Glas Bio Fairtarde"},"content":{"rendered":"<p>Sucre glas Ecol\u00f2gic de comer\u00e7 just, ideal per decorar els teus pastissos i postres.<\/p>\n<p>Sucre extret directament de la canya, sense tractaments qu\u00edmics nocius per a les persones ni per a la natura, d&#039;agricultura ecol\u00f2gica. M\u00f2lt fi, especial per decorar postres i pastissos de forma m\u00e9s natural i saludable.<\/p>\n<p>La Cooperativa Manduvir\u00e1 va ser fundada el 1975, est\u00e0 localitzada al poble d&#039;Arroyos i Esteros al sud-oest del Paraguai. L&#039;objectiu de la cooperativa \u00e9s ajudar els seus membres a treure al mercat el sucre de canya i altres productes i proveir amb serveis com cr\u00e8dits i caixes d&#039;estalvis, programes d&#039;ajuts, suport t\u00e8cnic i entrenament per a l&#039;agricultura<\/p>","protected":false},"excerpt":{"rendered":"<p>Sucre gla\u00e7 ecol\u00f2gic de comer\u00e7 just, Fairtrade, ideal per decorar els teus pastissos i postres.<\/p>","protected":false},"featured_media":17266,"template":"","meta":{"inline_featured_image":false},"product_brand":[],"product_cat":[50,81,79],"product_tag":[],"class_list":{"0":"post-18985","1":"product","2":"type-product","3":"status-publish","4":"has-post-thumbnail","6":"product_cat-azucares","7":"product_cat-azucar","8":"product_cat-azucar-gourmet","10":"first","11":"instock","12":"taxable","13":"shipping-taxable","14":"purchasable","15":"product-type-variable","16":"rtwpvg-product"},"acf":[],"yoast_head":"<!-- This site is optimized with the Yoast SEO plugin v27.5 - https:\/\/yoast.com\/product\/yoast-seo-wordpress\/ -->\n<title>Az\u00facar de ca\u00f1a Glas Bio Fairtarde - AlterNativa3<\/title>\n<meta name=\"description\" content=\"Az\u00facar glas ecol\u00f3gico extra\u00eddo directamente de la ca\u00f1a. Sin trataimentos qu\u00edmicos y de comercio justo, ideal para decorar tus postres.\" \/>\n<meta name=\"robots\" content=\"index, follow, max-snippet:-1, max-image-preview:large, max-video-preview:-1\" \/>\n<link rel=\"canonical\" href=\"https:\/\/alternativa3.com\/ca\/sucre-de-cana-glas-bio-ft-flasco-60g\/\" \/>\n<meta property=\"og:locale\" content=\"ca_ES\" \/>\n<meta property=\"og:type\" content=\"article\" \/>\n<meta property=\"og:title\" content=\"Az\u00facar de ca\u00f1a Glas Bio Fairtarde - AlterNativa3\" \/>\n<meta property=\"og:description\" content=\"Az\u00facar glas ecol\u00f3gico extra\u00eddo directamente de la ca\u00f1a. Sin trataimentos qu\u00edmicos y de comercio justo, ideal para decorar tus postres.\" \/>\n<meta property=\"og:url\" content=\"https:\/\/alternativa3.com\/ca\/sucre-de-cana-glas-bio-ft-flasco-60g\/\" \/>\n<meta property=\"og:site_name\" content=\"AlterNativa3\" \/>\n<meta property=\"article:publisher\" content=\"https:\/\/www.facebook.com\/alternativa3Scoop\" \/>\n<meta property=\"article:modified_time\" content=\"2026-05-06T07:42:46+00:00\" \/>\n<meta property=\"og:image\" content=\"https:\/\/alternativa3.com\/wp-content\/uploads\/020217-1.jpg\" \/>\n\t<meta property=\"og:image:width\" content=\"1401\" \/>\n\t<meta property=\"og:image:height\" content=\"1401\" \/>\n\t<meta property=\"og:image:type\" content=\"image\/jpeg\" \/>\n<meta name=\"twitter:card\" content=\"summary_large_image\" \/>\n<meta name=\"twitter:label1\" content=\"Temps estimat de lectura\" \/>\n\t<meta name=\"twitter:data1\" content=\"1 minut\" \/>\n<script type=\"application\/ld+json\" class=\"yoast-schema-graph\">{\"@context\":\"https:\\\/\\\/schema.org\",\"@graph\":[{\"@type\":\"WebPage\",\"@id\":\"https:\\\/\\\/alternativa3.com\\\/azucar-de-cana-glas-bio-ft-frasco-60g\\\/\",\"url\":\"https:\\\/\\\/alternativa3.com\\\/azucar-de-cana-glas-bio-ft-frasco-60g\\\/\",\"name\":\"Az\u00facar de ca\u00f1a Glas Bio Fairtarde - AlterNativa3\",\"isPartOf\":{\"@id\":\"https:\\\/\\\/alternativa3.com\\\/#website\"},\"primaryImageOfPage\":{\"@id\":\"https:\\\/\\\/alternativa3.com\\\/azucar-de-cana-glas-bio-ft-frasco-60g\\\/#primaryimage\"},\"image\":{\"@id\":\"https:\\\/\\\/alternativa3.com\\\/azucar-de-cana-glas-bio-ft-frasco-60g\\\/#primaryimage\"},\"thumbnailUrl\":\"https:\\\/\\\/alternativa3.com\\\/wp-content\\\/uploads\\\/020217-1.jpg\",\"datePublished\":\"2021-06-11T14:08:23+00:00\",\"dateModified\":\"2026-05-06T07:42:46+00:00\",\"description\":\"Az\u00facar glas ecol\u00f3gico extra\u00eddo directamente de la ca\u00f1a. Sin trataimentos qu\u00edmicos y de comercio justo, ideal para decorar tus postres.\",\"breadcrumb\":{\"@id\":\"https:\\\/\\\/alternativa3.com\\\/azucar-de-cana-glas-bio-ft-frasco-60g\\\/#breadcrumb\"},\"inLanguage\":\"ca\",\"potentialAction\":[{\"@type\":\"ReadAction\",\"target\":[\"https:\\\/\\\/alternativa3.com\\\/azucar-de-cana-glas-bio-ft-frasco-60g\\\/\"]}]},{\"@type\":\"ImageObject\",\"inLanguage\":\"ca\",\"@id\":\"https:\\\/\\\/alternativa3.com\\\/azucar-de-cana-glas-bio-ft-frasco-60g\\\/#primaryimage\",\"url\":\"https:\\\/\\\/alternativa3.com\\\/wp-content\\\/uploads\\\/020217-1.jpg\",\"contentUrl\":\"https:\\\/\\\/alternativa3.com\\\/wp-content\\\/uploads\\\/020217-1.jpg\",\"width\":1401,\"height\":1401},{\"@type\":\"BreadcrumbList\",\"@id\":\"https:\\\/\\\/alternativa3.com\\\/azucar-de-cana-glas-bio-ft-frasco-60g\\\/#breadcrumb\",\"itemListElement\":[{\"@type\":\"ListItem\",\"position\":1,\"name\":\"Portada\",\"item\":\"https:\\\/\\\/alternativa3.com\\\/\"},{\"@type\":\"ListItem\",\"position\":2,\"name\":\"Tienda\",\"item\":\"https:\\\/\\\/alternativa3.com\\\/tienda\\\/\"},{\"@type\":\"ListItem\",\"position\":3,\"name\":\"Az\u00facar de ca\u00f1a Glas Bio Fairtarde\"}]},{\"@type\":\"WebSite\",\"@id\":\"https:\\\/\\\/alternativa3.com\\\/#website\",\"url\":\"https:\\\/\\\/alternativa3.com\\\/\",\"name\":\"AlterNativa3\",\"description\":\"Productos ecol\u00f3gicos de comercio justo\",\"publisher\":{\"@id\":\"https:\\\/\\\/alternativa3.com\\\/#organization\"},\"alternateName\":\"A3\",\"potentialAction\":[{\"@type\":\"SearchAction\",\"target\":{\"@type\":\"EntryPoint\",\"urlTemplate\":\"https:\\\/\\\/alternativa3.com\\\/?s={search_term_string}\"},\"query-input\":{\"@type\":\"PropertyValueSpecification\",\"valueRequired\":true,\"valueName\":\"search_term_string\"}}],\"inLanguage\":\"ca\"},{\"@type\":\"Organization\",\"@id\":\"https:\\\/\\\/alternativa3.com\\\/#organization\",\"name\":\"ALTERNATIVA3\",\"alternateName\":\"A3\",\"url\":\"https:\\\/\\\/alternativa3.com\\\/\",\"logo\":{\"@type\":\"ImageObject\",\"inLanguage\":\"ca\",\"@id\":\"https:\\\/\\\/alternativa3.com\\\/#\\\/schema\\\/logo\\\/image\\\/\",\"url\":\"https:\\\/\\\/alternativa3.com\\\/wp-content\\\/uploads\\\/logo-alternativa3.svg\",\"contentUrl\":\"https:\\\/\\\/alternativa3.com\\\/wp-content\\\/uploads\\\/logo-alternativa3.svg\",\"width\":73,\"height\":50,\"caption\":\"ALTERNATIVA3\"},\"image\":{\"@id\":\"https:\\\/\\\/alternativa3.com\\\/#\\\/schema\\\/logo\\\/image\\\/\"},\"sameAs\":[\"https:\\\/\\\/www.facebook.com\\\/alternativa3Scoop\",\"https:\\\/\\\/www.instagram.com\\\/alternativa3scoop\\\/\",\"https:\\\/\\\/www.youtube.com\\\/@Alternativa3\",\"https:\\\/\\\/es.linkedin.com\\\/company\\\/alternativa3\"]}]}<\/script>\n<!-- \/ Yoast SEO plugin. -->","yoast_head_json":{"title":"Sucre de canya Glas Bio Fairtarde - AlterNativa3","description":"Sucre gla\u00e7 ecol\u00f2gic extret directament de la canya. Sense tractaments qu\u00edmics i de comer\u00e7 just, ideal per decorar les teves postres.","robots":{"index":"index","follow":"follow","max-snippet":"max-snippet:-1","max-image-preview":"max-image-preview:large","max-video-preview":"max-video-preview:-1"},"canonical":"https:\/\/alternativa3.com\/ca\/sucre-de-cana-glas-bio-ft-flasco-60g\/","og_locale":"ca_ES","og_type":"article","og_title":"Az\u00facar de ca\u00f1a Glas Bio Fairtarde - AlterNativa3","og_description":"Az\u00facar glas ecol\u00f3gico extra\u00eddo directamente de la ca\u00f1a. Sin trataimentos qu\u00edmicos y de comercio justo, ideal para decorar tus postres.","og_url":"https:\/\/alternativa3.com\/ca\/sucre-de-cana-glas-bio-ft-flasco-60g\/","og_site_name":"AlterNativa3","article_publisher":"https:\/\/www.facebook.com\/alternativa3Scoop","article_modified_time":"2026-05-06T07:42:46+00:00","og_image":[{"width":1401,"height":1401,"url":"https:\/\/alternativa3.com\/wp-content\/uploads\/020217-1.jpg","type":"image\/jpeg"}],"twitter_card":"summary_large_image","twitter_misc":{"Temps estimat de lectura":"1 minut"},"schema":{"@context":"https:\/\/schema.org","@graph":[{"@type":"WebPage","@id":"https:\/\/alternativa3.com\/azucar-de-cana-glas-bio-ft-frasco-60g\/","url":"https:\/\/alternativa3.com\/azucar-de-cana-glas-bio-ft-frasco-60g\/","name":"Sucre de canya Glas Bio Fairtarde - AlterNativa3","isPartOf":{"@id":"https:\/\/alternativa3.com\/#website"},"primaryImageOfPage":{"@id":"https:\/\/alternativa3.com\/azucar-de-cana-glas-bio-ft-frasco-60g\/#primaryimage"},"image":{"@id":"https:\/\/alternativa3.com\/azucar-de-cana-glas-bio-ft-frasco-60g\/#primaryimage"},"thumbnailUrl":"https:\/\/alternativa3.com\/wp-content\/uploads\/020217-1.jpg","datePublished":"2021-06-11T14:08:23+00:00","dateModified":"2026-05-06T07:42:46+00:00","description":"Sucre gla\u00e7 ecol\u00f2gic extret directament de la canya. Sense tractaments qu\u00edmics i de comer\u00e7 just, ideal per decorar les teves postres.","breadcrumb":{"@id":"https:\/\/alternativa3.com\/azucar-de-cana-glas-bio-ft-frasco-60g\/#breadcrumb"},"inLanguage":"ca","potentialAction":[{"@type":"ReadAction","target":["https:\/\/alternativa3.com\/azucar-de-cana-glas-bio-ft-frasco-60g\/"]}]},{"@type":"ImageObject","inLanguage":"ca","@id":"https:\/\/alternativa3.com\/azucar-de-cana-glas-bio-ft-frasco-60g\/#primaryimage","url":"https:\/\/alternativa3.com\/wp-content\/uploads\/020217-1.jpg","contentUrl":"https:\/\/alternativa3.com\/wp-content\/uploads\/020217-1.jpg","width":1401,"height":1401},{"@type":"BreadcrumbList","@id":"https:\/\/alternativa3.com\/azucar-de-cana-glas-bio-ft-frasco-60g\/#breadcrumb","itemListElement":[{"@type":"ListItem","position":1,"name":"Portada","item":"https:\/\/alternativa3.com\/"},{"@type":"ListItem","position":2,"name":"Tienda","item":"https:\/\/alternativa3.com\/tienda\/"},{"@type":"ListItem","position":3,"name":"Az\u00facar de ca\u00f1a Glas Bio Fairtarde"}]},{"@type":"WebSite","@id":"https:\/\/alternativa3.com\/#website","url":"https:\/\/alternativa3.com\/","name":"AlterNativa3","description":"Productes ecol\u00f2gics de comer\u00e7 just","publisher":{"@id":"https:\/\/alternativa3.com\/#organization"},"alternateName":"A3","potentialAction":[{"@type":"SearchAction","target":{"@type":"EntryPoint","urlTemplate":"https:\/\/alternativa3.com\/?s={search_term_string}"},"query-input":{"@type":"PropertyValueSpecification","valueRequired":true,"valueName":"search_term_string"}}],"inLanguage":"ca"},{"@type":"Organization","@id":"https:\/\/alternativa3.com\/#organization","name":"ALTERNATIVA3","alternateName":"A3","url":"https:\/\/alternativa3.com\/","logo":{"@type":"ImageObject","inLanguage":"ca","@id":"https:\/\/alternativa3.com\/#\/schema\/logo\/image\/","url":"https:\/\/alternativa3.com\/wp-content\/uploads\/logo-alternativa3.svg","contentUrl":"https:\/\/alternativa3.com\/wp-content\/uploads\/logo-alternativa3.svg","width":73,"height":50,"caption":"ALTERNATIVA3"},"image":{"@id":"https:\/\/alternativa3.com\/#\/schema\/logo\/image\/"},"sameAs":["https:\/\/www.facebook.com\/alternativa3Scoop","https:\/\/www.instagram.com\/alternativa3scoop\/","https:\/\/www.youtube.com\/@Alternativa3","https:\/\/es.linkedin.com\/company\/alternativa3"]}]}},"_links":{"self":[{"href":"https:\/\/alternativa3.com\/ca\/wp-json\/wp\/v2\/product\/18985","targetHints":{"allow":["GET"]}}],"collection":[{"href":"https:\/\/alternativa3.com\/ca\/wp-json\/wp\/v2\/product"}],"about":[{"href":"https:\/\/alternativa3.com\/ca\/wp-json\/wp\/v2\/types\/product"}],"wp:featuredmedia":[{"embeddable":true,"href":"https:\/\/alternativa3.com\/ca\/wp-json\/wp\/v2\/media\/17266"}],"wp:attachment":[{"href":"https:\/\/alternativa3.com\/ca\/wp-json\/wp\/v2\/media?parent=18985"}],"wp:term":[{"taxonomy":"product_brand","embeddable":true,"href":"https:\/\/alternativa3.com\/ca\/wp-json\/wp\/v2\/product_brand?post=18985"},{"taxonomy":"product_cat","embeddable":true,"href":"https:\/\/alternativa3.com\/ca\/wp-json\/wp\/v2\/product_cat?post=18985"},{"taxonomy":"product_tag","embeddable":true,"href":"https:\/\/alternativa3.com\/ca\/wp-json\/wp\/v2\/product_tag?post=18985"}],"curies":[{"name":"wp","href":"https:\/\/api.w.org\/{rel}","templated":true}]}}