{"id":18982,"date":"2022-04-06T05:07:17","date_gmt":"2022-04-06T04:07:17","guid":{"rendered":"https:\/\/beta.alternativa3.com\/producto\/monodosis-e-s-e-de-cafe-arabica-bio-ft-7g\/"},"modified":"2026-05-06T13:42:54","modified_gmt":"2026-05-06T11:42:54","slug":"75-monodosi-aquest-de-cafe-arabica-bio-ft-7g","status":"publish","type":"product","link":"https:\/\/alternativa3.com\/ca\/75-monodosis-e-s-e-de-cafe-arabica-bio-ft-7g\/","title":{"rendered":"Monodosi ESE de Caf\u00e8 Ar\u00e0bica Bio Fairtrade 7g"},"content":{"rendered":"","protected":false},"excerpt":{"rendered":"<p>Caf\u00e8 100% Ar\u00e0biga de torrat natural en pr\u00e0ctiques c\u00e0psules.<\/p>","protected":false},"featured_media":697,"template":"","meta":{"inline_featured_image":false},"product_brand":[],"product_cat":[36,76],"product_tag":[],"class_list":{"0":"post-18982","1":"product","2":"type-product","3":"status-publish","4":"has-post-thumbnail","6":"product_cat-cafe","7":"product_cat-monodosis-de-cafe","9":"first","10":"instock","11":"taxable","12":"shipping-taxable","13":"purchasable","14":"product-type-variable","15":"rtwpvg-product"},"acf":[],"yoast_head":"<!-- This site is optimized with the Yoast SEO plugin v27.5 - https:\/\/yoast.com\/product\/yoast-seo-wordpress\/ -->\n<title>Caf\u00e9 Ar\u00e1bica en monodosis E.S.E. BIO - Sabor y Comercio Justo<\/title>\n<meta name=\"description\" content=\"Compra caf\u00e9 Ar\u00e1bica en monodosis E.S.E. BIO-FT. Tu espresso de calidad, de tueste natural y ecol\u00f3gico. Apoya a las comunidades productoras.\" \/>\n<meta name=\"robots\" content=\"index, follow, max-snippet:-1, max-image-preview:large, max-video-preview:-1\" \/>\n<link rel=\"canonical\" href=\"https:\/\/alternativa3.com\/ca\/75-monodosi-aquest-de-cafe-arabica-bio-ft-7g\/\" \/>\n<meta property=\"og:locale\" content=\"ca_ES\" \/>\n<meta property=\"og:type\" content=\"article\" \/>\n<meta property=\"og:title\" content=\"Caf\u00e9 Ar\u00e1bica en monodosis E.S.E. BIO - Sabor y Comercio Justo\" \/>\n<meta property=\"og:description\" content=\"Compra caf\u00e9 Ar\u00e1bica en monodosis E.S.E. BIO-FT. Tu espresso de calidad, de tueste natural y ecol\u00f3gico. Apoya a las comunidades productoras.\" \/>\n<meta property=\"og:url\" content=\"https:\/\/alternativa3.com\/ca\/75-monodosi-aquest-de-cafe-arabica-bio-ft-7g\/\" \/>\n<meta property=\"og:site_name\" content=\"AlterNativa3\" \/>\n<meta property=\"article:publisher\" content=\"https:\/\/www.facebook.com\/alternativa3Scoop\" \/>\n<meta property=\"article:modified_time\" content=\"2026-05-06T11:42:54+00:00\" \/>\n<meta property=\"og:image\" content=\"https:\/\/alternativa3.com\/wp-content\/uploads\/008033.jpg\" \/>\n\t<meta property=\"og:image:width\" content=\"1401\" \/>\n\t<meta property=\"og:image:height\" content=\"1401\" \/>\n\t<meta property=\"og:image:type\" content=\"image\/jpeg\" \/>\n<meta name=\"twitter:card\" content=\"summary_large_image\" \/>\n<meta name=\"twitter:label1\" content=\"Temps estimat de lectura\" \/>\n\t<meta name=\"twitter:data1\" content=\"3 minuts\" \/>\n<script type=\"application\/ld+json\" class=\"yoast-schema-graph\">{\"@context\":\"https:\\\/\\\/schema.org\",\"@graph\":[{\"@type\":\"WebPage\",\"@id\":\"https:\\\/\\\/alternativa3.com\\\/75-monodosis-e-s-e-de-cafe-arabica-bio-ft-7g\\\/\",\"url\":\"https:\\\/\\\/alternativa3.com\\\/75-monodosis-e-s-e-de-cafe-arabica-bio-ft-7g\\\/\",\"name\":\"Caf\u00e9 Ar\u00e1bica en monodosis E.S.E. BIO - Sabor y Comercio Justo\",\"isPartOf\":{\"@id\":\"https:\\\/\\\/alternativa3.com\\\/#website\"},\"primaryImageOfPage\":{\"@id\":\"https:\\\/\\\/alternativa3.com\\\/75-monodosis-e-s-e-de-cafe-arabica-bio-ft-7g\\\/#primaryimage\"},\"image\":{\"@id\":\"https:\\\/\\\/alternativa3.com\\\/75-monodosis-e-s-e-de-cafe-arabica-bio-ft-7g\\\/#primaryimage\"},\"thumbnailUrl\":\"https:\\\/\\\/alternativa3.com\\\/wp-content\\\/uploads\\\/008033.jpg\",\"datePublished\":\"2022-04-06T04:07:17+00:00\",\"dateModified\":\"2026-05-06T11:42:54+00:00\",\"description\":\"Compra caf\u00e9 Ar\u00e1bica en monodosis E.S.E. BIO-FT. Tu espresso de calidad, de tueste natural y ecol\u00f3gico. Apoya a las comunidades productoras.\",\"breadcrumb\":{\"@id\":\"https:\\\/\\\/alternativa3.com\\\/75-monodosis-e-s-e-de-cafe-arabica-bio-ft-7g\\\/#breadcrumb\"},\"inLanguage\":\"ca\",\"potentialAction\":[{\"@type\":\"ReadAction\",\"target\":[\"https:\\\/\\\/alternativa3.com\\\/75-monodosis-e-s-e-de-cafe-arabica-bio-ft-7g\\\/\"]}]},{\"@type\":\"ImageObject\",\"inLanguage\":\"ca\",\"@id\":\"https:\\\/\\\/alternativa3.com\\\/75-monodosis-e-s-e-de-cafe-arabica-bio-ft-7g\\\/#primaryimage\",\"url\":\"https:\\\/\\\/alternativa3.com\\\/wp-content\\\/uploads\\\/008033.jpg\",\"contentUrl\":\"https:\\\/\\\/alternativa3.com\\\/wp-content\\\/uploads\\\/008033.jpg\",\"width\":1401,\"height\":1401},{\"@type\":\"BreadcrumbList\",\"@id\":\"https:\\\/\\\/alternativa3.com\\\/75-monodosis-e-s-e-de-cafe-arabica-bio-ft-7g\\\/#breadcrumb\",\"itemListElement\":[{\"@type\":\"ListItem\",\"position\":1,\"name\":\"Portada\",\"item\":\"https:\\\/\\\/alternativa3.com\\\/\"},{\"@type\":\"ListItem\",\"position\":2,\"name\":\"Tienda\",\"item\":\"https:\\\/\\\/alternativa3.com\\\/tienda\\\/\"},{\"@type\":\"ListItem\",\"position\":3,\"name\":\"Monodosis E.S.E. de Caf\u00e9 Arabica Bio Fairtrade 7g\"}]},{\"@type\":\"WebSite\",\"@id\":\"https:\\\/\\\/alternativa3.com\\\/#website\",\"url\":\"https:\\\/\\\/alternativa3.com\\\/\",\"name\":\"AlterNativa3\",\"description\":\"Productos ecol\u00f3gicos de comercio justo\",\"publisher\":{\"@id\":\"https:\\\/\\\/alternativa3.com\\\/#organization\"},\"alternateName\":\"A3\",\"potentialAction\":[{\"@type\":\"SearchAction\",\"target\":{\"@type\":\"EntryPoint\",\"urlTemplate\":\"https:\\\/\\\/alternativa3.com\\\/?s={search_term_string}\"},\"query-input\":{\"@type\":\"PropertyValueSpecification\",\"valueRequired\":true,\"valueName\":\"search_term_string\"}}],\"inLanguage\":\"ca\"},{\"@type\":\"Organization\",\"@id\":\"https:\\\/\\\/alternativa3.com\\\/#organization\",\"name\":\"ALTERNATIVA3\",\"alternateName\":\"A3\",\"url\":\"https:\\\/\\\/alternativa3.com\\\/\",\"logo\":{\"@type\":\"ImageObject\",\"inLanguage\":\"ca\",\"@id\":\"https:\\\/\\\/alternativa3.com\\\/#\\\/schema\\\/logo\\\/image\\\/\",\"url\":\"https:\\\/\\\/alternativa3.com\\\/wp-content\\\/uploads\\\/logo-alternativa3.svg\",\"contentUrl\":\"https:\\\/\\\/alternativa3.com\\\/wp-content\\\/uploads\\\/logo-alternativa3.svg\",\"width\":73,\"height\":50,\"caption\":\"ALTERNATIVA3\"},\"image\":{\"@id\":\"https:\\\/\\\/alternativa3.com\\\/#\\\/schema\\\/logo\\\/image\\\/\"},\"sameAs\":[\"https:\\\/\\\/www.facebook.com\\\/alternativa3Scoop\",\"https:\\\/\\\/www.instagram.com\\\/alternativa3scoop\\\/\",\"https:\\\/\\\/www.youtube.com\\\/@Alternativa3\",\"https:\\\/\\\/es.linkedin.com\\\/company\\\/alternativa3\"]}]}<\/script>\n<!-- \/ Yoast SEO plugin. -->","yoast_head_json":{"title":"Caf\u00e8 Ar\u00e0biga en monodosi ESE BIO - Sabor i Comer\u00e7 Just","description":"Compra caf\u00e8 Ar\u00e0biga en monodosi ESE BIO-FT. El teu espresso de qualitat, de torrat natural i ecol\u00f2gic. Recolza les comunitats productores.","robots":{"index":"index","follow":"follow","max-snippet":"max-snippet:-1","max-image-preview":"max-image-preview:large","max-video-preview":"max-video-preview:-1"},"canonical":"https:\/\/alternativa3.com\/ca\/75-monodosi-aquest-de-cafe-arabica-bio-ft-7g\/","og_locale":"ca_ES","og_type":"article","og_title":"Caf\u00e9 Ar\u00e1bica en monodosis E.S.E. BIO - Sabor y Comercio Justo","og_description":"Compra caf\u00e9 Ar\u00e1bica en monodosis E.S.E. BIO-FT. Tu espresso de calidad, de tueste natural y ecol\u00f3gico. Apoya a las comunidades productoras.","og_url":"https:\/\/alternativa3.com\/ca\/75-monodosi-aquest-de-cafe-arabica-bio-ft-7g\/","og_site_name":"AlterNativa3","article_publisher":"https:\/\/www.facebook.com\/alternativa3Scoop","article_modified_time":"2026-05-06T11:42:54+00:00","og_image":[{"width":1401,"height":1401,"url":"https:\/\/alternativa3.com\/wp-content\/uploads\/008033.jpg","type":"image\/jpeg"}],"twitter_card":"summary_large_image","twitter_misc":{"Temps estimat de lectura":"3 minuts"},"schema":{"@context":"https:\/\/schema.org","@graph":[{"@type":"WebPage","@id":"https:\/\/alternativa3.com\/75-monodosis-e-s-e-de-cafe-arabica-bio-ft-7g\/","url":"https:\/\/alternativa3.com\/75-monodosis-e-s-e-de-cafe-arabica-bio-ft-7g\/","name":"Caf\u00e8 Ar\u00e0biga en monodosi ESE BIO - Sabor i Comer\u00e7 Just","isPartOf":{"@id":"https:\/\/alternativa3.com\/#website"},"primaryImageOfPage":{"@id":"https:\/\/alternativa3.com\/75-monodosis-e-s-e-de-cafe-arabica-bio-ft-7g\/#primaryimage"},"image":{"@id":"https:\/\/alternativa3.com\/75-monodosis-e-s-e-de-cafe-arabica-bio-ft-7g\/#primaryimage"},"thumbnailUrl":"https:\/\/alternativa3.com\/wp-content\/uploads\/008033.jpg","datePublished":"2022-04-06T04:07:17+00:00","dateModified":"2026-05-06T11:42:54+00:00","description":"Compra caf\u00e8 Ar\u00e0biga en monodosi ESE BIO-FT. El teu espresso de qualitat, de torrat natural i ecol\u00f2gic. Recolza les comunitats productores.","breadcrumb":{"@id":"https:\/\/alternativa3.com\/75-monodosis-e-s-e-de-cafe-arabica-bio-ft-7g\/#breadcrumb"},"inLanguage":"ca","potentialAction":[{"@type":"ReadAction","target":["https:\/\/alternativa3.com\/75-monodosis-e-s-e-de-cafe-arabica-bio-ft-7g\/"]}]},{"@type":"ImageObject","inLanguage":"ca","@id":"https:\/\/alternativa3.com\/75-monodosis-e-s-e-de-cafe-arabica-bio-ft-7g\/#primaryimage","url":"https:\/\/alternativa3.com\/wp-content\/uploads\/008033.jpg","contentUrl":"https:\/\/alternativa3.com\/wp-content\/uploads\/008033.jpg","width":1401,"height":1401},{"@type":"BreadcrumbList","@id":"https:\/\/alternativa3.com\/75-monodosis-e-s-e-de-cafe-arabica-bio-ft-7g\/#breadcrumb","itemListElement":[{"@type":"ListItem","position":1,"name":"Portada","item":"https:\/\/alternativa3.com\/"},{"@type":"ListItem","position":2,"name":"Tienda","item":"https:\/\/alternativa3.com\/tienda\/"},{"@type":"ListItem","position":3,"name":"Monodosis E.S.E. de Caf\u00e9 Arabica Bio Fairtrade 7g"}]},{"@type":"WebSite","@id":"https:\/\/alternativa3.com\/#website","url":"https:\/\/alternativa3.com\/","name":"AlterNativa3","description":"Productes ecol\u00f2gics de comer\u00e7 just","publisher":{"@id":"https:\/\/alternativa3.com\/#organization"},"alternateName":"A3","potentialAction":[{"@type":"SearchAction","target":{"@type":"EntryPoint","urlTemplate":"https:\/\/alternativa3.com\/?s={search_term_string}"},"query-input":{"@type":"PropertyValueSpecification","valueRequired":true,"valueName":"search_term_string"}}],"inLanguage":"ca"},{"@type":"Organization","@id":"https:\/\/alternativa3.com\/#organization","name":"ALTERNATIVA3","alternateName":"A3","url":"https:\/\/alternativa3.com\/","logo":{"@type":"ImageObject","inLanguage":"ca","@id":"https:\/\/alternativa3.com\/#\/schema\/logo\/image\/","url":"https:\/\/alternativa3.com\/wp-content\/uploads\/logo-alternativa3.svg","contentUrl":"https:\/\/alternativa3.com\/wp-content\/uploads\/logo-alternativa3.svg","width":73,"height":50,"caption":"ALTERNATIVA3"},"image":{"@id":"https:\/\/alternativa3.com\/#\/schema\/logo\/image\/"},"sameAs":["https:\/\/www.facebook.com\/alternativa3Scoop","https:\/\/www.instagram.com\/alternativa3scoop\/","https:\/\/www.youtube.com\/@Alternativa3","https:\/\/es.linkedin.com\/company\/alternativa3"]}]}},"_links":{"self":[{"href":"https:\/\/alternativa3.com\/ca\/wp-json\/wp\/v2\/product\/18982","targetHints":{"allow":["GET"]}}],"collection":[{"href":"https:\/\/alternativa3.com\/ca\/wp-json\/wp\/v2\/product"}],"about":[{"href":"https:\/\/alternativa3.com\/ca\/wp-json\/wp\/v2\/types\/product"}],"wp:featuredmedia":[{"embeddable":true,"href":"https:\/\/alternativa3.com\/ca\/wp-json\/wp\/v2\/media\/697"}],"wp:attachment":[{"href":"https:\/\/alternativa3.com\/ca\/wp-json\/wp\/v2\/media?parent=18982"}],"wp:term":[{"taxonomy":"product_brand","embeddable":true,"href":"https:\/\/alternativa3.com\/ca\/wp-json\/wp\/v2\/product_brand?post=18982"},{"taxonomy":"product_cat","embeddable":true,"href":"https:\/\/alternativa3.com\/ca\/wp-json\/wp\/v2\/product_cat?post=18982"},{"taxonomy":"product_tag","embeddable":true,"href":"https:\/\/alternativa3.com\/ca\/wp-json\/wp\/v2\/product_tag?post=18982"}],"curies":[{"name":"wp","href":"https:\/\/api.w.org\/{rel}","templated":true}]}}