{"id":18980,"date":"2022-04-06T05:07:16","date_gmt":"2022-04-06T04:07:16","guid":{"rendered":"https:\/\/beta.alternativa3.com\/producto\/cafe-soluble-liofilizado-bio-ft-2\/"},"modified":"2026-05-04T13:44:41","modified_gmt":"2026-05-04T11:44:41","slug":"cafe-soluble-liofilitzat-bio-ft-25uds-2g","status":"publish","type":"product","link":"https:\/\/alternativa3.com\/ca\/cafe-soluble-liofilitzat-bio-ft-25uds-2g\/","title":{"rendered":"Caf\u00e8 soluble liofilitzat en sobres BIO-FT"},"content":{"rendered":"","protected":false},"excerpt":{"rendered":"<p>El nostre caf\u00e8 soluble liofilitzat ecol\u00f2gic conserva les qualitats d&#039;un bon caf\u00e8 acabat de fer, permetent gaudir d&#039;una tassa arom\u00e0tica i equilibrada en q\u00fcesti\u00f3 de segons. Una opci\u00f3 perfecta per a aquells que valoren el temps sense renunciar a una experi\u00e8ncia aut\u00e8ntica.<\/p>","protected":false},"featured_media":19602,"template":"","meta":{"inline_featured_image":false},"product_brand":[],"product_cat":[36,75],"product_tag":[],"class_list":{"0":"post-18980","1":"product","2":"type-product","3":"status-publish","4":"has-post-thumbnail","6":"product_cat-cafe","7":"product_cat-cafe-soluble-liofilizado","9":"first","10":"instock","11":"taxable","12":"shipping-taxable","13":"purchasable","14":"product-type-variable","15":"rtwpvg-product"},"acf":[],"yoast_head":"<!-- This site is optimized with the Yoast SEO plugin v27.3 - https:\/\/yoast.com\/product\/yoast-seo-wordpress\/ -->\n<title>Caf\u00e9 soluble liofilizado en sobres BIO \u2013 Caf\u00e9 instant\u00e1neo de Comercio Justo<\/title>\n<meta name=\"description\" content=\"Compra caf\u00e9 soluble liofilizado en sobres BIO-FT. Caf\u00e9 100% ecol\u00f3gico de Comercio Justo. Sabor intenso y aroma natural. \u00a1Prepara tu bebida en segundos y disfruta!\" \/>\n<meta name=\"robots\" content=\"index, follow, max-snippet:-1, max-image-preview:large, max-video-preview:-1\" \/>\n<link rel=\"canonical\" href=\"https:\/\/alternativa3.com\/ca\/cafe-soluble-liofilitzat-bio-ft-25uds-2g\/\" \/>\n<meta property=\"og:locale\" content=\"ca_ES\" \/>\n<meta property=\"og:type\" content=\"article\" \/>\n<meta property=\"og:title\" content=\"Caf\u00e9 soluble liofilizado en sobres BIO \u2013 Caf\u00e9 instant\u00e1neo de Comercio Justo\" \/>\n<meta property=\"og:description\" content=\"Compra caf\u00e9 soluble liofilizado en sobres BIO-FT. Caf\u00e9 100% ecol\u00f3gico de Comercio Justo. Sabor intenso y aroma natural. \u00a1Prepara tu bebida en segundos y disfruta!\" \/>\n<meta property=\"og:url\" content=\"https:\/\/alternativa3.com\/ca\/cafe-soluble-liofilitzat-bio-ft-25uds-2g\/\" \/>\n<meta property=\"og:site_name\" content=\"AlterNativa3\" \/>\n<meta property=\"article:publisher\" content=\"https:\/\/www.facebook.com\/alternativa3Scoop\" \/>\n<meta property=\"article:modified_time\" content=\"2026-05-04T11:44:41+00:00\" \/>\n<meta property=\"og:image\" content=\"https:\/\/alternativa3.com\/wp-content\/uploads\/008016_cafe_liofilizado_sobres_bio_fairtrade-2.jpg\" \/>\n\t<meta property=\"og:image:width\" content=\"1401\" \/>\n\t<meta property=\"og:image:height\" content=\"1400\" \/>\n\t<meta property=\"og:image:type\" content=\"image\/jpeg\" \/>\n<meta name=\"twitter:card\" content=\"summary_large_image\" \/>\n<meta name=\"twitter:label1\" content=\"Temps estimat de lectura\" \/>\n\t<meta name=\"twitter:data1\" content=\"3 minuts\" \/>\n<script type=\"application\/ld+json\" class=\"yoast-schema-graph\">{\"@context\":\"https:\\\/\\\/schema.org\",\"@graph\":[{\"@type\":\"WebPage\",\"@id\":\"https:\\\/\\\/alternativa3.com\\\/cafe-soluble-liofilizado-bio-ft-25uds-2g\\\/\",\"url\":\"https:\\\/\\\/alternativa3.com\\\/cafe-soluble-liofilizado-bio-ft-25uds-2g\\\/\",\"name\":\"Caf\u00e9 soluble liofilizado en sobres BIO \u2013 Caf\u00e9 instant\u00e1neo de Comercio Justo\",\"isPartOf\":{\"@id\":\"https:\\\/\\\/alternativa3.com\\\/#website\"},\"primaryImageOfPage\":{\"@id\":\"https:\\\/\\\/alternativa3.com\\\/cafe-soluble-liofilizado-bio-ft-25uds-2g\\\/#primaryimage\"},\"image\":{\"@id\":\"https:\\\/\\\/alternativa3.com\\\/cafe-soluble-liofilizado-bio-ft-25uds-2g\\\/#primaryimage\"},\"thumbnailUrl\":\"https:\\\/\\\/alternativa3.com\\\/wp-content\\\/uploads\\\/008016_cafe_liofilizado_sobres_bio_fairtrade-2.jpg\",\"datePublished\":\"2022-04-06T04:07:16+00:00\",\"dateModified\":\"2026-05-04T11:44:41+00:00\",\"description\":\"Compra caf\u00e9 soluble liofilizado en sobres BIO-FT. Caf\u00e9 100% ecol\u00f3gico de Comercio Justo. Sabor intenso y aroma natural. \u00a1Prepara tu bebida en segundos y disfruta!\",\"breadcrumb\":{\"@id\":\"https:\\\/\\\/alternativa3.com\\\/cafe-soluble-liofilizado-bio-ft-25uds-2g\\\/#breadcrumb\"},\"inLanguage\":\"ca\",\"potentialAction\":[{\"@type\":\"ReadAction\",\"target\":[\"https:\\\/\\\/alternativa3.com\\\/cafe-soluble-liofilizado-bio-ft-25uds-2g\\\/\"]}]},{\"@type\":\"ImageObject\",\"inLanguage\":\"ca\",\"@id\":\"https:\\\/\\\/alternativa3.com\\\/cafe-soluble-liofilizado-bio-ft-25uds-2g\\\/#primaryimage\",\"url\":\"https:\\\/\\\/alternativa3.com\\\/wp-content\\\/uploads\\\/008016_cafe_liofilizado_sobres_bio_fairtrade-2.jpg\",\"contentUrl\":\"https:\\\/\\\/alternativa3.com\\\/wp-content\\\/uploads\\\/008016_cafe_liofilizado_sobres_bio_fairtrade-2.jpg\",\"width\":1401,\"height\":1400,\"caption\":\"caf\u00e9 liofilizado en sobres bio fairtrade\"},{\"@type\":\"BreadcrumbList\",\"@id\":\"https:\\\/\\\/alternativa3.com\\\/cafe-soluble-liofilizado-bio-ft-25uds-2g\\\/#breadcrumb\",\"itemListElement\":[{\"@type\":\"ListItem\",\"position\":1,\"name\":\"Portada\",\"item\":\"https:\\\/\\\/alternativa3.com\\\/\"},{\"@type\":\"ListItem\",\"position\":2,\"name\":\"Tienda\",\"item\":\"https:\\\/\\\/alternativa3.com\\\/tienda\\\/\"},{\"@type\":\"ListItem\",\"position\":3,\"name\":\"Caf\u00e9 soluble liofilizado en sobres BIO-FT\"}]},{\"@type\":\"WebSite\",\"@id\":\"https:\\\/\\\/alternativa3.com\\\/#website\",\"url\":\"https:\\\/\\\/alternativa3.com\\\/\",\"name\":\"AlterNativa3\",\"description\":\"Productos ecol\u00f3gicos de comercio justo\",\"publisher\":{\"@id\":\"https:\\\/\\\/alternativa3.com\\\/#organization\"},\"alternateName\":\"A3\",\"potentialAction\":[{\"@type\":\"SearchAction\",\"target\":{\"@type\":\"EntryPoint\",\"urlTemplate\":\"https:\\\/\\\/alternativa3.com\\\/?s={search_term_string}\"},\"query-input\":{\"@type\":\"PropertyValueSpecification\",\"valueRequired\":true,\"valueName\":\"search_term_string\"}}],\"inLanguage\":\"ca\"},{\"@type\":\"Organization\",\"@id\":\"https:\\\/\\\/alternativa3.com\\\/#organization\",\"name\":\"ALTERNATIVA3\",\"alternateName\":\"A3\",\"url\":\"https:\\\/\\\/alternativa3.com\\\/\",\"logo\":{\"@type\":\"ImageObject\",\"inLanguage\":\"ca\",\"@id\":\"https:\\\/\\\/alternativa3.com\\\/#\\\/schema\\\/logo\\\/image\\\/\",\"url\":\"https:\\\/\\\/alternativa3.com\\\/wp-content\\\/uploads\\\/logo-alternativa3.svg\",\"contentUrl\":\"https:\\\/\\\/alternativa3.com\\\/wp-content\\\/uploads\\\/logo-alternativa3.svg\",\"width\":73,\"height\":50,\"caption\":\"ALTERNATIVA3\"},\"image\":{\"@id\":\"https:\\\/\\\/alternativa3.com\\\/#\\\/schema\\\/logo\\\/image\\\/\"},\"sameAs\":[\"https:\\\/\\\/www.facebook.com\\\/alternativa3Scoop\",\"https:\\\/\\\/www.instagram.com\\\/alternativa3scoop\\\/\",\"https:\\\/\\\/www.youtube.com\\\/@Alternativa3\",\"https:\\\/\\\/es.linkedin.com\\\/company\\\/alternativa3\"]}]}<\/script>\n<!-- \/ Yoast SEO plugin. -->","yoast_head_json":{"title":"Caf\u00e8 soluble liofilitzat en sobres BIO \u2013 Caf\u00e8 instantani de Comer\u00e7 Just","description":"Compra caf\u00e8 soluble liofilitzat amb sobres BIO-FT. Caf\u00e8 100% ecol\u00f2gic de Comer\u00e7 Just. Sabor intens i aroma natural. Prepara la teva beguda en segons i gaudeix-ne!","robots":{"index":"index","follow":"follow","max-snippet":"max-snippet:-1","max-image-preview":"max-image-preview:large","max-video-preview":"max-video-preview:-1"},"canonical":"https:\/\/alternativa3.com\/ca\/cafe-soluble-liofilitzat-bio-ft-25uds-2g\/","og_locale":"ca_ES","og_type":"article","og_title":"Caf\u00e9 soluble liofilizado en sobres BIO \u2013 Caf\u00e9 instant\u00e1neo de Comercio Justo","og_description":"Compra caf\u00e9 soluble liofilizado en sobres BIO-FT. Caf\u00e9 100% ecol\u00f3gico de Comercio Justo. Sabor intenso y aroma natural. \u00a1Prepara tu bebida en segundos y disfruta!","og_url":"https:\/\/alternativa3.com\/ca\/cafe-soluble-liofilitzat-bio-ft-25uds-2g\/","og_site_name":"AlterNativa3","article_publisher":"https:\/\/www.facebook.com\/alternativa3Scoop","article_modified_time":"2026-05-04T11:44:41+00:00","og_image":[{"width":1401,"height":1400,"url":"https:\/\/alternativa3.com\/wp-content\/uploads\/008016_cafe_liofilizado_sobres_bio_fairtrade-2.jpg","type":"image\/jpeg"}],"twitter_card":"summary_large_image","twitter_misc":{"Temps estimat de lectura":"3 minuts"},"schema":{"@context":"https:\/\/schema.org","@graph":[{"@type":"WebPage","@id":"https:\/\/alternativa3.com\/cafe-soluble-liofilizado-bio-ft-25uds-2g\/","url":"https:\/\/alternativa3.com\/cafe-soluble-liofilizado-bio-ft-25uds-2g\/","name":"Caf\u00e8 soluble liofilitzat en sobres BIO \u2013 Caf\u00e8 instantani de Comer\u00e7 Just","isPartOf":{"@id":"https:\/\/alternativa3.com\/#website"},"primaryImageOfPage":{"@id":"https:\/\/alternativa3.com\/cafe-soluble-liofilizado-bio-ft-25uds-2g\/#primaryimage"},"image":{"@id":"https:\/\/alternativa3.com\/cafe-soluble-liofilizado-bio-ft-25uds-2g\/#primaryimage"},"thumbnailUrl":"https:\/\/alternativa3.com\/wp-content\/uploads\/008016_cafe_liofilizado_sobres_bio_fairtrade-2.jpg","datePublished":"2022-04-06T04:07:16+00:00","dateModified":"2026-05-04T11:44:41+00:00","description":"Compra caf\u00e8 soluble liofilitzat amb sobres BIO-FT. Caf\u00e8 100% ecol\u00f2gic de Comer\u00e7 Just. Sabor intens i aroma natural. Prepara la teva beguda en segons i gaudeix-ne!","breadcrumb":{"@id":"https:\/\/alternativa3.com\/cafe-soluble-liofilizado-bio-ft-25uds-2g\/#breadcrumb"},"inLanguage":"ca","potentialAction":[{"@type":"ReadAction","target":["https:\/\/alternativa3.com\/cafe-soluble-liofilizado-bio-ft-25uds-2g\/"]}]},{"@type":"ImageObject","inLanguage":"ca","@id":"https:\/\/alternativa3.com\/cafe-soluble-liofilizado-bio-ft-25uds-2g\/#primaryimage","url":"https:\/\/alternativa3.com\/wp-content\/uploads\/008016_cafe_liofilizado_sobres_bio_fairtrade-2.jpg","contentUrl":"https:\/\/alternativa3.com\/wp-content\/uploads\/008016_cafe_liofilizado_sobres_bio_fairtrade-2.jpg","width":1401,"height":1400,"caption":"caf\u00e9 liofilizado en sobres bio fairtrade"},{"@type":"BreadcrumbList","@id":"https:\/\/alternativa3.com\/cafe-soluble-liofilizado-bio-ft-25uds-2g\/#breadcrumb","itemListElement":[{"@type":"ListItem","position":1,"name":"Portada","item":"https:\/\/alternativa3.com\/"},{"@type":"ListItem","position":2,"name":"Tienda","item":"https:\/\/alternativa3.com\/tienda\/"},{"@type":"ListItem","position":3,"name":"Caf\u00e9 soluble liofilizado en sobres BIO-FT"}]},{"@type":"WebSite","@id":"https:\/\/alternativa3.com\/#website","url":"https:\/\/alternativa3.com\/","name":"AlterNativa3","description":"Productes ecol\u00f2gics de comer\u00e7 just","publisher":{"@id":"https:\/\/alternativa3.com\/#organization"},"alternateName":"A3","potentialAction":[{"@type":"SearchAction","target":{"@type":"EntryPoint","urlTemplate":"https:\/\/alternativa3.com\/?s={search_term_string}"},"query-input":{"@type":"PropertyValueSpecification","valueRequired":true,"valueName":"search_term_string"}}],"inLanguage":"ca"},{"@type":"Organization","@id":"https:\/\/alternativa3.com\/#organization","name":"ALTERNATIVA3","alternateName":"A3","url":"https:\/\/alternativa3.com\/","logo":{"@type":"ImageObject","inLanguage":"ca","@id":"https:\/\/alternativa3.com\/#\/schema\/logo\/image\/","url":"https:\/\/alternativa3.com\/wp-content\/uploads\/logo-alternativa3.svg","contentUrl":"https:\/\/alternativa3.com\/wp-content\/uploads\/logo-alternativa3.svg","width":73,"height":50,"caption":"ALTERNATIVA3"},"image":{"@id":"https:\/\/alternativa3.com\/#\/schema\/logo\/image\/"},"sameAs":["https:\/\/www.facebook.com\/alternativa3Scoop","https:\/\/www.instagram.com\/alternativa3scoop\/","https:\/\/www.youtube.com\/@Alternativa3","https:\/\/es.linkedin.com\/company\/alternativa3"]}]}},"_links":{"self":[{"href":"https:\/\/alternativa3.com\/ca\/wp-json\/wp\/v2\/product\/18980","targetHints":{"allow":["GET"]}}],"collection":[{"href":"https:\/\/alternativa3.com\/ca\/wp-json\/wp\/v2\/product"}],"about":[{"href":"https:\/\/alternativa3.com\/ca\/wp-json\/wp\/v2\/types\/product"}],"wp:featuredmedia":[{"embeddable":true,"href":"https:\/\/alternativa3.com\/ca\/wp-json\/wp\/v2\/media\/19602"}],"wp:attachment":[{"href":"https:\/\/alternativa3.com\/ca\/wp-json\/wp\/v2\/media?parent=18980"}],"wp:term":[{"taxonomy":"product_brand","embeddable":true,"href":"https:\/\/alternativa3.com\/ca\/wp-json\/wp\/v2\/product_brand?post=18980"},{"taxonomy":"product_cat","embeddable":true,"href":"https:\/\/alternativa3.com\/ca\/wp-json\/wp\/v2\/product_cat?post=18980"},{"taxonomy":"product_tag","embeddable":true,"href":"https:\/\/alternativa3.com\/ca\/wp-json\/wp\/v2\/product_tag?post=18980"}],"curies":[{"name":"wp","href":"https:\/\/api.w.org\/{rel}","templated":true}]}}