{"id":18968,"date":"2022-02-02T06:03:07","date_gmt":"2022-02-02T05:03:07","guid":{"rendered":"https:\/\/beta.alternativa3.com\/producto\/azucar-moreno-de-cana-demerara-bio-ft-1kg\/"},"modified":"2026-05-05T19:43:07","modified_gmt":"2026-05-05T17:43:07","slug":"sucre-de-cana-demerara-bio-ft-1kg","status":"publish","type":"product","link":"https:\/\/alternativa3.com\/ca\/azucar-de-cana-demerara-bio-ft-1kg\/","title":{"rendered":"Sucre mor\u00e8 de canya Demerara Bio Fairtrade"},"content":{"rendered":"<p>El sucre Demerara \u00e9s un sucre en brut extret de la canya. Est\u00e0 m\u00ednimament processat,<br \/>\nper aix\u00f2 t\u00e9 un color marr\u00f3 daurat i grans grans que li donen una textura cruixent.<\/p>\n<p>El nom Demerara prov\u00e9 del lloc on es va originar la col\u00f2nia brit\u00e0nica de Demerara, ara anomenada Guyana.<\/p>\n<p>Aquest sucre ha estat cultivat per cooperatives de comer\u00e7 justa a Col\u00f2mbia. Les primes de comer\u00e7 just<br \/>\nno nom\u00e9s milloren els ingressos dels i les agricultores, sin\u00f3 que tamb\u00e9 permeten que les cooperatives<br \/>\nimplementin diversos projectes comunitaris, com ara la construcci\u00f3 d&#039;escoles o infraestructura de<br \/>\nproducci\u00f3 moderna o la realitzaci\u00f3 d&#039;inversions en atenci\u00f3 m\u00e8dica.<\/p>","protected":false},"excerpt":{"rendered":"<p>Sucre mor\u00e8 de canya de r\u00e0pida dissoluci\u00f3. Sabor suau.<\/p>","protected":false},"featured_media":18547,"template":"","meta":{"inline_featured_image":false},"product_brand":[],"product_cat":[50,81],"product_tag":[],"class_list":{"0":"post-18968","1":"product","2":"type-product","3":"status-publish","4":"has-post-thumbnail","6":"product_cat-azucares","7":"product_cat-azucar","9":"first","10":"instock","11":"taxable","12":"shipping-taxable","13":"purchasable","14":"product-type-variable","15":"rtwpvg-product"},"acf":[],"yoast_head":"<!-- This site is optimized with the Yoast SEO plugin v27.5 - https:\/\/yoast.com\/product\/yoast-seo-wordpress\/ -->\n<title>Az\u00facar moreno de ca\u00f1a Demerara Bio Fairtrade - AlterNativa3<\/title>\n<meta name=\"description\" content=\"El az\u00facar Demerara es un az\u00facar en bruto extra\u00eddo de la ca\u00f1a de az\u00facar. M\u00ednimamente procesado y grandes granos que le dan una textura crujiente.\" \/>\n<meta name=\"robots\" content=\"index, follow, max-snippet:-1, max-image-preview:large, max-video-preview:-1\" \/>\n<link rel=\"canonical\" href=\"https:\/\/alternativa3.com\/ca\/sucre-de-cana-demerara-bio-ft-1kg\/\" \/>\n<meta property=\"og:locale\" content=\"ca_ES\" \/>\n<meta property=\"og:type\" content=\"article\" \/>\n<meta property=\"og:title\" content=\"Az\u00facar moreno de ca\u00f1a Demerara Bio Fairtrade - AlterNativa3\" \/>\n<meta property=\"og:description\" content=\"El az\u00facar Demerara es un az\u00facar en bruto extra\u00eddo de la ca\u00f1a de az\u00facar. M\u00ednimamente procesado y grandes granos que le dan una textura crujiente.\" \/>\n<meta property=\"og:url\" content=\"https:\/\/alternativa3.com\/ca\/sucre-de-cana-demerara-bio-ft-1kg\/\" \/>\n<meta property=\"og:site_name\" content=\"AlterNativa3\" \/>\n<meta property=\"article:publisher\" content=\"https:\/\/www.facebook.com\/alternativa3Scoop\" \/>\n<meta property=\"article:modified_time\" content=\"2026-05-05T17:43:07+00:00\" \/>\n<meta property=\"og:image\" content=\"https:\/\/alternativa3.com\/wp-content\/uploads\/025201.jpg\" \/>\n\t<meta property=\"og:image:width\" content=\"1000\" \/>\n\t<meta property=\"og:image:height\" content=\"1000\" \/>\n\t<meta property=\"og:image:type\" content=\"image\/jpeg\" \/>\n<meta name=\"twitter:card\" content=\"summary_large_image\" \/>\n<meta name=\"twitter:label1\" content=\"Temps estimat de lectura\" \/>\n\t<meta name=\"twitter:data1\" content=\"1 minut\" \/>\n<script type=\"application\/ld+json\" class=\"yoast-schema-graph\">{\"@context\":\"https:\\\/\\\/schema.org\",\"@graph\":[{\"@type\":\"WebPage\",\"@id\":\"https:\\\/\\\/alternativa3.com\\\/azucar-de-cana-demerara-bio-ft-1kg\\\/\",\"url\":\"https:\\\/\\\/alternativa3.com\\\/azucar-de-cana-demerara-bio-ft-1kg\\\/\",\"name\":\"Az\u00facar moreno de ca\u00f1a Demerara Bio Fairtrade - AlterNativa3\",\"isPartOf\":{\"@id\":\"https:\\\/\\\/alternativa3.com\\\/#website\"},\"primaryImageOfPage\":{\"@id\":\"https:\\\/\\\/alternativa3.com\\\/azucar-de-cana-demerara-bio-ft-1kg\\\/#primaryimage\"},\"image\":{\"@id\":\"https:\\\/\\\/alternativa3.com\\\/azucar-de-cana-demerara-bio-ft-1kg\\\/#primaryimage\"},\"thumbnailUrl\":\"https:\\\/\\\/alternativa3.com\\\/wp-content\\\/uploads\\\/025201.jpg\",\"datePublished\":\"2022-02-02T05:03:07+00:00\",\"dateModified\":\"2026-05-05T17:43:07+00:00\",\"description\":\"El az\u00facar Demerara es un az\u00facar en bruto extra\u00eddo de la ca\u00f1a de az\u00facar. M\u00ednimamente procesado y grandes granos que le dan una textura crujiente.\",\"breadcrumb\":{\"@id\":\"https:\\\/\\\/alternativa3.com\\\/azucar-de-cana-demerara-bio-ft-1kg\\\/#breadcrumb\"},\"inLanguage\":\"ca\",\"potentialAction\":[{\"@type\":\"ReadAction\",\"target\":[\"https:\\\/\\\/alternativa3.com\\\/azucar-de-cana-demerara-bio-ft-1kg\\\/\"]}]},{\"@type\":\"ImageObject\",\"inLanguage\":\"ca\",\"@id\":\"https:\\\/\\\/alternativa3.com\\\/azucar-de-cana-demerara-bio-ft-1kg\\\/#primaryimage\",\"url\":\"https:\\\/\\\/alternativa3.com\\\/wp-content\\\/uploads\\\/025201.jpg\",\"contentUrl\":\"https:\\\/\\\/alternativa3.com\\\/wp-content\\\/uploads\\\/025201.jpg\",\"width\":1000,\"height\":1000},{\"@type\":\"BreadcrumbList\",\"@id\":\"https:\\\/\\\/alternativa3.com\\\/azucar-de-cana-demerara-bio-ft-1kg\\\/#breadcrumb\",\"itemListElement\":[{\"@type\":\"ListItem\",\"position\":1,\"name\":\"Portada\",\"item\":\"https:\\\/\\\/alternativa3.com\\\/\"},{\"@type\":\"ListItem\",\"position\":2,\"name\":\"Tienda\",\"item\":\"https:\\\/\\\/alternativa3.com\\\/tienda\\\/\"},{\"@type\":\"ListItem\",\"position\":3,\"name\":\"Az\u00facar moreno de ca\u00f1a Demerara Bio Fairtrade\"}]},{\"@type\":\"WebSite\",\"@id\":\"https:\\\/\\\/alternativa3.com\\\/#website\",\"url\":\"https:\\\/\\\/alternativa3.com\\\/\",\"name\":\"AlterNativa3\",\"description\":\"Productos ecol\u00f3gicos de comercio justo\",\"publisher\":{\"@id\":\"https:\\\/\\\/alternativa3.com\\\/#organization\"},\"alternateName\":\"A3\",\"potentialAction\":[{\"@type\":\"SearchAction\",\"target\":{\"@type\":\"EntryPoint\",\"urlTemplate\":\"https:\\\/\\\/alternativa3.com\\\/?s={search_term_string}\"},\"query-input\":{\"@type\":\"PropertyValueSpecification\",\"valueRequired\":true,\"valueName\":\"search_term_string\"}}],\"inLanguage\":\"ca\"},{\"@type\":\"Organization\",\"@id\":\"https:\\\/\\\/alternativa3.com\\\/#organization\",\"name\":\"ALTERNATIVA3\",\"alternateName\":\"A3\",\"url\":\"https:\\\/\\\/alternativa3.com\\\/\",\"logo\":{\"@type\":\"ImageObject\",\"inLanguage\":\"ca\",\"@id\":\"https:\\\/\\\/alternativa3.com\\\/#\\\/schema\\\/logo\\\/image\\\/\",\"url\":\"https:\\\/\\\/alternativa3.com\\\/wp-content\\\/uploads\\\/logo-alternativa3.svg\",\"contentUrl\":\"https:\\\/\\\/alternativa3.com\\\/wp-content\\\/uploads\\\/logo-alternativa3.svg\",\"width\":73,\"height\":50,\"caption\":\"ALTERNATIVA3\"},\"image\":{\"@id\":\"https:\\\/\\\/alternativa3.com\\\/#\\\/schema\\\/logo\\\/image\\\/\"},\"sameAs\":[\"https:\\\/\\\/www.facebook.com\\\/alternativa3Scoop\",\"https:\\\/\\\/www.instagram.com\\\/alternativa3scoop\\\/\",\"https:\\\/\\\/www.youtube.com\\\/@Alternativa3\",\"https:\\\/\\\/es.linkedin.com\\\/company\\\/alternativa3\"]}]}<\/script>\n<!-- \/ Yoast SEO plugin. -->","yoast_head_json":{"title":"Sucre bru de canya Demerara Bio Fairtrade - AlterNativa3","description":"El sucre Demerara \u00e9s un sucre en brut extret de la canya de sucre. M\u00ednimament processat i grans grans que li donen una textura cruixent.","robots":{"index":"index","follow":"follow","max-snippet":"max-snippet:-1","max-image-preview":"max-image-preview:large","max-video-preview":"max-video-preview:-1"},"canonical":"https:\/\/alternativa3.com\/ca\/sucre-de-cana-demerara-bio-ft-1kg\/","og_locale":"ca_ES","og_type":"article","og_title":"Az\u00facar moreno de ca\u00f1a Demerara Bio Fairtrade - AlterNativa3","og_description":"El az\u00facar Demerara es un az\u00facar en bruto extra\u00eddo de la ca\u00f1a de az\u00facar. M\u00ednimamente procesado y grandes granos que le dan una textura crujiente.","og_url":"https:\/\/alternativa3.com\/ca\/sucre-de-cana-demerara-bio-ft-1kg\/","og_site_name":"AlterNativa3","article_publisher":"https:\/\/www.facebook.com\/alternativa3Scoop","article_modified_time":"2026-05-05T17:43:07+00:00","og_image":[{"width":1000,"height":1000,"url":"https:\/\/alternativa3.com\/wp-content\/uploads\/025201.jpg","type":"image\/jpeg"}],"twitter_card":"summary_large_image","twitter_misc":{"Temps estimat de lectura":"1 minut"},"schema":{"@context":"https:\/\/schema.org","@graph":[{"@type":"WebPage","@id":"https:\/\/alternativa3.com\/azucar-de-cana-demerara-bio-ft-1kg\/","url":"https:\/\/alternativa3.com\/azucar-de-cana-demerara-bio-ft-1kg\/","name":"Sucre bru de canya Demerara Bio Fairtrade - AlterNativa3","isPartOf":{"@id":"https:\/\/alternativa3.com\/#website"},"primaryImageOfPage":{"@id":"https:\/\/alternativa3.com\/azucar-de-cana-demerara-bio-ft-1kg\/#primaryimage"},"image":{"@id":"https:\/\/alternativa3.com\/azucar-de-cana-demerara-bio-ft-1kg\/#primaryimage"},"thumbnailUrl":"https:\/\/alternativa3.com\/wp-content\/uploads\/025201.jpg","datePublished":"2022-02-02T05:03:07+00:00","dateModified":"2026-05-05T17:43:07+00:00","description":"El sucre Demerara \u00e9s un sucre en brut extret de la canya de sucre. M\u00ednimament processat i grans grans que li donen una textura cruixent.","breadcrumb":{"@id":"https:\/\/alternativa3.com\/azucar-de-cana-demerara-bio-ft-1kg\/#breadcrumb"},"inLanguage":"ca","potentialAction":[{"@type":"ReadAction","target":["https:\/\/alternativa3.com\/azucar-de-cana-demerara-bio-ft-1kg\/"]}]},{"@type":"ImageObject","inLanguage":"ca","@id":"https:\/\/alternativa3.com\/azucar-de-cana-demerara-bio-ft-1kg\/#primaryimage","url":"https:\/\/alternativa3.com\/wp-content\/uploads\/025201.jpg","contentUrl":"https:\/\/alternativa3.com\/wp-content\/uploads\/025201.jpg","width":1000,"height":1000},{"@type":"BreadcrumbList","@id":"https:\/\/alternativa3.com\/azucar-de-cana-demerara-bio-ft-1kg\/#breadcrumb","itemListElement":[{"@type":"ListItem","position":1,"name":"Portada","item":"https:\/\/alternativa3.com\/"},{"@type":"ListItem","position":2,"name":"Tienda","item":"https:\/\/alternativa3.com\/tienda\/"},{"@type":"ListItem","position":3,"name":"Az\u00facar moreno de ca\u00f1a Demerara Bio Fairtrade"}]},{"@type":"WebSite","@id":"https:\/\/alternativa3.com\/#website","url":"https:\/\/alternativa3.com\/","name":"AlterNativa3","description":"Productes ecol\u00f2gics de comer\u00e7 just","publisher":{"@id":"https:\/\/alternativa3.com\/#organization"},"alternateName":"A3","potentialAction":[{"@type":"SearchAction","target":{"@type":"EntryPoint","urlTemplate":"https:\/\/alternativa3.com\/?s={search_term_string}"},"query-input":{"@type":"PropertyValueSpecification","valueRequired":true,"valueName":"search_term_string"}}],"inLanguage":"ca"},{"@type":"Organization","@id":"https:\/\/alternativa3.com\/#organization","name":"ALTERNATIVA3","alternateName":"A3","url":"https:\/\/alternativa3.com\/","logo":{"@type":"ImageObject","inLanguage":"ca","@id":"https:\/\/alternativa3.com\/#\/schema\/logo\/image\/","url":"https:\/\/alternativa3.com\/wp-content\/uploads\/logo-alternativa3.svg","contentUrl":"https:\/\/alternativa3.com\/wp-content\/uploads\/logo-alternativa3.svg","width":73,"height":50,"caption":"ALTERNATIVA3"},"image":{"@id":"https:\/\/alternativa3.com\/#\/schema\/logo\/image\/"},"sameAs":["https:\/\/www.facebook.com\/alternativa3Scoop","https:\/\/www.instagram.com\/alternativa3scoop\/","https:\/\/www.youtube.com\/@Alternativa3","https:\/\/es.linkedin.com\/company\/alternativa3"]}]}},"_links":{"self":[{"href":"https:\/\/alternativa3.com\/ca\/wp-json\/wp\/v2\/product\/18968","targetHints":{"allow":["GET"]}}],"collection":[{"href":"https:\/\/alternativa3.com\/ca\/wp-json\/wp\/v2\/product"}],"about":[{"href":"https:\/\/alternativa3.com\/ca\/wp-json\/wp\/v2\/types\/product"}],"wp:featuredmedia":[{"embeddable":true,"href":"https:\/\/alternativa3.com\/ca\/wp-json\/wp\/v2\/media\/18547"}],"wp:attachment":[{"href":"https:\/\/alternativa3.com\/ca\/wp-json\/wp\/v2\/media?parent=18968"}],"wp:term":[{"taxonomy":"product_brand","embeddable":true,"href":"https:\/\/alternativa3.com\/ca\/wp-json\/wp\/v2\/product_brand?post=18968"},{"taxonomy":"product_cat","embeddable":true,"href":"https:\/\/alternativa3.com\/ca\/wp-json\/wp\/v2\/product_cat?post=18968"},{"taxonomy":"product_tag","embeddable":true,"href":"https:\/\/alternativa3.com\/ca\/wp-json\/wp\/v2\/product_tag?post=18968"}],"curies":[{"name":"wp","href":"https:\/\/api.w.org\/{rel}","templated":true}]}}