{"id":18959,"date":"2021-06-11T13:21:37","date_gmt":"2021-06-11T12:21:37","guid":{"rendered":"https:\/\/beta.alternativa3.com\/producto\/cacao-con-naranja-canela-bio-125g\/"},"modified":"2026-05-04T13:42:24","modified_gmt":"2026-05-04T11:42:24","slug":"cacau-amb-taronja-canyella-bio-125g","status":"publish","type":"product","link":"https:\/\/alternativa3.com\/ca\/cacau-amb-taronja-canyella-bio-125g\/","title":{"rendered":"Cacau amb Taronja-Canella Bio 125g"},"content":{"rendered":"","protected":false},"excerpt":{"rendered":"<p>La taronja i la canyella harmonitzen la intensitat del cacau i faciliten el consum d&#039;aquest cacau sense afegir-hi endolcidors.<\/p>","protected":false},"featured_media":17377,"template":"","meta":{"inline_featured_image":false},"product_brand":[],"product_cat":[37,553],"product_tag":[],"class_list":{"0":"post-18959","1":"product","2":"type-product","3":"status-publish","4":"has-post-thumbnail","6":"product_cat-cacao","7":"product_cat-dietetica","9":"first","10":"instock","11":"taxable","12":"shipping-taxable","13":"purchasable","14":"product-type-simple"},"acf":[],"yoast_head":"<!-- This site is optimized with the Yoast SEO plugin v27.3 - https:\/\/yoast.com\/product\/yoast-seo-wordpress\/ -->\n<title>Cacao con Canela y Naranja - Ecol\u00f3gico y de comercio justo<\/title>\n<meta name=\"description\" content=\"Descubre el sabor profundo del cacao con canela y naranja. Sin az\u00facar, ecol\u00f3gico y de comercio justo. \u00a1Apuesta por un placer consciente!\" \/>\n<meta name=\"robots\" content=\"index, follow, max-snippet:-1, max-image-preview:large, max-video-preview:-1\" \/>\n<link rel=\"canonical\" href=\"https:\/\/alternativa3.com\/ca\/cacau-amb-taronja-canyella-bio-125g\/\" \/>\n<meta property=\"og:locale\" content=\"ca_ES\" \/>\n<meta property=\"og:type\" content=\"article\" \/>\n<meta property=\"og:title\" content=\"Cacao con Canela y Naranja - Ecol\u00f3gico y de comercio justo\" \/>\n<meta property=\"og:description\" content=\"Descubre el sabor profundo del cacao con canela y naranja. Sin az\u00facar, ecol\u00f3gico y de comercio justo. \u00a1Apuesta por un placer consciente!\" \/>\n<meta property=\"og:url\" content=\"https:\/\/alternativa3.com\/ca\/cacau-amb-taronja-canyella-bio-125g\/\" \/>\n<meta property=\"og:site_name\" content=\"AlterNativa3\" \/>\n<meta property=\"article:publisher\" content=\"https:\/\/www.facebook.com\/alternativa3Scoop\" \/>\n<meta property=\"article:modified_time\" content=\"2026-05-04T11:42:24+00:00\" \/>\n<meta property=\"og:image\" content=\"https:\/\/alternativa3.com\/wp-content\/uploads\/042604-1.jpg\" \/>\n\t<meta property=\"og:image:width\" content=\"1401\" \/>\n\t<meta property=\"og:image:height\" content=\"1401\" \/>\n\t<meta property=\"og:image:type\" content=\"image\/jpeg\" \/>\n<meta name=\"twitter:card\" content=\"summary_large_image\" \/>\n<meta name=\"twitter:label1\" content=\"Temps estimat de lectura\" \/>\n\t<meta name=\"twitter:data1\" content=\"3 minuts\" \/>\n<script type=\"application\/ld+json\" class=\"yoast-schema-graph\">{\"@context\":\"https:\\\/\\\/schema.org\",\"@graph\":[{\"@type\":\"WebPage\",\"@id\":\"https:\\\/\\\/alternativa3.com\\\/cacao-con-naranja-canela-bio-125g\\\/\",\"url\":\"https:\\\/\\\/alternativa3.com\\\/cacao-con-naranja-canela-bio-125g\\\/\",\"name\":\"Cacao con Canela y Naranja - Ecol\u00f3gico y de comercio justo\",\"isPartOf\":{\"@id\":\"https:\\\/\\\/alternativa3.com\\\/#website\"},\"primaryImageOfPage\":{\"@id\":\"https:\\\/\\\/alternativa3.com\\\/cacao-con-naranja-canela-bio-125g\\\/#primaryimage\"},\"image\":{\"@id\":\"https:\\\/\\\/alternativa3.com\\\/cacao-con-naranja-canela-bio-125g\\\/#primaryimage\"},\"thumbnailUrl\":\"https:\\\/\\\/alternativa3.com\\\/wp-content\\\/uploads\\\/042604-1.jpg\",\"datePublished\":\"2021-06-11T12:21:37+00:00\",\"dateModified\":\"2026-05-04T11:42:24+00:00\",\"description\":\"Descubre el sabor profundo del cacao con canela y naranja. Sin az\u00facar, ecol\u00f3gico y de comercio justo. \u00a1Apuesta por un placer consciente!\",\"breadcrumb\":{\"@id\":\"https:\\\/\\\/alternativa3.com\\\/cacao-con-naranja-canela-bio-125g\\\/#breadcrumb\"},\"inLanguage\":\"ca\",\"potentialAction\":[{\"@type\":\"ReadAction\",\"target\":[\"https:\\\/\\\/alternativa3.com\\\/cacao-con-naranja-canela-bio-125g\\\/\"]}]},{\"@type\":\"ImageObject\",\"inLanguage\":\"ca\",\"@id\":\"https:\\\/\\\/alternativa3.com\\\/cacao-con-naranja-canela-bio-125g\\\/#primaryimage\",\"url\":\"https:\\\/\\\/alternativa3.com\\\/wp-content\\\/uploads\\\/042604-1.jpg\",\"contentUrl\":\"https:\\\/\\\/alternativa3.com\\\/wp-content\\\/uploads\\\/042604-1.jpg\",\"width\":1401,\"height\":1401},{\"@type\":\"BreadcrumbList\",\"@id\":\"https:\\\/\\\/alternativa3.com\\\/cacao-con-naranja-canela-bio-125g\\\/#breadcrumb\",\"itemListElement\":[{\"@type\":\"ListItem\",\"position\":1,\"name\":\"Portada\",\"item\":\"https:\\\/\\\/alternativa3.com\\\/\"},{\"@type\":\"ListItem\",\"position\":2,\"name\":\"Tienda\",\"item\":\"https:\\\/\\\/alternativa3.com\\\/tienda\\\/\"},{\"@type\":\"ListItem\",\"position\":3,\"name\":\"Cacao con Naranja-Canela Bio 125g\"}]},{\"@type\":\"WebSite\",\"@id\":\"https:\\\/\\\/alternativa3.com\\\/#website\",\"url\":\"https:\\\/\\\/alternativa3.com\\\/\",\"name\":\"AlterNativa3\",\"description\":\"Productos ecol\u00f3gicos de comercio justo\",\"publisher\":{\"@id\":\"https:\\\/\\\/alternativa3.com\\\/#organization\"},\"alternateName\":\"A3\",\"potentialAction\":[{\"@type\":\"SearchAction\",\"target\":{\"@type\":\"EntryPoint\",\"urlTemplate\":\"https:\\\/\\\/alternativa3.com\\\/?s={search_term_string}\"},\"query-input\":{\"@type\":\"PropertyValueSpecification\",\"valueRequired\":true,\"valueName\":\"search_term_string\"}}],\"inLanguage\":\"ca\"},{\"@type\":\"Organization\",\"@id\":\"https:\\\/\\\/alternativa3.com\\\/#organization\",\"name\":\"ALTERNATIVA3\",\"alternateName\":\"A3\",\"url\":\"https:\\\/\\\/alternativa3.com\\\/\",\"logo\":{\"@type\":\"ImageObject\",\"inLanguage\":\"ca\",\"@id\":\"https:\\\/\\\/alternativa3.com\\\/#\\\/schema\\\/logo\\\/image\\\/\",\"url\":\"https:\\\/\\\/alternativa3.com\\\/wp-content\\\/uploads\\\/logo-alternativa3.svg\",\"contentUrl\":\"https:\\\/\\\/alternativa3.com\\\/wp-content\\\/uploads\\\/logo-alternativa3.svg\",\"width\":73,\"height\":50,\"caption\":\"ALTERNATIVA3\"},\"image\":{\"@id\":\"https:\\\/\\\/alternativa3.com\\\/#\\\/schema\\\/logo\\\/image\\\/\"},\"sameAs\":[\"https:\\\/\\\/www.facebook.com\\\/alternativa3Scoop\",\"https:\\\/\\\/www.instagram.com\\\/alternativa3scoop\\\/\",\"https:\\\/\\\/www.youtube.com\\\/@Alternativa3\",\"https:\\\/\\\/es.linkedin.com\\\/company\\\/alternativa3\"]}]}<\/script>\n<!-- \/ Yoast SEO plugin. -->","yoast_head_json":{"title":"Cacau amb Canela i Taronja - Ecol\u00f2gic i de comer\u00e7 just","description":"Descobreix el sabor profund del cacau amb canyella i taronja. Sense sucre, ecol\u00f2gic i de comer\u00e7 just. Aposta per un plaer conscient!","robots":{"index":"index","follow":"follow","max-snippet":"max-snippet:-1","max-image-preview":"max-image-preview:large","max-video-preview":"max-video-preview:-1"},"canonical":"https:\/\/alternativa3.com\/ca\/cacau-amb-taronja-canyella-bio-125g\/","og_locale":"ca_ES","og_type":"article","og_title":"Cacao con Canela y Naranja - Ecol\u00f3gico y de comercio justo","og_description":"Descubre el sabor profundo del cacao con canela y naranja. Sin az\u00facar, ecol\u00f3gico y de comercio justo. \u00a1Apuesta por un placer consciente!","og_url":"https:\/\/alternativa3.com\/ca\/cacau-amb-taronja-canyella-bio-125g\/","og_site_name":"AlterNativa3","article_publisher":"https:\/\/www.facebook.com\/alternativa3Scoop","article_modified_time":"2026-05-04T11:42:24+00:00","og_image":[{"width":1401,"height":1401,"url":"https:\/\/alternativa3.com\/wp-content\/uploads\/042604-1.jpg","type":"image\/jpeg"}],"twitter_card":"summary_large_image","twitter_misc":{"Temps estimat de lectura":"3 minuts"},"schema":{"@context":"https:\/\/schema.org","@graph":[{"@type":"WebPage","@id":"https:\/\/alternativa3.com\/cacao-con-naranja-canela-bio-125g\/","url":"https:\/\/alternativa3.com\/cacao-con-naranja-canela-bio-125g\/","name":"Cacau amb Canela i Taronja - Ecol\u00f2gic i de comer\u00e7 just","isPartOf":{"@id":"https:\/\/alternativa3.com\/#website"},"primaryImageOfPage":{"@id":"https:\/\/alternativa3.com\/cacao-con-naranja-canela-bio-125g\/#primaryimage"},"image":{"@id":"https:\/\/alternativa3.com\/cacao-con-naranja-canela-bio-125g\/#primaryimage"},"thumbnailUrl":"https:\/\/alternativa3.com\/wp-content\/uploads\/042604-1.jpg","datePublished":"2021-06-11T12:21:37+00:00","dateModified":"2026-05-04T11:42:24+00:00","description":"Descobreix el sabor profund del cacau amb canyella i taronja. Sense sucre, ecol\u00f2gic i de comer\u00e7 just. Aposta per un plaer conscient!","breadcrumb":{"@id":"https:\/\/alternativa3.com\/cacao-con-naranja-canela-bio-125g\/#breadcrumb"},"inLanguage":"ca","potentialAction":[{"@type":"ReadAction","target":["https:\/\/alternativa3.com\/cacao-con-naranja-canela-bio-125g\/"]}]},{"@type":"ImageObject","inLanguage":"ca","@id":"https:\/\/alternativa3.com\/cacao-con-naranja-canela-bio-125g\/#primaryimage","url":"https:\/\/alternativa3.com\/wp-content\/uploads\/042604-1.jpg","contentUrl":"https:\/\/alternativa3.com\/wp-content\/uploads\/042604-1.jpg","width":1401,"height":1401},{"@type":"BreadcrumbList","@id":"https:\/\/alternativa3.com\/cacao-con-naranja-canela-bio-125g\/#breadcrumb","itemListElement":[{"@type":"ListItem","position":1,"name":"Portada","item":"https:\/\/alternativa3.com\/"},{"@type":"ListItem","position":2,"name":"Tienda","item":"https:\/\/alternativa3.com\/tienda\/"},{"@type":"ListItem","position":3,"name":"Cacao con Naranja-Canela Bio 125g"}]},{"@type":"WebSite","@id":"https:\/\/alternativa3.com\/#website","url":"https:\/\/alternativa3.com\/","name":"AlterNativa3","description":"Productes ecol\u00f2gics de comer\u00e7 just","publisher":{"@id":"https:\/\/alternativa3.com\/#organization"},"alternateName":"A3","potentialAction":[{"@type":"SearchAction","target":{"@type":"EntryPoint","urlTemplate":"https:\/\/alternativa3.com\/?s={search_term_string}"},"query-input":{"@type":"PropertyValueSpecification","valueRequired":true,"valueName":"search_term_string"}}],"inLanguage":"ca"},{"@type":"Organization","@id":"https:\/\/alternativa3.com\/#organization","name":"ALTERNATIVA3","alternateName":"A3","url":"https:\/\/alternativa3.com\/","logo":{"@type":"ImageObject","inLanguage":"ca","@id":"https:\/\/alternativa3.com\/#\/schema\/logo\/image\/","url":"https:\/\/alternativa3.com\/wp-content\/uploads\/logo-alternativa3.svg","contentUrl":"https:\/\/alternativa3.com\/wp-content\/uploads\/logo-alternativa3.svg","width":73,"height":50,"caption":"ALTERNATIVA3"},"image":{"@id":"https:\/\/alternativa3.com\/#\/schema\/logo\/image\/"},"sameAs":["https:\/\/www.facebook.com\/alternativa3Scoop","https:\/\/www.instagram.com\/alternativa3scoop\/","https:\/\/www.youtube.com\/@Alternativa3","https:\/\/es.linkedin.com\/company\/alternativa3"]}]}},"_links":{"self":[{"href":"https:\/\/alternativa3.com\/ca\/wp-json\/wp\/v2\/product\/18959","targetHints":{"allow":["GET"]}}],"collection":[{"href":"https:\/\/alternativa3.com\/ca\/wp-json\/wp\/v2\/product"}],"about":[{"href":"https:\/\/alternativa3.com\/ca\/wp-json\/wp\/v2\/types\/product"}],"wp:featuredmedia":[{"embeddable":true,"href":"https:\/\/alternativa3.com\/ca\/wp-json\/wp\/v2\/media\/17377"}],"wp:attachment":[{"href":"https:\/\/alternativa3.com\/ca\/wp-json\/wp\/v2\/media?parent=18959"}],"wp:term":[{"taxonomy":"product_brand","embeddable":true,"href":"https:\/\/alternativa3.com\/ca\/wp-json\/wp\/v2\/product_brand?post=18959"},{"taxonomy":"product_cat","embeddable":true,"href":"https:\/\/alternativa3.com\/ca\/wp-json\/wp\/v2\/product_cat?post=18959"},{"taxonomy":"product_tag","embeddable":true,"href":"https:\/\/alternativa3.com\/ca\/wp-json\/wp\/v2\/product_tag?post=18959"}],"curies":[{"name":"wp","href":"https:\/\/api.w.org\/{rel}","templated":true}]}}