{"id":18946,"date":"2021-06-11T15:08:28","date_gmt":"2021-06-11T14:08:28","guid":{"rendered":"https:\/\/beta.alternativa3.com\/producto\/azucar-de-cana-con-vainilla-bio-ft-frasco-75g\/"},"modified":"2026-05-06T11:41:44","modified_gmt":"2026-05-06T09:41:44","slug":"sucre-amb-vainillabi-ft-flasco-60g","status":"publish","type":"product","link":"https:\/\/alternativa3.com\/ca\/azucar-con-vainillabio-ft-frasco-60g\/","title":{"rendered":"Sucre de canya amb Vainilla Bio Fairtrade Flasc\u00f3 75g"},"content":{"rendered":"<p>Sucre Ecol\u00f2gic i de comer\u00e7 just aromatitzat a la vainilla, ideal per aportar naturalment un toc distintiu de forma f\u00e0cil i immediata a iogurts, caf\u00e8s, infusions, postres\u2026. ia les teves receptes.<\/p>\n<p>Sucre procedent de la Cooperativa Manduvir\u00e1 que va ser fundada el 1975, i est\u00e0 localitzada al poble d&#039;Arroyos y Esteros al sud-oest del Paraguai.<\/p>\n<p>L&#039;objectiu de la cooperativa \u00e9s ajudar els seus membres a treure al mercat el sucre de canya i altres productes i proveir amb serveis com cr\u00e8dits i caixes d&#039;estalvis, programes d&#039;ajuts, suport t\u00e8cnic i entrenament per a l&#039;agricultura.<\/p>","protected":false},"excerpt":{"rendered":"<p>Sucre Ecol\u00f2gic i de comer\u00e7 just aromatitzat a la vainilla.<\/p>","protected":false},"featured_media":18544,"template":"","meta":{"inline_featured_image":false},"product_brand":[],"product_cat":[79],"product_tag":[],"class_list":{"0":"post-18946","1":"product","2":"type-product","3":"status-publish","4":"has-post-thumbnail","6":"product_cat-azucar-gourmet","8":"first","9":"instock","10":"taxable","11":"shipping-taxable","12":"purchasable","13":"product-type-simple"},"acf":[],"yoast_head":"<!-- This site is optimized with the Yoast SEO plugin v27.5 - https:\/\/yoast.com\/product\/yoast-seo-wordpress\/ -->\n<title>Az\u00facar de ca\u00f1a con Vainilla Bio Fairtrade Frasco 75g - AlterNativa3<\/title>\n<meta name=\"robots\" content=\"index, follow, max-snippet:-1, max-image-preview:large, max-video-preview:-1\" \/>\n<link rel=\"canonical\" href=\"https:\/\/alternativa3.com\/ca\/producte\/sucre-amb-vainillabi-ft-flasco-60g\/\" \/>\n<meta property=\"og:locale\" content=\"ca_ES\" \/>\n<meta property=\"og:type\" content=\"article\" \/>\n<meta property=\"og:title\" content=\"Az\u00facar de ca\u00f1a con Vainilla Bio Fairtrade Frasco 75g - AlterNativa3\" \/>\n<meta property=\"og:description\" content=\"Az\u00facar Ecol\u00f3gico y de comercio justo arom\u00e1tizado a la vainilla.\" \/>\n<meta property=\"og:url\" content=\"https:\/\/alternativa3.com\/ca\/producte\/sucre-amb-vainillabi-ft-flasco-60g\/\" \/>\n<meta property=\"og:site_name\" content=\"AlterNativa3\" \/>\n<meta property=\"article:publisher\" content=\"https:\/\/www.facebook.com\/alternativa3Scoop\" \/>\n<meta property=\"article:modified_time\" content=\"2026-05-06T09:41:44+00:00\" \/>\n<meta property=\"og:image\" content=\"https:\/\/alternativa3.com\/wp-content\/uploads\/020215.jpg\" \/>\n\t<meta property=\"og:image:width\" content=\"1000\" \/>\n\t<meta property=\"og:image:height\" content=\"1000\" \/>\n\t<meta property=\"og:image:type\" content=\"image\/jpeg\" \/>\n<meta name=\"twitter:card\" content=\"summary_large_image\" \/>\n<meta name=\"twitter:label1\" content=\"Temps estimat de lectura\" \/>\n\t<meta name=\"twitter:data1\" content=\"1 minut\" \/>\n<script type=\"application\/ld+json\" class=\"yoast-schema-graph\">{\"@context\":\"https:\\\/\\\/schema.org\",\"@graph\":[{\"@type\":\"WebPage\",\"@id\":\"https:\\\/\\\/alternativa3.com\\\/producto\\\/azucar-con-vainillabio-ft-frasco-60g\\\/\",\"url\":\"https:\\\/\\\/alternativa3.com\\\/producto\\\/azucar-con-vainillabio-ft-frasco-60g\\\/\",\"name\":\"Az\u00facar de ca\u00f1a con Vainilla Bio Fairtrade Frasco 75g - AlterNativa3\",\"isPartOf\":{\"@id\":\"https:\\\/\\\/alternativa3.com\\\/#website\"},\"primaryImageOfPage\":{\"@id\":\"https:\\\/\\\/alternativa3.com\\\/producto\\\/azucar-con-vainillabio-ft-frasco-60g\\\/#primaryimage\"},\"image\":{\"@id\":\"https:\\\/\\\/alternativa3.com\\\/producto\\\/azucar-con-vainillabio-ft-frasco-60g\\\/#primaryimage\"},\"thumbnailUrl\":\"https:\\\/\\\/alternativa3.com\\\/wp-content\\\/uploads\\\/020215.jpg\",\"datePublished\":\"2021-06-11T14:08:28+00:00\",\"dateModified\":\"2026-05-06T09:41:44+00:00\",\"breadcrumb\":{\"@id\":\"https:\\\/\\\/alternativa3.com\\\/producto\\\/azucar-con-vainillabio-ft-frasco-60g\\\/#breadcrumb\"},\"inLanguage\":\"ca\",\"potentialAction\":[{\"@type\":\"ReadAction\",\"target\":[\"https:\\\/\\\/alternativa3.com\\\/producto\\\/azucar-con-vainillabio-ft-frasco-60g\\\/\"]}]},{\"@type\":\"ImageObject\",\"inLanguage\":\"ca\",\"@id\":\"https:\\\/\\\/alternativa3.com\\\/producto\\\/azucar-con-vainillabio-ft-frasco-60g\\\/#primaryimage\",\"url\":\"https:\\\/\\\/alternativa3.com\\\/wp-content\\\/uploads\\\/020215.jpg\",\"contentUrl\":\"https:\\\/\\\/alternativa3.com\\\/wp-content\\\/uploads\\\/020215.jpg\",\"width\":1000,\"height\":1000},{\"@type\":\"BreadcrumbList\",\"@id\":\"https:\\\/\\\/alternativa3.com\\\/producto\\\/azucar-con-vainillabio-ft-frasco-60g\\\/#breadcrumb\",\"itemListElement\":[{\"@type\":\"ListItem\",\"position\":1,\"name\":\"Portada\",\"item\":\"https:\\\/\\\/alternativa3.com\\\/\"},{\"@type\":\"ListItem\",\"position\":2,\"name\":\"Tienda\",\"item\":\"https:\\\/\\\/alternativa3.com\\\/tienda\\\/\"},{\"@type\":\"ListItem\",\"position\":3,\"name\":\"Az\u00facar de ca\u00f1a con Vainilla Bio Fairtrade Frasco 75g\"}]},{\"@type\":\"WebSite\",\"@id\":\"https:\\\/\\\/alternativa3.com\\\/#website\",\"url\":\"https:\\\/\\\/alternativa3.com\\\/\",\"name\":\"AlterNativa3\",\"description\":\"Productos ecol\u00f3gicos de comercio justo\",\"publisher\":{\"@id\":\"https:\\\/\\\/alternativa3.com\\\/#organization\"},\"alternateName\":\"A3\",\"potentialAction\":[{\"@type\":\"SearchAction\",\"target\":{\"@type\":\"EntryPoint\",\"urlTemplate\":\"https:\\\/\\\/alternativa3.com\\\/?s={search_term_string}\"},\"query-input\":{\"@type\":\"PropertyValueSpecification\",\"valueRequired\":true,\"valueName\":\"search_term_string\"}}],\"inLanguage\":\"ca\"},{\"@type\":\"Organization\",\"@id\":\"https:\\\/\\\/alternativa3.com\\\/#organization\",\"name\":\"ALTERNATIVA3\",\"alternateName\":\"A3\",\"url\":\"https:\\\/\\\/alternativa3.com\\\/\",\"logo\":{\"@type\":\"ImageObject\",\"inLanguage\":\"ca\",\"@id\":\"https:\\\/\\\/alternativa3.com\\\/#\\\/schema\\\/logo\\\/image\\\/\",\"url\":\"https:\\\/\\\/alternativa3.com\\\/wp-content\\\/uploads\\\/logo-alternativa3.svg\",\"contentUrl\":\"https:\\\/\\\/alternativa3.com\\\/wp-content\\\/uploads\\\/logo-alternativa3.svg\",\"width\":73,\"height\":50,\"caption\":\"ALTERNATIVA3\"},\"image\":{\"@id\":\"https:\\\/\\\/alternativa3.com\\\/#\\\/schema\\\/logo\\\/image\\\/\"},\"sameAs\":[\"https:\\\/\\\/www.facebook.com\\\/alternativa3Scoop\",\"https:\\\/\\\/www.instagram.com\\\/alternativa3scoop\\\/\",\"https:\\\/\\\/www.youtube.com\\\/@Alternativa3\",\"https:\\\/\\\/es.linkedin.com\\\/company\\\/alternativa3\"]}]}<\/script>\n<!-- \/ Yoast SEO plugin. -->","yoast_head_json":{"title":"Sucre de canya amb Vainilla Bio Fairtrade Flasc\u00f3 75g - AlterNativa3","robots":{"index":"index","follow":"follow","max-snippet":"max-snippet:-1","max-image-preview":"max-image-preview:large","max-video-preview":"max-video-preview:-1"},"canonical":"https:\/\/alternativa3.com\/ca\/producte\/sucre-amb-vainillabi-ft-flasco-60g\/","og_locale":"ca_ES","og_type":"article","og_title":"Az\u00facar de ca\u00f1a con Vainilla Bio Fairtrade Frasco 75g - AlterNativa3","og_description":"Az\u00facar Ecol\u00f3gico y de comercio justo arom\u00e1tizado a la vainilla.","og_url":"https:\/\/alternativa3.com\/ca\/producte\/sucre-amb-vainillabi-ft-flasco-60g\/","og_site_name":"AlterNativa3","article_publisher":"https:\/\/www.facebook.com\/alternativa3Scoop","article_modified_time":"2026-05-06T09:41:44+00:00","og_image":[{"width":1000,"height":1000,"url":"https:\/\/alternativa3.com\/wp-content\/uploads\/020215.jpg","type":"image\/jpeg"}],"twitter_card":"summary_large_image","twitter_misc":{"Temps estimat de lectura":"1 minut"},"schema":{"@context":"https:\/\/schema.org","@graph":[{"@type":"WebPage","@id":"https:\/\/alternativa3.com\/producto\/azucar-con-vainillabio-ft-frasco-60g\/","url":"https:\/\/alternativa3.com\/producto\/azucar-con-vainillabio-ft-frasco-60g\/","name":"Sucre de canya amb Vainilla Bio Fairtrade Flasc\u00f3 75g - AlterNativa3","isPartOf":{"@id":"https:\/\/alternativa3.com\/#website"},"primaryImageOfPage":{"@id":"https:\/\/alternativa3.com\/producto\/azucar-con-vainillabio-ft-frasco-60g\/#primaryimage"},"image":{"@id":"https:\/\/alternativa3.com\/producto\/azucar-con-vainillabio-ft-frasco-60g\/#primaryimage"},"thumbnailUrl":"https:\/\/alternativa3.com\/wp-content\/uploads\/020215.jpg","datePublished":"2021-06-11T14:08:28+00:00","dateModified":"2026-05-06T09:41:44+00:00","breadcrumb":{"@id":"https:\/\/alternativa3.com\/producto\/azucar-con-vainillabio-ft-frasco-60g\/#breadcrumb"},"inLanguage":"ca","potentialAction":[{"@type":"ReadAction","target":["https:\/\/alternativa3.com\/producto\/azucar-con-vainillabio-ft-frasco-60g\/"]}]},{"@type":"ImageObject","inLanguage":"ca","@id":"https:\/\/alternativa3.com\/producto\/azucar-con-vainillabio-ft-frasco-60g\/#primaryimage","url":"https:\/\/alternativa3.com\/wp-content\/uploads\/020215.jpg","contentUrl":"https:\/\/alternativa3.com\/wp-content\/uploads\/020215.jpg","width":1000,"height":1000},{"@type":"BreadcrumbList","@id":"https:\/\/alternativa3.com\/producto\/azucar-con-vainillabio-ft-frasco-60g\/#breadcrumb","itemListElement":[{"@type":"ListItem","position":1,"name":"Portada","item":"https:\/\/alternativa3.com\/"},{"@type":"ListItem","position":2,"name":"Tienda","item":"https:\/\/alternativa3.com\/tienda\/"},{"@type":"ListItem","position":3,"name":"Az\u00facar de ca\u00f1a con Vainilla Bio Fairtrade Frasco 75g"}]},{"@type":"WebSite","@id":"https:\/\/alternativa3.com\/#website","url":"https:\/\/alternativa3.com\/","name":"AlterNativa3","description":"Productes ecol\u00f2gics de comer\u00e7 just","publisher":{"@id":"https:\/\/alternativa3.com\/#organization"},"alternateName":"A3","potentialAction":[{"@type":"SearchAction","target":{"@type":"EntryPoint","urlTemplate":"https:\/\/alternativa3.com\/?s={search_term_string}"},"query-input":{"@type":"PropertyValueSpecification","valueRequired":true,"valueName":"search_term_string"}}],"inLanguage":"ca"},{"@type":"Organization","@id":"https:\/\/alternativa3.com\/#organization","name":"ALTERNATIVA3","alternateName":"A3","url":"https:\/\/alternativa3.com\/","logo":{"@type":"ImageObject","inLanguage":"ca","@id":"https:\/\/alternativa3.com\/#\/schema\/logo\/image\/","url":"https:\/\/alternativa3.com\/wp-content\/uploads\/logo-alternativa3.svg","contentUrl":"https:\/\/alternativa3.com\/wp-content\/uploads\/logo-alternativa3.svg","width":73,"height":50,"caption":"ALTERNATIVA3"},"image":{"@id":"https:\/\/alternativa3.com\/#\/schema\/logo\/image\/"},"sameAs":["https:\/\/www.facebook.com\/alternativa3Scoop","https:\/\/www.instagram.com\/alternativa3scoop\/","https:\/\/www.youtube.com\/@Alternativa3","https:\/\/es.linkedin.com\/company\/alternativa3"]}]}},"_links":{"self":[{"href":"https:\/\/alternativa3.com\/ca\/wp-json\/wp\/v2\/product\/18946","targetHints":{"allow":["GET"]}}],"collection":[{"href":"https:\/\/alternativa3.com\/ca\/wp-json\/wp\/v2\/product"}],"about":[{"href":"https:\/\/alternativa3.com\/ca\/wp-json\/wp\/v2\/types\/product"}],"wp:featuredmedia":[{"embeddable":true,"href":"https:\/\/alternativa3.com\/ca\/wp-json\/wp\/v2\/media\/18544"}],"wp:attachment":[{"href":"https:\/\/alternativa3.com\/ca\/wp-json\/wp\/v2\/media?parent=18946"}],"wp:term":[{"taxonomy":"product_brand","embeddable":true,"href":"https:\/\/alternativa3.com\/ca\/wp-json\/wp\/v2\/product_brand?post=18946"},{"taxonomy":"product_cat","embeddable":true,"href":"https:\/\/alternativa3.com\/ca\/wp-json\/wp\/v2\/product_cat?post=18946"},{"taxonomy":"product_tag","embeddable":true,"href":"https:\/\/alternativa3.com\/ca\/wp-json\/wp\/v2\/product_tag?post=18946"}],"curies":[{"name":"wp","href":"https:\/\/api.w.org\/{rel}","templated":true}]}}