{"id":18937,"date":"2021-06-11T13:19:50","date_gmt":"2021-06-11T12:19:50","guid":{"rendered":"https:\/\/beta.alternativa3.com\/producto\/capsulas-fap-de-cafe-intenso-bio-ft-75uds-7g\/"},"modified":"2026-05-04T13:42:07","modified_gmt":"2026-05-04T11:42:07","slug":"capsules-fap-de-cafe-intens-bio-ft-75uds-7g","status":"publish","type":"product","link":"https:\/\/alternativa3.com\/ca\/capsules-fap-de-cafe-intens-bio-ft-75uds-7g\/","title":{"rendered":"C\u00e0psules FAP de Caf\u00e8 Intens Bio Fairtrade 75uds 7g"},"content":{"rendered":"<p>Un caf\u00e8 100% natural d&#039;elevada riquesa arom\u00e0tica amb una acidesa inconfusible i un cos lleuger. Procedent dels cultius m\u00e9s respectuosos amb el medi ambient, en qu\u00e8 no s&#039;utilitzen pesticides, herbicides ni adobs qu\u00edmics.<\/p>\n<p>C\u00e0psula compostable d&#039;\u00fas alimentari, envasades en atmosfera protectora que assegura la qualitat i la conservaci\u00f3 del caf\u00e8.<\/p>\n<p>Cada c\u00e0psula cont\u00e9 7 grams de caf\u00e8 m\u00f2lt un 30% m\u00e9s que en altres sistemes. Aquesta quantitat permet obtenir un espresso de m\u00e0xima qualitat.<\/p>\n<p>El sistema FAP est\u00e0 concebut per a la preparaci\u00f3 de caf\u00e8 expr\u00e9s. Adequades per ser utilitzades en cafeteres espec\u00edfiques per a aquestes c\u00e0psules o en cafeteres professionals d&#039;espresso, simplement cal incorporar un adaptador al portafiltres.<\/p>\n<p>Elaborem les nostres c\u00e0psules amb caf\u00e8 de comer\u00e7 just perqu\u00e8 comer\u00e7 just \u00e9s una eina efica\u00e7 per eradicar les desigualtats i la pobresa que genera el comer\u00e7 internacional convencional.<\/p>","protected":false},"excerpt":{"rendered":"<p>Caf\u00e8 blend Arabica i Robusta de torrat natural en pr\u00e0ctiques c\u00e0psules.<\/p>","protected":false},"featured_media":17233,"template":"","meta":{"inline_featured_image":false},"product_brand":[],"product_cat":[36,76],"product_tag":[],"class_list":{"0":"post-18937","1":"product","2":"type-product","3":"status-publish","4":"has-post-thumbnail","6":"product_cat-cafe","7":"product_cat-monodosis-de-cafe","9":"first","10":"instock","11":"taxable","12":"shipping-taxable","13":"purchasable","14":"product-type-simple"},"acf":[],"yoast_head":"<!-- This site is optimized with the Yoast SEO plugin v27.3 - https:\/\/yoast.com\/product\/yoast-seo-wordpress\/ -->\n<title>C\u00e1psulas FAP de Caf\u00e9 Intenso Bio Fairtrade 75uds 7g - AlterNativa3<\/title>\n<meta name=\"robots\" content=\"index, follow, max-snippet:-1, max-image-preview:large, max-video-preview:-1\" \/>\n<link rel=\"canonical\" href=\"https:\/\/alternativa3.com\/ca\/producte\/capsules-fap-de-cafe-intens-bio-ft-75uds-7g\/\" \/>\n<meta property=\"og:locale\" content=\"ca_ES\" \/>\n<meta property=\"og:type\" content=\"article\" \/>\n<meta property=\"og:title\" content=\"C\u00e1psulas FAP de Caf\u00e9 Intenso Bio Fairtrade 75uds 7g - AlterNativa3\" \/>\n<meta property=\"og:description\" content=\"Caf\u00e9 blend Arabica y Robusta de tueste natural en pr\u00e1cticas c\u00e1psulas.\" \/>\n<meta property=\"og:url\" content=\"https:\/\/alternativa3.com\/ca\/producte\/capsules-fap-de-cafe-intens-bio-ft-75uds-7g\/\" \/>\n<meta property=\"og:site_name\" content=\"AlterNativa3\" \/>\n<meta property=\"article:publisher\" content=\"https:\/\/www.facebook.com\/alternativa3Scoop\" \/>\n<meta property=\"article:modified_time\" content=\"2026-05-04T11:42:07+00:00\" \/>\n<meta property=\"og:image\" content=\"https:\/\/alternativa3.com\/wp-content\/uploads\/008041-1.jpg\" \/>\n\t<meta property=\"og:image:width\" content=\"1401\" \/>\n\t<meta property=\"og:image:height\" content=\"1400\" \/>\n\t<meta property=\"og:image:type\" content=\"image\/jpeg\" \/>\n<meta name=\"twitter:card\" content=\"summary_large_image\" \/>\n<meta name=\"twitter:label1\" content=\"Temps estimat de lectura\" \/>\n\t<meta name=\"twitter:data1\" content=\"1 minut\" \/>\n<script type=\"application\/ld+json\" class=\"yoast-schema-graph\">{\"@context\":\"https:\\\/\\\/schema.org\",\"@graph\":[{\"@type\":\"WebPage\",\"@id\":\"https:\\\/\\\/alternativa3.com\\\/producto\\\/capsulas-fap-de-cafe-intenso-bio-ft-75uds-7g\\\/\",\"url\":\"https:\\\/\\\/alternativa3.com\\\/producto\\\/capsulas-fap-de-cafe-intenso-bio-ft-75uds-7g\\\/\",\"name\":\"C\u00e1psulas FAP de Caf\u00e9 Intenso Bio Fairtrade 75uds 7g - AlterNativa3\",\"isPartOf\":{\"@id\":\"https:\\\/\\\/alternativa3.com\\\/#website\"},\"primaryImageOfPage\":{\"@id\":\"https:\\\/\\\/alternativa3.com\\\/producto\\\/capsulas-fap-de-cafe-intenso-bio-ft-75uds-7g\\\/#primaryimage\"},\"image\":{\"@id\":\"https:\\\/\\\/alternativa3.com\\\/producto\\\/capsulas-fap-de-cafe-intenso-bio-ft-75uds-7g\\\/#primaryimage\"},\"thumbnailUrl\":\"https:\\\/\\\/alternativa3.com\\\/wp-content\\\/uploads\\\/008041-1.jpg\",\"datePublished\":\"2021-06-11T12:19:50+00:00\",\"dateModified\":\"2026-05-04T11:42:07+00:00\",\"breadcrumb\":{\"@id\":\"https:\\\/\\\/alternativa3.com\\\/producto\\\/capsulas-fap-de-cafe-intenso-bio-ft-75uds-7g\\\/#breadcrumb\"},\"inLanguage\":\"ca\",\"potentialAction\":[{\"@type\":\"ReadAction\",\"target\":[\"https:\\\/\\\/alternativa3.com\\\/producto\\\/capsulas-fap-de-cafe-intenso-bio-ft-75uds-7g\\\/\"]}]},{\"@type\":\"ImageObject\",\"inLanguage\":\"ca\",\"@id\":\"https:\\\/\\\/alternativa3.com\\\/producto\\\/capsulas-fap-de-cafe-intenso-bio-ft-75uds-7g\\\/#primaryimage\",\"url\":\"https:\\\/\\\/alternativa3.com\\\/wp-content\\\/uploads\\\/008041-1.jpg\",\"contentUrl\":\"https:\\\/\\\/alternativa3.com\\\/wp-content\\\/uploads\\\/008041-1.jpg\",\"width\":1401,\"height\":1400},{\"@type\":\"BreadcrumbList\",\"@id\":\"https:\\\/\\\/alternativa3.com\\\/producto\\\/capsulas-fap-de-cafe-intenso-bio-ft-75uds-7g\\\/#breadcrumb\",\"itemListElement\":[{\"@type\":\"ListItem\",\"position\":1,\"name\":\"Portada\",\"item\":\"https:\\\/\\\/alternativa3.com\\\/\"},{\"@type\":\"ListItem\",\"position\":2,\"name\":\"Tienda\",\"item\":\"https:\\\/\\\/alternativa3.com\\\/tienda\\\/\"},{\"@type\":\"ListItem\",\"position\":3,\"name\":\"C\u00e1psulas FAP de Caf\u00e9 Intenso Bio Fairtrade 75uds 7g\"}]},{\"@type\":\"WebSite\",\"@id\":\"https:\\\/\\\/alternativa3.com\\\/#website\",\"url\":\"https:\\\/\\\/alternativa3.com\\\/\",\"name\":\"AlterNativa3\",\"description\":\"Productos ecol\u00f3gicos de comercio justo\",\"publisher\":{\"@id\":\"https:\\\/\\\/alternativa3.com\\\/#organization\"},\"alternateName\":\"A3\",\"potentialAction\":[{\"@type\":\"SearchAction\",\"target\":{\"@type\":\"EntryPoint\",\"urlTemplate\":\"https:\\\/\\\/alternativa3.com\\\/?s={search_term_string}\"},\"query-input\":{\"@type\":\"PropertyValueSpecification\",\"valueRequired\":true,\"valueName\":\"search_term_string\"}}],\"inLanguage\":\"ca\"},{\"@type\":\"Organization\",\"@id\":\"https:\\\/\\\/alternativa3.com\\\/#organization\",\"name\":\"ALTERNATIVA3\",\"alternateName\":\"A3\",\"url\":\"https:\\\/\\\/alternativa3.com\\\/\",\"logo\":{\"@type\":\"ImageObject\",\"inLanguage\":\"ca\",\"@id\":\"https:\\\/\\\/alternativa3.com\\\/#\\\/schema\\\/logo\\\/image\\\/\",\"url\":\"https:\\\/\\\/alternativa3.com\\\/wp-content\\\/uploads\\\/logo-alternativa3.svg\",\"contentUrl\":\"https:\\\/\\\/alternativa3.com\\\/wp-content\\\/uploads\\\/logo-alternativa3.svg\",\"width\":73,\"height\":50,\"caption\":\"ALTERNATIVA3\"},\"image\":{\"@id\":\"https:\\\/\\\/alternativa3.com\\\/#\\\/schema\\\/logo\\\/image\\\/\"},\"sameAs\":[\"https:\\\/\\\/www.facebook.com\\\/alternativa3Scoop\",\"https:\\\/\\\/www.instagram.com\\\/alternativa3scoop\\\/\",\"https:\\\/\\\/www.youtube.com\\\/@Alternativa3\",\"https:\\\/\\\/es.linkedin.com\\\/company\\\/alternativa3\"]}]}<\/script>\n<!-- \/ Yoast SEO plugin. -->","yoast_head_json":{"title":"C\u00e0psules FAP de Caf\u00e8 Intens Bio Fairtrade 75uds 7g - AlterNativa3","robots":{"index":"index","follow":"follow","max-snippet":"max-snippet:-1","max-image-preview":"max-image-preview:large","max-video-preview":"max-video-preview:-1"},"canonical":"https:\/\/alternativa3.com\/ca\/producte\/capsules-fap-de-cafe-intens-bio-ft-75uds-7g\/","og_locale":"ca_ES","og_type":"article","og_title":"C\u00e1psulas FAP de Caf\u00e9 Intenso Bio Fairtrade 75uds 7g - AlterNativa3","og_description":"Caf\u00e9 blend Arabica y Robusta de tueste natural en pr\u00e1cticas c\u00e1psulas.","og_url":"https:\/\/alternativa3.com\/ca\/producte\/capsules-fap-de-cafe-intens-bio-ft-75uds-7g\/","og_site_name":"AlterNativa3","article_publisher":"https:\/\/www.facebook.com\/alternativa3Scoop","article_modified_time":"2026-05-04T11:42:07+00:00","og_image":[{"width":1401,"height":1400,"url":"https:\/\/alternativa3.com\/wp-content\/uploads\/008041-1.jpg","type":"image\/jpeg"}],"twitter_card":"summary_large_image","twitter_misc":{"Temps estimat de lectura":"1 minut"},"schema":{"@context":"https:\/\/schema.org","@graph":[{"@type":"WebPage","@id":"https:\/\/alternativa3.com\/producto\/capsulas-fap-de-cafe-intenso-bio-ft-75uds-7g\/","url":"https:\/\/alternativa3.com\/producto\/capsulas-fap-de-cafe-intenso-bio-ft-75uds-7g\/","name":"C\u00e0psules FAP de Caf\u00e8 Intens Bio Fairtrade 75uds 7g - AlterNativa3","isPartOf":{"@id":"https:\/\/alternativa3.com\/#website"},"primaryImageOfPage":{"@id":"https:\/\/alternativa3.com\/producto\/capsulas-fap-de-cafe-intenso-bio-ft-75uds-7g\/#primaryimage"},"image":{"@id":"https:\/\/alternativa3.com\/producto\/capsulas-fap-de-cafe-intenso-bio-ft-75uds-7g\/#primaryimage"},"thumbnailUrl":"https:\/\/alternativa3.com\/wp-content\/uploads\/008041-1.jpg","datePublished":"2021-06-11T12:19:50+00:00","dateModified":"2026-05-04T11:42:07+00:00","breadcrumb":{"@id":"https:\/\/alternativa3.com\/producto\/capsulas-fap-de-cafe-intenso-bio-ft-75uds-7g\/#breadcrumb"},"inLanguage":"ca","potentialAction":[{"@type":"ReadAction","target":["https:\/\/alternativa3.com\/producto\/capsulas-fap-de-cafe-intenso-bio-ft-75uds-7g\/"]}]},{"@type":"ImageObject","inLanguage":"ca","@id":"https:\/\/alternativa3.com\/producto\/capsulas-fap-de-cafe-intenso-bio-ft-75uds-7g\/#primaryimage","url":"https:\/\/alternativa3.com\/wp-content\/uploads\/008041-1.jpg","contentUrl":"https:\/\/alternativa3.com\/wp-content\/uploads\/008041-1.jpg","width":1401,"height":1400},{"@type":"BreadcrumbList","@id":"https:\/\/alternativa3.com\/producto\/capsulas-fap-de-cafe-intenso-bio-ft-75uds-7g\/#breadcrumb","itemListElement":[{"@type":"ListItem","position":1,"name":"Portada","item":"https:\/\/alternativa3.com\/"},{"@type":"ListItem","position":2,"name":"Tienda","item":"https:\/\/alternativa3.com\/tienda\/"},{"@type":"ListItem","position":3,"name":"C\u00e1psulas FAP de Caf\u00e9 Intenso Bio Fairtrade 75uds 7g"}]},{"@type":"WebSite","@id":"https:\/\/alternativa3.com\/#website","url":"https:\/\/alternativa3.com\/","name":"AlterNativa3","description":"Productes ecol\u00f2gics de comer\u00e7 just","publisher":{"@id":"https:\/\/alternativa3.com\/#organization"},"alternateName":"A3","potentialAction":[{"@type":"SearchAction","target":{"@type":"EntryPoint","urlTemplate":"https:\/\/alternativa3.com\/?s={search_term_string}"},"query-input":{"@type":"PropertyValueSpecification","valueRequired":true,"valueName":"search_term_string"}}],"inLanguage":"ca"},{"@type":"Organization","@id":"https:\/\/alternativa3.com\/#organization","name":"ALTERNATIVA3","alternateName":"A3","url":"https:\/\/alternativa3.com\/","logo":{"@type":"ImageObject","inLanguage":"ca","@id":"https:\/\/alternativa3.com\/#\/schema\/logo\/image\/","url":"https:\/\/alternativa3.com\/wp-content\/uploads\/logo-alternativa3.svg","contentUrl":"https:\/\/alternativa3.com\/wp-content\/uploads\/logo-alternativa3.svg","width":73,"height":50,"caption":"ALTERNATIVA3"},"image":{"@id":"https:\/\/alternativa3.com\/#\/schema\/logo\/image\/"},"sameAs":["https:\/\/www.facebook.com\/alternativa3Scoop","https:\/\/www.instagram.com\/alternativa3scoop\/","https:\/\/www.youtube.com\/@Alternativa3","https:\/\/es.linkedin.com\/company\/alternativa3"]}]}},"_links":{"self":[{"href":"https:\/\/alternativa3.com\/ca\/wp-json\/wp\/v2\/product\/18937","targetHints":{"allow":["GET"]}}],"collection":[{"href":"https:\/\/alternativa3.com\/ca\/wp-json\/wp\/v2\/product"}],"about":[{"href":"https:\/\/alternativa3.com\/ca\/wp-json\/wp\/v2\/types\/product"}],"wp:featuredmedia":[{"embeddable":true,"href":"https:\/\/alternativa3.com\/ca\/wp-json\/wp\/v2\/media\/17233"}],"wp:attachment":[{"href":"https:\/\/alternativa3.com\/ca\/wp-json\/wp\/v2\/media?parent=18937"}],"wp:term":[{"taxonomy":"product_brand","embeddable":true,"href":"https:\/\/alternativa3.com\/ca\/wp-json\/wp\/v2\/product_brand?post=18937"},{"taxonomy":"product_cat","embeddable":true,"href":"https:\/\/alternativa3.com\/ca\/wp-json\/wp\/v2\/product_cat?post=18937"},{"taxonomy":"product_tag","embeddable":true,"href":"https:\/\/alternativa3.com\/ca\/wp-json\/wp\/v2\/product_tag?post=18937"}],"curies":[{"name":"wp","href":"https:\/\/api.w.org\/{rel}","templated":true}]}}