{"id":18908,"date":"2021-06-11T14:18:08","date_gmt":"2021-06-11T12:18:08","guid":{"rendered":"https:\/\/beta.alternativa3.com\/producto\/cafe-essenziale-molido-bio-ft-250g\/"},"modified":"2026-05-07T09:41:27","modified_gmt":"2026-05-07T07:41:27","slug":"cafe-essenziale-molt-bio-ft-250g","status":"publish","type":"product","link":"https:\/\/alternativa3.com\/ca\/cafe-essenziale-molido-bio-ft-250g\/","title":{"rendered":"Caf\u00e8 ar\u00e0bica i robusta Essenziale m\u00f2lt Bio Fairtrade 250g"},"content":{"rendered":"<h2><b>Descripci\u00f3 del caf\u00e8 ar\u00e0biga i robusta Essenziale m\u00f2lt Bio<\/b><\/h2>\n<p>El Caf\u00e8 ar\u00e0biga i robusta Essenziale m\u00f2lt ecol\u00f2gic destaca pel sabor intens, el cos ple i l&#039;aroma envoltant. Aquest caf\u00e8 barreja ar\u00e0biga i robusta, acuradament seleccionat, uneix el millor de totes dues varietats, aconseguint un equilibri perfecte entre suavitat i pot\u00e8ncia. Gr\u00e0cies a la seva torrada natural t\u00e9 nivells baixos d&#039;acrilamides, preserva els matisos originals de cada gra i en real\u00e7a la riquesa arom\u00e0tica en una tassa d&#039;aut\u00e8ntic sabor.<\/p>\n<h3>Caracter\u00edstiques del caf\u00e8 ar\u00e0biga i robusta<\/h3>\n<p>Et preguntes quina \u00e9s la difer\u00e8ncia entre caf\u00e8 ar\u00e0bica i robusta? Cada varietat t\u00e9 atributs \u00fanics que les fan especials.<\/p>\n<p>El caf\u00e8 ar\u00e0biga es caracteritza pel seu sabor m\u00e9s suau i complex. Cultivat en altituds elevades i climes temperats, el seu perfil arom\u00e0tic inclou notes afruitades i florals. A m\u00e9s, cont\u00e9 menys cafe\u00efna que la robusta, fent-ho ideal per als que busquen una experi\u00e8ncia m\u00e9s delicada.<\/p>\n<p>La varietat robusta, per la seva banda, destaca per la intensitat i el cos m\u00e9s ferm, amb un toc amarg caracter\u00edstic que ressalta en barreges m\u00e9s vigoroses. Cultivada a menor altitud i en climes c\u00e0lids, \u00e9s perfecta per als que gaudeixen d\u00b4un caf\u00e8 amb car\u00e0cter i una crema espessa.<\/p>\n<p>El Caf\u00e8 Essenziale barreja aquestes dues varietats en una harmonia que combina l&#039;eleg\u00e0ncia de l&#039;ar\u00e0biga amb la for\u00e7a del robust. Amb una intensitat de 7, ofereix una experi\u00e8ncia rica i equilibrada, ressaltant els matisos \u00fanics de tots dos grans gr\u00e0cies a la seva torrada natural.<\/p>\n<p>Aquest caf\u00e8 \u00e9s cultivat per petites cooperatives del Sud Global, que segueixen est\u00e0ndards de Comer\u00e7 Just i empren t\u00e8cniques tradicionals respectuoses amb la natura. Aix\u00f2 protegeix el medi ambient i assegura preus justos per a les productores, millorant-ne les condicions de vida i impulsant l&#039;educaci\u00f3, les infraestructures i les pr\u00e0ctiques agr\u00edcoles sostenibles.<\/p>","protected":false},"excerpt":{"rendered":"<p>Descobreix el Caf\u00e8 Essenziale m\u00f2lt Bio Fairtrade 250g, un blend \u00fanic de caf\u00e8 ar\u00e0biga i robusta que combina la intensitat dels millors grans amb la riquesa d&#039;un torrat natural. Aquest caf\u00e8 ecol\u00f2gic \u00e9s l&#039;elecci\u00f3 ideal per als que gaudeixen d&#039;una tassa plena de car\u00e0cter i de cos, perfecta per a qualsevol moment del dia.<\/p>","protected":false},"featured_media":33797,"template":"","meta":{"inline_featured_image":false},"product_brand":[],"product_cat":[36,66],"product_tag":[],"class_list":{"0":"post-18908","1":"product","2":"type-product","3":"status-publish","4":"has-post-thumbnail","6":"product_cat-cafe","7":"product_cat-cafe-molido","9":"first","10":"instock","11":"taxable","12":"shipping-taxable","13":"purchasable","14":"product-type-simple"},"acf":[],"yoast_head":"<!-- This site is optimized with the Yoast SEO plugin v27.5 - https:\/\/yoast.com\/product\/yoast-seo-wordpress\/ -->\n<title>Blend Caf\u00e9 ar\u00e1bica y robusta Essenziale molido Bio FT 250g<\/title>\n<meta name=\"description\" content=\"Descubre nuestro Caf\u00e9 Essenziale molido Bio Fairtrade 250g. Un blend de caf\u00e9 ar\u00e1bica y robusta, con sabor intenso y compromiso sostenible.\" \/>\n<meta name=\"robots\" content=\"index, follow, max-snippet:-1, max-image-preview:large, max-video-preview:-1\" \/>\n<link rel=\"canonical\" href=\"https:\/\/alternativa3.com\/ca\/producte\/cafe-essenziale-molt-bio-ft-250g\/\" \/>\n<meta property=\"og:locale\" content=\"ca_ES\" \/>\n<meta property=\"og:type\" content=\"article\" \/>\n<meta property=\"og:title\" content=\"Blend Caf\u00e9 ar\u00e1bica y robusta Essenziale molido Bio FT 250g\" \/>\n<meta property=\"og:description\" content=\"Descubre nuestro Caf\u00e9 Essenziale molido Bio Fairtrade 250g. Un blend de caf\u00e9 ar\u00e1bica y robusta, con sabor intenso y compromiso sostenible.\" \/>\n<meta property=\"og:url\" content=\"https:\/\/alternativa3.com\/ca\/producte\/cafe-essenziale-molt-bio-ft-250g\/\" \/>\n<meta property=\"og:site_name\" content=\"AlterNativa3\" \/>\n<meta property=\"article:publisher\" content=\"https:\/\/www.facebook.com\/alternativa3Scoop\" \/>\n<meta property=\"article:modified_time\" content=\"2026-05-07T07:41:27+00:00\" \/>\n<meta property=\"og:image\" content=\"https:\/\/alternativa3.com\/wp-content\/uploads\/003901-2.jpg\" \/>\n\t<meta property=\"og:image:width\" content=\"500\" \/>\n\t<meta property=\"og:image:height\" content=\"500\" \/>\n\t<meta property=\"og:image:type\" content=\"image\/jpeg\" \/>\n<meta name=\"twitter:card\" content=\"summary_large_image\" \/>\n<meta name=\"twitter:label1\" content=\"Temps estimat de lectura\" \/>\n\t<meta name=\"twitter:data1\" content=\"2 minuts\" \/>\n<script type=\"application\/ld+json\" class=\"yoast-schema-graph\">{\"@context\":\"https:\\\/\\\/schema.org\",\"@graph\":[{\"@type\":\"WebPage\",\"@id\":\"https:\\\/\\\/alternativa3.com\\\/producto\\\/cafe-essenziale-molido-bio-ft-250g\\\/\",\"url\":\"https:\\\/\\\/alternativa3.com\\\/producto\\\/cafe-essenziale-molido-bio-ft-250g\\\/\",\"name\":\"Blend Caf\u00e9 ar\u00e1bica y robusta Essenziale molido Bio FT 250g\",\"isPartOf\":{\"@id\":\"https:\\\/\\\/alternativa3.com\\\/#website\"},\"primaryImageOfPage\":{\"@id\":\"https:\\\/\\\/alternativa3.com\\\/producto\\\/cafe-essenziale-molido-bio-ft-250g\\\/#primaryimage\"},\"image\":{\"@id\":\"https:\\\/\\\/alternativa3.com\\\/producto\\\/cafe-essenziale-molido-bio-ft-250g\\\/#primaryimage\"},\"thumbnailUrl\":\"https:\\\/\\\/alternativa3.com\\\/wp-content\\\/uploads\\\/003901-2.jpg\",\"datePublished\":\"2021-06-11T12:18:08+00:00\",\"dateModified\":\"2026-05-07T07:41:27+00:00\",\"description\":\"Descubre nuestro Caf\u00e9 Essenziale molido Bio Fairtrade 250g. Un blend de caf\u00e9 ar\u00e1bica y robusta, con sabor intenso y compromiso sostenible.\",\"breadcrumb\":{\"@id\":\"https:\\\/\\\/alternativa3.com\\\/producto\\\/cafe-essenziale-molido-bio-ft-250g\\\/#breadcrumb\"},\"inLanguage\":\"ca\",\"potentialAction\":[{\"@type\":\"ReadAction\",\"target\":[\"https:\\\/\\\/alternativa3.com\\\/producto\\\/cafe-essenziale-molido-bio-ft-250g\\\/\"]}]},{\"@type\":\"ImageObject\",\"inLanguage\":\"ca\",\"@id\":\"https:\\\/\\\/alternativa3.com\\\/producto\\\/cafe-essenziale-molido-bio-ft-250g\\\/#primaryimage\",\"url\":\"https:\\\/\\\/alternativa3.com\\\/wp-content\\\/uploads\\\/003901-2.jpg\",\"contentUrl\":\"https:\\\/\\\/alternativa3.com\\\/wp-content\\\/uploads\\\/003901-2.jpg\",\"width\":500,\"height\":500,\"caption\":\"Caf\u00e9 Essenziale molido ecol\u00f3gico y de comercio justo\"},{\"@type\":\"BreadcrumbList\",\"@id\":\"https:\\\/\\\/alternativa3.com\\\/producto\\\/cafe-essenziale-molido-bio-ft-250g\\\/#breadcrumb\",\"itemListElement\":[{\"@type\":\"ListItem\",\"position\":1,\"name\":\"Portada\",\"item\":\"https:\\\/\\\/alternativa3.com\\\/\"},{\"@type\":\"ListItem\",\"position\":2,\"name\":\"Tienda\",\"item\":\"https:\\\/\\\/alternativa3.com\\\/tienda\\\/\"},{\"@type\":\"ListItem\",\"position\":3,\"name\":\"Caf\u00e9 ar\u00e1bica y robusta Essenziale molido Bio Fairtrade 250g\"}]},{\"@type\":\"WebSite\",\"@id\":\"https:\\\/\\\/alternativa3.com\\\/#website\",\"url\":\"https:\\\/\\\/alternativa3.com\\\/\",\"name\":\"AlterNativa3\",\"description\":\"Productos ecol\u00f3gicos de comercio justo\",\"publisher\":{\"@id\":\"https:\\\/\\\/alternativa3.com\\\/#organization\"},\"alternateName\":\"A3\",\"potentialAction\":[{\"@type\":\"SearchAction\",\"target\":{\"@type\":\"EntryPoint\",\"urlTemplate\":\"https:\\\/\\\/alternativa3.com\\\/?s={search_term_string}\"},\"query-input\":{\"@type\":\"PropertyValueSpecification\",\"valueRequired\":true,\"valueName\":\"search_term_string\"}}],\"inLanguage\":\"ca\"},{\"@type\":\"Organization\",\"@id\":\"https:\\\/\\\/alternativa3.com\\\/#organization\",\"name\":\"ALTERNATIVA3\",\"alternateName\":\"A3\",\"url\":\"https:\\\/\\\/alternativa3.com\\\/\",\"logo\":{\"@type\":\"ImageObject\",\"inLanguage\":\"ca\",\"@id\":\"https:\\\/\\\/alternativa3.com\\\/#\\\/schema\\\/logo\\\/image\\\/\",\"url\":\"https:\\\/\\\/alternativa3.com\\\/wp-content\\\/uploads\\\/logo-alternativa3.svg\",\"contentUrl\":\"https:\\\/\\\/alternativa3.com\\\/wp-content\\\/uploads\\\/logo-alternativa3.svg\",\"width\":73,\"height\":50,\"caption\":\"ALTERNATIVA3\"},\"image\":{\"@id\":\"https:\\\/\\\/alternativa3.com\\\/#\\\/schema\\\/logo\\\/image\\\/\"},\"sameAs\":[\"https:\\\/\\\/www.facebook.com\\\/alternativa3Scoop\",\"https:\\\/\\\/www.instagram.com\\\/alternativa3scoop\\\/\",\"https:\\\/\\\/www.youtube.com\\\/@Alternativa3\",\"https:\\\/\\\/es.linkedin.com\\\/company\\\/alternativa3\"]}]}<\/script>\n<!-- \/ Yoast SEO plugin. -->","yoast_head_json":{"title":"Blend Caf\u00e8 ar\u00e0bica i robusta Essenziale m\u00f2lt Bio FT 250g","description":"Descobreix el nostre Caf\u00e8 Essenziale m\u00f2lt Bio Fairtrade 250g. Un blend de caf\u00e8 ar\u00e0bica i robusta, amb sabor intens i comprom\u00eds sostenible.","robots":{"index":"index","follow":"follow","max-snippet":"max-snippet:-1","max-image-preview":"max-image-preview:large","max-video-preview":"max-video-preview:-1"},"canonical":"https:\/\/alternativa3.com\/ca\/producte\/cafe-essenziale-molt-bio-ft-250g\/","og_locale":"ca_ES","og_type":"article","og_title":"Blend Caf\u00e9 ar\u00e1bica y robusta Essenziale molido Bio FT 250g","og_description":"Descubre nuestro Caf\u00e9 Essenziale molido Bio Fairtrade 250g. Un blend de caf\u00e9 ar\u00e1bica y robusta, con sabor intenso y compromiso sostenible.","og_url":"https:\/\/alternativa3.com\/ca\/producte\/cafe-essenziale-molt-bio-ft-250g\/","og_site_name":"AlterNativa3","article_publisher":"https:\/\/www.facebook.com\/alternativa3Scoop","article_modified_time":"2026-05-07T07:41:27+00:00","og_image":[{"width":500,"height":500,"url":"https:\/\/alternativa3.com\/wp-content\/uploads\/003901-2.jpg","type":"image\/jpeg"}],"twitter_card":"summary_large_image","twitter_misc":{"Temps estimat de lectura":"2 minuts"},"schema":{"@context":"https:\/\/schema.org","@graph":[{"@type":"WebPage","@id":"https:\/\/alternativa3.com\/producto\/cafe-essenziale-molido-bio-ft-250g\/","url":"https:\/\/alternativa3.com\/producto\/cafe-essenziale-molido-bio-ft-250g\/","name":"Blend Caf\u00e8 ar\u00e0bica i robusta Essenziale m\u00f2lt Bio FT 250g","isPartOf":{"@id":"https:\/\/alternativa3.com\/#website"},"primaryImageOfPage":{"@id":"https:\/\/alternativa3.com\/producto\/cafe-essenziale-molido-bio-ft-250g\/#primaryimage"},"image":{"@id":"https:\/\/alternativa3.com\/producto\/cafe-essenziale-molido-bio-ft-250g\/#primaryimage"},"thumbnailUrl":"https:\/\/alternativa3.com\/wp-content\/uploads\/003901-2.jpg","datePublished":"2021-06-11T12:18:08+00:00","dateModified":"2026-05-07T07:41:27+00:00","description":"Descobreix el nostre Caf\u00e8 Essenziale m\u00f2lt Bio Fairtrade 250g. Un blend de caf\u00e8 ar\u00e0bica i robusta, amb sabor intens i comprom\u00eds sostenible.","breadcrumb":{"@id":"https:\/\/alternativa3.com\/producto\/cafe-essenziale-molido-bio-ft-250g\/#breadcrumb"},"inLanguage":"ca","potentialAction":[{"@type":"ReadAction","target":["https:\/\/alternativa3.com\/producto\/cafe-essenziale-molido-bio-ft-250g\/"]}]},{"@type":"ImageObject","inLanguage":"ca","@id":"https:\/\/alternativa3.com\/producto\/cafe-essenziale-molido-bio-ft-250g\/#primaryimage","url":"https:\/\/alternativa3.com\/wp-content\/uploads\/003901-2.jpg","contentUrl":"https:\/\/alternativa3.com\/wp-content\/uploads\/003901-2.jpg","width":500,"height":500,"caption":"Caf\u00e9 Essenziale molido ecol\u00f3gico y de comercio justo"},{"@type":"BreadcrumbList","@id":"https:\/\/alternativa3.com\/producto\/cafe-essenziale-molido-bio-ft-250g\/#breadcrumb","itemListElement":[{"@type":"ListItem","position":1,"name":"Portada","item":"https:\/\/alternativa3.com\/"},{"@type":"ListItem","position":2,"name":"Tienda","item":"https:\/\/alternativa3.com\/tienda\/"},{"@type":"ListItem","position":3,"name":"Caf\u00e9 ar\u00e1bica y robusta Essenziale molido Bio Fairtrade 250g"}]},{"@type":"WebSite","@id":"https:\/\/alternativa3.com\/#website","url":"https:\/\/alternativa3.com\/","name":"AlterNativa3","description":"Productes ecol\u00f2gics de comer\u00e7 just","publisher":{"@id":"https:\/\/alternativa3.com\/#organization"},"alternateName":"A3","potentialAction":[{"@type":"SearchAction","target":{"@type":"EntryPoint","urlTemplate":"https:\/\/alternativa3.com\/?s={search_term_string}"},"query-input":{"@type":"PropertyValueSpecification","valueRequired":true,"valueName":"search_term_string"}}],"inLanguage":"ca"},{"@type":"Organization","@id":"https:\/\/alternativa3.com\/#organization","name":"ALTERNATIVA3","alternateName":"A3","url":"https:\/\/alternativa3.com\/","logo":{"@type":"ImageObject","inLanguage":"ca","@id":"https:\/\/alternativa3.com\/#\/schema\/logo\/image\/","url":"https:\/\/alternativa3.com\/wp-content\/uploads\/logo-alternativa3.svg","contentUrl":"https:\/\/alternativa3.com\/wp-content\/uploads\/logo-alternativa3.svg","width":73,"height":50,"caption":"ALTERNATIVA3"},"image":{"@id":"https:\/\/alternativa3.com\/#\/schema\/logo\/image\/"},"sameAs":["https:\/\/www.facebook.com\/alternativa3Scoop","https:\/\/www.instagram.com\/alternativa3scoop\/","https:\/\/www.youtube.com\/@Alternativa3","https:\/\/es.linkedin.com\/company\/alternativa3"]}]}},"_links":{"self":[{"href":"https:\/\/alternativa3.com\/ca\/wp-json\/wp\/v2\/product\/18908","targetHints":{"allow":["GET"]}}],"collection":[{"href":"https:\/\/alternativa3.com\/ca\/wp-json\/wp\/v2\/product"}],"about":[{"href":"https:\/\/alternativa3.com\/ca\/wp-json\/wp\/v2\/types\/product"}],"wp:featuredmedia":[{"embeddable":true,"href":"https:\/\/alternativa3.com\/ca\/wp-json\/wp\/v2\/media\/33797"}],"wp:attachment":[{"href":"https:\/\/alternativa3.com\/ca\/wp-json\/wp\/v2\/media?parent=18908"}],"wp:term":[{"taxonomy":"product_brand","embeddable":true,"href":"https:\/\/alternativa3.com\/ca\/wp-json\/wp\/v2\/product_brand?post=18908"},{"taxonomy":"product_cat","embeddable":true,"href":"https:\/\/alternativa3.com\/ca\/wp-json\/wp\/v2\/product_cat?post=18908"},{"taxonomy":"product_tag","embeddable":true,"href":"https:\/\/alternativa3.com\/ca\/wp-json\/wp\/v2\/product_tag?post=18908"}],"curies":[{"name":"wp","href":"https:\/\/api.w.org\/{rel}","templated":true}]}}