{"id":18906,"date":"2021-06-11T14:18:07","date_gmt":"2021-06-11T12:18:07","guid":{"rendered":"https:\/\/beta.alternativa3.com\/producto\/cafe-descafeinado-molido-bio-ft-250g\/"},"modified":"2026-05-06T09:41:27","modified_gmt":"2026-05-06T07:41:27","slug":"cafe-descafeinat-molt-bio-ft-250g","status":"publish","type":"product","link":"https:\/\/alternativa3.com\/ca\/cafe-descafeinado-molido-bio-ft-250g\/","title":{"rendered":"Caf\u00e8 m\u00f2lt Descafe\u00efnat Bio Fairtrade 250g"},"content":{"rendered":"<h2><b>Descripci\u00f3 del caf\u00e8 m\u00f2lt descafe\u00efnat BIO<\/b><\/h2>\n<p><b>\u200b\u200b<\/b>Aquest caf\u00e8 m\u00f2lt descafe\u00efnat destaca per la seva delicadesa i harmonia. El seu perfil destaca per una frag\u00e0ncia subtil i un sabor harmoni\u00f3s que mant\u00e9 les millors qualitats dels grans caf\u00e8s. El proc\u00e9s de descafeinitzaci\u00f3 respecta tant les propietats originals del gra com lentorn, evitant l\u00fas de qu\u00edmics agressius. Aix\u00f2 garanteix un producte natural i respectu\u00f3s amb la salut i el medi ambient.<\/p>","protected":false},"excerpt":{"rendered":"<p>Descobreix un caf\u00e8 m\u00f2lt descafe\u00efnat, 100% Ar\u00e0bica i de torrat natural, que conserva tota la seva aroma i sabor. Una elecci\u00f3 perfecta per gaudir a qualsevol hora sense renunciar al plaer d\u00b4un bon caf\u00e8.<\/p>","protected":false},"featured_media":35959,"template":"","meta":{"inline_featured_image":false},"product_brand":[],"product_cat":[36,66],"product_tag":[],"class_list":{"0":"post-18906","1":"product","2":"type-product","3":"status-publish","4":"has-post-thumbnail","6":"product_cat-cafe","7":"product_cat-cafe-molido","9":"first","10":"instock","11":"taxable","12":"shipping-taxable","13":"purchasable","14":"product-type-simple"},"acf":[],"yoast_head":"<!-- This site is optimized with the Yoast SEO plugin v27.5 - https:\/\/yoast.com\/product\/yoast-seo-wordpress\/ -->\n<title>Caf\u00e9 molido descafeinado Bio Fairtrade | Sabor y sostenibilidad<\/title>\n<meta name=\"description\" content=\"Descubre el mejor caf\u00e9 molido descafeinado 100% Ar\u00e1bica, ecol\u00f3gico y de Comercio Justo. Sabor aut\u00e9ntico, sin qu\u00edmicos agresivos. \u00a1Pru\u00e9balo ya!\" \/>\n<meta name=\"robots\" content=\"index, follow, max-snippet:-1, max-image-preview:large, max-video-preview:-1\" \/>\n<link rel=\"canonical\" href=\"https:\/\/alternativa3.com\/ca\/cafe-descafeinat-molt-bio-ft-250g\/\" \/>\n<meta property=\"og:locale\" content=\"ca_ES\" \/>\n<meta property=\"og:type\" content=\"article\" \/>\n<meta property=\"og:title\" content=\"Caf\u00e9 molido descafeinado Bio Fairtrade | Sabor y sostenibilidad\" \/>\n<meta property=\"og:description\" content=\"Descubre el mejor caf\u00e9 molido descafeinado 100% Ar\u00e1bica, ecol\u00f3gico y de Comercio Justo. Sabor aut\u00e9ntico, sin qu\u00edmicos agresivos. \u00a1Pru\u00e9balo ya!\" \/>\n<meta property=\"og:url\" content=\"https:\/\/alternativa3.com\/ca\/cafe-descafeinat-molt-bio-ft-250g\/\" \/>\n<meta property=\"og:site_name\" content=\"AlterNativa3\" \/>\n<meta property=\"article:publisher\" content=\"https:\/\/www.facebook.com\/alternativa3Scoop\" \/>\n<meta property=\"article:modified_time\" content=\"2026-05-06T07:41:27+00:00\" \/>\n<meta property=\"og:image\" content=\"https:\/\/alternativa3.com\/wp-content\/uploads\/003407-2.jpg\" \/>\n\t<meta property=\"og:image:width\" content=\"500\" \/>\n\t<meta property=\"og:image:height\" content=\"500\" \/>\n\t<meta property=\"og:image:type\" content=\"image\/jpeg\" \/>\n<meta name=\"twitter:card\" content=\"summary_large_image\" \/>\n<meta name=\"twitter:label1\" content=\"Temps estimat de lectura\" \/>\n\t<meta name=\"twitter:data1\" content=\"4 minuts\" \/>\n<script type=\"application\/ld+json\" class=\"yoast-schema-graph\">{\"@context\":\"https:\\\/\\\/schema.org\",\"@graph\":[{\"@type\":\"WebPage\",\"@id\":\"https:\\\/\\\/alternativa3.com\\\/cafe-descafeinado-molido-bio-ft-250g\\\/\",\"url\":\"https:\\\/\\\/alternativa3.com\\\/cafe-descafeinado-molido-bio-ft-250g\\\/\",\"name\":\"Caf\u00e9 molido descafeinado Bio Fairtrade | Sabor y sostenibilidad\",\"isPartOf\":{\"@id\":\"https:\\\/\\\/alternativa3.com\\\/#website\"},\"primaryImageOfPage\":{\"@id\":\"https:\\\/\\\/alternativa3.com\\\/cafe-descafeinado-molido-bio-ft-250g\\\/#primaryimage\"},\"image\":{\"@id\":\"https:\\\/\\\/alternativa3.com\\\/cafe-descafeinado-molido-bio-ft-250g\\\/#primaryimage\"},\"thumbnailUrl\":\"https:\\\/\\\/alternativa3.com\\\/wp-content\\\/uploads\\\/003407-2.jpg\",\"datePublished\":\"2021-06-11T12:18:07+00:00\",\"dateModified\":\"2026-05-06T07:41:27+00:00\",\"description\":\"Descubre el mejor caf\u00e9 molido descafeinado 100% Ar\u00e1bica, ecol\u00f3gico y de Comercio Justo. Sabor aut\u00e9ntico, sin qu\u00edmicos agresivos. \u00a1Pru\u00e9balo ya!\",\"breadcrumb\":{\"@id\":\"https:\\\/\\\/alternativa3.com\\\/cafe-descafeinado-molido-bio-ft-250g\\\/#breadcrumb\"},\"inLanguage\":\"ca\",\"potentialAction\":[{\"@type\":\"ReadAction\",\"target\":[\"https:\\\/\\\/alternativa3.com\\\/cafe-descafeinado-molido-bio-ft-250g\\\/\"]}]},{\"@type\":\"ImageObject\",\"inLanguage\":\"ca\",\"@id\":\"https:\\\/\\\/alternativa3.com\\\/cafe-descafeinado-molido-bio-ft-250g\\\/#primaryimage\",\"url\":\"https:\\\/\\\/alternativa3.com\\\/wp-content\\\/uploads\\\/003407-2.jpg\",\"contentUrl\":\"https:\\\/\\\/alternativa3.com\\\/wp-content\\\/uploads\\\/003407-2.jpg\",\"width\":500,\"height\":500,\"caption\":\"Caf\u00e9 molido descafeinado ecol\u00f3gico fairtrade\"},{\"@type\":\"BreadcrumbList\",\"@id\":\"https:\\\/\\\/alternativa3.com\\\/cafe-descafeinado-molido-bio-ft-250g\\\/#breadcrumb\",\"itemListElement\":[{\"@type\":\"ListItem\",\"position\":1,\"name\":\"Portada\",\"item\":\"https:\\\/\\\/alternativa3.com\\\/\"},{\"@type\":\"ListItem\",\"position\":2,\"name\":\"Tienda\",\"item\":\"https:\\\/\\\/alternativa3.com\\\/tienda\\\/\"},{\"@type\":\"ListItem\",\"position\":3,\"name\":\"Caf\u00e9 molido Descafeinado Bio Fairtrade 250g\"}]},{\"@type\":\"WebSite\",\"@id\":\"https:\\\/\\\/alternativa3.com\\\/#website\",\"url\":\"https:\\\/\\\/alternativa3.com\\\/\",\"name\":\"AlterNativa3\",\"description\":\"Productos ecol\u00f3gicos de comercio justo\",\"publisher\":{\"@id\":\"https:\\\/\\\/alternativa3.com\\\/#organization\"},\"alternateName\":\"A3\",\"potentialAction\":[{\"@type\":\"SearchAction\",\"target\":{\"@type\":\"EntryPoint\",\"urlTemplate\":\"https:\\\/\\\/alternativa3.com\\\/?s={search_term_string}\"},\"query-input\":{\"@type\":\"PropertyValueSpecification\",\"valueRequired\":true,\"valueName\":\"search_term_string\"}}],\"inLanguage\":\"ca\"},{\"@type\":\"Organization\",\"@id\":\"https:\\\/\\\/alternativa3.com\\\/#organization\",\"name\":\"ALTERNATIVA3\",\"alternateName\":\"A3\",\"url\":\"https:\\\/\\\/alternativa3.com\\\/\",\"logo\":{\"@type\":\"ImageObject\",\"inLanguage\":\"ca\",\"@id\":\"https:\\\/\\\/alternativa3.com\\\/#\\\/schema\\\/logo\\\/image\\\/\",\"url\":\"https:\\\/\\\/alternativa3.com\\\/wp-content\\\/uploads\\\/logo-alternativa3.svg\",\"contentUrl\":\"https:\\\/\\\/alternativa3.com\\\/wp-content\\\/uploads\\\/logo-alternativa3.svg\",\"width\":73,\"height\":50,\"caption\":\"ALTERNATIVA3\"},\"image\":{\"@id\":\"https:\\\/\\\/alternativa3.com\\\/#\\\/schema\\\/logo\\\/image\\\/\"},\"sameAs\":[\"https:\\\/\\\/www.facebook.com\\\/alternativa3Scoop\",\"https:\\\/\\\/www.instagram.com\\\/alternativa3scoop\\\/\",\"https:\\\/\\\/www.youtube.com\\\/@Alternativa3\",\"https:\\\/\\\/es.linkedin.com\\\/company\\\/alternativa3\"]}]}<\/script>\n<!-- \/ Yoast SEO plugin. -->","yoast_head_json":{"title":"Caf\u00e8 m\u00f2lt descafe\u00efnat Bio Fairtrade | Sabor i sostenibilitat","description":"Descobreix el millor caf\u00e8 m\u00f2lt descafe\u00efnat 100% Ar\u00e0bica, ecol\u00f2gic i de Comer\u00e7 Just. Sabor aut\u00e8ntic, sense qu\u00edmics agressius. Prova-ho ja!","robots":{"index":"index","follow":"follow","max-snippet":"max-snippet:-1","max-image-preview":"max-image-preview:large","max-video-preview":"max-video-preview:-1"},"canonical":"https:\/\/alternativa3.com\/ca\/cafe-descafeinat-molt-bio-ft-250g\/","og_locale":"ca_ES","og_type":"article","og_title":"Caf\u00e9 molido descafeinado Bio Fairtrade | Sabor y sostenibilidad","og_description":"Descubre el mejor caf\u00e9 molido descafeinado 100% Ar\u00e1bica, ecol\u00f3gico y de Comercio Justo. Sabor aut\u00e9ntico, sin qu\u00edmicos agresivos. \u00a1Pru\u00e9balo ya!","og_url":"https:\/\/alternativa3.com\/ca\/cafe-descafeinat-molt-bio-ft-250g\/","og_site_name":"AlterNativa3","article_publisher":"https:\/\/www.facebook.com\/alternativa3Scoop","article_modified_time":"2026-05-06T07:41:27+00:00","og_image":[{"width":500,"height":500,"url":"https:\/\/alternativa3.com\/wp-content\/uploads\/003407-2.jpg","type":"image\/jpeg"}],"twitter_card":"summary_large_image","twitter_misc":{"Temps estimat de lectura":"4 minuts"},"schema":{"@context":"https:\/\/schema.org","@graph":[{"@type":"WebPage","@id":"https:\/\/alternativa3.com\/cafe-descafeinado-molido-bio-ft-250g\/","url":"https:\/\/alternativa3.com\/cafe-descafeinado-molido-bio-ft-250g\/","name":"Caf\u00e8 m\u00f2lt descafe\u00efnat Bio Fairtrade | Sabor i sostenibilitat","isPartOf":{"@id":"https:\/\/alternativa3.com\/#website"},"primaryImageOfPage":{"@id":"https:\/\/alternativa3.com\/cafe-descafeinado-molido-bio-ft-250g\/#primaryimage"},"image":{"@id":"https:\/\/alternativa3.com\/cafe-descafeinado-molido-bio-ft-250g\/#primaryimage"},"thumbnailUrl":"https:\/\/alternativa3.com\/wp-content\/uploads\/003407-2.jpg","datePublished":"2021-06-11T12:18:07+00:00","dateModified":"2026-05-06T07:41:27+00:00","description":"Descobreix el millor caf\u00e8 m\u00f2lt descafe\u00efnat 100% Ar\u00e0bica, ecol\u00f2gic i de Comer\u00e7 Just. Sabor aut\u00e8ntic, sense qu\u00edmics agressius. Prova-ho ja!","breadcrumb":{"@id":"https:\/\/alternativa3.com\/cafe-descafeinado-molido-bio-ft-250g\/#breadcrumb"},"inLanguage":"ca","potentialAction":[{"@type":"ReadAction","target":["https:\/\/alternativa3.com\/cafe-descafeinado-molido-bio-ft-250g\/"]}]},{"@type":"ImageObject","inLanguage":"ca","@id":"https:\/\/alternativa3.com\/cafe-descafeinado-molido-bio-ft-250g\/#primaryimage","url":"https:\/\/alternativa3.com\/wp-content\/uploads\/003407-2.jpg","contentUrl":"https:\/\/alternativa3.com\/wp-content\/uploads\/003407-2.jpg","width":500,"height":500,"caption":"Caf\u00e9 molido descafeinado ecol\u00f3gico fairtrade"},{"@type":"BreadcrumbList","@id":"https:\/\/alternativa3.com\/cafe-descafeinado-molido-bio-ft-250g\/#breadcrumb","itemListElement":[{"@type":"ListItem","position":1,"name":"Portada","item":"https:\/\/alternativa3.com\/"},{"@type":"ListItem","position":2,"name":"Tienda","item":"https:\/\/alternativa3.com\/tienda\/"},{"@type":"ListItem","position":3,"name":"Caf\u00e9 molido Descafeinado Bio Fairtrade 250g"}]},{"@type":"WebSite","@id":"https:\/\/alternativa3.com\/#website","url":"https:\/\/alternativa3.com\/","name":"AlterNativa3","description":"Productes ecol\u00f2gics de comer\u00e7 just","publisher":{"@id":"https:\/\/alternativa3.com\/#organization"},"alternateName":"A3","potentialAction":[{"@type":"SearchAction","target":{"@type":"EntryPoint","urlTemplate":"https:\/\/alternativa3.com\/?s={search_term_string}"},"query-input":{"@type":"PropertyValueSpecification","valueRequired":true,"valueName":"search_term_string"}}],"inLanguage":"ca"},{"@type":"Organization","@id":"https:\/\/alternativa3.com\/#organization","name":"ALTERNATIVA3","alternateName":"A3","url":"https:\/\/alternativa3.com\/","logo":{"@type":"ImageObject","inLanguage":"ca","@id":"https:\/\/alternativa3.com\/#\/schema\/logo\/image\/","url":"https:\/\/alternativa3.com\/wp-content\/uploads\/logo-alternativa3.svg","contentUrl":"https:\/\/alternativa3.com\/wp-content\/uploads\/logo-alternativa3.svg","width":73,"height":50,"caption":"ALTERNATIVA3"},"image":{"@id":"https:\/\/alternativa3.com\/#\/schema\/logo\/image\/"},"sameAs":["https:\/\/www.facebook.com\/alternativa3Scoop","https:\/\/www.instagram.com\/alternativa3scoop\/","https:\/\/www.youtube.com\/@Alternativa3","https:\/\/es.linkedin.com\/company\/alternativa3"]}]}},"_links":{"self":[{"href":"https:\/\/alternativa3.com\/ca\/wp-json\/wp\/v2\/product\/18906","targetHints":{"allow":["GET"]}}],"collection":[{"href":"https:\/\/alternativa3.com\/ca\/wp-json\/wp\/v2\/product"}],"about":[{"href":"https:\/\/alternativa3.com\/ca\/wp-json\/wp\/v2\/types\/product"}],"wp:featuredmedia":[{"embeddable":true,"href":"https:\/\/alternativa3.com\/ca\/wp-json\/wp\/v2\/media\/35959"}],"wp:attachment":[{"href":"https:\/\/alternativa3.com\/ca\/wp-json\/wp\/v2\/media?parent=18906"}],"wp:term":[{"taxonomy":"product_brand","embeddable":true,"href":"https:\/\/alternativa3.com\/ca\/wp-json\/wp\/v2\/product_brand?post=18906"},{"taxonomy":"product_cat","embeddable":true,"href":"https:\/\/alternativa3.com\/ca\/wp-json\/wp\/v2\/product_cat?post=18906"},{"taxonomy":"product_tag","embeddable":true,"href":"https:\/\/alternativa3.com\/ca\/wp-json\/wp\/v2\/product_tag?post=18906"}],"curies":[{"name":"wp","href":"https:\/\/api.w.org\/{rel}","templated":true}]}}