{"id":3,"date":"2021-03-26T08:55:47","date_gmt":"2021-03-26T08:55:47","guid":{"rendered":"\/?page_id=3"},"modified":"2025-02-26T16:51:31","modified_gmt":"2025-02-26T15:51:31","slug":"politica-privadesa","status":"publish","type":"page","link":"https:\/\/alternativa3.com\/ca\/politica-privadesa\/","title":{"rendered":"Pol\u00edtica de privadesa"},"content":{"rendered":"<p><strong>Responsable del Tractament<\/strong><\/p>\r\n<p>L&#039;empresa responsable del tractament de les vostres dades en virtut d&#039;aquesta Pol\u00edtica de privadesa \u00e9s:<\/p>\r\n<p>ALTERNATIVA 3, SCCL<br \/>NIF: F12329876<br \/>Domicili: Ctra. Castellar, 526<br \/>Adre\u00e7a de correu electr\u00f2nic: alternativa3@alternativa3.com<br \/>Web: alternativa3.com\/<br \/>Tel\u00e8fon: 937869379<br \/>Inscrita al Registre Mercantil de Registre de la Generalitat de Catalunya Registre Territorial de Cooperatives, n\u00fam. d&#039;inscripci\u00f3 10869 de 14 de setembre de 1998<\/p>\r\n<p>A ALTERNATIVA 3, SCCL, reconeixem la import\u00e0ncia de protegir la vostra informaci\u00f3 personal i estem compromesos a tractar-la amb responsabilitat i de conformitat amb les lleis de protecci\u00f3 de dades.<br \/><br \/>Aquesta pol\u00edtica de privadesa pret\u00e9n regular tots els aspectes relatius al tractament de dades dels diferents usuaris que naveguen o faciliten les seves dades personals a trav\u00e9s dels diferents formularis situats a la web.<br \/><br \/><strong>Dades Personals<\/strong><\/p>\r\n<p>Una dada personal \u00e9s la informaci\u00f3 que us identifica o us fa identificable. A trav\u00e9s del web, a les caselles establertes a aquest efecte recollim les dades personals que l&#039;usuari ens comunica: nom, cognoms, correu electr\u00f2nic, tel\u00e8fon, adre\u00e7a postal, poblaci\u00f3, etc., aix\u00ed com totes aquelles dades que volunt\u00e0riament ens proporcioni a trav\u00e9s de qualsevol de les xarxes socials de les quals l&#039;usuari est\u00e0 registrat. En aquest cas, la privadesa dependr\u00e0 de la pr\u00f2pia configuraci\u00f3 establerta per l&#039;usuari aix\u00ed com dels termes i condicions de la pr\u00f2pia xarxa social.<br \/><br \/>La visita de l&#039;usuari a la web no implica que hagi de facilitar cap informaci\u00f3 sobre les vostres dades personals. No obstant aix\u00f2, en cas de facilitar-los, les dades seran tractades de forma l\u00edcita amb subjecci\u00f3 en tot moment als principis i drets recollits al RGPD 2016\/679 de 27 d&#039;abril de 2016 i la LOPDGDD 3\/2018 del 5 de desembre.<br \/><br \/><strong>Finalitat, durada i legitimaci\u00f3 del tractament<\/strong>:<\/p>\r\n<p>Les dades que l&#039;usuari ens proporcioni les tractarem amb les finalitats seg\u00fcents:<\/p>\r\n<ul>\r\n<li>Atendre la sol\u00b7licitud o petici\u00f3 realitzada per l&#039;usuari a trav\u00e9s del\u00a0<strong>formulari de contacte\u00a0<\/strong>situat a la web. Recollim i tractem les dades personals de l&#039;usuari per poder tramitar i gestionar la vostra sol\u00b7licitud, una consulta o qualsevol petici\u00f3 que realitzeu a trav\u00e9s d&#039;aquest formulari. Aquestes dades les conservarem durant el temps necessari per donar compliment a la vostra petici\u00f3 i durant el temps establert per la llei amb una durada m\u00ednima de 3 anys.<\/li>\r\n<\/ul>\r\n<p>La base de legitimaci\u00f3 del tractament de les dades ser\u00e0 el consentiment que atorga l&#039;usuari en seleccionar la casella d&#039;acceptaci\u00f3 de la nostra pol\u00edtica de privadesa abans d&#039;enviar la petici\u00f3. L&#039;usuari t\u00e9 dret a revocar el consentiment en qualsevol moment sense que aix\u00f2 afecti la licitud del tractament basat en el consentiment previ a la seva retirada.<\/p>\r\n<ul>\r\n<li>Millorar la vostra experi\u00e8ncia en navegar per la web. Aquestes dades les conservarem mentre l&#039;usuari no revoqui el seu consentiment al seu tractament eliminant les galetes i durant el temps establert per la llei amb una durada m\u00ednima de 3 anys.<\/li>\r\n<\/ul>\r\n<p>La base de legitimaci\u00f3 per millorar la vostra experi\u00e8ncia en navegar per la web \u00e9s el consentiment que atorga l&#039;usuari en acceptar les cookies. L&#039;usuari t\u00e9 dret a revocar el consentiment en qualsevol moment sense que aix\u00f2 afecti la licitud del tractament basat en el consentiment previ a la seva retirada.<\/p>\r\n<ul>\r\n<li>Gestionar les nostres\u00a0<strong>xarxes socials<\/strong>\u00a0i enviar informaci\u00f3 sobre les nostres activitats i productes. Aquestes dades les conservarem mentre l&#039;usuari no revoqui el seu consentiment al seu tractament i durant el temps establert per la llei amb una durada m\u00ednima de 3 anys.<\/li>\r\n<\/ul>\r\n<p>La base leg\u00edtima per gestionar les nostres xarxes socials i enviar-li les nostres activitats i novetats \u00e9s el consentiment que ens atorga. L&#039;usuari t\u00e9 dret a revocar el consentiment en qualsevol moment sense que aix\u00f2 afecti la licitud del tractament basat en el consentiment previ a la seva retirada.<\/p>\r\n<ul>\r\n<li>Atendre i gestionar la compra realitzada per l&#039;usuari a trav\u00e9s\u00a0<strong>del formulari de compra<\/strong>\u00a0situat a la web. Recollim i tractem les dades personals de l&#039;usuari per poder processar la comanda i el pagament posterior dels productes i serveis que s&#039;ofereixen a la web. Aquestes dades les conservarem durant el temps que duri la relaci\u00f3 contractual entre les parts i durant el temps establert per la llei per al compliment de les obligacions fiscals.<\/li>\r\n<\/ul>\r\n<p>La base de legitimaci\u00f3 del tractament de les dades ser\u00e0 lexecuci\u00f3 dun contracte de compravenda en qu\u00e8 linteressat \u00e9s part. En cas que l&#039;usuari no faciliti les vostres dades personals no es podr\u00e0 gestionar la vostra compra, no podent prestar el servei sol\u00b7licitat.<\/p>\r\n<ul>\r\n<li>Per desar el\u00a0<strong>carret\u00f3 de compra\u00a0<\/strong>abandonat i recordar a l&#039;Usuari que ha deixat un producte a la cistella de compra, en cas que hagu\u00e9s iniciat una compra introduint la seva adre\u00e7a del correu electr\u00f2nic. Les dades seran conservades en el moment que l&#039;Usuari afegeixi el producte seleccionat al carro de compra fins al moment que la confirmi per un termini no superior a cinc dies.<\/li>\r\n<\/ul>\r\n<p>La base de legitimaci\u00f3 del tractament de les dades ser\u00e0 l&#039;inter\u00e8s leg\u00edtim del Responsable per facilitar al m\u00e0xim la compra del producte pel qual l&#039;Usuari ha demostrat un inter\u00e8s afegint-lo a la cistella.<\/p>\r\n<ul>\r\n<li>Enviar\u00a0<strong>butlletins i newsletters<\/strong>\u00a0sobre productes d&#039;ALTERNATIVA 3, SCCL. Sota el consentiment de l&#039;usuari recollim i tractem les vostres dades personals per poder enviar-vos informaci\u00f3 sobre els nostres productes i serveis. Aquestes dades les conservarem mentre l&#039;usuari no revoqui el seu consentiment al seu tractament i durant el temps establert per la llei amb una durada m\u00ednima de 3 anys.<\/li>\r\n<\/ul>\r\n<p>La base de legitimaci\u00f3 del tractament de les dades ser\u00e0 el consentiment que atorga l&#039;usuari en seleccionar la casella d&#039;acceptaci\u00f3 de la nostra pol\u00edtica de privadesa abans de subscriure&#039;s a la newsletter en formulari habilitat a aquest efecte al web. L&#039;usuari t\u00e9 dret a revocar el consentiment en qualsevol moment sense que aix\u00f2 afecti la licitud del tractament basat en el consentiment previ a la seva retirada.<\/p>\r\n<ul>\r\n<li>Donar d&#039;alta i gestionar un compte com a \u201cusuari\/\u00e0ria registrat\/da\u201d<strong>\u00a0<\/strong>a trav\u00e9s\u00a0<strong>del formulari de registre<\/strong>\u00a0situat a la web i que permetr\u00e0 a l&#039;usuari accedir a la seva \u00e0rea privada de serveis i informar-lo de les nostres activitats, podent-li remetre per qualsevol mitj\u00e0 electr\u00f2nic comunicacions comercials de les novetats dels nostres serveis. Aquestes dades les conservarem mentre l&#039;usuari no sol\u00b7liciti la baixa del registre i durant el temps establert per la llei amb una durada m\u00ednima de 3 anys.<\/li>\r\n<\/ul>\r\n<p>La base de legitimaci\u00f3 del tractament de les dades ser\u00e0 el consentiment que atorga l&#039;usuari en registrar-se a trav\u00e9s del formulari de registre i seleccionar la casella d&#039;acceptaci\u00f3 de la nostra pol\u00edtica de privadesa abans d&#039;enviar la vostra sol\u00b7licitud. L&#039;usuari t\u00e9 dret a revocar el consentiment en qualsevol moment sense que aix\u00f2 afecti la licitud del tractament basat en el consentiment previ a la seva retirada.<\/p>\r\n<ul>\r\n<li>Gestionar el servei de<strong>\u00a0xat de \u201cAtenci\u00f3 al client\u201d via WhatsApp<\/strong>\u00a0ofert a la nostra web per a qualsevol dubte sobre els nostres serveis\/productes. Per tal de millorar constantment la qualitat del nostre servei al client, registrem l&#039;historial del xat per a finalitats d&#039;an\u00e0lisi i millora. Aquests registres s&#039;eliminen una vegada avaluats i ha complert el temps establert per la llei amb una durada m\u00ednima de 3 anys.<\/li>\r\n<\/ul>\r\n<p>La base de legitimaci\u00f3 \u00e9s el consentiment que ens atorga per a \u00fas del servei. L&#039;usuari t\u00e9 dret a revocar el consentiment en qualsevol moment sense que aix\u00f2 afecti la licitud del tractament basat en el consentiment previ a la seva retirada.<\/p>\r\n<p><strong>Cessi\u00f3 o comunicaci\u00f3 de dades personals<\/strong><\/p>\r\n<p>Les seves dades no es comunicaran ni seran cedides a tercers, llevat que hi hagi alguna obligaci\u00f3 legal oa aquelles empreses del grup per a fins administratius i de gesti\u00f3 interna que actuaran com a Encarregats del Tractament.<br \/><br \/>Els destinataris de la informaci\u00f3 seran aquells prestadors de serveis vinculats al Responsable que actuen com a encarregats del tractament. En aquest sentit,\u00a0<strong>el Responsable\u00a0<\/strong>contracta els serveis de hosting a un prestador que ofereix les garanties de privadesa adequades i els servidors de les quals es troben a la UE.<br \/><br \/><strong>Transfer\u00e8ncies internacionals<\/strong><\/p>\r\n<p>A ALTERNATIVA 3, SCCL tractem les vostres dades dins l&#039;Espai Econ\u00f2mic Europeu i, amb car\u00e0cter general, contractem prestadors de serveis ubicats tamb\u00e9 dins l&#039;Espai Econ\u00f2mic Europeu o en pa\u00efsos que han estat declarats amb un nivell adequat de protecci\u00f3.<br \/><br \/>Si necessitem utilitzar prove\u00efdors de serveis que realitzin tractaments fora de l&#039;Espai Econ\u00f2mic Europeu o en pa\u00efsos que no han estat declarats amb un nivell adequat de protecci\u00f3, ens assegurar\u00edem de garantir la seguretat i la legitimitat del tractament de les seves dades mitjan\u00e7ant decisions d&#039;adequaci\u00f3, cl\u00e0usules tipus, normes corporatives vinculants, excepcions o qualsevol altre instrument aprovat per l&#039;autoritat de control que ofereixi.<\/p>\r\n<p>Aix\u00ed mateix, ALTERNATIVA 3, SCCL posa a disposici\u00f3 l&#039;aplicatiu de WhatsApp perqu\u00e8 les persones interessades contactin amb el RESPONSABLE per aquest mitj\u00e0. En aquest sentit, informem que si b\u00e9 els servidors de l&#039;aplicaci\u00f3 WhatsApp per a usuaris de la UE es troben a Irlanda, es podrien donar comunicacions amb els servidors dels EUA que implicarien una transfer\u00e8ncia internacional de dades la qual es realitza amb plenes garanties d&#039;acord amb la Decisi\u00f3 Adequaci\u00f3 relativa al Marc de Privadesa de dades UE-EE.UU del 10 de juliol de 2010.<\/p>\r\n<p><strong>Actualitzaci\u00f3 de dades<\/strong><\/p>\r\n<p>\u00c9s important que perqu\u00e8 puguem mantenir les dades personals actualitzades, l&#039;usuari ens informi sempre que hi hagi hagut alguna modificaci\u00f3, en cas contrari, no responem de la seva veracitat.<br \/><br \/>L&#039;usuari garanteix que les dades personals facilitades s\u00f3n veraces garantint que tota la informaci\u00f3 facilitada correspon a la situaci\u00f3 real, que est\u00e0 posada al dia i \u00e9s exacta, i queda obligat a comunicar qualsevol modificaci\u00f3.<br \/><br \/><strong>Dades de Tercers<\/strong><\/p>\r\n<p>Si l&#039;usuari facilita dades de terceres persones per a qualsevol finalitat a ALTERNATIVA 3, SCCL, garanteix que ha obtingut aquestes dades de forma l\u00edcita, que ha informat pr\u00e8viament els afectats, obtenint el seu consentiment per comunicar-los i que la informaci\u00f3 facilitada \u00e9s exacta i vera\u00e7.<br \/><br \/><strong>Car\u00e0cter obligatori de la informaci\u00f3 sol\u00b7licitada<\/strong><\/p>\r\n<p>Tots els nostres formularis compten amb un asterisc (*) a les dades obligat\u00f2ries. Si l&#039;usuari no facilita aquests camps, o b\u00e9 no marca la casella d&#039;acceptaci\u00f3 de la pol\u00edtica de privadesa, no es permetr\u00e0 l&#039;enviament de la informaci\u00f3.<br \/><br \/><strong>\u00das de les contrasenyes<\/strong><\/p>\r\n<p>Per poder accedir al vostre compte, l&#039;USUARI haur\u00e0 de \u201cIniciar Sessi\u00f3\u201d i incloure l&#039;adre\u00e7a del correu electr\u00f2nic i contrasenya generada al formulari de registre d&#039;acord amb les regles de complexitat que s&#039;estableixin a cada moment a la web.<br \/><br \/>Els usuaris s\u00f3n responsables de l&#039;adequada cust\u00f2dia i confidencialitat de qualsevol dels identificadors i\/o contrasenyes que hagin seleccionat al registre i es comprometen a no cedir-ne l&#039;\u00fas a tercers, ni permetre&#039;n l&#039;acc\u00e9s a persones alienes.<\/p>\r\n<p><br \/>Aix\u00ed mateix, ser\u00e0 obligaci\u00f3 de l&#039;usuari notificar de forma immediata al Responsable qualsevol fet que permeti l&#039;\u00fas indegut dels identificadors i\/o contrasenyes, com ara el robatori, la p\u00e8rdua o l&#039;acc\u00e9s no autoritzat a aquests, a fi de procedir a cancel\u00b7lar-la immediatament.<\/p>\r\n<p><br \/><strong>Drets dels interessats<\/strong>:<\/p>\r\n<p>Teniu dret a accedir a les vostres dades ia obtenir confirmaci\u00f3 sobre el vostre tractament, aix\u00ed com una c\u00f2pia de les dades personals objecte de tractament. T\u00e9 dret a actualitzar-los i sol\u00b7licitar la rectificaci\u00f3 de les dades que siguin inexactes o sol\u00b7licitar la supressi\u00f3 quan les dades no siguin necess\u00e0ries per als fins per als quals van ser demanades. Podeu sol\u00b7licitar la limitaci\u00f3 en el tractament de les vostres dades i oposar-vos al tractament d&#039;aquestes dades revocant el vostre consentiment, aix\u00ed com exercir el dret a la portabilitat de les dades. De la mateixa manera, t\u00e9 dret a no ser objecte de decisions basades \u00fanicament en el tractament automatitzat de les dades personals. Podeu exercir els vostres drets contactant amb nosaltres Ctra. Castellar, 526 \u2013 08227 Terrassa (Barcelona). E-mail: alternativa3@alternativa3.com.<br \/><br \/>Si considereu que els vostres drets no s&#039;han at\u00e8s degudament, teniu dret a presentar una reclamaci\u00f3 davant l&#039;Autoritat de Control a www.aepd.es<br \/><br \/><strong>Tractament de dades de menors d&#039;edat<\/strong><\/p>\r\n<p>Qui facilita les dades a trav\u00e9s dels formularis d&#039;aquesta web i accepta el seu tractament declara ser major de 14 anys, i queda prohibit l&#039;acc\u00e9s i l&#039;\u00fas del portal a menors d&#039;aquesta edat. Si en algun moment, el Responsable detecta que un menor de 14 anys ha proporcionat dades de car\u00e0cter personal, procedirem a cancel\u00b7lar-les. Aix\u00ed mateix, els pares o tutors podran en qualsevol cas dirigir-se a ALTERNATIVA 3, SCCL per bloquejar el compte d&#039;acc\u00e9s dels menors a c\u00e0rrec seu que s&#039;hagin registrat falsejant la seva identitat.<br \/><br \/><strong>Tractament de galetes<\/strong><\/p>\r\n<p>Una galeta \u00e9s un petit arxiu que es descarrega i s&#039;emmagatzema a l&#039;ordinador de l&#039;usuari quan aquest accedeix a una p\u00e0gina web. Les galetes permeten al web, entre altres coses, emmagatzemar i recuperar informaci\u00f3 sobre els h\u00e0bits de navegaci\u00f3 de l&#039;usuari o del seu equip i, depenent de la informaci\u00f3 que continguin i de la manera com utilitzi el seu equip, es poden utilitzar per recon\u00e8ixer l&#039;usuari.<br \/><br \/>L&#039;usuari t\u00e9 l&#039;opci\u00f3 d&#039;impedir la generaci\u00f3 de cookies, mitjan\u00e7ant la selecci\u00f3 de la corresponent opci\u00f3 al vostre programa de navegador. Podeu obtenir m\u00e9s informaci\u00f3 llegint la nostra\u00a0<u>Pol\u00edtica de Cookies<\/u>.<\/p>\r\n<p><strong><em>Darrera actualitzaci\u00f3: 21\/02\/2024<\/em><\/strong><\/p>","protected":false},"excerpt":{"rendered":"<p>Responsable del Tractament L&#039;empresa responsable del tractament de les vostres dades en virtut d&#039;aquesta Pol\u00edtica de privadesa \u00e9s: ALTERNATIVA\u2026<\/p>","protected":false},"author":1,"featured_media":0,"parent":0,"menu_order":0,"comment_status":"closed","ping_status":"closed","template":"","meta":{"inline_featured_image":false,"footnotes":""},"class_list":["post-3","page","type-page","status-publish","hentry"],"acf":[],"yoast_head":"<!-- This site is optimized with the Yoast SEO plugin v27.3 - https:\/\/yoast.com\/product\/yoast-seo-wordpress\/ -->\n<title>Pol\u00edtica de privacidad - AlterNativa3<\/title>\n<meta name=\"robots\" content=\"noindex, follow\" \/>\n<meta property=\"og:locale\" content=\"ca_ES\" \/>\n<meta property=\"og:type\" content=\"article\" \/>\n<meta property=\"og:title\" content=\"Pol\u00edtica de privacidad - AlterNativa3\" \/>\n<meta property=\"og:description\" content=\"Responsable del Tratamiento La empresa responsable del tratamiento de sus datos en virtud de esta Pol\u00edtica de privacidad es: ALTERNATIVA...\" \/>\n<meta property=\"og:url\" content=\"https:\/\/alternativa3.com\/ca\/politica-privadesa\/\" \/>\n<meta property=\"og:site_name\" content=\"AlterNativa3\" \/>\n<meta property=\"article:publisher\" content=\"https:\/\/www.facebook.com\/alternativa3Scoop\" \/>\n<meta property=\"article:modified_time\" content=\"2025-02-26T15:51:31+00:00\" \/>\n<meta property=\"og:image\" content=\"https:\/\/alternativa3.com\/wp-content\/uploads\/logo-alternativa3-300.png\" \/>\n\t<meta property=\"og:image:width\" content=\"200\" \/>\n\t<meta property=\"og:image:height\" content=\"140\" \/>\n\t<meta property=\"og:image:type\" content=\"image\/png\" \/>\n<meta name=\"twitter:card\" content=\"summary_large_image\" \/>\n<meta name=\"twitter:label1\" content=\"Temps estimat de lectura\" \/>\n\t<meta name=\"twitter:data1\" content=\"10 minuts\" \/>\n<script type=\"application\/ld+json\" class=\"yoast-schema-graph\">{\"@context\":\"https:\\\/\\\/schema.org\",\"@graph\":[{\"@type\":\"WebPage\",\"@id\":\"https:\\\/\\\/alternativa3.com\\\/politica-privacidad\\\/\",\"url\":\"https:\\\/\\\/alternativa3.com\\\/politica-privacidad\\\/\",\"name\":\"Pol\u00edtica de privacidad - AlterNativa3\",\"isPartOf\":{\"@id\":\"https:\\\/\\\/alternativa3.com\\\/#website\"},\"datePublished\":\"2021-03-26T08:55:47+00:00\",\"dateModified\":\"2025-02-26T15:51:31+00:00\",\"breadcrumb\":{\"@id\":\"https:\\\/\\\/alternativa3.com\\\/politica-privacidad\\\/#breadcrumb\"},\"inLanguage\":\"ca\",\"potentialAction\":[{\"@type\":\"ReadAction\",\"target\":[\"https:\\\/\\\/alternativa3.com\\\/politica-privacidad\\\/\"]}]},{\"@type\":\"BreadcrumbList\",\"@id\":\"https:\\\/\\\/alternativa3.com\\\/politica-privacidad\\\/#breadcrumb\",\"itemListElement\":[{\"@type\":\"ListItem\",\"position\":1,\"name\":\"Portada\",\"item\":\"https:\\\/\\\/alternativa3.com\\\/\"},{\"@type\":\"ListItem\",\"position\":2,\"name\":\"Pol\u00edtica de privacidad\"}]},{\"@type\":\"WebSite\",\"@id\":\"https:\\\/\\\/alternativa3.com\\\/#website\",\"url\":\"https:\\\/\\\/alternativa3.com\\\/\",\"name\":\"AlterNativa3\",\"description\":\"Productos ecol\u00f3gicos de comercio justo\",\"publisher\":{\"@id\":\"https:\\\/\\\/alternativa3.com\\\/#organization\"},\"alternateName\":\"A3\",\"potentialAction\":[{\"@type\":\"SearchAction\",\"target\":{\"@type\":\"EntryPoint\",\"urlTemplate\":\"https:\\\/\\\/alternativa3.com\\\/?s={search_term_string}\"},\"query-input\":{\"@type\":\"PropertyValueSpecification\",\"valueRequired\":true,\"valueName\":\"search_term_string\"}}],\"inLanguage\":\"ca\"},{\"@type\":\"Organization\",\"@id\":\"https:\\\/\\\/alternativa3.com\\\/#organization\",\"name\":\"ALTERNATIVA3\",\"alternateName\":\"A3\",\"url\":\"https:\\\/\\\/alternativa3.com\\\/\",\"logo\":{\"@type\":\"ImageObject\",\"inLanguage\":\"ca\",\"@id\":\"https:\\\/\\\/alternativa3.com\\\/#\\\/schema\\\/logo\\\/image\\\/\",\"url\":\"https:\\\/\\\/alternativa3.com\\\/wp-content\\\/uploads\\\/logo-alternativa3.svg\",\"contentUrl\":\"https:\\\/\\\/alternativa3.com\\\/wp-content\\\/uploads\\\/logo-alternativa3.svg\",\"width\":73,\"height\":50,\"caption\":\"ALTERNATIVA3\"},\"image\":{\"@id\":\"https:\\\/\\\/alternativa3.com\\\/#\\\/schema\\\/logo\\\/image\\\/\"},\"sameAs\":[\"https:\\\/\\\/www.facebook.com\\\/alternativa3Scoop\",\"https:\\\/\\\/www.instagram.com\\\/alternativa3scoop\\\/\",\"https:\\\/\\\/www.youtube.com\\\/@Alternativa3\",\"https:\\\/\\\/es.linkedin.com\\\/company\\\/alternativa3\"]}]}<\/script>\n<!-- \/ Yoast SEO plugin. -->","yoast_head_json":{"title":"Pol\u00edtica de privadesa - AlterNativa3","robots":{"index":"noindex","follow":"follow"},"og_locale":"ca_ES","og_type":"article","og_title":"Pol\u00edtica de privacidad - AlterNativa3","og_description":"Responsable del Tratamiento La empresa responsable del tratamiento de sus datos en virtud de esta Pol\u00edtica de privacidad es: ALTERNATIVA...","og_url":"https:\/\/alternativa3.com\/ca\/politica-privadesa\/","og_site_name":"AlterNativa3","article_publisher":"https:\/\/www.facebook.com\/alternativa3Scoop","article_modified_time":"2025-02-26T15:51:31+00:00","og_image":[{"width":200,"height":140,"url":"https:\/\/alternativa3.com\/wp-content\/uploads\/logo-alternativa3-300.png","type":"image\/png"}],"twitter_card":"summary_large_image","twitter_misc":{"Temps estimat de lectura":"10 minuts"},"schema":{"@context":"https:\/\/schema.org","@graph":[{"@type":"WebPage","@id":"https:\/\/alternativa3.com\/politica-privacidad\/","url":"https:\/\/alternativa3.com\/politica-privacidad\/","name":"Pol\u00edtica de privadesa - AlterNativa3","isPartOf":{"@id":"https:\/\/alternativa3.com\/#website"},"datePublished":"2021-03-26T08:55:47+00:00","dateModified":"2025-02-26T15:51:31+00:00","breadcrumb":{"@id":"https:\/\/alternativa3.com\/politica-privacidad\/#breadcrumb"},"inLanguage":"ca","potentialAction":[{"@type":"ReadAction","target":["https:\/\/alternativa3.com\/politica-privacidad\/"]}]},{"@type":"BreadcrumbList","@id":"https:\/\/alternativa3.com\/politica-privacidad\/#breadcrumb","itemListElement":[{"@type":"ListItem","position":1,"name":"Portada","item":"https:\/\/alternativa3.com\/"},{"@type":"ListItem","position":2,"name":"Pol\u00edtica de privacidad"}]},{"@type":"WebSite","@id":"https:\/\/alternativa3.com\/#website","url":"https:\/\/alternativa3.com\/","name":"AlterNativa3","description":"Productes ecol\u00f2gics de comer\u00e7 just","publisher":{"@id":"https:\/\/alternativa3.com\/#organization"},"alternateName":"A3","potentialAction":[{"@type":"SearchAction","target":{"@type":"EntryPoint","urlTemplate":"https:\/\/alternativa3.com\/?s={search_term_string}"},"query-input":{"@type":"PropertyValueSpecification","valueRequired":true,"valueName":"search_term_string"}}],"inLanguage":"ca"},{"@type":"Organization","@id":"https:\/\/alternativa3.com\/#organization","name":"ALTERNATIVA3","alternateName":"A3","url":"https:\/\/alternativa3.com\/","logo":{"@type":"ImageObject","inLanguage":"ca","@id":"https:\/\/alternativa3.com\/#\/schema\/logo\/image\/","url":"https:\/\/alternativa3.com\/wp-content\/uploads\/logo-alternativa3.svg","contentUrl":"https:\/\/alternativa3.com\/wp-content\/uploads\/logo-alternativa3.svg","width":73,"height":50,"caption":"ALTERNATIVA3"},"image":{"@id":"https:\/\/alternativa3.com\/#\/schema\/logo\/image\/"},"sameAs":["https:\/\/www.facebook.com\/alternativa3Scoop","https:\/\/www.instagram.com\/alternativa3scoop\/","https:\/\/www.youtube.com\/@Alternativa3","https:\/\/es.linkedin.com\/company\/alternativa3"]}]}},"_links":{"self":[{"href":"https:\/\/alternativa3.com\/ca\/wp-json\/wp\/v2\/pages\/3","targetHints":{"allow":["GET"]}}],"collection":[{"href":"https:\/\/alternativa3.com\/ca\/wp-json\/wp\/v2\/pages"}],"about":[{"href":"https:\/\/alternativa3.com\/ca\/wp-json\/wp\/v2\/types\/page"}],"author":[{"embeddable":true,"href":"https:\/\/alternativa3.com\/ca\/wp-json\/wp\/v2\/users\/1"}],"replies":[{"embeddable":true,"href":"https:\/\/alternativa3.com\/ca\/wp-json\/wp\/v2\/comments?post=3"}],"version-history":[{"count":0,"href":"https:\/\/alternativa3.com\/ca\/wp-json\/wp\/v2\/pages\/3\/revisions"}],"wp:attachment":[{"href":"https:\/\/alternativa3.com\/ca\/wp-json\/wp\/v2\/media?parent=3"}],"curies":[{"name":"wp","href":"https:\/\/api.w.org\/{rel}","templated":true}]}}