{"id":13376,"date":"2021-10-15T11:58:22","date_gmt":"2021-10-15T11:58:22","guid":{"rendered":"https:\/\/beta.alternativa3.com\/?page_id=13376"},"modified":"2025-02-26T16:52:43","modified_gmt":"2025-02-26T15:52:43","slug":"politica-de-cookies","status":"publish","type":"page","link":"https:\/\/alternativa3.com\/ca\/politica-de-cookies\/","title":{"rendered":"Pol\u00edtica de cookies"},"content":{"rendered":"<ol>\n<li>Aquesta pol\u00edtica de galetes t\u00e9 per finalitat informar de manera clara i precisa sobre les galetes que s&#039;utilitzen a la nostra web.\n<p>Utilitzem cookies pr\u00f2pies i de tercers per millorar els nostres serveis, personalitzar el nostre lloc web, facilitar la navegaci\u00f3 dels nostres usuaris, proporcionar-li una millor experi\u00e8ncia en l&#039;\u00fas del lloc web, identificar problemes per millorar-lo, fer mesuraments i estad\u00edstiques d&#039;\u00fas i mostrar publicitat relacionada amb les seves prefer\u00e8ncies mitjan\u00e7ant l&#039;an\u00e0lisi de l&#039;\u00fas del lloc web.<\/p>\n<p>Us informem que podem utilitzar cookies en el vostre equip a condici\u00f3 que l&#039;usuari hagi donat el seu consentiment, excepte en els sup\u00f2sits en qu\u00e8 les cookies siguin necess\u00e0ries per a la navegaci\u00f3 pel nostre lloc web. En cas que presteu el vostre consentiment, podrem utilitzar cookies que ens permetran tenir m\u00e9s informaci\u00f3 sobre les vostres prefer\u00e8ncies i personalitzar el nostre lloc web de conformitat amb els vostres interessos individuals.<\/p>\n<p><strong><em>QU\u00c8 S\u00d3N LES COOKIES?<\/em><\/strong><\/p>\n<p>Les\u00a0<em>cookies\u00a0<\/em>i altres tecnologies similars com ara local shared objects, flash\u00a0<em>cookies\u00a0<\/em>o p\u00edxels, s\u00f3n eines emprades pels servidors web per emmagatzemar i recuperar informaci\u00f3 sobre els seus visitants, aix\u00ed com per oferir un funcionament correcte del lloc.<\/p>\n<p><strong><em>TIPUS DE COOKIES<\/em><\/strong><\/p>\n<p><strong>Tipus de cookies en funci\u00f3 de l&#039;entitat que les gestioni:<\/strong><\/p>\n<ul>\n<li><strong>Cookies pr\u00f2pies:<\/strong>\u00a0s\u00f3n les que s&#039;envien a l&#039;equip terminal de l&#039;usuari des d&#039;un equip o domini gestionat pel titular de la p\u00e0gina web i des de la qual es presta el servei sol\u00b7licitat per l&#039;usuari.<\/li>\n<li><strong>Cookies de tercers:<\/strong>\u00a0s\u00f3n aquelles que s&#039;envien a l&#039;equip terminal de l&#039;usuari des d&#039;un equip o domini que no el gestiona el titular de la p\u00e0gina web des de la qual es presta el servei sol\u00b7licitat per l&#039;usuari, sin\u00f3 per una altra entitat que tracta les dades obtingudes a trav\u00e9s de les cookies. Aix\u00ed mateix, en el cas que les cookies siguin instal\u00b7lades des d&#039;un equip o domini gestionat pel propi titular del lloc web per\u00f2 la informaci\u00f3 que es reculli mitjan\u00e7ant aquestes sigui gestionada per un tercer, tamb\u00e9 seran considerades com a cookies de tercers.<\/li>\n<\/ul>\n<p><strong>Tipus de cookies segons la finalitat:<\/strong><\/p>\n<ul>\n<li><strong>Galetes t\u00e8cniques:\u00a0<\/strong>s\u00f3n aquelles que permeten a l&#039;usuari la navegaci\u00f3 a trav\u00e9s d&#039;una p\u00e0gina web, plataforma o aplicaci\u00f3 i la utilitzaci\u00f3 de les diferents opcions o serveis que hi hagi, incloent-hi aquelles que l&#039;editor utilitza per permetre la gesti\u00f3 i operativa de la p\u00e0gina web i habilitar les seves funcions i serveis, com, per exemple, controlar el tr\u00e0nsit i la comunicaci\u00f3 de dades, identificar la sessi\u00f3, accedir a parts d&#039;acc\u00e9s restringit, recordar els elements ude vinculat a la seguretat del servei, realitzar la sol\u00b7licitud d&#039;inscripci\u00f3 o participaci\u00f3 en un esdeveniment, comptar visites a efectes de la facturaci\u00f3 de llic\u00e8ncies del programari amb qu\u00e8 funciona el servei (lloc web, plataforma o aplicaci\u00f3), utilitzar elements de seguretat durant la navegaci\u00f3, emmagatzemar continguts per a la difusi\u00f3 de v\u00eddeos o so, habilitar continguts din\u00e0mics (per exemple, animaci\u00f3 de c\u00e0rrega d&#039;un text o imatge).\n<p>Tamb\u00e9 pertanyen a aquesta categoria, per la seva naturalesa t\u00e8cnica, aquelles galetes que permeten la gesti\u00f3, de la forma m\u00e9s efica\u00e7 possible, dels espais publicitaris que, com un element m\u00e9s de disseny o \u201cmaquetaci\u00f3\u201d del servei ofert a l&#039;usuari, l&#039;editor hagi incl\u00f2s en una p\u00e0gina web, aplicaci\u00f3 o plataforma en base a criteris com el contingut editat, sense que es recopili informaci\u00f3 dels usuaris amb finalitats diferents, com ara.<\/li>\n<li><strong>Galetes de prefer\u00e8ncies o personalitzaci\u00f3<\/strong>: s\u00f3n aquelles que permeten recordar informaci\u00f3 perqu\u00e8 l&#039;usuari accedeixi al servei amb determinades caracter\u00edstiques que poden diferenciar la seva experi\u00e8ncia de la d&#039;altres usuaris, com ara l&#039;idioma, el nombre de resultats a mostrar quan l&#039;usuari realitza una cerca, l&#039;aspecte o el contingut del servei en funci\u00f3 del tipus de navegador a trav\u00e9s del qual l&#039;usuari accedeix al servei o de la regi\u00f3 des de la qual accedeix al servei, etc.<\/li>\n<li><strong>Galetes d&#039;an\u00e0lisi o mesura:\u00a0<\/strong>s\u00f3n aquelles que permeten al responsable de les mateixes el seguiment i an\u00e0lisi del comportament dels usuaris dels llocs web als quals estan vinculades, inclosa la quantificaci\u00f3 dels impactes dels anuncis. La informaci\u00f3 recollida mitjan\u00e7ant aquest tipus de galetes s&#039;utilitza en el mesurament de l&#039;activitat dels llocs web, aplicaci\u00f3 o plataforma, per introduir millores en funci\u00f3 de l&#039;an\u00e0lisi de les dades d&#039;\u00fas que fan els usuaris del servei.<\/li>\n<li><strong>Cookies de publicitat comportamental:\u00a0<\/strong>s\u00f3n aquelles que permeten la gesti\u00f3, de la manera m\u00e9s efica\u00e7 possible, dels espais publicitaris que hi ha a la p\u00e0gina web. Aquestes cookies emmagatzemen informaci\u00f3 del comportament dels usuaris obtinguda a trav\u00e9s de l&#039;observaci\u00f3 continuada dels seus h\u00e0bits de navegaci\u00f3, cosa que permet desenvolupar un perfil espec\u00edfic per mostrar publicitat en funci\u00f3 del mateix.<\/li>\n<li><strong>Galetes de geolocalitzaci\u00f3<\/strong>: s&#039;utilitzen per saber en quin lloc es troba un usuari quan sol\u00b7licita un servei. Aquesta galeta \u00e9s an\u00f2nima i s&#039;usa per exemple per oferir-vos la informaci\u00f3 adequada depenent del pa\u00eds on us trobeu.<\/li>\n<\/ul>\n<p><strong>Tipus de cookies segons termini de temps que romanen activades:<\/strong><\/p>\n<ul>\n<li><strong>Galetes de sessi\u00f3<\/strong>: s\u00f3n aquelles dissenyades per demanar i emmagatzemar dades mentre l&#039;usuari accedeix a una p\u00e0gina web. Se solen emprar per emmagatzemar informaci\u00f3 que nom\u00e9s interessa conservar per a la prestaci\u00f3 del servei sol\u00b7licitat per l&#039;usuari en una sola ocasi\u00f3 (per exemple, una llista de productes adquirits) i desapareixen en acabar la sessi\u00f3.<\/li>\n<li><strong>Cookies persistents:<\/strong>\u00a0s\u00f3n aquelles en qu\u00e8 les dades segueixen emmagatzemades al terminal i poden ser accedides i tractades durant un per\u00edode definit pel responsable de la galeta, i que pot anar d&#039;uns minuts a diversos anys.<\/li>\n<\/ul>\n<p><strong><em>COOKIES UTILITZADES A LA NOSTRA WEB<\/em><\/strong><\/p>\n<p><strong><em>(Llista els noms de les galetes, tipus, propietari, funci\u00f3 i venciment) per exemple:<\/em><\/strong><\/p>\n<table width=\"100%\">\n<thead>\n<tr>\n<td><strong>Denominaci\u00f3<\/strong><\/td>\n<td><strong>Titular<\/strong><\/td>\n<td><strong>Durada<\/strong><\/td>\n<td><strong>Finalitat<\/strong><\/td>\n<\/tr>\n<tr>\n<td>\n<table width=\"240\">\n<tbody>\n<tr>\n<td>1P_JAR<\/td>\n<\/tr>\n<\/tbody>\n<\/table>\n<\/td>\n<td>\n<table width=\"276\">\n<tbody>\n<tr>\n<td>Google Adwords<\/td>\n<\/tr>\n<\/tbody>\n<\/table>\n<\/td>\n<td><strong>Persistent<\/strong><\/td>\n<td><strong>Finalitat publicit\u00e0ria.<\/strong><\/td>\n<\/tr>\n<tr>\n<td><strong>s_vi<\/strong><\/td>\n<td><strong>Adobe Analytics<\/strong><\/td>\n<td><strong>1 dia<\/strong><\/td>\n<td><strong>Marca de data i hora de l&#039;identificador de visitant \u00fanic.<\/strong><\/td>\n<\/tr>\n<tr>\n<td><strong>PHPSESSID<\/strong><\/td>\n<td><strong>Cookie T\u00e8cnica<\/strong><\/td>\n<td><strong>Sessi\u00f3<\/strong><\/td>\n<td><strong>Cont\u00e9 l&#039;identificador de sessi\u00f3. S&#039;elimina en tancar el navegador.<\/strong><\/td>\n<\/tr>\n<\/thead>\n<\/table>\n<p><strong><em>COM ES DESHABILITEN LES COOKIES ALS NAVEGADORS?<\/em><\/strong><\/p>\n<p>L&#039;usuari pot, en qualsevol moment, permetre, bloquejar o eliminar les cookies instal\u00b7lades al vostre equip mitjan\u00e7ant la modificaci\u00f3 dels par\u00e0metres de configuraci\u00f3 del navegador instal\u00b7lat al vostre ordinador:<\/p>\n<ul>\n<li><a href=\"https:\/\/support.google.com\/chrome\/answer\/95647?hl=es&amp;sc_ref_bbva=https%3A%2F%2Fwww.bbva.es%2Fsistema%2Fmeta%2Faviso-legal%2Findex.jsp\">Chrome<\/a>\u00a0Configuraci\u00f3 -&gt; Mostrar opcions avan\u00e7ades -&gt; Privadesa -&gt; Configuraci\u00f3 del contingut.<br \/>\nPer a m\u00e9s informaci\u00f3, podeu consultar\u00a0<a href=\"https:\/\/support.google.com\/chrome\/answer\/95647?hl=es&amp;ref_topic=3434352\">el suport de Google<\/a>\u00a0o l&#039;ajuda del navegador.<\/li>\n<li><a href=\"https:\/\/www.microsoft.com\/es-es\/edge\">Edge<\/a>\u00a0Eines -&gt; Opcions d&#039;Internet -&gt; Privadesa -&gt; Configuraci\u00f3.<br \/>\nPer a m\u00e9s informaci\u00f3, podeu consultar\u00a0<a href=\"http:\/\/windows.microsoft.com\/es-es\/internet-explorer\/delete-managecookies#ie=ie-11\">el suport de Microsoft<\/a>\u00a0o l&#039;ajuda del navegador.<\/li>\n<li><a href=\"http:\/\/support.mozilla.org\/es\/kb\/habilitar-y-deshabilitar-cookies-que-los-sitios-we?sc_ref_bbva=https%3A%2F%2Fwww.bbva.es%2Fsistema%2Fmeta%2Faviso-legal%2Findex.jsp\">Firefox<\/a>: Eines -&gt;Opcions -&gt; Privadesa -&gt; Historial -&gt; Configuraci\u00f3 Personalitzada.<br \/>\nPer a m\u00e9s informaci\u00f3, podeu consultar\u00a0<a href=\"https:\/\/support.mozilla.org\/es\/\">el suport de Mozilla<\/a>\u00a0o l&#039;ajuda del navegador.<\/li>\n<li><a href=\"http:\/\/support.apple.com\/kb\/ph5042?sc_ref_bbva=https%3A%2F%2Fwww.bbva.es%2Fsistema%2Fmeta%2Faviso-legal%2Findex.jsp\">Safari<\/a>\u00a0Prefer\u00e8ncies -&gt; Seguretat.<br \/>\nPer a m\u00e9s informaci\u00f3, podeu consultar\u00a0<a href=\"https:\/\/support.apple.com\/es-es\/HT201265\">el suport d&#039;Apple<\/a>\u00a0o l&#039;ajuda del navegador<\/li>\n<\/ul>\n<p>La desactivaci\u00f3 de les galetes no impedeix la navegaci\u00f3 pel lloc web, encara que l&#039;\u00fas d&#039;alguns dels seus serveis podr\u00e0 ser limitat i, per tant, la vostra experi\u00e8ncia de navegaci\u00f3 podr\u00e0 ser menys satisfact\u00f2ria.<\/p>\n<p><strong><em>RETIRAR EL CONSENTIMENT<\/em><\/strong><\/p>\n<p>L&#039;usuari podr\u00e0 retirar en qualsevol moment el seu consentiment relacionat amb la Pol\u00edtica de Cookies, i podr\u00e0 eliminar les cookies emmagatzemades al seu equip a trav\u00e9s dels ajustaments i configuracions del seu navegador d&#039;Internet, indicats anteriorment, aix\u00ed com accedint al nostre panell de configuraci\u00f3:\u00a0<strong>ENLLA\u00c7 PANELL CONFIGURACI\u00d3<\/strong><\/p>\n<p>Aquesta Pol\u00edtica de Cookies es podr\u00e0 modificar quan aix\u00ed ho exigeixi la legislaci\u00f3 vigent en cada moment o quan hi hagu\u00e9s alguna variaci\u00f3 en el tipus de cookies utilitzades al lloc web. Per aix\u00f2, us recomanem revisar aquesta pol\u00edtica cada vegada que accediu al nostre lloc web amb l&#039;objectiu d&#039;estar adequadament informat sobre com i per a qu\u00e8 fem servir les cookies.<\/p>\n<p>&nbsp;<\/li>\n<\/ol>","protected":false},"excerpt":{"rendered":"<p>Aquesta pol\u00edtica de galetes t\u00e9 per finalitat informar de manera clara i precisa sobre les galetes que s&#039;utilitzen en\u2026<\/p>","protected":false},"author":1,"featured_media":0,"parent":0,"menu_order":0,"comment_status":"closed","ping_status":"closed","template":"","meta":{"inline_featured_image":false,"footnotes":""},"class_list":["post-13376","page","type-page","status-publish","hentry"],"acf":[],"yoast_head":"<!-- This site is optimized with the Yoast SEO plugin v27.3 - https:\/\/yoast.com\/product\/yoast-seo-wordpress\/ -->\n<title>Pol\u00edtica de cookies - AlterNativa3<\/title>\n<meta name=\"robots\" content=\"noindex, follow\" \/>\n<meta property=\"og:locale\" content=\"ca_ES\" \/>\n<meta property=\"og:type\" content=\"article\" \/>\n<meta property=\"og:title\" content=\"Pol\u00edtica de cookies - AlterNativa3\" \/>\n<meta property=\"og:description\" content=\"Esta pol\u00edtica de cookies tiene por finalidad informar de manera clara y precisa sobre las cookies que se utilizan en...\" \/>\n<meta property=\"og:url\" content=\"https:\/\/alternativa3.com\/ca\/politica-de-cookies\/\" \/>\n<meta property=\"og:site_name\" content=\"AlterNativa3\" \/>\n<meta property=\"article:publisher\" content=\"https:\/\/www.facebook.com\/alternativa3Scoop\" \/>\n<meta property=\"article:modified_time\" content=\"2025-02-26T15:52:43+00:00\" \/>\n<meta property=\"og:image\" content=\"https:\/\/alternativa3.com\/wp-content\/uploads\/logo-alternativa3-300.png\" \/>\n\t<meta property=\"og:image:width\" content=\"200\" \/>\n\t<meta property=\"og:image:height\" content=\"140\" \/>\n\t<meta property=\"og:image:type\" content=\"image\/png\" \/>\n<meta name=\"twitter:card\" content=\"summary_large_image\" \/>\n<meta name=\"twitter:label1\" content=\"Temps estimat de lectura\" \/>\n\t<meta name=\"twitter:data1\" content=\"6 minuts\" \/>\n<script type=\"application\/ld+json\" class=\"yoast-schema-graph\">{\"@context\":\"https:\\\/\\\/schema.org\",\"@graph\":[{\"@type\":\"WebPage\",\"@id\":\"https:\\\/\\\/alternativa3.com\\\/politica-de-cookies\\\/\",\"url\":\"https:\\\/\\\/alternativa3.com\\\/politica-de-cookies\\\/\",\"name\":\"Pol\u00edtica de cookies - AlterNativa3\",\"isPartOf\":{\"@id\":\"https:\\\/\\\/alternativa3.com\\\/#website\"},\"datePublished\":\"2021-10-15T11:58:22+00:00\",\"dateModified\":\"2025-02-26T15:52:43+00:00\",\"breadcrumb\":{\"@id\":\"https:\\\/\\\/alternativa3.com\\\/politica-de-cookies\\\/#breadcrumb\"},\"inLanguage\":\"ca\",\"potentialAction\":[{\"@type\":\"ReadAction\",\"target\":[\"https:\\\/\\\/alternativa3.com\\\/politica-de-cookies\\\/\"]}]},{\"@type\":\"BreadcrumbList\",\"@id\":\"https:\\\/\\\/alternativa3.com\\\/politica-de-cookies\\\/#breadcrumb\",\"itemListElement\":[{\"@type\":\"ListItem\",\"position\":1,\"name\":\"Portada\",\"item\":\"https:\\\/\\\/alternativa3.com\\\/\"},{\"@type\":\"ListItem\",\"position\":2,\"name\":\"Pol\u00edtica de cookies\"}]},{\"@type\":\"WebSite\",\"@id\":\"https:\\\/\\\/alternativa3.com\\\/#website\",\"url\":\"https:\\\/\\\/alternativa3.com\\\/\",\"name\":\"AlterNativa3\",\"description\":\"Productos ecol\u00f3gicos de comercio justo\",\"publisher\":{\"@id\":\"https:\\\/\\\/alternativa3.com\\\/#organization\"},\"alternateName\":\"A3\",\"potentialAction\":[{\"@type\":\"SearchAction\",\"target\":{\"@type\":\"EntryPoint\",\"urlTemplate\":\"https:\\\/\\\/alternativa3.com\\\/?s={search_term_string}\"},\"query-input\":{\"@type\":\"PropertyValueSpecification\",\"valueRequired\":true,\"valueName\":\"search_term_string\"}}],\"inLanguage\":\"ca\"},{\"@type\":\"Organization\",\"@id\":\"https:\\\/\\\/alternativa3.com\\\/#organization\",\"name\":\"ALTERNATIVA3\",\"alternateName\":\"A3\",\"url\":\"https:\\\/\\\/alternativa3.com\\\/\",\"logo\":{\"@type\":\"ImageObject\",\"inLanguage\":\"ca\",\"@id\":\"https:\\\/\\\/alternativa3.com\\\/#\\\/schema\\\/logo\\\/image\\\/\",\"url\":\"https:\\\/\\\/alternativa3.com\\\/wp-content\\\/uploads\\\/logo-alternativa3.svg\",\"contentUrl\":\"https:\\\/\\\/alternativa3.com\\\/wp-content\\\/uploads\\\/logo-alternativa3.svg\",\"width\":73,\"height\":50,\"caption\":\"ALTERNATIVA3\"},\"image\":{\"@id\":\"https:\\\/\\\/alternativa3.com\\\/#\\\/schema\\\/logo\\\/image\\\/\"},\"sameAs\":[\"https:\\\/\\\/www.facebook.com\\\/alternativa3Scoop\",\"https:\\\/\\\/www.instagram.com\\\/alternativa3scoop\\\/\",\"https:\\\/\\\/www.youtube.com\\\/@Alternativa3\",\"https:\\\/\\\/es.linkedin.com\\\/company\\\/alternativa3\"]}]}<\/script>\n<!-- \/ Yoast SEO plugin. -->","yoast_head_json":{"title":"Pol\u00edtica de cookies - AlterNativa3","robots":{"index":"noindex","follow":"follow"},"og_locale":"ca_ES","og_type":"article","og_title":"Pol\u00edtica de cookies - AlterNativa3","og_description":"Esta pol\u00edtica de cookies tiene por finalidad informar de manera clara y precisa sobre las cookies que se utilizan en...","og_url":"https:\/\/alternativa3.com\/ca\/politica-de-cookies\/","og_site_name":"AlterNativa3","article_publisher":"https:\/\/www.facebook.com\/alternativa3Scoop","article_modified_time":"2025-02-26T15:52:43+00:00","og_image":[{"width":200,"height":140,"url":"https:\/\/alternativa3.com\/wp-content\/uploads\/logo-alternativa3-300.png","type":"image\/png"}],"twitter_card":"summary_large_image","twitter_misc":{"Temps estimat de lectura":"6 minuts"},"schema":{"@context":"https:\/\/schema.org","@graph":[{"@type":"WebPage","@id":"https:\/\/alternativa3.com\/politica-de-cookies\/","url":"https:\/\/alternativa3.com\/politica-de-cookies\/","name":"Pol\u00edtica de cookies - AlterNativa3","isPartOf":{"@id":"https:\/\/alternativa3.com\/#website"},"datePublished":"2021-10-15T11:58:22+00:00","dateModified":"2025-02-26T15:52:43+00:00","breadcrumb":{"@id":"https:\/\/alternativa3.com\/politica-de-cookies\/#breadcrumb"},"inLanguage":"ca","potentialAction":[{"@type":"ReadAction","target":["https:\/\/alternativa3.com\/politica-de-cookies\/"]}]},{"@type":"BreadcrumbList","@id":"https:\/\/alternativa3.com\/politica-de-cookies\/#breadcrumb","itemListElement":[{"@type":"ListItem","position":1,"name":"Portada","item":"https:\/\/alternativa3.com\/"},{"@type":"ListItem","position":2,"name":"Pol\u00edtica de cookies"}]},{"@type":"WebSite","@id":"https:\/\/alternativa3.com\/#website","url":"https:\/\/alternativa3.com\/","name":"AlterNativa3","description":"Productes ecol\u00f2gics de comer\u00e7 just","publisher":{"@id":"https:\/\/alternativa3.com\/#organization"},"alternateName":"A3","potentialAction":[{"@type":"SearchAction","target":{"@type":"EntryPoint","urlTemplate":"https:\/\/alternativa3.com\/?s={search_term_string}"},"query-input":{"@type":"PropertyValueSpecification","valueRequired":true,"valueName":"search_term_string"}}],"inLanguage":"ca"},{"@type":"Organization","@id":"https:\/\/alternativa3.com\/#organization","name":"ALTERNATIVA3","alternateName":"A3","url":"https:\/\/alternativa3.com\/","logo":{"@type":"ImageObject","inLanguage":"ca","@id":"https:\/\/alternativa3.com\/#\/schema\/logo\/image\/","url":"https:\/\/alternativa3.com\/wp-content\/uploads\/logo-alternativa3.svg","contentUrl":"https:\/\/alternativa3.com\/wp-content\/uploads\/logo-alternativa3.svg","width":73,"height":50,"caption":"ALTERNATIVA3"},"image":{"@id":"https:\/\/alternativa3.com\/#\/schema\/logo\/image\/"},"sameAs":["https:\/\/www.facebook.com\/alternativa3Scoop","https:\/\/www.instagram.com\/alternativa3scoop\/","https:\/\/www.youtube.com\/@Alternativa3","https:\/\/es.linkedin.com\/company\/alternativa3"]}]}},"_links":{"self":[{"href":"https:\/\/alternativa3.com\/ca\/wp-json\/wp\/v2\/pages\/13376","targetHints":{"allow":["GET"]}}],"collection":[{"href":"https:\/\/alternativa3.com\/ca\/wp-json\/wp\/v2\/pages"}],"about":[{"href":"https:\/\/alternativa3.com\/ca\/wp-json\/wp\/v2\/types\/page"}],"author":[{"embeddable":true,"href":"https:\/\/alternativa3.com\/ca\/wp-json\/wp\/v2\/users\/1"}],"replies":[{"embeddable":true,"href":"https:\/\/alternativa3.com\/ca\/wp-json\/wp\/v2\/comments?post=13376"}],"version-history":[{"count":0,"href":"https:\/\/alternativa3.com\/ca\/wp-json\/wp\/v2\/pages\/13376\/revisions"}],"wp:attachment":[{"href":"https:\/\/alternativa3.com\/ca\/wp-json\/wp\/v2\/media?parent=13376"}],"curies":[{"name":"wp","href":"https:\/\/api.w.org\/{rel}","templated":true}]}}